{"id":12369,"date":"2023-04-25T06:30:26","date_gmt":"2023-04-25T04:30:26","guid":{"rendered":"https:\/\/www.mw-steel.eu\/produkt\/schranka-solare\/"},"modified":"2023-04-25T06:30:26","modified_gmt":"2023-04-25T04:30:26","slug":"schranka-solare","status":"publish","type":"product","link":"https:\/\/www.mw-steel.eu\/sk\/produkt\/schranka-solare\/","title":{"rendered":"Schr\u00e1nka \u2013 Solare"},"content":{"rendered":"<p><strong>SOLARE je modern\u00e1 z\u00e1hradn\u00e1 skrinka<\/strong>, ktor\u00e1 sp\u00e1ja preh\u013eadn\u00fd, minimalistick\u00fd dizajn s praktick\u00fdm doplnkom zvy\u0161uj\u00facim funk\u010dnos\u0165 celej z\u00e1hradnej z\u00f3ny. Kon\u0161trukcia je vyroben\u00e1 z pozinkovan\u00fdch oce\u013eov\u00fdch profilov a predn\u00e1 \u010das\u0165 je povrchovo upraven\u00e1 pr\u00e1\u0161kov\u00fdm lakovan\u00edm, \u010do zaru\u010duje vysok\u00fa odolnos\u0165 vo\u010di vonkaj\u0161\u00edm vplyvom a trval\u00fd, estetick\u00fd vzh\u013ead na dlh\u00e9 roky. <\/p>\n<p>Na boku \u00falo\u017en\u00e9ho priestoru je integrovan\u00e1 praktick\u00e1 pr\u00edstre\u0161ok \u2013 ide\u00e1lny na skladovanie dreva do krbu. Pr\u00edstre\u0161ok je vyroben\u00fd z odoln\u00fdch kovov\u00fdch vertik\u00e1lnych profilov, v\u010faka \u010domu si zachov\u00e1va vizu\u00e1lnu \u013eahkos\u0165 a z\u00e1rove\u0148 poskytuje pevn\u00e9 a vzdu\u0161n\u00e9 miesto na skladovanie. <\/p>\n<p>Predn\u00e1 \u010das\u0165 m\u00f4\u017ee by\u0165 oblo\u017een\u00e1 plechom, obkladov\u00fdm drevom alebo kompozitn\u00fdmi doskami, \u010do umo\u017e\u0148uje prisp\u00f4sobi\u0165 vzh\u013ead SOLARE \u0161t\u00fdlu z\u00e1hrady a okolia. Model je plne konfigurovate\u013en\u00fd \u2013 d\u013a\u017eku, \u0161\u00edrku a v\u00fd\u0161ku je mo\u017en\u00e9 prisp\u00f4sobi\u0165 konkr\u00e9tnemu priestoru, \u010d\u00edm vznikne ucelen\u00e9 a funk\u010dn\u00e9 rie\u0161enie pre uskladnenie a organiz\u00e1ciu z\u00e1hrady. <\/p>\n","protected":false},"excerpt":{"rendered":"<p>SOLARE je modern\u00e1 z\u00e1hradn\u00e1 skrinka, ktor\u00e1 sp\u00e1ja preh\u013eadn\u00fd, minimalistick\u00fd dizajn s praktick\u00fdm doplnkom zvy\u0161uj\u00facim funk\u010dnos\u0165 celej z\u00e1hradnej z\u00f3ny. Kon\u0161trukcia je vyroben\u00e1 z pozinkovan\u00fdch oce\u013eov\u00fdch profilov a predn\u00e1 \u010das\u0165 je povrchovo upraven\u00e1 pr\u00e1\u0161kov\u00fdm lakovan\u00edm, \u010do zaru\u010duje vysok\u00fa odolnos\u0165 vo\u010di vonkaj\u0161\u00edm vplyvom a trval\u00fd, estetick\u00fd vzh\u013ead na dlh\u00e9 roky. Na boku \u00falo\u017en\u00e9ho priestoru je integrovan\u00e1 praktick\u00e1 pr\u00edstre\u0161ok [&hellip;]<\/p>\n","protected":false},"author":1,"featured_media":3111,"template":"","meta":{"_acf_changed":false,"advgb_blocks_editor_width":"","advgb_blocks_columns_visual_guide":"","_themeisle_gutenberg_block_has_review":false},"product_brand":[],"product_cat":[132],"product_tag":[],"class_list":{"0":"post-12369","1":"product","2":"type-product","3":"status-publish","4":"has-post-thumbnail","6":"product_cat-ulozne-priestory","8":"first","9":"instock","10":"shipping-taxable","11":"purchasable","12":"product-type-simple"},"acf":[],"featured_img":"https:\/\/www.mw-steel.eu\/wp-content\/uploads\/2026\/02\/SOLARE-1GLOWNE.png","coauthors":[],"author_meta":{"author_link":"https:\/\/www.mw-steel.eu\/sk\/author\/admin\/","display_name":"admin"},"relative_dates":{"created":"Posted 3 roky ago","modified":"Updated 3 roky ago"},"absolute_dates":{"created":"Posted on 25. apr\u00edla 2023","modified":"Updated on 25. apr\u00edla 2023"},"absolute_dates_time":{"created":"Posted on 25. apr\u00edla 2023 6:30","modified":"Updated on 25. apr\u00edla 2023 6:30"},"featured_img_caption":"","tax_additional":{"product_brand":{"linked":[],"unlinked":[],"slug":"product_brand","name":"Zna\u010dky"},"product_type":{"linked":["<a href=\"https:\/\/www.mw-steel.eu\/sk\/?taxonomy=product_type&#038;term=simple\" class=\"advgb-post-tax-term\">simple<\/a>"],"unlinked":["<span class=\"advgb-post-tax-term\">simple<\/span>"],"slug":"product_type","name":"Typ produktu"},"product_visibility":{"linked":[],"unlinked":[],"slug":"product_visibility","name":"Vidite\u013enos\u0165 produktu"},"product_cat":{"linked":["<a href=\"https:\/\/www.mw-steel.eu\/sk\/kategoria-produktu\/ulozne-priestory\/\" class=\"advgb-post-tax-term\">\u00dalo\u017en\u00e9 priestory<\/a>"],"unlinked":["<span class=\"advgb-post-tax-term\">\u00dalo\u017en\u00e9 priestory<\/span>"],"slug":"product_cat","name":"Kateg\u00f3rie produktov"},"product_tag":{"linked":[],"unlinked":[],"slug":"product_tag","name":"Tagy produktu"},"product_shipping_class":{"linked":[],"unlinked":[],"slug":"product_shipping_class","name":"Doru\u010dovacie triedy produktov"},"pos_product_visibility":{"linked":[],"unlinked":[],"slug":"pos_product_visibility","name":"POS Product visibility"},"pa_wymiar":{"linked":[],"unlinked":[],"slug":"pa_wymiar","name":"Product Wymiar"},"translation_priority":{"linked":[],"unlinked":[],"slug":"translation_priority","name":"Translation Priorities"}},"series_order":"","_links":{"self":[{"href":"https:\/\/www.mw-steel.eu\/sk\/wp-json\/wp\/v2\/product\/12369","targetHints":{"allow":["GET"]}}],"collection":[{"href":"https:\/\/www.mw-steel.eu\/sk\/wp-json\/wp\/v2\/product"}],"about":[{"href":"https:\/\/www.mw-steel.eu\/sk\/wp-json\/wp\/v2\/types\/product"}],"wp:featuredmedia":[{"embeddable":true,"href":"https:\/\/www.mw-steel.eu\/sk\/wp-json\/wp\/v2\/media\/3111"}],"wp:attachment":[{"href":"https:\/\/www.mw-steel.eu\/sk\/wp-json\/wp\/v2\/media?parent=12369"}],"wp:term":[{"taxonomy":"product_brand","embeddable":true,"href":"https:\/\/www.mw-steel.eu\/sk\/wp-json\/wp\/v2\/product_brand?post=12369"},{"taxonomy":"product_cat","embeddable":true,"href":"https:\/\/www.mw-steel.eu\/sk\/wp-json\/wp\/v2\/product_cat?post=12369"},{"taxonomy":"product_tag","embeddable":true,"href":"https:\/\/www.mw-steel.eu\/sk\/wp-json\/wp\/v2\/product_tag?post=12369"}],"curies":[{"name":"wp","href":"https:\/\/api.w.org\/{rel}","templated":true}]}}