{"id":12312,"date":"2023-04-30T15:00:43","date_gmt":"2023-04-30T13:00:43","guid":{"rendered":"https:\/\/www.mw-steel.eu\/produkt\/ohrada-pre-psov-dh5\/"},"modified":"2023-04-30T15:00:43","modified_gmt":"2023-04-30T13:00:43","slug":"ohrada-pre-psov-dh5","status":"publish","type":"product","link":"https:\/\/www.mw-steel.eu\/sk\/produkt\/ohrada-pre-psov-dh5\/","title":{"rendered":"Ohrada pre psov DH5"},"content":{"rendered":"<p><strong>Model DH5 je modern\u00e1 ohrada pre psov s mimoriadne pevnou kon\u0161trukciou<\/strong>. Pou\u017e\u00edvame pevn\u00e9 uzavret\u00e9 profily, ktor\u00e9 je mo\u017en\u00e9 dodato\u010dne nalakova\u0165 povrchovou farbou alebo pr\u00e1\u0161kov\u00fdm lakom v \u010diernej alebo grafitovej farbe pod\u013ea va\u0161ich preferenci\u00ed. <\/p>\n<p>Kon\u0161trukcia ohrady umo\u017e\u0148uje v\u00fdber v\u00fdplne z trap\u00e9zov\u00e9ho plechu, pr\u00edrodn\u00e9ho dreva alebo kompozitu. Flexibilita je na\u0161ou dev\u00edzou \u2013 ohradu vieme prisp\u00f4sobi\u0165 va\u0161im potreb\u00e1m, \u010di u\u017e pridan\u00edm bo\u010dn\u00fdch alebo zadn\u00fdch stien, alebo v\u00fdberom medzi \u0161tandardnou podlahou a podlahou s mimoriadne pevn\u00fdm kovov\u00fdm r\u00e1mom. <\/p>\n<p>Okrem toho si m\u00f4\u017eete pod\u013ea vlastn\u00fdch preferenci\u00ed vybra\u0165 ohradu s oto\u010dn\u00fdmi miskami alebo bez nich. Ozdobou ohrady s\u00fa horizont\u00e1lne pruhy z kovov\u00e9ho profilu 60&#215;20 umiestnen\u00e9 v prednej \u010dasti. <\/p>\n<p>Na\u0161a spolo\u010dnos\u0165 je z\u00e1rukou profesionality a d\u00f4razu na detaily. Odpor\u00fa\u010dame v\u00e1m prisp\u00f4sobi\u0165 model DH5 va\u0161im individu\u00e1lnym potreb\u00e1m a zabezpe\u010di\u0165 tak v\u00fdnimo\u010dn\u00fd komfort pre v\u00e1\u0161ho \u0161tvornoh\u00e9ho priate\u013ea. <\/p>\n","protected":false},"excerpt":{"rendered":"<p>Model DH5 je modern\u00e1 ohrada pre psov s mimoriadne pevnou kon\u0161trukciou. Pou\u017e\u00edvame pevn\u00e9 uzavret\u00e9 profily, ktor\u00e9 je mo\u017en\u00e9 dodato\u010dne nalakova\u0165 povrchovou farbou alebo pr\u00e1\u0161kov\u00fdm lakom v \u010diernej alebo grafitovej farbe pod\u013ea va\u0161ich preferenci\u00ed. Kon\u0161trukcia ohrady umo\u017e\u0148uje v\u00fdber v\u00fdplne z trap\u00e9zov\u00e9ho plechu, pr\u00edrodn\u00e9ho dreva alebo kompozitu. Flexibilita je na\u0161ou dev\u00edzou \u2013 ohradu vieme prisp\u00f4sobi\u0165 va\u0161im potreb\u00e1m, [&hellip;]<\/p>\n","protected":false},"author":1,"featured_media":3414,"template":"","meta":{"_acf_changed":false,"advgb_blocks_editor_width":"","advgb_blocks_columns_visual_guide":"","_themeisle_gutenberg_block_has_review":false},"product_brand":[],"product_cat":[32],"product_tag":[],"class_list":{"0":"post-12312","1":"product","2":"type-product","3":"status-publish","4":"has-post-thumbnail","6":"product_cat-ohrady-pre-psov","8":"first","9":"instock","10":"shipping-taxable","11":"purchasable","12":"product-type-simple"},"acf":[],"featured_img":"https:\/\/www.mw-steel.eu\/wp-content\/uploads\/2026\/02\/DH5-4GLOWNE.jpg","coauthors":[],"author_meta":{"author_link":"https:\/\/www.mw-steel.eu\/sk\/author\/admin\/","display_name":"admin"},"relative_dates":{"created":"Posted 3 roky ago","modified":"Updated 3 roky ago"},"absolute_dates":{"created":"Posted on 30. apr\u00edla 2023","modified":"Updated on 30. apr\u00edla 2023"},"absolute_dates_time":{"created":"Posted on 30. apr\u00edla 2023 15:00","modified":"Updated on 30. apr\u00edla 2023 15:00"},"featured_img_caption":"","tax_additional":{"product_brand":{"linked":[],"unlinked":[],"slug":"product_brand","name":"Zna\u010dky"},"product_type":{"linked":["<a href=\"https:\/\/www.mw-steel.eu\/sk\/?taxonomy=product_type&#038;term=simple\" class=\"advgb-post-tax-term\">simple<\/a>"],"unlinked":["<span class=\"advgb-post-tax-term\">simple<\/span>"],"slug":"product_type","name":"Typ produktu"},"product_visibility":{"linked":[],"unlinked":[],"slug":"product_visibility","name":"Vidite\u013enos\u0165 produktu"},"product_cat":{"linked":["<a href=\"https:\/\/www.mw-steel.eu\/sk\/kategoria-produktu\/ohrady-pre-psov\/\" class=\"advgb-post-tax-term\">Ohrady pre psov<\/a>"],"unlinked":["<span class=\"advgb-post-tax-term\">Ohrady pre psov<\/span>"],"slug":"product_cat","name":"Kateg\u00f3rie produktov"},"product_tag":{"linked":[],"unlinked":[],"slug":"product_tag","name":"Tagy produktu"},"product_shipping_class":{"linked":[],"unlinked":[],"slug":"product_shipping_class","name":"Doru\u010dovacie triedy produktov"},"pos_product_visibility":{"linked":[],"unlinked":[],"slug":"pos_product_visibility","name":"POS Product visibility"},"pa_wymiar":{"linked":[],"unlinked":[],"slug":"pa_wymiar","name":"Product Wymiar"},"translation_priority":{"linked":[],"unlinked":[],"slug":"translation_priority","name":"Translation Priorities"}},"series_order":"","_links":{"self":[{"href":"https:\/\/www.mw-steel.eu\/sk\/wp-json\/wp\/v2\/product\/12312","targetHints":{"allow":["GET"]}}],"collection":[{"href":"https:\/\/www.mw-steel.eu\/sk\/wp-json\/wp\/v2\/product"}],"about":[{"href":"https:\/\/www.mw-steel.eu\/sk\/wp-json\/wp\/v2\/types\/product"}],"wp:featuredmedia":[{"embeddable":true,"href":"https:\/\/www.mw-steel.eu\/sk\/wp-json\/wp\/v2\/media\/3414"}],"wp:attachment":[{"href":"https:\/\/www.mw-steel.eu\/sk\/wp-json\/wp\/v2\/media?parent=12312"}],"wp:term":[{"taxonomy":"product_brand","embeddable":true,"href":"https:\/\/www.mw-steel.eu\/sk\/wp-json\/wp\/v2\/product_brand?post=12312"},{"taxonomy":"product_cat","embeddable":true,"href":"https:\/\/www.mw-steel.eu\/sk\/wp-json\/wp\/v2\/product_cat?post=12312"},{"taxonomy":"product_tag","embeddable":true,"href":"https:\/\/www.mw-steel.eu\/sk\/wp-json\/wp\/v2\/product_tag?post=12312"}],"curies":[{"name":"wp","href":"https:\/\/api.w.org\/{rel}","templated":true}]}}