{"id":12268,"date":"2023-05-08T12:56:18","date_gmt":"2023-05-08T10:56:18","guid":{"rendered":"https:\/\/www.mw-steel.eu\/produkt\/ohrada-pre-psov-dh1\/"},"modified":"2023-05-08T12:56:18","modified_gmt":"2023-05-08T10:56:18","slug":"ohrada-pre-psov-dh1","status":"publish","type":"product","link":"https:\/\/www.mw-steel.eu\/sk\/produkt\/ohrada-pre-psov-dh1\/","title":{"rendered":"Ohrada pre psov DH1"},"content":{"rendered":"<p>Model DH1 je modern\u00fd v\u00fdbeh pre psov, ktor\u00fd pon\u00faka cel\u00fd rad mo\u017enost\u00ed prisp\u00f4sobenia individu\u00e1lnym potreb\u00e1m:<\/p>\n<ul>\n<li><strong>Farba kovu<\/strong>: Vyberte si z dvoch farebn\u00fdch variantov:<br \/>\n&#8211; \u010cierna<br \/>\n&#8211; Grafitov\u00e1<\/li>\n<li>Typ v\u00fdplne stien: Dostupn\u00e9 mo\u017enosti v\u00fdplne stien umo\u017e\u0148uj\u00fa \u00fapln\u00fa individualiz\u00e1ciu:<br \/>\n&#8211; Oce\u013eov\u00fd plech<br \/>\n&#8211; Pr\u00edrodn\u00e9 drevo<br \/>\n&#8211; Kompozitn\u00e1 doska<\/li>\n<li>Podlaha: Vyberte si jednu z dvoch mo\u017enost\u00ed podlahy:<br \/>\n&#8211; \u0160tandardn\u00e1<br \/>\n&#8211; Ultra pevn\u00e1 s kovov\u00fdm r\u00e1mom<\/li>\n<\/ul>\n<p>V\u010faka pevnej kon\u0161trukcii z uzavret\u00fdch profilov a flexibiln\u00fdm mo\u017enostiam konfigur\u00e1cie model DH1 zaru\u010duje v\u00e1\u0161mu dom\u00e1cemu mazn\u00e1\u010dikovi pohodlie a bezpe\u010dnos\u0165. Nez\u00e1visle od zvolen\u00fdch mo\u017enost\u00ed na\u0161a spolo\u010dnos\u0165 zaru\u010duje profesionalitu a odolnos\u0165, aby sme v\u00e1\u0161mu \u0161tvornoh\u00e9mu priate\u013eovi zaistili tie najlep\u0161ie podmienky. <\/p>\n","protected":false},"excerpt":{"rendered":"<p>Model DH1 je modern\u00fd v\u00fdbeh pre psov, ktor\u00fd pon\u00faka cel\u00fd rad mo\u017enost\u00ed prisp\u00f4sobenia individu\u00e1lnym potreb\u00e1m: Farba kovu: Vyberte si z dvoch farebn\u00fdch variantov: &#8211; \u010cierna &#8211; Grafitov\u00e1 Typ v\u00fdplne stien: Dostupn\u00e9 mo\u017enosti v\u00fdplne stien umo\u017e\u0148uj\u00fa \u00fapln\u00fa individualiz\u00e1ciu: &#8211; Oce\u013eov\u00fd plech &#8211; Pr\u00edrodn\u00e9 drevo &#8211; Kompozitn\u00e1 doska Podlaha: Vyberte si jednu z dvoch mo\u017enost\u00ed podlahy: &#8211; [&hellip;]<\/p>\n","protected":false},"author":1,"featured_media":3290,"template":"","meta":{"_acf_changed":false,"advgb_blocks_editor_width":"","advgb_blocks_columns_visual_guide":"","_themeisle_gutenberg_block_has_review":false},"product_brand":[],"product_cat":[32],"product_tag":[],"class_list":{"0":"post-12268","1":"product","2":"type-product","3":"status-publish","4":"has-post-thumbnail","6":"product_cat-ohrady-pre-psov","8":"first","9":"instock","10":"shipping-taxable","11":"purchasable","12":"product-type-simple"},"acf":[],"featured_img":"https:\/\/www.mw-steel.eu\/wp-content\/uploads\/2026\/02\/DH1-7GLOWNE-scaled.jpg","coauthors":[],"author_meta":{"author_link":"https:\/\/www.mw-steel.eu\/sk\/author\/admin\/","display_name":"admin"},"relative_dates":{"created":"Posted 3 roky ago","modified":"Updated 3 roky ago"},"absolute_dates":{"created":"Posted on 8. m\u00e1ja 2023","modified":"Updated on 8. m\u00e1ja 2023"},"absolute_dates_time":{"created":"Posted on 8. m\u00e1ja 2023 12:56","modified":"Updated on 8. m\u00e1ja 2023 12:56"},"featured_img_caption":"","tax_additional":{"product_brand":{"linked":[],"unlinked":[],"slug":"product_brand","name":"Zna\u010dky"},"product_type":{"linked":["<a href=\"https:\/\/www.mw-steel.eu\/sk\/?taxonomy=product_type&#038;term=simple\" class=\"advgb-post-tax-term\">simple<\/a>"],"unlinked":["<span class=\"advgb-post-tax-term\">simple<\/span>"],"slug":"product_type","name":"Typ produktu"},"product_visibility":{"linked":[],"unlinked":[],"slug":"product_visibility","name":"Vidite\u013enos\u0165 produktu"},"product_cat":{"linked":["<a href=\"https:\/\/www.mw-steel.eu\/sk\/kategoria-produktu\/ohrady-pre-psov\/\" class=\"advgb-post-tax-term\">Ohrady pre psov<\/a>"],"unlinked":["<span class=\"advgb-post-tax-term\">Ohrady pre psov<\/span>"],"slug":"product_cat","name":"Kateg\u00f3rie produktov"},"product_tag":{"linked":[],"unlinked":[],"slug":"product_tag","name":"Tagy produktu"},"product_shipping_class":{"linked":[],"unlinked":[],"slug":"product_shipping_class","name":"Doru\u010dovacie triedy produktov"},"pos_product_visibility":{"linked":[],"unlinked":[],"slug":"pos_product_visibility","name":"POS Product visibility"},"pa_wymiar":{"linked":[],"unlinked":[],"slug":"pa_wymiar","name":"Product Wymiar"},"translation_priority":{"linked":[],"unlinked":[],"slug":"translation_priority","name":"Translation Priorities"}},"series_order":"","_links":{"self":[{"href":"https:\/\/www.mw-steel.eu\/sk\/wp-json\/wp\/v2\/product\/12268","targetHints":{"allow":["GET"]}}],"collection":[{"href":"https:\/\/www.mw-steel.eu\/sk\/wp-json\/wp\/v2\/product"}],"about":[{"href":"https:\/\/www.mw-steel.eu\/sk\/wp-json\/wp\/v2\/types\/product"}],"wp:featuredmedia":[{"embeddable":true,"href":"https:\/\/www.mw-steel.eu\/sk\/wp-json\/wp\/v2\/media\/3290"}],"wp:attachment":[{"href":"https:\/\/www.mw-steel.eu\/sk\/wp-json\/wp\/v2\/media?parent=12268"}],"wp:term":[{"taxonomy":"product_brand","embeddable":true,"href":"https:\/\/www.mw-steel.eu\/sk\/wp-json\/wp\/v2\/product_brand?post=12268"},{"taxonomy":"product_cat","embeddable":true,"href":"https:\/\/www.mw-steel.eu\/sk\/wp-json\/wp\/v2\/product_cat?post=12268"},{"taxonomy":"product_tag","embeddable":true,"href":"https:\/\/www.mw-steel.eu\/sk\/wp-json\/wp\/v2\/product_tag?post=12268"}],"curies":[{"name":"wp","href":"https:\/\/api.w.org\/{rel}","templated":true}]}}