{"id":12255,"date":"2024-10-18T15:05:34","date_gmt":"2024-10-18T13:05:34","guid":{"rendered":"https:\/\/www.mw-steel.eu\/produkt\/nastavce-na-odpadkove-kose-fusione\/"},"modified":"2024-10-18T15:05:34","modified_gmt":"2024-10-18T13:05:34","slug":"nastavce-na-odpadkove-kose-fusione","status":"publish","type":"product","link":"https:\/\/www.mw-steel.eu\/sk\/produkt\/nastavce-na-odpadkove-kose-fusione\/","title":{"rendered":"N\u00e1stavce na odpadkov\u00e9 ko\u0161e \u2013 Fusione"},"content":{"rendered":"<p>Objavte spojenie elegancie a funk\u010dnosti v\u010faka krytom na ko\u0161e \u201eFUSIONE\u201c. Ide o ide\u00e1lne rie\u0161enie pre t\u00fdch, ktor\u00ed chc\u00fa do svojej z\u00e1hrady vnies\u0165 luxusn\u00fd a praktick\u00fd architektonick\u00fd prvok. Tento v\u00fdnimo\u010dn\u00fd projekt harmonicky sp\u00e1ja sofistikovan\u00fd dizajn s kvalitn\u00fdmi materi\u00e1lmi a pon\u00faka rie\u0161enie, ktor\u00e9 sa odli\u0161uje od ostatn\u00fdch.  <\/p>\n<p>Na\u0161e puzdro bolo navrhnut\u00e9 s horn\u00fdm krytom vyroben\u00fdm z profilu s rozmermi 2 x 10 cm, \u010do mu dod\u00e1va mimoriadne \u0161t\u00fdlov\u00fd vzh\u013ead. Na rozdiel od \u0161tandardn\u00e9ho plechov\u00e9ho opl\u00e1\u0161tenia v\u00e1m pon\u00fakame ru\u010dne vyroben\u00fa kon\u0161trukciu z vysoko kvalitnej pozinkovanej ocele, ktorej odolnos\u0165 si m\u00f4\u017eete pozrie\u0165 v na\u0161ej gal\u00e9rii. Ka\u017ed\u00fd detail bol starostlivo premyslen\u00fd, aby sme vytvorili estetick\u00fd a odoln\u00fd prvok do va\u0161ej z\u00e1hrady.  <\/p>\n<p>\u201eFUSIONE\u201c je \u0161tandardne vybaven\u00e1 modern\u00fdm syst\u00e9mom otv\u00e1rania veka, \u010do pod\u010diarkuje inovat\u00edvny charakter tohto produktu. Vyu\u017eili sme \u0161peci\u00e1lne pohony, ktor\u00e9 udr\u017euj\u00fa veko v otvorenej polohe, \u010d\u00edm u\u013eah\u010duj\u00fa pr\u00edstup do vn\u00fatra. Okrem toho je veko spojen\u00e9 s vekom ko\u0161a pomocou re\u0165aze, v\u010faka \u010domu otvorenie veka automaticky otvor\u00ed aj ko\u0161e na odpadky \u2013 je to pohodln\u00e9 a praktick\u00e9 rie\u0161enie.  <\/p>\n<p>V \u0161tandardnej v\u00fdbave pon\u00fakame aj prie\u010dku so sie\u0165kou, ktor\u00e1 umo\u017e\u0148uje oddelenie odpadkov\u00fdch ko\u0161ov od vriec. M\u00f4\u017eete ju namontova\u0165 kdeko\u013evek, \u010do u\u013eah\u010duje prisp\u00f4sobenie priestoru va\u0161im po\u017eiadavk\u00e1m. <\/p>\n<p>Zaviedli sme tie\u017e novinku \u2013 syst\u00e9m otv\u00e1rania bez \u00fachytiek, a to tak pre horn\u00fd kryt, ako aj pre predn\u00e9 dvierka. Dvierka sa zatv\u00e1raj\u00fa v\u010faka siln\u00fdm magnetom, \u010do zais\u0165uje elegantn\u00fd a diskr\u00e9tny vzh\u013ead, eliminuje zbyto\u010dn\u00e9 \u00fachytky a z\u00e1rove\u0148 zachov\u00e1va pln\u00fa funk\u010dnos\u0165. <\/p>\n<p>Kryt \u201eFUSIONE\u201c sa dokonale hod\u00ed k r\u00f4znym z\u00e1hradn\u00fdm a architektonick\u00fdm \u0161t\u00fdlom. Jeho elegantn\u00fd a modern\u00fd dizajn \u00fa\u010dinne zakr\u00fdva nevzh\u013eadn\u00e9 prvky, ako s\u00fa odpadkov\u00e9 ko\u0161e, a z\u00e1rove\u0148 sa st\u00e1va atrakt\u00edvnou dekor\u00e1ciou priestoru. <\/p>\n<p>Na\u0161a in\u0161pir\u00e1cia vych\u00e1dza z modern\u00e9ho dizajnu, ktor\u00fd sa odli\u0161uje od pon\u00fak konkurencie. Kombin\u00e1cia pr\u00edrodn\u00e9ho dreva a ocele vytv\u00e1ra kompoz\u00edciu, ktor\u00e1 up\u00fata pozornos\u0165 u\u017e na prv\u00fd poh\u013ead. Ka\u017ed\u00fd v\u00fdrobok je starostlivo ru\u010dne vyroben\u00fd s d\u00f4razom na najmen\u0161ie detaily, \u010do zaru\u010duje jeho trv\u00e1cnos\u0165 a bezkonkuren\u010dn\u00fa kvalitu.  <\/p>\n<p>Ko\u0161 \u201eFUSIONE\u201c pon\u00faka \u0161irok\u00e9 mo\u017enosti prisp\u00f4sobenia \u2013 m\u00f4\u017eete si zvoli\u0165 rozmery, materi\u00e1l stien (plech, pr\u00edrodn\u00e9 drevo, kompozitn\u00e1 doska) aj sp\u00f4sob povrchovej \u00fapravy (z\u00e1kladn\u00fd n\u00e1ter alebo pr\u00e1\u0161kov\u00e9 lakovanie). Pr\u00e1ve vy rozhodujete, ako bude tento jedine\u010dn\u00fd prvok vo va\u0161ej z\u00e1hrade vyzera\u0165. <\/p>\n<p>Na\u0161e starostlivo vybran\u00e9 materi\u00e1ly zaru\u010duj\u00fa maxim\u00e1lnu odolnos\u0165 a stabilitu kon\u0161trukcie. Je to produkt pre \u013eud\u00ed, ktor\u00ed si cenia nielen estetiku, ale aj trv\u00e1cnos\u0165. <\/p>\n<p>Ak chcete z\u00edska\u0165 individu\u00e1lnu cenov\u00fa ponuku, vyu\u017eite n\u00e1\u0161 nez\u00e1v\u00e4zn\u00fd konfigur\u00e1tor dostupn\u00fd na na\u0161ej webovej str\u00e1nke. Za p\u00e1r okamihov si vytvor\u00edte svoju jedine\u010dn\u00fa verziu skrine, ktor\u00e1 bude dokonale zodpoveda\u0165 va\u0161im potreb\u00e1m. <\/p>\n","protected":false},"excerpt":{"rendered":"<p>Objavte spojenie elegancie a funk\u010dnosti v\u010faka krytom na ko\u0161e \u201eFUSIONE\u201c. Ide o ide\u00e1lne rie\u0161enie pre t\u00fdch, ktor\u00ed chc\u00fa do svojej z\u00e1hrady vnies\u0165 luxusn\u00fd a praktick\u00fd architektonick\u00fd prvok. Tento v\u00fdnimo\u010dn\u00fd projekt harmonicky sp\u00e1ja sofistikovan\u00fd dizajn s kvalitn\u00fdmi materi\u00e1lmi a pon\u00faka rie\u0161enie, ktor\u00e9 sa odli\u0161uje od ostatn\u00fdch. Na\u0161e puzdro bolo navrhnut\u00e9 s horn\u00fdm krytom vyroben\u00fdm z profilu [&hellip;]<\/p>\n","protected":false},"author":1,"featured_media":3142,"template":"","meta":{"_acf_changed":false,"advgb_blocks_editor_width":"","advgb_blocks_columns_visual_guide":"","_themeisle_gutenberg_block_has_review":false},"product_brand":[],"product_cat":[133],"product_tag":[],"class_list":{"0":"post-12255","1":"product","2":"type-product","3":"status-publish","4":"has-post-thumbnail","6":"product_cat-krytie-odpadkovych-kosov","8":"first","9":"instock","10":"shipping-taxable","11":"purchasable","12":"product-type-simple"},"acf":[],"featured_img":"https:\/\/www.mw-steel.eu\/wp-content\/uploads\/2026\/02\/FUSIONE-1GLOWNE.jpg","coauthors":[],"author_meta":{"author_link":"https:\/\/www.mw-steel.eu\/sk\/author\/admin\/","display_name":"admin"},"relative_dates":{"created":"Posted 2 roky ago","modified":"Updated 2 roky ago"},"absolute_dates":{"created":"Posted on 18. okt\u00f3bra 2024","modified":"Updated on 18. okt\u00f3bra 2024"},"absolute_dates_time":{"created":"Posted on 18. okt\u00f3bra 2024 15:05","modified":"Updated on 18. okt\u00f3bra 2024 15:05"},"featured_img_caption":"","tax_additional":{"product_brand":{"linked":[],"unlinked":[],"slug":"product_brand","name":"Zna\u010dky"},"product_type":{"linked":["<a href=\"https:\/\/www.mw-steel.eu\/sk\/?taxonomy=product_type&#038;term=simple\" class=\"advgb-post-tax-term\">simple<\/a>"],"unlinked":["<span class=\"advgb-post-tax-term\">simple<\/span>"],"slug":"product_type","name":"Typ produktu"},"product_visibility":{"linked":[],"unlinked":[],"slug":"product_visibility","name":"Vidite\u013enos\u0165 produktu"},"product_cat":{"linked":["<a href=\"https:\/\/www.mw-steel.eu\/sk\/kategoria-produktu\/krytie-odpadkovych-kosov\/\" class=\"advgb-post-tax-term\">Krytie odpadkov\u00fdch ko\u0161ov<\/a>"],"unlinked":["<span class=\"advgb-post-tax-term\">Krytie odpadkov\u00fdch ko\u0161ov<\/span>"],"slug":"product_cat","name":"Kateg\u00f3rie produktov"},"product_tag":{"linked":[],"unlinked":[],"slug":"product_tag","name":"Tagy produktu"},"product_shipping_class":{"linked":[],"unlinked":[],"slug":"product_shipping_class","name":"Doru\u010dovacie triedy produktov"},"pos_product_visibility":{"linked":[],"unlinked":[],"slug":"pos_product_visibility","name":"POS Product visibility"},"pa_wymiar":{"linked":[],"unlinked":[],"slug":"pa_wymiar","name":"Product Wymiar"},"translation_priority":{"linked":[],"unlinked":[],"slug":"translation_priority","name":"Translation Priorities"}},"series_order":"","_links":{"self":[{"href":"https:\/\/www.mw-steel.eu\/sk\/wp-json\/wp\/v2\/product\/12255","targetHints":{"allow":["GET"]}}],"collection":[{"href":"https:\/\/www.mw-steel.eu\/sk\/wp-json\/wp\/v2\/product"}],"about":[{"href":"https:\/\/www.mw-steel.eu\/sk\/wp-json\/wp\/v2\/types\/product"}],"wp:featuredmedia":[{"embeddable":true,"href":"https:\/\/www.mw-steel.eu\/sk\/wp-json\/wp\/v2\/media\/3142"}],"wp:attachment":[{"href":"https:\/\/www.mw-steel.eu\/sk\/wp-json\/wp\/v2\/media?parent=12255"}],"wp:term":[{"taxonomy":"product_brand","embeddable":true,"href":"https:\/\/www.mw-steel.eu\/sk\/wp-json\/wp\/v2\/product_brand?post=12255"},{"taxonomy":"product_cat","embeddable":true,"href":"https:\/\/www.mw-steel.eu\/sk\/wp-json\/wp\/v2\/product_cat?post=12255"},{"taxonomy":"product_tag","embeddable":true,"href":"https:\/\/www.mw-steel.eu\/sk\/wp-json\/wp\/v2\/product_tag?post=12255"}],"curies":[{"name":"wp","href":"https:\/\/api.w.org\/{rel}","templated":true}]}}