{"id":12204,"date":"2023-05-08T11:50:58","date_gmt":"2023-05-08T09:50:58","guid":{"rendered":"https:\/\/www.mw-steel.eu\/kontakt\/"},"modified":"2026-05-05T22:38:53","modified_gmt":"2026-05-05T20:38:53","slug":"kontakt","status":"publish","type":"page","link":"https:\/\/www.mw-steel.eu\/sk\/kontakt\/","title":{"rendered":"Kontakt"},"content":{"rendered":"\n<h2 class=\"wp-block-heading\">Marek W\u0119grzyn<\/h2>\n\n<h3 class=\"wp-block-heading\" id=\"mrgn-tp-0\">MW STEEL<\/h3>\n\n<p>Pogorzany 156, 34-623 Szczyrzyc<br\/>NIP: 7372080973<\/p>\n\n<p><a href=\"tel:+48797787788\">797 787 788<\/a><br\/><a href=\"mailto:biuro@mw-steel.pl\">biuro@mw-steel.pl<\/a><\/p>\n\n<h2 class=\"wp-block-heading\">Ako sa k n\u00e1m dostanete?<\/h2>\n\n<iframe src=\"https:\/\/www.google.com\/maps\/embed?pb=!1m18!1m12!1m3!1d2575.3696470487926!2d20.173265!3d49.797917899999995!2m3!1f0!2f0!3f0!3m2!1i1024!2i768!4f13.1!3m3!1m2!1s0x471613de5660726d%3A0x1188de41efa52eb8!2sPogorzany%20156%2C%2034-623%20Pogorzany!5e0!3m2!1spl!2spl!4v1683894192843!5m2!1spl!2spl\" width=\"100%\" height=\"450\" style=\"border:0;\" allowfullscreen=\"\" loading=\"lazy\" referrerpolicy=\"no-referrer-when-downgrade\"><\/iframe>\n","protected":false},"excerpt":{"rendered":"<p>Marek W\u0119grzyn MW STEEL Pogorzany 156, 34-623 SzczyrzycNIP: 7372080973 797 787 788biuro@mw-steel.pl Ako sa k n\u00e1m dostanete?<\/p>\n","protected":false},"author":1,"featured_media":0,"parent":0,"menu_order":0,"comment_status":"closed","ping_status":"closed","template":"","meta":{"_acf_changed":false,"advgb_blocks_editor_width":"","advgb_blocks_columns_visual_guide":"","_themeisle_gutenberg_block_has_review":false,"footnotes":""},"class_list":["post-12204","page","type-page","status-publish","hentry"],"acf":[],"coauthors":[],"author_meta":{"author_link":"https:\/\/www.mw-steel.eu\/sk\/author\/admin\/","display_name":"admin"},"relative_dates":{"created":"Posted 3 roky ago","modified":"Updated 1 t\u00fd\u017ede\u0148 ago"},"absolute_dates":{"created":"Posted on 8. m\u00e1ja 2023","modified":"Updated on 5. m\u00e1ja 2026"},"absolute_dates_time":{"created":"Posted on 8. m\u00e1ja 2023 11:50","modified":"Updated on 5. m\u00e1ja 2026 22:38"},"featured_img_caption":"","featured_img":false,"series_order":"","_links":{"self":[{"href":"https:\/\/www.mw-steel.eu\/sk\/wp-json\/wp\/v2\/pages\/12204","targetHints":{"allow":["GET"]}}],"collection":[{"href":"https:\/\/www.mw-steel.eu\/sk\/wp-json\/wp\/v2\/pages"}],"about":[{"href":"https:\/\/www.mw-steel.eu\/sk\/wp-json\/wp\/v2\/types\/page"}],"author":[{"embeddable":true,"href":"https:\/\/www.mw-steel.eu\/sk\/wp-json\/wp\/v2\/users\/1"}],"replies":[{"embeddable":true,"href":"https:\/\/www.mw-steel.eu\/sk\/wp-json\/wp\/v2\/comments?post=12204"}],"version-history":[{"count":1,"href":"https:\/\/www.mw-steel.eu\/sk\/wp-json\/wp\/v2\/pages\/12204\/revisions"}],"predecessor-version":[{"id":12205,"href":"https:\/\/www.mw-steel.eu\/sk\/wp-json\/wp\/v2\/pages\/12204\/revisions\/12205"}],"wp:attachment":[{"href":"https:\/\/www.mw-steel.eu\/sk\/wp-json\/wp\/v2\/media?parent=12204"}],"curies":[{"name":"wp","href":"https:\/\/api.w.org\/{rel}","templated":true}]}}