{"id":11910,"date":"2023-10-04T16:41:29","date_gmt":"2023-10-04T14:41:29","guid":{"rendered":"https:\/\/www.mw-steel.eu\/farby-plechu\/"},"modified":"2026-05-05T21:38:56","modified_gmt":"2026-05-05T19:38:56","slug":"farby-plechu","status":"publish","type":"page","link":"https:\/\/www.mw-steel.eu\/sk\/mostre-de-culori\/farby-plechu\/","title":{"rendered":"Farby plechu"},"content":{"rendered":"\n<h2 class=\"wp-block-heading\">Blacha trapezowa<\/h2>\n\n<p>Trapezov\u00fd plech sa vyzna\u010duje \u0161irokou \u0161k\u00e1lou farieb, ako aj v\u00fdnimo\u010dnou pevnos\u0165ou a odolnos\u0165ou. V\u010faka tomu sa tento materi\u00e1l v\u00fdborne osved\u010duje v mnoh\u00fdch aplik\u00e1ci\u00e1ch, od stre\u0161n\u00fdch kryt\u00edn a\u017e po fas\u00e1dy budov. D\u00f4le\u017eit\u00e9 je, \u017ee trapezov\u00fd plech nevy\u017eaduje impregn\u00e1ciu ani \u0161peci\u00e1lnu \u00fadr\u017ebu, \u010do prin\u00e1\u0161a \u00fasporu \u010dasu a n\u00e1kladov spojen\u00fdch s \u00fadr\u017ebou.  <\/p>\n\n<p>Okrem toho m\u00e1 vn\u00fatorn\u00e1 strana plechu neutr\u00e1lnu farbu, ktor\u00e1 sa m\u00f4\u017ee l\u00ed\u0161i\u0165 v z\u00e1vislosti od konkr\u00e9tnej \u0161ar\u017ee v\u00fdrobku. V\u010faka tomu je tento materi\u00e1l univerz\u00e1lny a prisp\u00f4sobiv\u00fd r\u00f4znym stavebn\u00fdm projektom, pri\u010dom si zachov\u00e1va svoje v\u00fdnimo\u010dn\u00e9 vlastnosti. <\/p>\n\n<h2 class=\"wp-block-heading\">Dostupn\u00e9 farby<\/h2>\n\n<figure class=\"wp-block-gallery has-nested-images columns-4 is-cropped wp-block-gallery-1 is-layout-flex wp-block-gallery-is-layout-flex\">\n<figure class=\"wp-block-image size-large\"><a href=\"https:\/\/www.mw-steel.eu\/wp-content\/uploads\/2023\/10\/1.WHITE_-scaled.jpg\"><img loading=\"lazy\" decoding=\"async\" width=\"2560\" height=\"1920\" data-id=\"975\" src=\"https:\/\/www.mw-steel.eu\/wp-content\/uploads\/2023\/10\/1.WHITE_-scaled.jpg\" alt=\"\" class=\"wp-image-975\" srcset=\"https:\/\/www.mw-steel.eu\/wp-content\/uploads\/2023\/10\/1.WHITE_-scaled.jpg 2560w, https:\/\/www.mw-steel.eu\/wp-content\/uploads\/2023\/10\/1.WHITE_-scaled-576x432.jpg 576w, https:\/\/www.mw-steel.eu\/wp-content\/uploads\/2023\/10\/1.WHITE_-scaled-1380x1035.jpg 1380w, https:\/\/www.mw-steel.eu\/wp-content\/uploads\/2023\/10\/1.WHITE_-768x576.jpg 768w, https:\/\/www.mw-steel.eu\/wp-content\/uploads\/2023\/10\/1.WHITE_-1536x1152.jpg 1536w, https:\/\/www.mw-steel.eu\/wp-content\/uploads\/2023\/10\/1.WHITE_-2048x1536.jpg 2048w\" sizes=\"auto, (max-width: 2560px) 100vw, 2560px\" \/><\/a><figcaption class=\"wp-element-caption\">WHITE<\/figcaption><\/figure>\n\n\n\n<figure class=\"wp-block-image size-large\"><a href=\"https:\/\/www.mw-steel.eu\/wp-content\/uploads\/2023\/10\/2.WINCHESTER-scaled.jpg\"><img loading=\"lazy\" decoding=\"async\" width=\"2560\" height=\"1920\" data-id=\"976\" src=\"https:\/\/www.mw-steel.eu\/wp-content\/uploads\/2023\/10\/2.WINCHESTER-scaled.jpg\" alt=\"\" class=\"wp-image-976\" srcset=\"https:\/\/www.mw-steel.eu\/wp-content\/uploads\/2023\/10\/2.WINCHESTER-scaled.jpg 2560w, https:\/\/www.mw-steel.eu\/wp-content\/uploads\/2023\/10\/2.WINCHESTER-scaled-576x432.jpg 576w, https:\/\/www.mw-steel.eu\/wp-content\/uploads\/2023\/10\/2.WINCHESTER-scaled-1380x1035.jpg 1380w, https:\/\/www.mw-steel.eu\/wp-content\/uploads\/2023\/10\/2.WINCHESTER-768x576.jpg 768w, https:\/\/www.mw-steel.eu\/wp-content\/uploads\/2023\/10\/2.WINCHESTER-1536x1152.jpg 1536w, https:\/\/www.mw-steel.eu\/wp-content\/uploads\/2023\/10\/2.WINCHESTER-2048x1536.jpg 2048w\" sizes=\"auto, (max-width: 2560px) 100vw, 2560px\" \/><\/a><figcaption class=\"wp-element-caption\">WINCHESTER<\/figcaption><\/figure>\n\n\n\n<figure class=\"wp-block-image size-large\"><a href=\"https:\/\/www.mw-steel.eu\/wp-content\/uploads\/2023\/10\/3.GOLDEN-OAK-scaled.jpg\"><img loading=\"lazy\" decoding=\"async\" width=\"2560\" height=\"1920\" data-id=\"977\" src=\"https:\/\/www.mw-steel.eu\/wp-content\/uploads\/2023\/10\/3.GOLDEN-OAK-scaled.jpg\" alt=\"\" class=\"wp-image-977\" srcset=\"https:\/\/www.mw-steel.eu\/wp-content\/uploads\/2023\/10\/3.GOLDEN-OAK-scaled.jpg 2560w, https:\/\/www.mw-steel.eu\/wp-content\/uploads\/2023\/10\/3.GOLDEN-OAK-scaled-576x432.jpg 576w, https:\/\/www.mw-steel.eu\/wp-content\/uploads\/2023\/10\/3.GOLDEN-OAK-scaled-1380x1035.jpg 1380w, https:\/\/www.mw-steel.eu\/wp-content\/uploads\/2023\/10\/3.GOLDEN-OAK-768x576.jpg 768w, https:\/\/www.mw-steel.eu\/wp-content\/uploads\/2023\/10\/3.GOLDEN-OAK-1536x1152.jpg 1536w, https:\/\/www.mw-steel.eu\/wp-content\/uploads\/2023\/10\/3.GOLDEN-OAK-2048x1536.jpg 2048w\" sizes=\"auto, (max-width: 2560px) 100vw, 2560px\" \/><\/a><figcaption class=\"wp-element-caption\">GOLDEN OAK<\/figcaption><\/figure>\n\n\n\n<figure class=\"wp-block-image size-large\"><a href=\"https:\/\/www.mw-steel.eu\/wp-content\/uploads\/2023\/10\/4.WALNUT-scaled.jpg\"><img loading=\"lazy\" decoding=\"async\" width=\"2560\" height=\"1920\" data-id=\"978\" src=\"https:\/\/www.mw-steel.eu\/wp-content\/uploads\/2023\/10\/4.WALNUT-scaled.jpg\" alt=\"\" class=\"wp-image-978\" srcset=\"https:\/\/www.mw-steel.eu\/wp-content\/uploads\/2023\/10\/4.WALNUT-scaled.jpg 2560w, https:\/\/www.mw-steel.eu\/wp-content\/uploads\/2023\/10\/4.WALNUT-scaled-576x432.jpg 576w, https:\/\/www.mw-steel.eu\/wp-content\/uploads\/2023\/10\/4.WALNUT-scaled-1380x1035.jpg 1380w, https:\/\/www.mw-steel.eu\/wp-content\/uploads\/2023\/10\/4.WALNUT-768x576.jpg 768w, https:\/\/www.mw-steel.eu\/wp-content\/uploads\/2023\/10\/4.WALNUT-1536x1152.jpg 1536w, https:\/\/www.mw-steel.eu\/wp-content\/uploads\/2023\/10\/4.WALNUT-2048x1536.jpg 2048w\" sizes=\"auto, (max-width: 2560px) 100vw, 2560px\" \/><\/a><figcaption class=\"wp-element-caption\">WALNUT<\/figcaption><\/figure>\n\n\n\n<figure class=\"wp-block-image size-large\"><a href=\"https:\/\/www.mw-steel.eu\/wp-content\/uploads\/2023\/10\/5.GREEN_-scaled.jpg\"><img loading=\"lazy\" decoding=\"async\" width=\"2560\" height=\"1920\" data-id=\"979\" src=\"https:\/\/www.mw-steel.eu\/wp-content\/uploads\/2023\/10\/5.GREEN_-scaled.jpg\" alt=\"\" class=\"wp-image-979\" srcset=\"https:\/\/www.mw-steel.eu\/wp-content\/uploads\/2023\/10\/5.GREEN_-scaled.jpg 2560w, https:\/\/www.mw-steel.eu\/wp-content\/uploads\/2023\/10\/5.GREEN_-scaled-576x432.jpg 576w, https:\/\/www.mw-steel.eu\/wp-content\/uploads\/2023\/10\/5.GREEN_-scaled-1380x1035.jpg 1380w, https:\/\/www.mw-steel.eu\/wp-content\/uploads\/2023\/10\/5.GREEN_-768x576.jpg 768w, https:\/\/www.mw-steel.eu\/wp-content\/uploads\/2023\/10\/5.GREEN_-1536x1152.jpg 1536w, https:\/\/www.mw-steel.eu\/wp-content\/uploads\/2023\/10\/5.GREEN_-2048x1536.jpg 2048w\" sizes=\"auto, (max-width: 2560px) 100vw, 2560px\" \/><\/a><figcaption class=\"wp-element-caption\">GREEN<\/figcaption><\/figure>\n\n\n\n<figure class=\"wp-block-image size-large\"><a href=\"https:\/\/www.mw-steel.eu\/wp-content\/uploads\/2023\/10\/6.GRAY_-scaled.jpg\"><img loading=\"lazy\" decoding=\"async\" width=\"2560\" height=\"1920\" data-id=\"980\" src=\"https:\/\/www.mw-steel.eu\/wp-content\/uploads\/2023\/10\/6.GRAY_-scaled.jpg\" alt=\"\" class=\"wp-image-980\" srcset=\"https:\/\/www.mw-steel.eu\/wp-content\/uploads\/2023\/10\/6.GRAY_-scaled.jpg 2560w, https:\/\/www.mw-steel.eu\/wp-content\/uploads\/2023\/10\/6.GRAY_-scaled-576x432.jpg 576w, https:\/\/www.mw-steel.eu\/wp-content\/uploads\/2023\/10\/6.GRAY_-scaled-1380x1035.jpg 1380w, https:\/\/www.mw-steel.eu\/wp-content\/uploads\/2023\/10\/6.GRAY_-768x576.jpg 768w, https:\/\/www.mw-steel.eu\/wp-content\/uploads\/2023\/10\/6.GRAY_-1536x1152.jpg 1536w, https:\/\/www.mw-steel.eu\/wp-content\/uploads\/2023\/10\/6.GRAY_-2048x1536.jpg 2048w\" sizes=\"auto, (max-width: 2560px) 100vw, 2560px\" \/><\/a><figcaption class=\"wp-element-caption\">GRAY<\/figcaption><\/figure>\n\n\n\n<figure class=\"wp-block-image size-large\"><a href=\"https:\/\/www.mw-steel.eu\/wp-content\/uploads\/2023\/10\/7.BLACK_-scaled.jpg\"><img loading=\"lazy\" decoding=\"async\" width=\"2560\" height=\"1920\" data-id=\"981\" src=\"https:\/\/www.mw-steel.eu\/wp-content\/uploads\/2023\/10\/7.BLACK_-scaled.jpg\" alt=\"\" class=\"wp-image-981\" srcset=\"https:\/\/www.mw-steel.eu\/wp-content\/uploads\/2023\/10\/7.BLACK_-scaled.jpg 2560w, https:\/\/www.mw-steel.eu\/wp-content\/uploads\/2023\/10\/7.BLACK_-scaled-576x432.jpg 576w, https:\/\/www.mw-steel.eu\/wp-content\/uploads\/2023\/10\/7.BLACK_-scaled-1380x1035.jpg 1380w, https:\/\/www.mw-steel.eu\/wp-content\/uploads\/2023\/10\/7.BLACK_-768x576.jpg 768w, https:\/\/www.mw-steel.eu\/wp-content\/uploads\/2023\/10\/7.BLACK_-1536x1152.jpg 1536w, https:\/\/www.mw-steel.eu\/wp-content\/uploads\/2023\/10\/7.BLACK_-2048x1536.jpg 2048w\" sizes=\"auto, (max-width: 2560px) 100vw, 2560px\" \/><\/a><figcaption class=\"wp-element-caption\">BLACK<\/figcaption><\/figure>\n<\/figure>\n\n<div style=\"height:32px\" aria-hidden=\"true\" class=\"wp-block-spacer\"><\/div>\n\n<h2 class=\"wp-block-heading\">Pozrite sa, ako plech vyzer\u00e1 v skuto\u010dnosti<\/h2>\n\n<figure class=\"wp-block-embed is-type-video is-provider-youtube wp-block-embed-youtube wp-embed-aspect-16-9 wp-has-aspect-ratio\"><div class=\"wp-block-embed__wrapper\">\n<iframe loading=\"lazy\" title=\"METAL\" width=\"1200\" height=\"675\" src=\"https:\/\/www.youtube.com\/embed\/H13Xmh_5-9I?feature=oembed\" frameborder=\"0\" allow=\"accelerometer; autoplay; clipboard-write; encrypted-media; gyroscope; picture-in-picture; web-share\" referrerpolicy=\"strict-origin-when-cross-origin\" allowfullscreen><\/iframe>\n<\/div><\/figure>\n","protected":false},"excerpt":{"rendered":"<p>Blacha trapezowa Trapezov\u00fd plech sa vyzna\u010duje \u0161irokou \u0161k\u00e1lou farieb, ako aj v\u00fdnimo\u010dnou pevnos\u0165ou a odolnos\u0165ou. V\u010faka tomu sa tento materi\u00e1l v\u00fdborne osved\u010duje v mnoh\u00fdch aplik\u00e1ci\u00e1ch, od stre\u0161n\u00fdch kryt\u00edn a\u017e po fas\u00e1dy budov. D\u00f4le\u017eit\u00e9 je, \u017ee trapezov\u00fd plech nevy\u017eaduje impregn\u00e1ciu ani \u0161peci\u00e1lnu \u00fadr\u017ebu, \u010do prin\u00e1\u0161a \u00fasporu \u010dasu a n\u00e1kladov spojen\u00fdch s \u00fadr\u017ebou. Okrem toho m\u00e1 vn\u00fatorn\u00e1 [&hellip;]<\/p>\n","protected":false},"author":1,"featured_media":0,"parent":12180,"menu_order":0,"comment_status":"closed","ping_status":"closed","template":"","meta":{"_acf_changed":false,"advgb_blocks_editor_width":"","advgb_blocks_columns_visual_guide":"","_themeisle_gutenberg_block_has_review":false,"footnotes":""},"class_list":["post-11910","page","type-page","status-publish","hentry"],"acf":[],"coauthors":[],"author_meta":{"author_link":"https:\/\/www.mw-steel.eu\/sk\/author\/admin\/","display_name":"admin"},"relative_dates":{"created":"Posted 3 roky ago","modified":"Updated 1 t\u00fd\u017ede\u0148 ago"},"absolute_dates":{"created":"Posted on 4. okt\u00f3bra 2023","modified":"Updated on 5. m\u00e1ja 2026"},"absolute_dates_time":{"created":"Posted on 4. okt\u00f3bra 2023 16:41","modified":"Updated on 5. m\u00e1ja 2026 21:38"},"featured_img_caption":"","featured_img":false,"series_order":"","_links":{"self":[{"href":"https:\/\/www.mw-steel.eu\/sk\/wp-json\/wp\/v2\/pages\/11910","targetHints":{"allow":["GET"]}}],"collection":[{"href":"https:\/\/www.mw-steel.eu\/sk\/wp-json\/wp\/v2\/pages"}],"about":[{"href":"https:\/\/www.mw-steel.eu\/sk\/wp-json\/wp\/v2\/types\/page"}],"author":[{"embeddable":true,"href":"https:\/\/www.mw-steel.eu\/sk\/wp-json\/wp\/v2\/users\/1"}],"replies":[{"embeddable":true,"href":"https:\/\/www.mw-steel.eu\/sk\/wp-json\/wp\/v2\/comments?post=11910"}],"version-history":[{"count":1,"href":"https:\/\/www.mw-steel.eu\/sk\/wp-json\/wp\/v2\/pages\/11910\/revisions"}],"predecessor-version":[{"id":11911,"href":"https:\/\/www.mw-steel.eu\/sk\/wp-json\/wp\/v2\/pages\/11910\/revisions\/11911"}],"up":[{"embeddable":true,"href":"https:\/\/www.mw-steel.eu\/sk\/wp-json\/wp\/v2\/pages\/12180"}],"wp:attachment":[{"href":"https:\/\/www.mw-steel.eu\/sk\/wp-json\/wp\/v2\/media?parent=11910"}],"curies":[{"name":"wp","href":"https:\/\/api.w.org\/{rel}","templated":true}]}}