{"id":11694,"date":"2023-05-12T15:27:10","date_gmt":"2023-05-12T13:27:10","guid":{"rendered":"https:\/\/www.mw-steel.eu\/schranka-etereo\/"},"modified":"2026-05-05T21:11:28","modified_gmt":"2026-05-05T19:11:28","slug":"schranka-etereo","status":"publish","type":"page","link":"https:\/\/www.mw-steel.eu\/sk\/galeria\/schranka-etereo\/","title":{"rendered":"Schr\u00e1nka \u2013 Etereo"},"content":{"rendered":"\n<figure class=\"wp-block-gallery has-nested-images columns-default is-cropped wp-block-gallery-1 is-layout-flex wp-block-gallery-is-layout-flex\">\n<figure class=\"wp-block-image size-large\"><a href=\"https:\/\/www.mw-steel.eu\/wp-content\/uploads\/2026\/02\/ETEREO-1GLOWNE.png\"><img loading=\"lazy\" decoding=\"async\" width=\"2495\" height=\"1392\" data-id=\"3048\" src=\"https:\/\/www.mw-steel.eu\/wp-content\/uploads\/2026\/02\/ETEREO-1GLOWNE.png\" alt=\"\" class=\"wp-image-3048\" srcset=\"https:\/\/www.mw-steel.eu\/wp-content\/uploads\/2026\/02\/ETEREO-1GLOWNE.png 2495w, https:\/\/www.mw-steel.eu\/wp-content\/uploads\/2026\/02\/ETEREO-1GLOWNE-576x321.png 576w, https:\/\/www.mw-steel.eu\/wp-content\/uploads\/2026\/02\/ETEREO-1GLOWNE-1380x770.png 1380w, https:\/\/www.mw-steel.eu\/wp-content\/uploads\/2026\/02\/ETEREO-1GLOWNE-768x428.png 768w, https:\/\/www.mw-steel.eu\/wp-content\/uploads\/2026\/02\/ETEREO-1GLOWNE-1536x857.png 1536w, https:\/\/www.mw-steel.eu\/wp-content\/uploads\/2026\/02\/ETEREO-1GLOWNE-2048x1143.png 2048w\" sizes=\"auto, (max-width: 2495px) 100vw, 2495px\" \/><\/a><\/figure>\n\n\n\n<figure class=\"wp-block-image size-large\"><a href=\"https:\/\/www.mw-steel.eu\/wp-content\/uploads\/2026\/02\/ETEREO-10-scaled.png\"><img loading=\"lazy\" decoding=\"async\" width=\"2560\" height=\"1429\" data-id=\"3057\" src=\"https:\/\/www.mw-steel.eu\/wp-content\/uploads\/2026\/02\/ETEREO-10-scaled.png\" alt=\"\" class=\"wp-image-3057\" srcset=\"https:\/\/www.mw-steel.eu\/wp-content\/uploads\/2026\/02\/ETEREO-10-scaled.png 2560w, https:\/\/www.mw-steel.eu\/wp-content\/uploads\/2026\/02\/ETEREO-10-scaled-576x322.png 576w, https:\/\/www.mw-steel.eu\/wp-content\/uploads\/2026\/02\/ETEREO-10-scaled-1380x770.png 1380w, https:\/\/www.mw-steel.eu\/wp-content\/uploads\/2026\/02\/ETEREO-10-768x429.png 768w, https:\/\/www.mw-steel.eu\/wp-content\/uploads\/2026\/02\/ETEREO-10-1536x857.png 1536w, https:\/\/www.mw-steel.eu\/wp-content\/uploads\/2026\/02\/ETEREO-10-2048x1143.png 2048w\" sizes=\"auto, (max-width: 2560px) 100vw, 2560px\" \/><\/a><\/figure>\n\n\n\n<figure class=\"wp-block-image size-large\"><a href=\"https:\/\/www.mw-steel.eu\/wp-content\/uploads\/2026\/02\/ETEREO-9-scaled.png\"><img loading=\"lazy\" decoding=\"async\" width=\"2560\" height=\"1429\" data-id=\"3056\" src=\"https:\/\/www.mw-steel.eu\/wp-content\/uploads\/2026\/02\/ETEREO-9-scaled.png\" alt=\"\" class=\"wp-image-3056\" srcset=\"https:\/\/www.mw-steel.eu\/wp-content\/uploads\/2026\/02\/ETEREO-9-scaled.png 2560w, https:\/\/www.mw-steel.eu\/wp-content\/uploads\/2026\/02\/ETEREO-9-scaled-576x322.png 576w, https:\/\/www.mw-steel.eu\/wp-content\/uploads\/2026\/02\/ETEREO-9-scaled-1380x770.png 1380w, https:\/\/www.mw-steel.eu\/wp-content\/uploads\/2026\/02\/ETEREO-9-768x429.png 768w, https:\/\/www.mw-steel.eu\/wp-content\/uploads\/2026\/02\/ETEREO-9-1536x857.png 1536w, https:\/\/www.mw-steel.eu\/wp-content\/uploads\/2026\/02\/ETEREO-9-2048x1143.png 2048w\" sizes=\"auto, (max-width: 2560px) 100vw, 2560px\" \/><\/a><\/figure>\n\n\n\n<figure class=\"wp-block-image size-large\"><a href=\"https:\/\/www.mw-steel.eu\/wp-content\/uploads\/2026\/02\/ETEREO-7.png\"><img loading=\"lazy\" decoding=\"async\" width=\"2286\" height=\"1276\" data-id=\"3054\" src=\"https:\/\/www.mw-steel.eu\/wp-content\/uploads\/2026\/02\/ETEREO-7.png\" alt=\"\" class=\"wp-image-3054\" srcset=\"https:\/\/www.mw-steel.eu\/wp-content\/uploads\/2026\/02\/ETEREO-7.png 2286w, https:\/\/www.mw-steel.eu\/wp-content\/uploads\/2026\/02\/ETEREO-7-576x322.png 576w, https:\/\/www.mw-steel.eu\/wp-content\/uploads\/2026\/02\/ETEREO-7-1380x770.png 1380w, https:\/\/www.mw-steel.eu\/wp-content\/uploads\/2026\/02\/ETEREO-7-768x429.png 768w, https:\/\/www.mw-steel.eu\/wp-content\/uploads\/2026\/02\/ETEREO-7-1536x857.png 1536w, https:\/\/www.mw-steel.eu\/wp-content\/uploads\/2026\/02\/ETEREO-7-2048x1143.png 2048w\" sizes=\"auto, (max-width: 2286px) 100vw, 2286px\" \/><\/a><\/figure>\n\n\n\n<figure class=\"wp-block-image size-large\"><a href=\"https:\/\/www.mw-steel.eu\/wp-content\/uploads\/2026\/02\/ETEREO-6-scaled.png\"><img loading=\"lazy\" decoding=\"async\" width=\"2560\" height=\"1429\" data-id=\"3053\" src=\"https:\/\/www.mw-steel.eu\/wp-content\/uploads\/2026\/02\/ETEREO-6-scaled.png\" alt=\"\" class=\"wp-image-3053\" srcset=\"https:\/\/www.mw-steel.eu\/wp-content\/uploads\/2026\/02\/ETEREO-6-scaled.png 2560w, https:\/\/www.mw-steel.eu\/wp-content\/uploads\/2026\/02\/ETEREO-6-scaled-576x322.png 576w, https:\/\/www.mw-steel.eu\/wp-content\/uploads\/2026\/02\/ETEREO-6-scaled-1380x770.png 1380w, https:\/\/www.mw-steel.eu\/wp-content\/uploads\/2026\/02\/ETEREO-6-768x429.png 768w, https:\/\/www.mw-steel.eu\/wp-content\/uploads\/2026\/02\/ETEREO-6-1536x857.png 1536w, https:\/\/www.mw-steel.eu\/wp-content\/uploads\/2026\/02\/ETEREO-6-2048x1143.png 2048w\" sizes=\"auto, (max-width: 2560px) 100vw, 2560px\" \/><\/a><\/figure>\n\n\n\n<figure class=\"wp-block-image size-large\"><a href=\"https:\/\/www.mw-steel.eu\/wp-content\/uploads\/2026\/02\/ETEREO-5-scaled.png\"><img loading=\"lazy\" decoding=\"async\" width=\"2560\" height=\"1429\" data-id=\"3052\" src=\"https:\/\/www.mw-steel.eu\/wp-content\/uploads\/2026\/02\/ETEREO-5-scaled.png\" alt=\"\" class=\"wp-image-3052\" srcset=\"https:\/\/www.mw-steel.eu\/wp-content\/uploads\/2026\/02\/ETEREO-5-scaled.png 2560w, https:\/\/www.mw-steel.eu\/wp-content\/uploads\/2026\/02\/ETEREO-5-scaled-576x322.png 576w, https:\/\/www.mw-steel.eu\/wp-content\/uploads\/2026\/02\/ETEREO-5-scaled-1380x770.png 1380w, https:\/\/www.mw-steel.eu\/wp-content\/uploads\/2026\/02\/ETEREO-5-768x429.png 768w, https:\/\/www.mw-steel.eu\/wp-content\/uploads\/2026\/02\/ETEREO-5-1536x857.png 1536w, https:\/\/www.mw-steel.eu\/wp-content\/uploads\/2026\/02\/ETEREO-5-2048x1143.png 2048w\" sizes=\"auto, (max-width: 2560px) 100vw, 2560px\" \/><\/a><\/figure>\n\n\n\n<figure class=\"wp-block-image size-large\"><a href=\"https:\/\/www.mw-steel.eu\/wp-content\/uploads\/2026\/02\/ETEREO-4-scaled.png\"><img loading=\"lazy\" decoding=\"async\" width=\"2560\" height=\"1429\" data-id=\"3051\" src=\"https:\/\/www.mw-steel.eu\/wp-content\/uploads\/2026\/02\/ETEREO-4-scaled.png\" alt=\"\" class=\"wp-image-3051\" srcset=\"https:\/\/www.mw-steel.eu\/wp-content\/uploads\/2026\/02\/ETEREO-4-scaled.png 2560w, https:\/\/www.mw-steel.eu\/wp-content\/uploads\/2026\/02\/ETEREO-4-scaled-576x322.png 576w, https:\/\/www.mw-steel.eu\/wp-content\/uploads\/2026\/02\/ETEREO-4-scaled-1380x770.png 1380w, https:\/\/www.mw-steel.eu\/wp-content\/uploads\/2026\/02\/ETEREO-4-768x429.png 768w, https:\/\/www.mw-steel.eu\/wp-content\/uploads\/2026\/02\/ETEREO-4-1536x857.png 1536w, https:\/\/www.mw-steel.eu\/wp-content\/uploads\/2026\/02\/ETEREO-4-2048x1143.png 2048w\" sizes=\"auto, (max-width: 2560px) 100vw, 2560px\" \/><\/a><\/figure>\n\n\n\n<figure class=\"wp-block-image size-large\"><a href=\"https:\/\/www.mw-steel.eu\/wp-content\/uploads\/2026\/02\/ETEREO-3-scaled.png\"><img loading=\"lazy\" decoding=\"async\" width=\"2560\" height=\"1429\" data-id=\"3050\" src=\"https:\/\/www.mw-steel.eu\/wp-content\/uploads\/2026\/02\/ETEREO-3-scaled.png\" alt=\"\" class=\"wp-image-3050\" srcset=\"https:\/\/www.mw-steel.eu\/wp-content\/uploads\/2026\/02\/ETEREO-3-scaled.png 2560w, https:\/\/www.mw-steel.eu\/wp-content\/uploads\/2026\/02\/ETEREO-3-scaled-576x322.png 576w, https:\/\/www.mw-steel.eu\/wp-content\/uploads\/2026\/02\/ETEREO-3-scaled-1380x770.png 1380w, https:\/\/www.mw-steel.eu\/wp-content\/uploads\/2026\/02\/ETEREO-3-768x429.png 768w, https:\/\/www.mw-steel.eu\/wp-content\/uploads\/2026\/02\/ETEREO-3-1536x857.png 1536w, https:\/\/www.mw-steel.eu\/wp-content\/uploads\/2026\/02\/ETEREO-3-2048x1143.png 2048w\" sizes=\"auto, (max-width: 2560px) 100vw, 2560px\" \/><\/a><\/figure>\n\n\n\n<figure class=\"wp-block-image size-large\"><a href=\"https:\/\/www.mw-steel.eu\/wp-content\/uploads\/2026\/02\/ETEREO-1-scaled.jpeg\"><img loading=\"lazy\" decoding=\"async\" width=\"2560\" height=\"1429\" data-id=\"3049\" src=\"https:\/\/www.mw-steel.eu\/wp-content\/uploads\/2026\/02\/ETEREO-1-scaled.jpeg\" alt=\"\" class=\"wp-image-3049\" srcset=\"https:\/\/www.mw-steel.eu\/wp-content\/uploads\/2026\/02\/ETEREO-1-scaled.jpeg 2560w, https:\/\/www.mw-steel.eu\/wp-content\/uploads\/2026\/02\/ETEREO-1-scaled-576x322.jpeg 576w, https:\/\/www.mw-steel.eu\/wp-content\/uploads\/2026\/02\/ETEREO-1-scaled-1380x770.jpeg 1380w, https:\/\/www.mw-steel.eu\/wp-content\/uploads\/2026\/02\/ETEREO-1-768x429.jpeg 768w, https:\/\/www.mw-steel.eu\/wp-content\/uploads\/2026\/02\/ETEREO-1-1536x857.jpeg 1536w, https:\/\/www.mw-steel.eu\/wp-content\/uploads\/2026\/02\/ETEREO-1-2048x1143.jpeg 2048w\" sizes=\"auto, (max-width: 2560px) 100vw, 2560px\" \/><\/a><\/figure>\n\n\n\n<figure class=\"wp-block-image size-large\"><a href=\"https:\/\/www.mw-steel.eu\/wp-content\/uploads\/2026\/02\/ETEREO-12-scaled.png\"><img loading=\"lazy\" decoding=\"async\" width=\"2560\" height=\"1429\" data-id=\"3059\" src=\"https:\/\/www.mw-steel.eu\/wp-content\/uploads\/2026\/02\/ETEREO-12-scaled.png\" alt=\"\" class=\"wp-image-3059\" srcset=\"https:\/\/www.mw-steel.eu\/wp-content\/uploads\/2026\/02\/ETEREO-12-scaled.png 2560w, https:\/\/www.mw-steel.eu\/wp-content\/uploads\/2026\/02\/ETEREO-12-scaled-576x322.png 576w, https:\/\/www.mw-steel.eu\/wp-content\/uploads\/2026\/02\/ETEREO-12-scaled-1380x770.png 1380w, https:\/\/www.mw-steel.eu\/wp-content\/uploads\/2026\/02\/ETEREO-12-768x429.png 768w, https:\/\/www.mw-steel.eu\/wp-content\/uploads\/2026\/02\/ETEREO-12-1536x857.png 1536w, https:\/\/www.mw-steel.eu\/wp-content\/uploads\/2026\/02\/ETEREO-12-2048x1143.png 2048w\" sizes=\"auto, (max-width: 2560px) 100vw, 2560px\" \/><\/a><\/figure>\n\n\n\n<figure class=\"wp-block-image size-large\"><a href=\"https:\/\/www.mw-steel.eu\/wp-content\/uploads\/2026\/01\/RIGHT-1.jpg\"><img loading=\"lazy\" decoding=\"async\" width=\"2560\" height=\"1440\" data-id=\"2806\" src=\"https:\/\/www.mw-steel.eu\/wp-content\/uploads\/2026\/01\/RIGHT-1.jpg\" alt=\"\" class=\"wp-image-2806\" srcset=\"https:\/\/www.mw-steel.eu\/wp-content\/uploads\/2026\/01\/RIGHT-1.jpg 2560w, https:\/\/www.mw-steel.eu\/wp-content\/uploads\/2026\/01\/RIGHT-1-576x324.jpg 576w, https:\/\/www.mw-steel.eu\/wp-content\/uploads\/2026\/01\/RIGHT-1-1380x776.jpg 1380w, https:\/\/www.mw-steel.eu\/wp-content\/uploads\/2026\/01\/RIGHT-1-768x432.jpg 768w, https:\/\/www.mw-steel.eu\/wp-content\/uploads\/2026\/01\/RIGHT-1-1536x864.jpg 1536w, https:\/\/www.mw-steel.eu\/wp-content\/uploads\/2026\/01\/RIGHT-1-2048x1152.jpg 2048w\" sizes=\"auto, (max-width: 2560px) 100vw, 2560px\" \/><\/a><\/figure>\n\n\n\n<figure class=\"wp-block-image size-large\"><a href=\"https:\/\/www.mw-steel.eu\/wp-content\/uploads\/2026\/01\/LEFT-1.jpg\"><img loading=\"lazy\" decoding=\"async\" width=\"2560\" height=\"1440\" data-id=\"2815\" src=\"https:\/\/www.mw-steel.eu\/wp-content\/uploads\/2026\/01\/LEFT-1.jpg\" alt=\"\" class=\"wp-image-2815\" srcset=\"https:\/\/www.mw-steel.eu\/wp-content\/uploads\/2026\/01\/LEFT-1.jpg 2560w, https:\/\/www.mw-steel.eu\/wp-content\/uploads\/2026\/01\/LEFT-1-576x324.jpg 576w, https:\/\/www.mw-steel.eu\/wp-content\/uploads\/2026\/01\/LEFT-1-1380x776.jpg 1380w, https:\/\/www.mw-steel.eu\/wp-content\/uploads\/2026\/01\/LEFT-1-768x432.jpg 768w, https:\/\/www.mw-steel.eu\/wp-content\/uploads\/2026\/01\/LEFT-1-1536x864.jpg 1536w, https:\/\/www.mw-steel.eu\/wp-content\/uploads\/2026\/01\/LEFT-1-2048x1152.jpg 2048w\" sizes=\"auto, (max-width: 2560px) 100vw, 2560px\" \/><\/a><\/figure>\n\n\n\n<figure class=\"wp-block-image size-large\"><a href=\"https:\/\/www.mw-steel.eu\/wp-content\/uploads\/2026\/01\/ETEREO-1.jpg\"><img loading=\"lazy\" decoding=\"async\" width=\"2560\" height=\"1440\" data-id=\"2812\" src=\"https:\/\/www.mw-steel.eu\/wp-content\/uploads\/2026\/01\/ETEREO-1.jpg\" alt=\"\" class=\"wp-image-2812\" srcset=\"https:\/\/www.mw-steel.eu\/wp-content\/uploads\/2026\/01\/ETEREO-1.jpg 2560w, https:\/\/www.mw-steel.eu\/wp-content\/uploads\/2026\/01\/ETEREO-1-576x324.jpg 576w, https:\/\/www.mw-steel.eu\/wp-content\/uploads\/2026\/01\/ETEREO-1-1380x776.jpg 1380w, https:\/\/www.mw-steel.eu\/wp-content\/uploads\/2026\/01\/ETEREO-1-768x432.jpg 768w, https:\/\/www.mw-steel.eu\/wp-content\/uploads\/2026\/01\/ETEREO-1-1536x864.jpg 1536w, https:\/\/www.mw-steel.eu\/wp-content\/uploads\/2026\/01\/ETEREO-1-2048x1152.jpg 2048w\" sizes=\"auto, (max-width: 2560px) 100vw, 2560px\" \/><\/a><\/figure>\n\n\n\n<figure class=\"wp-block-image size-large\"><a href=\"https:\/\/www.mw-steel.eu\/wp-content\/uploads\/2026\/01\/FRONT-1.jpg\"><img loading=\"lazy\" decoding=\"async\" width=\"2560\" height=\"1440\" data-id=\"2814\" src=\"https:\/\/www.mw-steel.eu\/wp-content\/uploads\/2026\/01\/FRONT-1.jpg\" alt=\"\" class=\"wp-image-2814\" srcset=\"https:\/\/www.mw-steel.eu\/wp-content\/uploads\/2026\/01\/FRONT-1.jpg 2560w, https:\/\/www.mw-steel.eu\/wp-content\/uploads\/2026\/01\/FRONT-1-576x324.jpg 576w, https:\/\/www.mw-steel.eu\/wp-content\/uploads\/2026\/01\/FRONT-1-1380x776.jpg 1380w, https:\/\/www.mw-steel.eu\/wp-content\/uploads\/2026\/01\/FRONT-1-768x432.jpg 768w, https:\/\/www.mw-steel.eu\/wp-content\/uploads\/2026\/01\/FRONT-1-1536x864.jpg 1536w, https:\/\/www.mw-steel.eu\/wp-content\/uploads\/2026\/01\/FRONT-1-2048x1152.jpg 2048w\" sizes=\"auto, (max-width: 2560px) 100vw, 2560px\" \/><\/a><\/figure>\n\n\n\n<figure class=\"wp-block-image size-large\"><a href=\"https:\/\/www.mw-steel.eu\/wp-content\/uploads\/2026\/01\/REAR-1.jpg\"><img loading=\"lazy\" decoding=\"async\" width=\"2560\" height=\"1440\" data-id=\"2816\" src=\"https:\/\/www.mw-steel.eu\/wp-content\/uploads\/2026\/01\/REAR-1.jpg\" alt=\"\" class=\"wp-image-2816\" srcset=\"https:\/\/www.mw-steel.eu\/wp-content\/uploads\/2026\/01\/REAR-1.jpg 2560w, https:\/\/www.mw-steel.eu\/wp-content\/uploads\/2026\/01\/REAR-1-576x324.jpg 576w, https:\/\/www.mw-steel.eu\/wp-content\/uploads\/2026\/01\/REAR-1-1380x776.jpg 1380w, https:\/\/www.mw-steel.eu\/wp-content\/uploads\/2026\/01\/REAR-1-768x432.jpg 768w, https:\/\/www.mw-steel.eu\/wp-content\/uploads\/2026\/01\/REAR-1-1536x864.jpg 1536w, https:\/\/www.mw-steel.eu\/wp-content\/uploads\/2026\/01\/REAR-1-2048x1152.jpg 2048w\" sizes=\"auto, (max-width: 2560px) 100vw, 2560px\" \/><\/a><\/figure>\n<\/figure>\n","protected":false},"excerpt":{"rendered":"","protected":false},"author":1,"featured_media":0,"parent":12161,"menu_order":0,"comment_status":"closed","ping_status":"closed","template":"","meta":{"_acf_changed":false,"advgb_blocks_editor_width":"","advgb_blocks_columns_visual_guide":"","_themeisle_gutenberg_block_has_review":false,"footnotes":""},"class_list":["post-11694","page","type-page","status-publish","hentry"],"acf":[],"coauthors":[],"author_meta":{"author_link":"https:\/\/www.mw-steel.eu\/sk\/author\/admin\/","display_name":"admin"},"relative_dates":{"created":"Posted 3 roky ago","modified":"Updated 1 t\u00fd\u017ede\u0148 ago"},"absolute_dates":{"created":"Posted on 12. m\u00e1ja 2023","modified":"Updated on 5. m\u00e1ja 2026"},"absolute_dates_time":{"created":"Posted on 12. m\u00e1ja 2023 15:27","modified":"Updated on 5. m\u00e1ja 2026 21:11"},"featured_img_caption":"","featured_img":false,"series_order":"","_links":{"self":[{"href":"https:\/\/www.mw-steel.eu\/sk\/wp-json\/wp\/v2\/pages\/11694","targetHints":{"allow":["GET"]}}],"collection":[{"href":"https:\/\/www.mw-steel.eu\/sk\/wp-json\/wp\/v2\/pages"}],"about":[{"href":"https:\/\/www.mw-steel.eu\/sk\/wp-json\/wp\/v2\/types\/page"}],"author":[{"embeddable":true,"href":"https:\/\/www.mw-steel.eu\/sk\/wp-json\/wp\/v2\/users\/1"}],"replies":[{"embeddable":true,"href":"https:\/\/www.mw-steel.eu\/sk\/wp-json\/wp\/v2\/comments?post=11694"}],"version-history":[{"count":1,"href":"https:\/\/www.mw-steel.eu\/sk\/wp-json\/wp\/v2\/pages\/11694\/revisions"}],"predecessor-version":[{"id":11706,"href":"https:\/\/www.mw-steel.eu\/sk\/wp-json\/wp\/v2\/pages\/11694\/revisions\/11706"}],"up":[{"embeddable":true,"href":"https:\/\/www.mw-steel.eu\/sk\/wp-json\/wp\/v2\/pages\/12161"}],"wp:attachment":[{"href":"https:\/\/www.mw-steel.eu\/sk\/wp-json\/wp\/v2\/media?parent=11694"}],"curies":[{"name":"wp","href":"https:\/\/api.w.org\/{rel}","templated":true}]}}