{"id":11609,"date":"2023-08-04T15:48:02","date_gmt":"2023-08-04T13:48:02","guid":{"rendered":"https:\/\/www.mw-steel.eu\/ohrada-pre-psov-model-dh1-6\/"},"modified":"2026-05-06T18:04:29","modified_gmt":"2026-05-06T16:04:29","slug":"ohrada-pre-psov-model-dh1-6","status":"publish","type":"page","link":"https:\/\/www.mw-steel.eu\/sk\/galeria\/ohrada-pre-psov-model-dh1-6\/","title":{"rendered":"Ohrada pre psov \u2013 model DH6"},"content":{"rendered":"\n<figure class=\"wp-block-gallery has-nested-images columns-default is-cropped wp-block-gallery-1 is-layout-flex wp-block-gallery-is-layout-flex\">\n<figure class=\"wp-block-image size-large\"><a href=\"https:\/\/www.mw-steel.eu\/wp-content\/uploads\/2026\/02\/DH6-5GLOWNE.jpg\"><img loading=\"lazy\" decoding=\"async\" width=\"2321\" height=\"1305\" data-id=\"3427\" src=\"https:\/\/www.mw-steel.eu\/wp-content\/uploads\/2026\/02\/DH6-5GLOWNE.jpg\" alt=\"\" class=\"wp-image-3427\" srcset=\"https:\/\/www.mw-steel.eu\/wp-content\/uploads\/2026\/02\/DH6-5GLOWNE.jpg 2321w, https:\/\/www.mw-steel.eu\/wp-content\/uploads\/2026\/02\/DH6-5GLOWNE-576x324.jpg 576w, https:\/\/www.mw-steel.eu\/wp-content\/uploads\/2026\/02\/DH6-5GLOWNE-1380x776.jpg 1380w, https:\/\/www.mw-steel.eu\/wp-content\/uploads\/2026\/02\/DH6-5GLOWNE-768x432.jpg 768w, https:\/\/www.mw-steel.eu\/wp-content\/uploads\/2026\/02\/DH6-5GLOWNE-1536x864.jpg 1536w, https:\/\/www.mw-steel.eu\/wp-content\/uploads\/2026\/02\/DH6-5GLOWNE-2048x1152.jpg 2048w\" sizes=\"auto, (max-width: 2321px) 100vw, 2321px\" \/><\/a><\/figure>\n\n\n\n<figure class=\"wp-block-image size-large\"><a href=\"https:\/\/www.mw-steel.eu\/wp-content\/uploads\/2026\/02\/DH6-7.jpg\"><img loading=\"lazy\" decoding=\"async\" width=\"2534\" height=\"1414\" data-id=\"3435\" src=\"https:\/\/www.mw-steel.eu\/wp-content\/uploads\/2026\/02\/DH6-7.jpg\" alt=\"\" class=\"wp-image-3435\" srcset=\"https:\/\/www.mw-steel.eu\/wp-content\/uploads\/2026\/02\/DH6-7.jpg 2534w, https:\/\/www.mw-steel.eu\/wp-content\/uploads\/2026\/02\/DH6-7-576x321.jpg 576w, https:\/\/www.mw-steel.eu\/wp-content\/uploads\/2026\/02\/DH6-7-1380x770.jpg 1380w, https:\/\/www.mw-steel.eu\/wp-content\/uploads\/2026\/02\/DH6-7-768x429.jpg 768w, https:\/\/www.mw-steel.eu\/wp-content\/uploads\/2026\/02\/DH6-7-1536x857.jpg 1536w, https:\/\/www.mw-steel.eu\/wp-content\/uploads\/2026\/02\/DH6-7-2048x1143.jpg 2048w\" sizes=\"auto, (max-width: 2534px) 100vw, 2534px\" \/><\/a><\/figure>\n\n\n\n<figure class=\"wp-block-image size-large\"><a href=\"https:\/\/www.mw-steel.eu\/wp-content\/uploads\/2026\/02\/DH6-6.jpg\"><img loading=\"lazy\" decoding=\"async\" width=\"2561\" height=\"1429\" data-id=\"3434\" src=\"https:\/\/www.mw-steel.eu\/wp-content\/uploads\/2026\/02\/DH6-6.jpg\" alt=\"\" class=\"wp-image-3434\" srcset=\"https:\/\/www.mw-steel.eu\/wp-content\/uploads\/2026\/02\/DH6-6.jpg 2561w, https:\/\/www.mw-steel.eu\/wp-content\/uploads\/2026\/02\/DH6-6-576x321.jpg 576w, https:\/\/www.mw-steel.eu\/wp-content\/uploads\/2026\/02\/DH6-6-1380x770.jpg 1380w, https:\/\/www.mw-steel.eu\/wp-content\/uploads\/2026\/02\/DH6-6-768x429.jpg 768w, https:\/\/www.mw-steel.eu\/wp-content\/uploads\/2026\/02\/DH6-6-1536x857.jpg 1536w, https:\/\/www.mw-steel.eu\/wp-content\/uploads\/2026\/02\/DH6-6-2048x1143.jpg 2048w\" sizes=\"auto, (max-width: 2561px) 100vw, 2561px\" \/><\/a><\/figure>\n\n\n\n<figure class=\"wp-block-image size-large\"><a href=\"https:\/\/www.mw-steel.eu\/wp-content\/uploads\/2026\/02\/DH6-4.jpg\"><img loading=\"lazy\" decoding=\"async\" width=\"2093\" height=\"1178\" data-id=\"3433\" src=\"https:\/\/www.mw-steel.eu\/wp-content\/uploads\/2026\/02\/DH6-4.jpg\" alt=\"\" class=\"wp-image-3433\" srcset=\"https:\/\/www.mw-steel.eu\/wp-content\/uploads\/2026\/02\/DH6-4.jpg 2093w, https:\/\/www.mw-steel.eu\/wp-content\/uploads\/2026\/02\/DH6-4-576x324.jpg 576w, https:\/\/www.mw-steel.eu\/wp-content\/uploads\/2026\/02\/DH6-4-1380x777.jpg 1380w, https:\/\/www.mw-steel.eu\/wp-content\/uploads\/2026\/02\/DH6-4-768x432.jpg 768w, https:\/\/www.mw-steel.eu\/wp-content\/uploads\/2026\/02\/DH6-4-1536x865.jpg 1536w, https:\/\/www.mw-steel.eu\/wp-content\/uploads\/2026\/02\/DH6-4-2048x1153.jpg 2048w\" sizes=\"auto, (max-width: 2093px) 100vw, 2093px\" \/><\/a><\/figure>\n\n\n\n<figure class=\"wp-block-image size-large\"><a href=\"https:\/\/www.mw-steel.eu\/wp-content\/uploads\/2026\/02\/DH6-3-scaled.jpg\"><img loading=\"lazy\" decoding=\"async\" width=\"2560\" height=\"1429\" data-id=\"3430\" src=\"https:\/\/www.mw-steel.eu\/wp-content\/uploads\/2026\/02\/DH6-3-scaled.jpg\" alt=\"\" class=\"wp-image-3430\" srcset=\"https:\/\/www.mw-steel.eu\/wp-content\/uploads\/2026\/02\/DH6-3-scaled.jpg 2560w, https:\/\/www.mw-steel.eu\/wp-content\/uploads\/2026\/02\/DH6-3-scaled-576x322.jpg 576w, https:\/\/www.mw-steel.eu\/wp-content\/uploads\/2026\/02\/DH6-3-scaled-1380x770.jpg 1380w, https:\/\/www.mw-steel.eu\/wp-content\/uploads\/2026\/02\/DH6-3-768x429.jpg 768w, https:\/\/www.mw-steel.eu\/wp-content\/uploads\/2026\/02\/DH6-3-1536x857.jpg 1536w, https:\/\/www.mw-steel.eu\/wp-content\/uploads\/2026\/02\/DH6-3-2048x1143.jpg 2048w\" sizes=\"auto, (max-width: 2560px) 100vw, 2560px\" \/><\/a><\/figure>\n\n\n\n<figure class=\"wp-block-image size-large\"><a href=\"https:\/\/www.mw-steel.eu\/wp-content\/uploads\/2026\/02\/DH6-2-scaled.jpg\"><img loading=\"lazy\" decoding=\"async\" width=\"2560\" height=\"1429\" data-id=\"3429\" src=\"https:\/\/www.mw-steel.eu\/wp-content\/uploads\/2026\/02\/DH6-2-scaled.jpg\" alt=\"\" class=\"wp-image-3429\" srcset=\"https:\/\/www.mw-steel.eu\/wp-content\/uploads\/2026\/02\/DH6-2-scaled.jpg 2560w, https:\/\/www.mw-steel.eu\/wp-content\/uploads\/2026\/02\/DH6-2-scaled-576x322.jpg 576w, https:\/\/www.mw-steel.eu\/wp-content\/uploads\/2026\/02\/DH6-2-scaled-1380x770.jpg 1380w, https:\/\/www.mw-steel.eu\/wp-content\/uploads\/2026\/02\/DH6-2-768x429.jpg 768w, https:\/\/www.mw-steel.eu\/wp-content\/uploads\/2026\/02\/DH6-2-1536x857.jpg 1536w, https:\/\/www.mw-steel.eu\/wp-content\/uploads\/2026\/02\/DH6-2-2048x1143.jpg 2048w\" sizes=\"auto, (max-width: 2560px) 100vw, 2560px\" \/><\/a><\/figure>\n\n\n\n<figure class=\"wp-block-image size-large\"><a href=\"https:\/\/www.mw-steel.eu\/wp-content\/uploads\/2026\/02\/FRONT-5.jpg\"><img loading=\"lazy\" decoding=\"async\" width=\"2560\" height=\"1440\" data-id=\"3437\" src=\"https:\/\/www.mw-steel.eu\/wp-content\/uploads\/2026\/02\/FRONT-5.jpg\" alt=\"\" class=\"wp-image-3437\" srcset=\"https:\/\/www.mw-steel.eu\/wp-content\/uploads\/2026\/02\/FRONT-5.jpg 2560w, https:\/\/www.mw-steel.eu\/wp-content\/uploads\/2026\/02\/FRONT-5-576x324.jpg 576w, https:\/\/www.mw-steel.eu\/wp-content\/uploads\/2026\/02\/FRONT-5-1380x776.jpg 1380w, https:\/\/www.mw-steel.eu\/wp-content\/uploads\/2026\/02\/FRONT-5-768x432.jpg 768w, https:\/\/www.mw-steel.eu\/wp-content\/uploads\/2026\/02\/FRONT-5-1536x864.jpg 1536w, https:\/\/www.mw-steel.eu\/wp-content\/uploads\/2026\/02\/FRONT-5-2048x1152.jpg 2048w\" sizes=\"auto, (max-width: 2560px) 100vw, 2560px\" \/><\/a><\/figure>\n\n\n\n<figure class=\"wp-block-image size-large\"><a href=\"https:\/\/www.mw-steel.eu\/wp-content\/uploads\/2026\/02\/LEFT-5.jpg\"><img loading=\"lazy\" decoding=\"async\" width=\"2560\" height=\"1440\" data-id=\"3438\" src=\"https:\/\/www.mw-steel.eu\/wp-content\/uploads\/2026\/02\/LEFT-5.jpg\" alt=\"\" class=\"wp-image-3438\" srcset=\"https:\/\/www.mw-steel.eu\/wp-content\/uploads\/2026\/02\/LEFT-5.jpg 2560w, https:\/\/www.mw-steel.eu\/wp-content\/uploads\/2026\/02\/LEFT-5-576x324.jpg 576w, https:\/\/www.mw-steel.eu\/wp-content\/uploads\/2026\/02\/LEFT-5-1380x776.jpg 1380w, https:\/\/www.mw-steel.eu\/wp-content\/uploads\/2026\/02\/LEFT-5-768x432.jpg 768w, https:\/\/www.mw-steel.eu\/wp-content\/uploads\/2026\/02\/LEFT-5-1536x864.jpg 1536w, https:\/\/www.mw-steel.eu\/wp-content\/uploads\/2026\/02\/LEFT-5-2048x1152.jpg 2048w\" sizes=\"auto, (max-width: 2560px) 100vw, 2560px\" \/><\/a><\/figure>\n\n\n\n<figure class=\"wp-block-image size-large\"><a href=\"https:\/\/www.mw-steel.eu\/wp-content\/uploads\/2026\/02\/REAR-5.jpg\"><img loading=\"lazy\" decoding=\"async\" width=\"2560\" height=\"1440\" data-id=\"3439\" src=\"https:\/\/www.mw-steel.eu\/wp-content\/uploads\/2026\/02\/REAR-5.jpg\" alt=\"\" class=\"wp-image-3439\" srcset=\"https:\/\/www.mw-steel.eu\/wp-content\/uploads\/2026\/02\/REAR-5.jpg 2560w, https:\/\/www.mw-steel.eu\/wp-content\/uploads\/2026\/02\/REAR-5-576x324.jpg 576w, https:\/\/www.mw-steel.eu\/wp-content\/uploads\/2026\/02\/REAR-5-1380x776.jpg 1380w, https:\/\/www.mw-steel.eu\/wp-content\/uploads\/2026\/02\/REAR-5-768x432.jpg 768w, https:\/\/www.mw-steel.eu\/wp-content\/uploads\/2026\/02\/REAR-5-1536x864.jpg 1536w, https:\/\/www.mw-steel.eu\/wp-content\/uploads\/2026\/02\/REAR-5-2048x1152.jpg 2048w\" sizes=\"auto, (max-width: 2560px) 100vw, 2560px\" \/><\/a><\/figure>\n\n\n\n<figure class=\"wp-block-image size-large\"><a href=\"https:\/\/www.mw-steel.eu\/wp-content\/uploads\/2026\/02\/DH6-1.jpg\"><img loading=\"lazy\" decoding=\"async\" width=\"2560\" height=\"1440\" data-id=\"3428\" src=\"https:\/\/www.mw-steel.eu\/wp-content\/uploads\/2026\/02\/DH6-1.jpg\" alt=\"\" class=\"wp-image-3428\" srcset=\"https:\/\/www.mw-steel.eu\/wp-content\/uploads\/2026\/02\/DH6-1.jpg 2560w, https:\/\/www.mw-steel.eu\/wp-content\/uploads\/2026\/02\/DH6-1-576x324.jpg 576w, https:\/\/www.mw-steel.eu\/wp-content\/uploads\/2026\/02\/DH6-1-1380x776.jpg 1380w, https:\/\/www.mw-steel.eu\/wp-content\/uploads\/2026\/02\/DH6-1-768x432.jpg 768w, https:\/\/www.mw-steel.eu\/wp-content\/uploads\/2026\/02\/DH6-1-1536x864.jpg 1536w, https:\/\/www.mw-steel.eu\/wp-content\/uploads\/2026\/02\/DH6-1-2048x1152.jpg 2048w\" sizes=\"auto, (max-width: 2560px) 100vw, 2560px\" \/><\/a><\/figure>\n\n\n\n<figure class=\"wp-block-image size-large\"><a href=\"https:\/\/www.mw-steel.eu\/wp-content\/uploads\/2026\/02\/RIGHT-5.jpg\"><img loading=\"lazy\" decoding=\"async\" width=\"2560\" height=\"1440\" data-id=\"3440\" src=\"https:\/\/www.mw-steel.eu\/wp-content\/uploads\/2026\/02\/RIGHT-5.jpg\" alt=\"\" class=\"wp-image-3440\" srcset=\"https:\/\/www.mw-steel.eu\/wp-content\/uploads\/2026\/02\/RIGHT-5.jpg 2560w, https:\/\/www.mw-steel.eu\/wp-content\/uploads\/2026\/02\/RIGHT-5-576x324.jpg 576w, https:\/\/www.mw-steel.eu\/wp-content\/uploads\/2026\/02\/RIGHT-5-1380x776.jpg 1380w, https:\/\/www.mw-steel.eu\/wp-content\/uploads\/2026\/02\/RIGHT-5-768x432.jpg 768w, https:\/\/www.mw-steel.eu\/wp-content\/uploads\/2026\/02\/RIGHT-5-1536x864.jpg 1536w, https:\/\/www.mw-steel.eu\/wp-content\/uploads\/2026\/02\/RIGHT-5-2048x1152.jpg 2048w\" sizes=\"auto, (max-width: 2560px) 100vw, 2560px\" \/><\/a><\/figure>\n\n\n\n<figure class=\"wp-block-image size-large\"><a href=\"https:\/\/www.mw-steel.eu\/wp-content\/uploads\/2026\/02\/FRAME-5.jpg\"><img loading=\"lazy\" decoding=\"async\" width=\"2560\" height=\"1440\" data-id=\"3436\" src=\"https:\/\/www.mw-steel.eu\/wp-content\/uploads\/2026\/02\/FRAME-5.jpg\" alt=\"\" class=\"wp-image-3436\" srcset=\"https:\/\/www.mw-steel.eu\/wp-content\/uploads\/2026\/02\/FRAME-5.jpg 2560w, https:\/\/www.mw-steel.eu\/wp-content\/uploads\/2026\/02\/FRAME-5-576x324.jpg 576w, https:\/\/www.mw-steel.eu\/wp-content\/uploads\/2026\/02\/FRAME-5-1380x776.jpg 1380w, https:\/\/www.mw-steel.eu\/wp-content\/uploads\/2026\/02\/FRAME-5-768x432.jpg 768w, https:\/\/www.mw-steel.eu\/wp-content\/uploads\/2026\/02\/FRAME-5-1536x864.jpg 1536w, https:\/\/www.mw-steel.eu\/wp-content\/uploads\/2026\/02\/FRAME-5-2048x1152.jpg 2048w\" sizes=\"auto, (max-width: 2560px) 100vw, 2560px\" \/><\/a><\/figure>\n<\/figure>\n","protected":false},"excerpt":{"rendered":"","protected":false},"author":1,"featured_media":0,"parent":12161,"menu_order":0,"comment_status":"closed","ping_status":"closed","template":"","meta":{"_acf_changed":false,"advgb_blocks_editor_width":"","advgb_blocks_columns_visual_guide":"","_themeisle_gutenberg_block_has_review":false,"footnotes":""},"class_list":["post-11609","page","type-page","status-publish","hentry"],"acf":[],"coauthors":[],"author_meta":{"author_link":"https:\/\/www.mw-steel.eu\/sk\/author\/admin\/","display_name":"admin"},"relative_dates":{"created":"Posted 3 roky ago","modified":"Updated 1 t\u00fd\u017ede\u0148 ago"},"absolute_dates":{"created":"Posted on 4. augusta 2023","modified":"Updated on 6. m\u00e1ja 2026"},"absolute_dates_time":{"created":"Posted on 4. augusta 2023 15:48","modified":"Updated on 6. m\u00e1ja 2026 18:04"},"featured_img_caption":"","featured_img":false,"series_order":"","_links":{"self":[{"href":"https:\/\/www.mw-steel.eu\/sk\/wp-json\/wp\/v2\/pages\/11609","targetHints":{"allow":["GET"]}}],"collection":[{"href":"https:\/\/www.mw-steel.eu\/sk\/wp-json\/wp\/v2\/pages"}],"about":[{"href":"https:\/\/www.mw-steel.eu\/sk\/wp-json\/wp\/v2\/types\/page"}],"author":[{"embeddable":true,"href":"https:\/\/www.mw-steel.eu\/sk\/wp-json\/wp\/v2\/users\/1"}],"replies":[{"embeddable":true,"href":"https:\/\/www.mw-steel.eu\/sk\/wp-json\/wp\/v2\/comments?post=11609"}],"version-history":[{"count":3,"href":"https:\/\/www.mw-steel.eu\/sk\/wp-json\/wp\/v2\/pages\/11609\/revisions"}],"predecessor-version":[{"id":12328,"href":"https:\/\/www.mw-steel.eu\/sk\/wp-json\/wp\/v2\/pages\/11609\/revisions\/12328"}],"up":[{"embeddable":true,"href":"https:\/\/www.mw-steel.eu\/sk\/wp-json\/wp\/v2\/pages\/12161"}],"wp:attachment":[{"href":"https:\/\/www.mw-steel.eu\/sk\/wp-json\/wp\/v2\/media?parent=11609"}],"curies":[{"name":"wp","href":"https:\/\/api.w.org\/{rel}","templated":true}]}}