{"id":11448,"date":"2024-02-28T18:00:38","date_gmt":"2024-02-28T16:00:38","guid":{"rendered":"https:\/\/www.mw-steel.eu\/zahradny-altanok-tegola\/"},"modified":"2026-05-05T21:11:28","modified_gmt":"2026-05-05T19:11:28","slug":"zahradny-altanok-tegola","status":"publish","type":"page","link":"https:\/\/www.mw-steel.eu\/sk\/galeria\/zahradny-altanok-tegola\/","title":{"rendered":"Z\u00e1hradn\u00fd alt\u00e1nok \u2013 Tegola"},"content":{"rendered":"\n<figure class=\"wp-block-gallery has-nested-images columns-default is-cropped wp-block-gallery-1 is-layout-flex wp-block-gallery-is-layout-flex\">\n<figure class=\"wp-block-image size-large\"><a href=\"https:\/\/www.mw-steel.eu\/wp-content\/uploads\/2026\/02\/TEGOLA-1GLOWNE-scaled.png\"><img loading=\"lazy\" decoding=\"async\" width=\"2560\" height=\"1429\" data-id=\"3254\" src=\"https:\/\/www.mw-steel.eu\/wp-content\/uploads\/2026\/02\/TEGOLA-1GLOWNE-scaled.png\" alt=\"\" class=\"wp-image-3254\" srcset=\"https:\/\/www.mw-steel.eu\/wp-content\/uploads\/2026\/02\/TEGOLA-1GLOWNE-scaled.png 2560w, https:\/\/www.mw-steel.eu\/wp-content\/uploads\/2026\/02\/TEGOLA-1GLOWNE-scaled-576x322.png 576w, https:\/\/www.mw-steel.eu\/wp-content\/uploads\/2026\/02\/TEGOLA-1GLOWNE-scaled-1380x770.png 1380w, https:\/\/www.mw-steel.eu\/wp-content\/uploads\/2026\/02\/TEGOLA-1GLOWNE-768x429.png 768w, https:\/\/www.mw-steel.eu\/wp-content\/uploads\/2026\/02\/TEGOLA-1GLOWNE-1536x857.png 1536w, https:\/\/www.mw-steel.eu\/wp-content\/uploads\/2026\/02\/TEGOLA-1GLOWNE-2048x1143.png 2048w\" sizes=\"auto, (max-width: 2560px) 100vw, 2560px\" \/><\/a><\/figure>\n\n\n\n<figure class=\"wp-block-image size-large\"><a href=\"https:\/\/www.mw-steel.eu\/wp-content\/uploads\/2026\/02\/TEGOLA-12-scaled.png\"><img loading=\"lazy\" decoding=\"async\" width=\"2560\" height=\"1429\" data-id=\"3265\" src=\"https:\/\/www.mw-steel.eu\/wp-content\/uploads\/2026\/02\/TEGOLA-12-scaled.png\" alt=\"\" class=\"wp-image-3265\" srcset=\"https:\/\/www.mw-steel.eu\/wp-content\/uploads\/2026\/02\/TEGOLA-12-scaled.png 2560w, https:\/\/www.mw-steel.eu\/wp-content\/uploads\/2026\/02\/TEGOLA-12-scaled-576x322.png 576w, https:\/\/www.mw-steel.eu\/wp-content\/uploads\/2026\/02\/TEGOLA-12-scaled-1380x770.png 1380w, https:\/\/www.mw-steel.eu\/wp-content\/uploads\/2026\/02\/TEGOLA-12-768x429.png 768w, https:\/\/www.mw-steel.eu\/wp-content\/uploads\/2026\/02\/TEGOLA-12-1536x857.png 1536w, https:\/\/www.mw-steel.eu\/wp-content\/uploads\/2026\/02\/TEGOLA-12-2048x1143.png 2048w\" sizes=\"auto, (max-width: 2560px) 100vw, 2560px\" \/><\/a><\/figure>\n\n\n\n<figure class=\"wp-block-image size-large\"><a href=\"https:\/\/www.mw-steel.eu\/wp-content\/uploads\/2026\/02\/TEGOLA-11-scaled.png\"><img loading=\"lazy\" decoding=\"async\" width=\"2560\" height=\"1429\" data-id=\"3264\" src=\"https:\/\/www.mw-steel.eu\/wp-content\/uploads\/2026\/02\/TEGOLA-11-scaled.png\" alt=\"\" class=\"wp-image-3264\" srcset=\"https:\/\/www.mw-steel.eu\/wp-content\/uploads\/2026\/02\/TEGOLA-11-scaled.png 2560w, https:\/\/www.mw-steel.eu\/wp-content\/uploads\/2026\/02\/TEGOLA-11-scaled-576x322.png 576w, https:\/\/www.mw-steel.eu\/wp-content\/uploads\/2026\/02\/TEGOLA-11-scaled-1380x770.png 1380w, https:\/\/www.mw-steel.eu\/wp-content\/uploads\/2026\/02\/TEGOLA-11-768x429.png 768w, https:\/\/www.mw-steel.eu\/wp-content\/uploads\/2026\/02\/TEGOLA-11-1536x857.png 1536w, https:\/\/www.mw-steel.eu\/wp-content\/uploads\/2026\/02\/TEGOLA-11-2048x1143.png 2048w\" sizes=\"auto, (max-width: 2560px) 100vw, 2560px\" \/><\/a><\/figure>\n\n\n\n<figure class=\"wp-block-image size-large\"><a href=\"https:\/\/www.mw-steel.eu\/wp-content\/uploads\/2026\/02\/TEGOLA-10-scaled.png\"><img loading=\"lazy\" decoding=\"async\" width=\"2560\" height=\"1429\" data-id=\"3263\" src=\"https:\/\/www.mw-steel.eu\/wp-content\/uploads\/2026\/02\/TEGOLA-10-scaled.png\" alt=\"\" class=\"wp-image-3263\" srcset=\"https:\/\/www.mw-steel.eu\/wp-content\/uploads\/2026\/02\/TEGOLA-10-scaled.png 2560w, https:\/\/www.mw-steel.eu\/wp-content\/uploads\/2026\/02\/TEGOLA-10-scaled-576x322.png 576w, https:\/\/www.mw-steel.eu\/wp-content\/uploads\/2026\/02\/TEGOLA-10-scaled-1380x770.png 1380w, https:\/\/www.mw-steel.eu\/wp-content\/uploads\/2026\/02\/TEGOLA-10-768x429.png 768w, https:\/\/www.mw-steel.eu\/wp-content\/uploads\/2026\/02\/TEGOLA-10-1536x857.png 1536w, https:\/\/www.mw-steel.eu\/wp-content\/uploads\/2026\/02\/TEGOLA-10-2048x1143.png 2048w\" sizes=\"auto, (max-width: 2560px) 100vw, 2560px\" \/><\/a><\/figure>\n\n\n\n<figure class=\"wp-block-image size-large\"><a href=\"https:\/\/www.mw-steel.eu\/wp-content\/uploads\/2026\/02\/TEGOLA-9-scaled.png\"><img loading=\"lazy\" decoding=\"async\" width=\"2560\" height=\"1429\" data-id=\"3262\" src=\"https:\/\/www.mw-steel.eu\/wp-content\/uploads\/2026\/02\/TEGOLA-9-scaled.png\" alt=\"\" class=\"wp-image-3262\" srcset=\"https:\/\/www.mw-steel.eu\/wp-content\/uploads\/2026\/02\/TEGOLA-9-scaled.png 2560w, https:\/\/www.mw-steel.eu\/wp-content\/uploads\/2026\/02\/TEGOLA-9-scaled-576x322.png 576w, https:\/\/www.mw-steel.eu\/wp-content\/uploads\/2026\/02\/TEGOLA-9-scaled-1380x770.png 1380w, https:\/\/www.mw-steel.eu\/wp-content\/uploads\/2026\/02\/TEGOLA-9-768x429.png 768w, https:\/\/www.mw-steel.eu\/wp-content\/uploads\/2026\/02\/TEGOLA-9-1536x858.png 1536w, https:\/\/www.mw-steel.eu\/wp-content\/uploads\/2026\/02\/TEGOLA-9-2048x1143.png 2048w\" sizes=\"auto, (max-width: 2560px) 100vw, 2560px\" \/><\/a><\/figure>\n\n\n\n<figure class=\"wp-block-image size-large\"><a href=\"https:\/\/www.mw-steel.eu\/wp-content\/uploads\/2026\/02\/TEGOLA-8-scaled.png\"><img loading=\"lazy\" decoding=\"async\" width=\"2560\" height=\"1429\" data-id=\"3261\" src=\"https:\/\/www.mw-steel.eu\/wp-content\/uploads\/2026\/02\/TEGOLA-8-scaled.png\" alt=\"\" class=\"wp-image-3261\" srcset=\"https:\/\/www.mw-steel.eu\/wp-content\/uploads\/2026\/02\/TEGOLA-8-scaled.png 2560w, https:\/\/www.mw-steel.eu\/wp-content\/uploads\/2026\/02\/TEGOLA-8-scaled-576x322.png 576w, https:\/\/www.mw-steel.eu\/wp-content\/uploads\/2026\/02\/TEGOLA-8-scaled-1380x770.png 1380w, https:\/\/www.mw-steel.eu\/wp-content\/uploads\/2026\/02\/TEGOLA-8-768x429.png 768w, https:\/\/www.mw-steel.eu\/wp-content\/uploads\/2026\/02\/TEGOLA-8-1536x857.png 1536w, https:\/\/www.mw-steel.eu\/wp-content\/uploads\/2026\/02\/TEGOLA-8-2048x1143.png 2048w\" sizes=\"auto, (max-width: 2560px) 100vw, 2560px\" \/><\/a><\/figure>\n\n\n\n<figure class=\"wp-block-image size-large\"><a href=\"https:\/\/www.mw-steel.eu\/wp-content\/uploads\/2026\/02\/TEGOLA-7-scaled.png\"><img loading=\"lazy\" decoding=\"async\" width=\"2560\" height=\"1429\" data-id=\"3260\" src=\"https:\/\/www.mw-steel.eu\/wp-content\/uploads\/2026\/02\/TEGOLA-7-scaled.png\" alt=\"\" class=\"wp-image-3260\" srcset=\"https:\/\/www.mw-steel.eu\/wp-content\/uploads\/2026\/02\/TEGOLA-7-scaled.png 2560w, https:\/\/www.mw-steel.eu\/wp-content\/uploads\/2026\/02\/TEGOLA-7-scaled-576x322.png 576w, https:\/\/www.mw-steel.eu\/wp-content\/uploads\/2026\/02\/TEGOLA-7-scaled-1380x770.png 1380w, https:\/\/www.mw-steel.eu\/wp-content\/uploads\/2026\/02\/TEGOLA-7-768x429.png 768w, https:\/\/www.mw-steel.eu\/wp-content\/uploads\/2026\/02\/TEGOLA-7-1536x857.png 1536w, https:\/\/www.mw-steel.eu\/wp-content\/uploads\/2026\/02\/TEGOLA-7-2048x1143.png 2048w\" sizes=\"auto, (max-width: 2560px) 100vw, 2560px\" \/><\/a><\/figure>\n\n\n\n<figure class=\"wp-block-image size-large\"><a href=\"https:\/\/www.mw-steel.eu\/wp-content\/uploads\/2026\/02\/TEGOLA-5-scaled.png\"><img loading=\"lazy\" decoding=\"async\" width=\"2560\" height=\"1429\" data-id=\"3258\" src=\"https:\/\/www.mw-steel.eu\/wp-content\/uploads\/2026\/02\/TEGOLA-5-scaled.png\" alt=\"\" class=\"wp-image-3258\" srcset=\"https:\/\/www.mw-steel.eu\/wp-content\/uploads\/2026\/02\/TEGOLA-5-scaled.png 2560w, https:\/\/www.mw-steel.eu\/wp-content\/uploads\/2026\/02\/TEGOLA-5-scaled-576x322.png 576w, https:\/\/www.mw-steel.eu\/wp-content\/uploads\/2026\/02\/TEGOLA-5-scaled-1380x770.png 1380w, https:\/\/www.mw-steel.eu\/wp-content\/uploads\/2026\/02\/TEGOLA-5-768x429.png 768w, https:\/\/www.mw-steel.eu\/wp-content\/uploads\/2026\/02\/TEGOLA-5-1536x857.png 1536w, https:\/\/www.mw-steel.eu\/wp-content\/uploads\/2026\/02\/TEGOLA-5-2048x1143.png 2048w\" sizes=\"auto, (max-width: 2560px) 100vw, 2560px\" \/><\/a><\/figure>\n\n\n\n<figure class=\"wp-block-image size-large\"><a href=\"https:\/\/www.mw-steel.eu\/wp-content\/uploads\/2026\/02\/TEGOLA-4-scaled.png\"><img loading=\"lazy\" decoding=\"async\" width=\"2560\" height=\"1429\" data-id=\"3257\" src=\"https:\/\/www.mw-steel.eu\/wp-content\/uploads\/2026\/02\/TEGOLA-4-scaled.png\" alt=\"\" class=\"wp-image-3257\" srcset=\"https:\/\/www.mw-steel.eu\/wp-content\/uploads\/2026\/02\/TEGOLA-4-scaled.png 2560w, https:\/\/www.mw-steel.eu\/wp-content\/uploads\/2026\/02\/TEGOLA-4-scaled-576x322.png 576w, https:\/\/www.mw-steel.eu\/wp-content\/uploads\/2026\/02\/TEGOLA-4-scaled-1380x770.png 1380w, https:\/\/www.mw-steel.eu\/wp-content\/uploads\/2026\/02\/TEGOLA-4-768x429.png 768w, https:\/\/www.mw-steel.eu\/wp-content\/uploads\/2026\/02\/TEGOLA-4-1536x857.png 1536w, https:\/\/www.mw-steel.eu\/wp-content\/uploads\/2026\/02\/TEGOLA-4-2048x1143.png 2048w\" sizes=\"auto, (max-width: 2560px) 100vw, 2560px\" \/><\/a><\/figure>\n\n\n\n<figure class=\"wp-block-image size-large\"><a href=\"https:\/\/www.mw-steel.eu\/wp-content\/uploads\/2026\/02\/TEGOLA-3-scaled.png\"><img loading=\"lazy\" decoding=\"async\" width=\"2560\" height=\"1429\" data-id=\"3256\" src=\"https:\/\/www.mw-steel.eu\/wp-content\/uploads\/2026\/02\/TEGOLA-3-scaled.png\" alt=\"\" class=\"wp-image-3256\" srcset=\"https:\/\/www.mw-steel.eu\/wp-content\/uploads\/2026\/02\/TEGOLA-3-scaled.png 2560w, https:\/\/www.mw-steel.eu\/wp-content\/uploads\/2026\/02\/TEGOLA-3-scaled-576x322.png 576w, https:\/\/www.mw-steel.eu\/wp-content\/uploads\/2026\/02\/TEGOLA-3-scaled-1380x770.png 1380w, https:\/\/www.mw-steel.eu\/wp-content\/uploads\/2026\/02\/TEGOLA-3-768x429.png 768w, https:\/\/www.mw-steel.eu\/wp-content\/uploads\/2026\/02\/TEGOLA-3-1536x857.png 1536w, https:\/\/www.mw-steel.eu\/wp-content\/uploads\/2026\/02\/TEGOLA-3-2048x1143.png 2048w\" sizes=\"auto, (max-width: 2560px) 100vw, 2560px\" \/><\/a><\/figure>\n\n\n\n<figure class=\"wp-block-image size-large\"><a href=\"https:\/\/www.mw-steel.eu\/wp-content\/uploads\/2026\/02\/TEGOLA-2-scaled.png\"><img loading=\"lazy\" decoding=\"async\" width=\"2560\" height=\"1429\" data-id=\"3255\" src=\"https:\/\/www.mw-steel.eu\/wp-content\/uploads\/2026\/02\/TEGOLA-2-scaled.png\" alt=\"\" class=\"wp-image-3255\" srcset=\"https:\/\/www.mw-steel.eu\/wp-content\/uploads\/2026\/02\/TEGOLA-2-scaled.png 2560w, https:\/\/www.mw-steel.eu\/wp-content\/uploads\/2026\/02\/TEGOLA-2-scaled-576x322.png 576w, https:\/\/www.mw-steel.eu\/wp-content\/uploads\/2026\/02\/TEGOLA-2-scaled-1380x770.png 1380w, https:\/\/www.mw-steel.eu\/wp-content\/uploads\/2026\/02\/TEGOLA-2-768x429.png 768w, https:\/\/www.mw-steel.eu\/wp-content\/uploads\/2026\/02\/TEGOLA-2-1536x857.png 1536w, https:\/\/www.mw-steel.eu\/wp-content\/uploads\/2026\/02\/TEGOLA-2-2048x1143.png 2048w\" sizes=\"auto, (max-width: 2560px) 100vw, 2560px\" \/><\/a><\/figure>\n\n\n\n<figure class=\"wp-block-image size-large\"><a href=\"https:\/\/www.mw-steel.eu\/wp-content\/uploads\/2026\/01\/TYL-5.jpg\"><img loading=\"lazy\" decoding=\"async\" width=\"1920\" height=\"1080\" data-id=\"2735\" src=\"https:\/\/www.mw-steel.eu\/wp-content\/uploads\/2026\/01\/TYL-5.jpg\" alt=\"\" class=\"wp-image-2735\" srcset=\"https:\/\/www.mw-steel.eu\/wp-content\/uploads\/2026\/01\/TYL-5.jpg 1920w, https:\/\/www.mw-steel.eu\/wp-content\/uploads\/2026\/01\/TYL-5-576x324.jpg 576w, https:\/\/www.mw-steel.eu\/wp-content\/uploads\/2026\/01\/TYL-5-1380x776.jpg 1380w, https:\/\/www.mw-steel.eu\/wp-content\/uploads\/2026\/01\/TYL-5-768x432.jpg 768w, https:\/\/www.mw-steel.eu\/wp-content\/uploads\/2026\/01\/TYL-5-1536x864.jpg 1536w\" sizes=\"auto, (max-width: 1920px) 100vw, 1920px\" \/><\/a><\/figure>\n\n\n\n<figure class=\"wp-block-image size-large\"><a href=\"https:\/\/www.mw-steel.eu\/wp-content\/uploads\/2026\/01\/PRZOD-5.jpg\"><img loading=\"lazy\" decoding=\"async\" width=\"1920\" height=\"1080\" data-id=\"2731\" src=\"https:\/\/www.mw-steel.eu\/wp-content\/uploads\/2026\/01\/PRZOD-5.jpg\" alt=\"\" class=\"wp-image-2731\" srcset=\"https:\/\/www.mw-steel.eu\/wp-content\/uploads\/2026\/01\/PRZOD-5.jpg 1920w, https:\/\/www.mw-steel.eu\/wp-content\/uploads\/2026\/01\/PRZOD-5-576x324.jpg 576w, https:\/\/www.mw-steel.eu\/wp-content\/uploads\/2026\/01\/PRZOD-5-1380x776.jpg 1380w, https:\/\/www.mw-steel.eu\/wp-content\/uploads\/2026\/01\/PRZOD-5-768x432.jpg 768w, https:\/\/www.mw-steel.eu\/wp-content\/uploads\/2026\/01\/PRZOD-5-1536x864.jpg 1536w\" sizes=\"auto, (max-width: 1920px) 100vw, 1920px\" \/><\/a><\/figure>\n\n\n\n<figure class=\"wp-block-image size-large\"><a href=\"https:\/\/www.mw-steel.eu\/wp-content\/uploads\/2026\/01\/LEWA-5.jpg\"><img loading=\"lazy\" decoding=\"async\" width=\"1920\" height=\"1080\" data-id=\"2729\" src=\"https:\/\/www.mw-steel.eu\/wp-content\/uploads\/2026\/01\/LEWA-5.jpg\" alt=\"\" class=\"wp-image-2729\" srcset=\"https:\/\/www.mw-steel.eu\/wp-content\/uploads\/2026\/01\/LEWA-5.jpg 1920w, https:\/\/www.mw-steel.eu\/wp-content\/uploads\/2026\/01\/LEWA-5-576x324.jpg 576w, https:\/\/www.mw-steel.eu\/wp-content\/uploads\/2026\/01\/LEWA-5-1380x776.jpg 1380w, https:\/\/www.mw-steel.eu\/wp-content\/uploads\/2026\/01\/LEWA-5-768x432.jpg 768w, https:\/\/www.mw-steel.eu\/wp-content\/uploads\/2026\/01\/LEWA-5-1536x864.jpg 1536w\" sizes=\"auto, (max-width: 1920px) 100vw, 1920px\" \/><\/a><\/figure>\n\n\n\n<figure class=\"wp-block-image size-large\"><a href=\"https:\/\/www.mw-steel.eu\/wp-content\/uploads\/2026\/01\/PRAWA-5.jpg\"><img loading=\"lazy\" decoding=\"async\" width=\"1920\" height=\"1080\" data-id=\"2730\" src=\"https:\/\/www.mw-steel.eu\/wp-content\/uploads\/2026\/01\/PRAWA-5.jpg\" alt=\"\" class=\"wp-image-2730\" srcset=\"https:\/\/www.mw-steel.eu\/wp-content\/uploads\/2026\/01\/PRAWA-5.jpg 1920w, https:\/\/www.mw-steel.eu\/wp-content\/uploads\/2026\/01\/PRAWA-5-576x324.jpg 576w, https:\/\/www.mw-steel.eu\/wp-content\/uploads\/2026\/01\/PRAWA-5-1380x776.jpg 1380w, https:\/\/www.mw-steel.eu\/wp-content\/uploads\/2026\/01\/PRAWA-5-768x432.jpg 768w, https:\/\/www.mw-steel.eu\/wp-content\/uploads\/2026\/01\/PRAWA-5-1536x864.jpg 1536w\" sizes=\"auto, (max-width: 1920px) 100vw, 1920px\" \/><\/a><\/figure>\n<\/figure>\n","protected":false},"excerpt":{"rendered":"","protected":false},"author":1,"featured_media":0,"parent":12161,"menu_order":0,"comment_status":"closed","ping_status":"closed","template":"","meta":{"_acf_changed":false,"advgb_blocks_editor_width":"","advgb_blocks_columns_visual_guide":"","_themeisle_gutenberg_block_has_review":false,"footnotes":""},"class_list":["post-11448","page","type-page","status-publish","hentry"],"acf":[],"coauthors":[],"author_meta":{"author_link":"https:\/\/www.mw-steel.eu\/sk\/author\/admin\/","display_name":"admin"},"relative_dates":{"created":"Posted 2 roky ago","modified":"Updated 1 t\u00fd\u017ede\u0148 ago"},"absolute_dates":{"created":"Posted on 28. febru\u00e1ra 2024","modified":"Updated on 5. m\u00e1ja 2026"},"absolute_dates_time":{"created":"Posted on 28. febru\u00e1ra 2024 18:00","modified":"Updated on 5. m\u00e1ja 2026 21:11"},"featured_img_caption":"","featured_img":false,"series_order":"","_links":{"self":[{"href":"https:\/\/www.mw-steel.eu\/sk\/wp-json\/wp\/v2\/pages\/11448","targetHints":{"allow":["GET"]}}],"collection":[{"href":"https:\/\/www.mw-steel.eu\/sk\/wp-json\/wp\/v2\/pages"}],"about":[{"href":"https:\/\/www.mw-steel.eu\/sk\/wp-json\/wp\/v2\/types\/page"}],"author":[{"embeddable":true,"href":"https:\/\/www.mw-steel.eu\/sk\/wp-json\/wp\/v2\/users\/1"}],"replies":[{"embeddable":true,"href":"https:\/\/www.mw-steel.eu\/sk\/wp-json\/wp\/v2\/comments?post=11448"}],"version-history":[{"count":1,"href":"https:\/\/www.mw-steel.eu\/sk\/wp-json\/wp\/v2\/pages\/11448\/revisions"}],"predecessor-version":[{"id":11449,"href":"https:\/\/www.mw-steel.eu\/sk\/wp-json\/wp\/v2\/pages\/11448\/revisions\/11449"}],"up":[{"embeddable":true,"href":"https:\/\/www.mw-steel.eu\/sk\/wp-json\/wp\/v2\/pages\/12161"}],"wp:attachment":[{"href":"https:\/\/www.mw-steel.eu\/sk\/wp-json\/wp\/v2\/media?parent=11448"}],"curies":[{"name":"wp","href":"https:\/\/api.w.org\/{rel}","templated":true}]}}