{"id":11361,"date":"2024-02-28T17:36:24","date_gmt":"2024-02-28T15:36:24","guid":{"rendered":"https:\/\/www.mw-steel.eu\/zahradny-altanok-botanix\/"},"modified":"2026-05-05T21:11:28","modified_gmt":"2026-05-05T19:11:28","slug":"zahradny-altanok-botanix","status":"publish","type":"page","link":"https:\/\/www.mw-steel.eu\/sk\/galeria\/zahradny-altanok-botanix\/","title":{"rendered":"Z\u00e1hradn\u00fd alt\u00e1nok \u2013 Botanix"},"content":{"rendered":"\n<figure class=\"wp-block-gallery has-nested-images columns-default is-cropped wp-block-gallery-1 is-layout-flex wp-block-gallery-is-layout-flex\">\n<figure class=\"wp-block-image size-large\"><a href=\"https:\/\/www.mw-steel.eu\/wp-content\/uploads\/2026\/02\/BOTANIX-1GLOWNE-scaled.jpeg\"><img loading=\"lazy\" decoding=\"async\" width=\"2560\" height=\"1429\" data-id=\"3185\" src=\"https:\/\/www.mw-steel.eu\/wp-content\/uploads\/2026\/02\/BOTANIX-1GLOWNE-scaled.jpeg\" alt=\"\" class=\"wp-image-3185\" srcset=\"https:\/\/www.mw-steel.eu\/wp-content\/uploads\/2026\/02\/BOTANIX-1GLOWNE-scaled.jpeg 2560w, https:\/\/www.mw-steel.eu\/wp-content\/uploads\/2026\/02\/BOTANIX-1GLOWNE-scaled-576x322.jpeg 576w, https:\/\/www.mw-steel.eu\/wp-content\/uploads\/2026\/02\/BOTANIX-1GLOWNE-scaled-1380x770.jpeg 1380w, https:\/\/www.mw-steel.eu\/wp-content\/uploads\/2026\/02\/BOTANIX-1GLOWNE-768x429.jpeg 768w, https:\/\/www.mw-steel.eu\/wp-content\/uploads\/2026\/02\/BOTANIX-1GLOWNE-1536x857.jpeg 1536w, https:\/\/www.mw-steel.eu\/wp-content\/uploads\/2026\/02\/BOTANIX-1GLOWNE-2048x1143.jpeg 2048w\" sizes=\"auto, (max-width: 2560px) 100vw, 2560px\" \/><\/a><\/figure>\n\n\n\n<figure class=\"wp-block-image size-large\"><a href=\"https:\/\/www.mw-steel.eu\/wp-content\/uploads\/2026\/02\/BOTANIX-12-scaled.jpeg\"><img loading=\"lazy\" decoding=\"async\" width=\"2560\" height=\"1429\" data-id=\"3196\" src=\"https:\/\/www.mw-steel.eu\/wp-content\/uploads\/2026\/02\/BOTANIX-12-scaled.jpeg\" alt=\"\" class=\"wp-image-3196\" srcset=\"https:\/\/www.mw-steel.eu\/wp-content\/uploads\/2026\/02\/BOTANIX-12-scaled.jpeg 2560w, https:\/\/www.mw-steel.eu\/wp-content\/uploads\/2026\/02\/BOTANIX-12-scaled-576x322.jpeg 576w, https:\/\/www.mw-steel.eu\/wp-content\/uploads\/2026\/02\/BOTANIX-12-scaled-1380x770.jpeg 1380w, https:\/\/www.mw-steel.eu\/wp-content\/uploads\/2026\/02\/BOTANIX-12-768x429.jpeg 768w, https:\/\/www.mw-steel.eu\/wp-content\/uploads\/2026\/02\/BOTANIX-12-1536x857.jpeg 1536w, https:\/\/www.mw-steel.eu\/wp-content\/uploads\/2026\/02\/BOTANIX-12-2048x1143.jpeg 2048w\" sizes=\"auto, (max-width: 2560px) 100vw, 2560px\" \/><\/a><\/figure>\n\n\n\n<figure class=\"wp-block-image size-large\"><a href=\"https:\/\/www.mw-steel.eu\/wp-content\/uploads\/2026\/02\/BOTANIX-11-scaled.jpeg\"><img loading=\"lazy\" decoding=\"async\" width=\"2560\" height=\"1429\" data-id=\"3195\" src=\"https:\/\/www.mw-steel.eu\/wp-content\/uploads\/2026\/02\/BOTANIX-11-scaled.jpeg\" alt=\"\" class=\"wp-image-3195\" srcset=\"https:\/\/www.mw-steel.eu\/wp-content\/uploads\/2026\/02\/BOTANIX-11-scaled.jpeg 2560w, https:\/\/www.mw-steel.eu\/wp-content\/uploads\/2026\/02\/BOTANIX-11-scaled-576x322.jpeg 576w, https:\/\/www.mw-steel.eu\/wp-content\/uploads\/2026\/02\/BOTANIX-11-scaled-1380x770.jpeg 1380w, https:\/\/www.mw-steel.eu\/wp-content\/uploads\/2026\/02\/BOTANIX-11-768x429.jpeg 768w, https:\/\/www.mw-steel.eu\/wp-content\/uploads\/2026\/02\/BOTANIX-11-1536x857.jpeg 1536w, https:\/\/www.mw-steel.eu\/wp-content\/uploads\/2026\/02\/BOTANIX-11-2048x1143.jpeg 2048w\" sizes=\"auto, (max-width: 2560px) 100vw, 2560px\" \/><\/a><\/figure>\n\n\n\n<figure class=\"wp-block-image size-large\"><a href=\"https:\/\/www.mw-steel.eu\/wp-content\/uploads\/2026\/02\/BOTANIX-10-scaled.jpeg\"><img loading=\"lazy\" decoding=\"async\" width=\"2560\" height=\"1429\" data-id=\"3194\" src=\"https:\/\/www.mw-steel.eu\/wp-content\/uploads\/2026\/02\/BOTANIX-10-scaled.jpeg\" alt=\"\" class=\"wp-image-3194\" srcset=\"https:\/\/www.mw-steel.eu\/wp-content\/uploads\/2026\/02\/BOTANIX-10-scaled.jpeg 2560w, https:\/\/www.mw-steel.eu\/wp-content\/uploads\/2026\/02\/BOTANIX-10-scaled-576x322.jpeg 576w, https:\/\/www.mw-steel.eu\/wp-content\/uploads\/2026\/02\/BOTANIX-10-scaled-1380x770.jpeg 1380w, https:\/\/www.mw-steel.eu\/wp-content\/uploads\/2026\/02\/BOTANIX-10-768x429.jpeg 768w, https:\/\/www.mw-steel.eu\/wp-content\/uploads\/2026\/02\/BOTANIX-10-1536x857.jpeg 1536w, https:\/\/www.mw-steel.eu\/wp-content\/uploads\/2026\/02\/BOTANIX-10-2048x1143.jpeg 2048w\" sizes=\"auto, (max-width: 2560px) 100vw, 2560px\" \/><\/a><\/figure>\n\n\n\n<figure class=\"wp-block-image size-large\"><a href=\"https:\/\/www.mw-steel.eu\/wp-content\/uploads\/2026\/02\/BOTANIX-9-scaled.jpeg\"><img loading=\"lazy\" decoding=\"async\" width=\"2560\" height=\"1429\" data-id=\"3193\" src=\"https:\/\/www.mw-steel.eu\/wp-content\/uploads\/2026\/02\/BOTANIX-9-scaled.jpeg\" alt=\"\" class=\"wp-image-3193\" srcset=\"https:\/\/www.mw-steel.eu\/wp-content\/uploads\/2026\/02\/BOTANIX-9-scaled.jpeg 2560w, https:\/\/www.mw-steel.eu\/wp-content\/uploads\/2026\/02\/BOTANIX-9-scaled-576x322.jpeg 576w, https:\/\/www.mw-steel.eu\/wp-content\/uploads\/2026\/02\/BOTANIX-9-scaled-1380x770.jpeg 1380w, https:\/\/www.mw-steel.eu\/wp-content\/uploads\/2026\/02\/BOTANIX-9-768x429.jpeg 768w, https:\/\/www.mw-steel.eu\/wp-content\/uploads\/2026\/02\/BOTANIX-9-1536x857.jpeg 1536w, https:\/\/www.mw-steel.eu\/wp-content\/uploads\/2026\/02\/BOTANIX-9-2048x1143.jpeg 2048w\" sizes=\"auto, (max-width: 2560px) 100vw, 2560px\" \/><\/a><\/figure>\n\n\n\n<figure class=\"wp-block-image size-large\"><a href=\"https:\/\/www.mw-steel.eu\/wp-content\/uploads\/2026\/02\/BOTANIX-8-scaled.jpg\"><img loading=\"lazy\" decoding=\"async\" width=\"2560\" height=\"1429\" data-id=\"3192\" src=\"https:\/\/www.mw-steel.eu\/wp-content\/uploads\/2026\/02\/BOTANIX-8-scaled.jpg\" alt=\"\" class=\"wp-image-3192\" srcset=\"https:\/\/www.mw-steel.eu\/wp-content\/uploads\/2026\/02\/BOTANIX-8-scaled.jpg 2560w, https:\/\/www.mw-steel.eu\/wp-content\/uploads\/2026\/02\/BOTANIX-8-scaled-576x322.jpg 576w, https:\/\/www.mw-steel.eu\/wp-content\/uploads\/2026\/02\/BOTANIX-8-scaled-1380x770.jpg 1380w, https:\/\/www.mw-steel.eu\/wp-content\/uploads\/2026\/02\/BOTANIX-8-768x429.jpg 768w, https:\/\/www.mw-steel.eu\/wp-content\/uploads\/2026\/02\/BOTANIX-8-1536x857.jpg 1536w, https:\/\/www.mw-steel.eu\/wp-content\/uploads\/2026\/02\/BOTANIX-8-2048x1143.jpg 2048w\" sizes=\"auto, (max-width: 2560px) 100vw, 2560px\" \/><\/a><\/figure>\n\n\n\n<figure class=\"wp-block-image size-large\"><a href=\"https:\/\/www.mw-steel.eu\/wp-content\/uploads\/2026\/02\/BOTANIX-7-scaled.jpeg\"><img loading=\"lazy\" decoding=\"async\" width=\"2560\" height=\"1429\" data-id=\"3191\" src=\"https:\/\/www.mw-steel.eu\/wp-content\/uploads\/2026\/02\/BOTANIX-7-scaled.jpeg\" alt=\"\" class=\"wp-image-3191\" srcset=\"https:\/\/www.mw-steel.eu\/wp-content\/uploads\/2026\/02\/BOTANIX-7-scaled.jpeg 2560w, https:\/\/www.mw-steel.eu\/wp-content\/uploads\/2026\/02\/BOTANIX-7-scaled-576x322.jpeg 576w, https:\/\/www.mw-steel.eu\/wp-content\/uploads\/2026\/02\/BOTANIX-7-scaled-1380x770.jpeg 1380w, https:\/\/www.mw-steel.eu\/wp-content\/uploads\/2026\/02\/BOTANIX-7-768x429.jpeg 768w, https:\/\/www.mw-steel.eu\/wp-content\/uploads\/2026\/02\/BOTANIX-7-1536x857.jpeg 1536w, https:\/\/www.mw-steel.eu\/wp-content\/uploads\/2026\/02\/BOTANIX-7-2048x1143.jpeg 2048w\" sizes=\"auto, (max-width: 2560px) 100vw, 2560px\" \/><\/a><\/figure>\n\n\n\n<figure class=\"wp-block-image size-large\"><a href=\"https:\/\/www.mw-steel.eu\/wp-content\/uploads\/2026\/02\/BOTANIX-6-scaled.jpg\"><img loading=\"lazy\" decoding=\"async\" width=\"2560\" height=\"1429\" data-id=\"3190\" src=\"https:\/\/www.mw-steel.eu\/wp-content\/uploads\/2026\/02\/BOTANIX-6-scaled.jpg\" alt=\"\" class=\"wp-image-3190\" srcset=\"https:\/\/www.mw-steel.eu\/wp-content\/uploads\/2026\/02\/BOTANIX-6-scaled.jpg 2560w, https:\/\/www.mw-steel.eu\/wp-content\/uploads\/2026\/02\/BOTANIX-6-scaled-576x322.jpg 576w, https:\/\/www.mw-steel.eu\/wp-content\/uploads\/2026\/02\/BOTANIX-6-scaled-1380x770.jpg 1380w, https:\/\/www.mw-steel.eu\/wp-content\/uploads\/2026\/02\/BOTANIX-6-768x429.jpg 768w, https:\/\/www.mw-steel.eu\/wp-content\/uploads\/2026\/02\/BOTANIX-6-1536x857.jpg 1536w, https:\/\/www.mw-steel.eu\/wp-content\/uploads\/2026\/02\/BOTANIX-6-2048x1143.jpg 2048w\" sizes=\"auto, (max-width: 2560px) 100vw, 2560px\" \/><\/a><\/figure>\n\n\n\n<figure class=\"wp-block-image size-large\"><a href=\"https:\/\/www.mw-steel.eu\/wp-content\/uploads\/2026\/02\/BOTANIX-5-scaled.jpeg\"><img loading=\"lazy\" decoding=\"async\" width=\"2560\" height=\"1429\" data-id=\"3189\" src=\"https:\/\/www.mw-steel.eu\/wp-content\/uploads\/2026\/02\/BOTANIX-5-scaled.jpeg\" alt=\"\" class=\"wp-image-3189\" srcset=\"https:\/\/www.mw-steel.eu\/wp-content\/uploads\/2026\/02\/BOTANIX-5-scaled.jpeg 2560w, https:\/\/www.mw-steel.eu\/wp-content\/uploads\/2026\/02\/BOTANIX-5-scaled-576x322.jpeg 576w, https:\/\/www.mw-steel.eu\/wp-content\/uploads\/2026\/02\/BOTANIX-5-scaled-1380x770.jpeg 1380w, https:\/\/www.mw-steel.eu\/wp-content\/uploads\/2026\/02\/BOTANIX-5-768x429.jpeg 768w, https:\/\/www.mw-steel.eu\/wp-content\/uploads\/2026\/02\/BOTANIX-5-1536x857.jpeg 1536w, https:\/\/www.mw-steel.eu\/wp-content\/uploads\/2026\/02\/BOTANIX-5-2048x1143.jpeg 2048w\" sizes=\"auto, (max-width: 2560px) 100vw, 2560px\" \/><\/a><\/figure>\n\n\n\n<figure class=\"wp-block-image size-large\"><a href=\"https:\/\/www.mw-steel.eu\/wp-content\/uploads\/2026\/02\/BOTANIX-4-scaled.jpg\"><img loading=\"lazy\" decoding=\"async\" width=\"2560\" height=\"1429\" data-id=\"3188\" src=\"https:\/\/www.mw-steel.eu\/wp-content\/uploads\/2026\/02\/BOTANIX-4-scaled.jpg\" alt=\"\" class=\"wp-image-3188\" srcset=\"https:\/\/www.mw-steel.eu\/wp-content\/uploads\/2026\/02\/BOTANIX-4-scaled.jpg 2560w, https:\/\/www.mw-steel.eu\/wp-content\/uploads\/2026\/02\/BOTANIX-4-scaled-576x322.jpg 576w, https:\/\/www.mw-steel.eu\/wp-content\/uploads\/2026\/02\/BOTANIX-4-scaled-1380x770.jpg 1380w, https:\/\/www.mw-steel.eu\/wp-content\/uploads\/2026\/02\/BOTANIX-4-768x429.jpg 768w, https:\/\/www.mw-steel.eu\/wp-content\/uploads\/2026\/02\/BOTANIX-4-1536x857.jpg 1536w, https:\/\/www.mw-steel.eu\/wp-content\/uploads\/2026\/02\/BOTANIX-4-2048x1143.jpg 2048w\" sizes=\"auto, (max-width: 2560px) 100vw, 2560px\" \/><\/a><\/figure>\n\n\n\n<figure class=\"wp-block-image size-large\"><a href=\"https:\/\/www.mw-steel.eu\/wp-content\/uploads\/2026\/02\/BOTANIX-3-scaled.jpeg\"><img loading=\"lazy\" decoding=\"async\" width=\"2560\" height=\"1429\" data-id=\"3187\" src=\"https:\/\/www.mw-steel.eu\/wp-content\/uploads\/2026\/02\/BOTANIX-3-scaled.jpeg\" alt=\"\" class=\"wp-image-3187\" srcset=\"https:\/\/www.mw-steel.eu\/wp-content\/uploads\/2026\/02\/BOTANIX-3-scaled.jpeg 2560w, https:\/\/www.mw-steel.eu\/wp-content\/uploads\/2026\/02\/BOTANIX-3-scaled-576x322.jpeg 576w, https:\/\/www.mw-steel.eu\/wp-content\/uploads\/2026\/02\/BOTANIX-3-scaled-1380x770.jpeg 1380w, https:\/\/www.mw-steel.eu\/wp-content\/uploads\/2026\/02\/BOTANIX-3-768x429.jpeg 768w, https:\/\/www.mw-steel.eu\/wp-content\/uploads\/2026\/02\/BOTANIX-3-1536x857.jpeg 1536w, https:\/\/www.mw-steel.eu\/wp-content\/uploads\/2026\/02\/BOTANIX-3-2048x1143.jpeg 2048w\" sizes=\"auto, (max-width: 2560px) 100vw, 2560px\" \/><\/a><\/figure>\n\n\n\n<figure class=\"wp-block-image size-large\"><a href=\"https:\/\/www.mw-steel.eu\/wp-content\/uploads\/2026\/02\/BOTANIX-2-scaled.jpg\"><img loading=\"lazy\" decoding=\"async\" width=\"2560\" height=\"1429\" data-id=\"3186\" src=\"https:\/\/www.mw-steel.eu\/wp-content\/uploads\/2026\/02\/BOTANIX-2-scaled.jpg\" alt=\"\" class=\"wp-image-3186\" srcset=\"https:\/\/www.mw-steel.eu\/wp-content\/uploads\/2026\/02\/BOTANIX-2-scaled.jpg 2560w, https:\/\/www.mw-steel.eu\/wp-content\/uploads\/2026\/02\/BOTANIX-2-scaled-576x322.jpg 576w, https:\/\/www.mw-steel.eu\/wp-content\/uploads\/2026\/02\/BOTANIX-2-scaled-1380x770.jpg 1380w, https:\/\/www.mw-steel.eu\/wp-content\/uploads\/2026\/02\/BOTANIX-2-768x429.jpg 768w, https:\/\/www.mw-steel.eu\/wp-content\/uploads\/2026\/02\/BOTANIX-2-1536x857.jpg 1536w, https:\/\/www.mw-steel.eu\/wp-content\/uploads\/2026\/02\/BOTANIX-2-2048x1143.jpg 2048w\" sizes=\"auto, (max-width: 2560px) 100vw, 2560px\" \/><\/a><\/figure>\n\n\n\n<figure class=\"wp-block-image size-large\"><a href=\"https:\/\/www.mw-steel.eu\/wp-content\/uploads\/2026\/01\/XXX.jpg\"><img loading=\"lazy\" decoding=\"async\" width=\"1920\" height=\"1080\" data-id=\"2689\" src=\"https:\/\/www.mw-steel.eu\/wp-content\/uploads\/2026\/01\/XXX.jpg\" alt=\"\" class=\"wp-image-2689\" srcset=\"https:\/\/www.mw-steel.eu\/wp-content\/uploads\/2026\/01\/XXX.jpg 1920w, https:\/\/www.mw-steel.eu\/wp-content\/uploads\/2026\/01\/XXX-576x324.jpg 576w, https:\/\/www.mw-steel.eu\/wp-content\/uploads\/2026\/01\/XXX-1380x776.jpg 1380w, https:\/\/www.mw-steel.eu\/wp-content\/uploads\/2026\/01\/XXX-768x432.jpg 768w, https:\/\/www.mw-steel.eu\/wp-content\/uploads\/2026\/01\/XXX-1536x864.jpg 1536w\" sizes=\"auto, (max-width: 1920px) 100vw, 1920px\" \/><\/a><\/figure>\n\n\n\n<figure class=\"wp-block-image size-large\"><a href=\"https:\/\/www.mw-steel.eu\/wp-content\/uploads\/2026\/01\/PRZOD.jpg\"><img loading=\"lazy\" decoding=\"async\" width=\"1920\" height=\"1080\" data-id=\"2688\" src=\"https:\/\/www.mw-steel.eu\/wp-content\/uploads\/2026\/01\/PRZOD.jpg\" alt=\"\" class=\"wp-image-2688\" srcset=\"https:\/\/www.mw-steel.eu\/wp-content\/uploads\/2026\/01\/PRZOD.jpg 1920w, https:\/\/www.mw-steel.eu\/wp-content\/uploads\/2026\/01\/PRZOD-576x324.jpg 576w, https:\/\/www.mw-steel.eu\/wp-content\/uploads\/2026\/01\/PRZOD-1380x776.jpg 1380w, https:\/\/www.mw-steel.eu\/wp-content\/uploads\/2026\/01\/PRZOD-768x432.jpg 768w, https:\/\/www.mw-steel.eu\/wp-content\/uploads\/2026\/01\/PRZOD-1536x864.jpg 1536w\" sizes=\"auto, (max-width: 1920px) 100vw, 1920px\" \/><\/a><\/figure>\n\n\n\n<figure class=\"wp-block-image size-large\"><a href=\"https:\/\/www.mw-steel.eu\/wp-content\/uploads\/2026\/01\/PRAWA.jpg\"><img loading=\"lazy\" decoding=\"async\" width=\"1920\" height=\"1080\" data-id=\"2687\" src=\"https:\/\/www.mw-steel.eu\/wp-content\/uploads\/2026\/01\/PRAWA.jpg\" alt=\"\" class=\"wp-image-2687\" srcset=\"https:\/\/www.mw-steel.eu\/wp-content\/uploads\/2026\/01\/PRAWA.jpg 1920w, https:\/\/www.mw-steel.eu\/wp-content\/uploads\/2026\/01\/PRAWA-576x324.jpg 576w, https:\/\/www.mw-steel.eu\/wp-content\/uploads\/2026\/01\/PRAWA-1380x776.jpg 1380w, https:\/\/www.mw-steel.eu\/wp-content\/uploads\/2026\/01\/PRAWA-768x432.jpg 768w, https:\/\/www.mw-steel.eu\/wp-content\/uploads\/2026\/01\/PRAWA-1536x864.jpg 1536w\" sizes=\"auto, (max-width: 1920px) 100vw, 1920px\" \/><\/a><\/figure>\n\n\n\n<figure class=\"wp-block-image size-large\"><a href=\"https:\/\/www.mw-steel.eu\/wp-content\/uploads\/2026\/01\/LEWA.jpg\"><img loading=\"lazy\" decoding=\"async\" width=\"1920\" height=\"1080\" data-id=\"2686\" src=\"https:\/\/www.mw-steel.eu\/wp-content\/uploads\/2026\/01\/LEWA.jpg\" alt=\"\" class=\"wp-image-2686\" srcset=\"https:\/\/www.mw-steel.eu\/wp-content\/uploads\/2026\/01\/LEWA.jpg 1920w, https:\/\/www.mw-steel.eu\/wp-content\/uploads\/2026\/01\/LEWA-576x324.jpg 576w, https:\/\/www.mw-steel.eu\/wp-content\/uploads\/2026\/01\/LEWA-1380x776.jpg 1380w, https:\/\/www.mw-steel.eu\/wp-content\/uploads\/2026\/01\/LEWA-768x432.jpg 768w, https:\/\/www.mw-steel.eu\/wp-content\/uploads\/2026\/01\/LEWA-1536x864.jpg 1536w\" sizes=\"auto, (max-width: 1920px) 100vw, 1920px\" \/><\/a><\/figure>\n<\/figure>\n","protected":false},"excerpt":{"rendered":"","protected":false},"author":1,"featured_media":0,"parent":12161,"menu_order":0,"comment_status":"closed","ping_status":"closed","template":"","meta":{"_acf_changed":false,"advgb_blocks_editor_width":"","advgb_blocks_columns_visual_guide":"","_themeisle_gutenberg_block_has_review":false,"footnotes":""},"class_list":["post-11361","page","type-page","status-publish","hentry"],"acf":[],"coauthors":[],"author_meta":{"author_link":"https:\/\/www.mw-steel.eu\/sk\/author\/admin\/","display_name":"admin"},"relative_dates":{"created":"Posted 2 roky ago","modified":"Updated 2 t\u00fd\u017edne ago"},"absolute_dates":{"created":"Posted on 28. febru\u00e1ra 2024","modified":"Updated on 5. m\u00e1ja 2026"},"absolute_dates_time":{"created":"Posted on 28. febru\u00e1ra 2024 17:36","modified":"Updated on 5. m\u00e1ja 2026 21:11"},"featured_img_caption":"","featured_img":false,"series_order":"","_links":{"self":[{"href":"https:\/\/www.mw-steel.eu\/sk\/wp-json\/wp\/v2\/pages\/11361","targetHints":{"allow":["GET"]}}],"collection":[{"href":"https:\/\/www.mw-steel.eu\/sk\/wp-json\/wp\/v2\/pages"}],"about":[{"href":"https:\/\/www.mw-steel.eu\/sk\/wp-json\/wp\/v2\/types\/page"}],"author":[{"embeddable":true,"href":"https:\/\/www.mw-steel.eu\/sk\/wp-json\/wp\/v2\/users\/1"}],"replies":[{"embeddable":true,"href":"https:\/\/www.mw-steel.eu\/sk\/wp-json\/wp\/v2\/comments?post=11361"}],"version-history":[{"count":1,"href":"https:\/\/www.mw-steel.eu\/sk\/wp-json\/wp\/v2\/pages\/11361\/revisions"}],"predecessor-version":[{"id":11362,"href":"https:\/\/www.mw-steel.eu\/sk\/wp-json\/wp\/v2\/pages\/11361\/revisions\/11362"}],"up":[{"embeddable":true,"href":"https:\/\/www.mw-steel.eu\/sk\/wp-json\/wp\/v2\/pages\/12161"}],"wp:attachment":[{"href":"https:\/\/www.mw-steel.eu\/sk\/wp-json\/wp\/v2\/media?parent=11361"}],"curies":[{"name":"wp","href":"https:\/\/api.w.org\/{rel}","templated":true}]}}