{"id":11335,"date":"2023-04-11T19:29:43","date_gmt":"2023-04-11T17:29:43","guid":{"rendered":"https:\/\/www.mw-steel.eu\/produkt\/foisor-de-gradina-skyglow\/"},"modified":"2023-04-11T19:29:43","modified_gmt":"2023-04-11T17:29:43","slug":"foisor-de-gradina-skyglow","status":"publish","type":"product","link":"https:\/\/www.mw-steel.eu\/ro\/produkt\/foisor-de-gradina-skyglow\/","title":{"rendered":"Foi\u0219or de gr\u0103din\u0103 &#8211; Skyglow"},"content":{"rendered":"<p><strong>O pergol\u0103 modern\u0103 \u0219i rezistent\u0103, cu un design deosebit<\/strong><\/p>\n<p>Foi\u0219orul Skyglow este o construc\u021bie elegant\u0103 \u0219i modern\u0103, care se potrive\u0219te perfect \u00een orice gr\u0103din\u0103. Este locul ideal pentru relaxare, \u00eent\u00e2lniri cu prietenii sau familia. <\/p>\n<p>Foi\u0219orul este realizat din materiale de \u00eenalt\u0103 calitate, ceea ce \u00eei asigur\u0103 durabilitatea \u0219i rezisten\u021ba. <strong>Acoperi\u0219ul este din metal rezistent la intemperii<\/strong>. \u00cen plus, este disponibil\u0103 o variant\u0103 de acoperi\u0219 cu bordur\u0103 din lemn, care ofer\u0103 o protec\u021bie suplimentar\u0103 \u00eempotriva razelor solare. <\/p>\n<p><strong>Foi\u0219orul Skyglow <\/strong>ofer\u0103 numeroase op\u021biuni de configurare. Este posibil\u0103 realizarea unui foi\u0219or \u00een orice dimensiune personalizat\u0103. <\/p>\n<p>Gama larg\u0103 de op\u021biuni de configurare permite adaptarea foi\u0219orului la nevoile \u0219i preferin\u021bele individuale. Sunt disponibile trei tipuri de umplutur\u0103 pentru pere\u021bi: <\/p>\n<ul>\n<li>tabla metalic\u0103 \u2013 confer\u0103 un aspect modern \u0219i este u\u0219or de \u00eentre\u021binut<\/li>\n<li>lemn natural scandinav \u2013 confer\u0103 foi\u0219orului un aspect cald \u0219i confortabil<\/li>\n<li>placa compozit\u0103 \u2013 este rezistent\u0103 la intemperii \u0219i nu necesit\u0103 \u00eentre\u021binere<\/li>\n<\/ul>\n<p><strong>Foi\u0219orul Skyglow este alegerea perfect\u0103 pentru<\/strong> cei care apreciaz\u0103 designul modern \u0219i calitatea superioar\u0103 a execu\u021biei. Este locul ideal pentru relaxare \u0219i petrecerea timpului al\u0103turi de cei dragi. <\/p>\n","protected":false},"excerpt":{"rendered":"<p>O pergol\u0103 modern\u0103 \u0219i rezistent\u0103, cu un design deosebit Foi\u0219orul Skyglow este o construc\u021bie elegant\u0103 \u0219i modern\u0103, care se potrive\u0219te perfect \u00een orice gr\u0103din\u0103. Este locul ideal pentru relaxare, \u00eent\u00e2lniri cu prietenii sau familia. Foi\u0219orul este realizat din materiale de \u00eenalt\u0103 calitate, ceea ce \u00eei asigur\u0103 durabilitatea \u0219i rezisten\u021ba. Acoperi\u0219ul este din metal rezistent la [&hellip;]<\/p>\n","protected":false},"author":1,"featured_media":3242,"template":"","meta":{"_acf_changed":false,"advgb_blocks_editor_width":"","advgb_blocks_columns_visual_guide":"","_themeisle_gutenberg_block_has_review":false},"product_brand":[],"product_cat":[125],"product_tag":[],"class_list":{"0":"post-11335","1":"product","2":"type-product","3":"status-publish","4":"has-post-thumbnail","6":"product_cat-foisoare-de-gradina","8":"first","9":"instock","10":"shipping-taxable","11":"purchasable","12":"product-type-simple"},"acf":[],"featured_img":"https:\/\/www.mw-steel.eu\/wp-content\/uploads\/2026\/02\/SKYGLOW-1GLOWNE-scaled.png","coauthors":[],"author_meta":{"author_link":"https:\/\/www.mw-steel.eu\/ro\/author\/admin\/","display_name":"admin"},"relative_dates":{"created":"Posted 3 ani ago","modified":"Updated 3 ani ago"},"absolute_dates":{"created":"Posted on 11 aprilie 2023","modified":"Updated on 11 aprilie 2023"},"absolute_dates_time":{"created":"Posted on 11 aprilie 2023 19:29","modified":"Updated on 11 aprilie 2023 19:29"},"featured_img_caption":"","tax_additional":{"product_brand":{"linked":[],"unlinked":[],"slug":"product_brand","name":"Branduri"},"product_type":{"linked":["<a href=\"https:\/\/www.mw-steel.eu\/ro\/?taxonomy=product_type&#038;term=simple\" class=\"advgb-post-tax-term\">simple<\/a>"],"unlinked":["<span class=\"advgb-post-tax-term\">simple<\/span>"],"slug":"product_type","name":"Tip de produs"},"product_visibility":{"linked":[],"unlinked":[],"slug":"product_visibility","name":"Vizibilitate produs"},"product_cat":{"linked":["<a href=\"https:\/\/www.mw-steel.eu\/ro\/kategoria-produktu\/foisoare-de-gradina\/\" class=\"advgb-post-tax-term\">Foi\u0219oare de gr\u0103din\u0103<\/a>"],"unlinked":["<span class=\"advgb-post-tax-term\">Foi\u0219oare de gr\u0103din\u0103<\/span>"],"slug":"product_cat","name":"Categorii de produse"},"product_tag":{"linked":[],"unlinked":[],"slug":"product_tag","name":"Etichete produs"},"product_shipping_class":{"linked":[],"unlinked":[],"slug":"product_shipping_class","name":"Clase de livrare produse"},"pos_product_visibility":{"linked":[],"unlinked":[],"slug":"pos_product_visibility","name":"Vizibilitate produse \u00een POS"},"pa_wymiar":{"linked":[],"unlinked":[],"slug":"pa_wymiar","name":"Product Wymiar"},"translation_priority":{"linked":[],"unlinked":[],"slug":"translation_priority","name":"Translation Priorities"}},"series_order":"","_links":{"self":[{"href":"https:\/\/www.mw-steel.eu\/ro\/wp-json\/wp\/v2\/product\/11335","targetHints":{"allow":["GET"]}}],"collection":[{"href":"https:\/\/www.mw-steel.eu\/ro\/wp-json\/wp\/v2\/product"}],"about":[{"href":"https:\/\/www.mw-steel.eu\/ro\/wp-json\/wp\/v2\/types\/product"}],"wp:featuredmedia":[{"embeddable":true,"href":"https:\/\/www.mw-steel.eu\/ro\/wp-json\/wp\/v2\/media\/3242"}],"wp:attachment":[{"href":"https:\/\/www.mw-steel.eu\/ro\/wp-json\/wp\/v2\/media?parent=11335"}],"wp:term":[{"taxonomy":"product_brand","embeddable":true,"href":"https:\/\/www.mw-steel.eu\/ro\/wp-json\/wp\/v2\/product_brand?post=11335"},{"taxonomy":"product_cat","embeddable":true,"href":"https:\/\/www.mw-steel.eu\/ro\/wp-json\/wp\/v2\/product_cat?post=11335"},{"taxonomy":"product_tag","embeddable":true,"href":"https:\/\/www.mw-steel.eu\/ro\/wp-json\/wp\/v2\/product_tag?post=11335"}],"curies":[{"name":"wp","href":"https:\/\/api.w.org\/{rel}","templated":true}]}}