{"id":11315,"date":"2023-04-25T06:30:26","date_gmt":"2023-04-25T04:30:26","guid":{"rendered":"https:\/\/www.mw-steel.eu\/produkt\/magazie-de-gradina-solare\/"},"modified":"2023-04-25T06:30:26","modified_gmt":"2023-04-25T04:30:26","slug":"magazie-de-gradina-solare","status":"publish","type":"product","link":"https:\/\/www.mw-steel.eu\/ro\/produkt\/magazie-de-gradina-solare\/","title":{"rendered":"Magazie de gr\u0103din\u0103 &#8211; Solare"},"content":{"rendered":"<p><strong>SOLARE este un dulap modern de gr\u0103din\u0103<\/strong>, care \u00eembin\u0103 un design ordonat \u0219i minimalist cu un element practic care spore\u0219te func\u021bionalitatea \u00eentregii zone a gr\u0103dinii. Structura este realizat\u0103 din profile de o\u021bel zincat, iar fa\u021bada este finisat\u0103 cu vopsea pulbere, ceea ce asigur\u0103 o rezisten\u021b\u0103 ridicat\u0103 la condi\u021biile exterioare \u0219i un aspect estetic durabil pe termen lung. <\/p>\n<p>Pe partea lateral\u0103 a dulapului este integrat un ad\u0103post practic \u2013 ideal pentru depozitarea lemnului de foc. Ad\u0103postul este realizat din profile verticale metalice rezistente, ceea ce \u00eei confer\u0103 o aspect u\u0219or, oferind \u00een acela\u0219i timp un spa\u021biu de depozitare solid \u0219i aerisit. <\/p>\n<p>Fa\u021bada poate fi acoperit\u0103 cu tabl\u0103, lambriu din lemn sau sc\u00e2nduri compozite, ceea ce permite adaptarea aspectului modelului SOLARE la stilul gr\u0103dinii \u0219i al \u00eemprejurimilor. Modelul r\u0103m\u00e2ne complet personalizabil \u2013 este posibil\u0103 adaptarea lungimii, l\u0103\u021bimii \u0219i \u00een\u0103l\u021bimii la spa\u021biul specific, cre\u00e2nd o solu\u021bie coerent\u0103 \u0219i func\u021bional\u0103 pentru depozitarea \u0219i organizarea gr\u0103dinii. <\/p>\n","protected":false},"excerpt":{"rendered":"<p>SOLARE este un dulap modern de gr\u0103din\u0103, care \u00eembin\u0103 un design ordonat \u0219i minimalist cu un element practic care spore\u0219te func\u021bionalitatea \u00eentregii zone a gr\u0103dinii. Structura este realizat\u0103 din profile de o\u021bel zincat, iar fa\u021bada este finisat\u0103 cu vopsea pulbere, ceea ce asigur\u0103 o rezisten\u021b\u0103 ridicat\u0103 la condi\u021biile exterioare \u0219i un aspect estetic durabil pe [&hellip;]<\/p>\n","protected":false},"author":1,"featured_media":3111,"template":"","meta":{"_acf_changed":false,"advgb_blocks_editor_width":"","advgb_blocks_columns_visual_guide":"","_themeisle_gutenberg_block_has_review":false},"product_brand":[],"product_cat":[128],"product_tag":[],"class_list":{"0":"post-11315","1":"product","2":"type-product","3":"status-publish","4":"has-post-thumbnail","6":"product_cat-spatii-de-depozitare","8":"first","9":"instock","10":"shipping-taxable","11":"purchasable","12":"product-type-simple"},"acf":[],"featured_img":"https:\/\/www.mw-steel.eu\/wp-content\/uploads\/2026\/02\/SOLARE-1GLOWNE.png","coauthors":[],"author_meta":{"author_link":"https:\/\/www.mw-steel.eu\/ro\/author\/admin\/","display_name":"admin"},"relative_dates":{"created":"Posted 3 ani ago","modified":"Updated 3 ani ago"},"absolute_dates":{"created":"Posted on 25 aprilie 2023","modified":"Updated on 25 aprilie 2023"},"absolute_dates_time":{"created":"Posted on 25 aprilie 2023 6:30","modified":"Updated on 25 aprilie 2023 6:30"},"featured_img_caption":"","tax_additional":{"product_brand":{"linked":[],"unlinked":[],"slug":"product_brand","name":"Branduri"},"product_type":{"linked":["<a href=\"https:\/\/www.mw-steel.eu\/ro\/?taxonomy=product_type&#038;term=simple\" class=\"advgb-post-tax-term\">simple<\/a>"],"unlinked":["<span class=\"advgb-post-tax-term\">simple<\/span>"],"slug":"product_type","name":"Tip de produs"},"product_visibility":{"linked":[],"unlinked":[],"slug":"product_visibility","name":"Vizibilitate produs"},"product_cat":{"linked":["<a href=\"https:\/\/www.mw-steel.eu\/ro\/kategoria-produktu\/spatii-de-depozitare\/\" class=\"advgb-post-tax-term\">Spa\u021bii de depozitare<\/a>"],"unlinked":["<span class=\"advgb-post-tax-term\">Spa\u021bii de depozitare<\/span>"],"slug":"product_cat","name":"Categorii de produse"},"product_tag":{"linked":[],"unlinked":[],"slug":"product_tag","name":"Etichete produs"},"product_shipping_class":{"linked":[],"unlinked":[],"slug":"product_shipping_class","name":"Clase de livrare produse"},"pos_product_visibility":{"linked":[],"unlinked":[],"slug":"pos_product_visibility","name":"Vizibilitate produse \u00een POS"},"pa_wymiar":{"linked":[],"unlinked":[],"slug":"pa_wymiar","name":"Product Wymiar"},"translation_priority":{"linked":[],"unlinked":[],"slug":"translation_priority","name":"Translation Priorities"}},"series_order":"","_links":{"self":[{"href":"https:\/\/www.mw-steel.eu\/ro\/wp-json\/wp\/v2\/product\/11315","targetHints":{"allow":["GET"]}}],"collection":[{"href":"https:\/\/www.mw-steel.eu\/ro\/wp-json\/wp\/v2\/product"}],"about":[{"href":"https:\/\/www.mw-steel.eu\/ro\/wp-json\/wp\/v2\/types\/product"}],"wp:featuredmedia":[{"embeddable":true,"href":"https:\/\/www.mw-steel.eu\/ro\/wp-json\/wp\/v2\/media\/3111"}],"wp:attachment":[{"href":"https:\/\/www.mw-steel.eu\/ro\/wp-json\/wp\/v2\/media?parent=11315"}],"wp:term":[{"taxonomy":"product_brand","embeddable":true,"href":"https:\/\/www.mw-steel.eu\/ro\/wp-json\/wp\/v2\/product_brand?post=11315"},{"taxonomy":"product_cat","embeddable":true,"href":"https:\/\/www.mw-steel.eu\/ro\/wp-json\/wp\/v2\/product_cat?post=11315"},{"taxonomy":"product_tag","embeddable":true,"href":"https:\/\/www.mw-steel.eu\/ro\/wp-json\/wp\/v2\/product_tag?post=11315"}],"curies":[{"name":"wp","href":"https:\/\/api.w.org\/{rel}","templated":true}]}}