{"id":11279,"date":"2023-04-30T11:49:52","date_gmt":"2023-04-30T09:49:52","guid":{"rendered":"https:\/\/www.mw-steel.eu\/produkt\/cusca-pentru-caini-dh6\/"},"modified":"2023-04-30T11:49:52","modified_gmt":"2023-04-30T09:49:52","slug":"cusca-pentru-caini-dh6","status":"publish","type":"product","link":"https:\/\/www.mw-steel.eu\/ro\/produkt\/cusca-pentru-caini-dh6\/","title":{"rendered":"Cu\u0219c\u0103 pentru c\u00e2ini DH6"},"content":{"rendered":"<p><strong>Modelul DH6 este alegerea perfect\u0103 pentru to\u021bi proprietarii de c\u00e2ini care caut\u0103 un \u021barc modern \u0219i robust pentru animalul lor de companie.<\/strong><\/p>\n<p>Structura se bazeaz\u0103 pe un profil \u00eenchis robust, ceea ce garanteaz\u0103 durabilitatea \u0219i siguran\u021ba. Pute\u021bi personaliza aspectul \u021barcului dup\u0103 propriile preferin\u021be, aleg\u00e2nd umplutura din tabl\u0103 trapezoidal\u0103, lemn natural sau compozit. Elementele metalice sunt disponibile \u00een dou\u0103 culori: negru sau grafit, cu op\u021biunea de vopsire cu vopsea de finisare sau vopsea pulbere.  <\/p>\n<p>Acest \u021barc este extrem de personalizabil, permi\u021b\u00e2ndu-\u021bi s\u0103 \u00eel adaptezi la nevoile animalului t\u0103u de companie. Po\u021bi alege varianta cu pere\u021bi suplimentari sau cu spate, precum \u0219i \u00eentre podea standard \u0219i un cadru metalic ultra-rezistent. <\/p>\n<p>Cea mai mare atrac\u021bie este posibilitatea de a grava cu laser un text personalizat pe partea din fa\u021b\u0103 a \u021barcului. Este o modalitate excelent\u0103 de a-i conferi un caracter personal, incluz\u00e2nd numele c\u00e2inelui t\u0103u, adresa sau orice alt text dore\u0219ti. Modelul DH6 este un simbol al solidit\u0103\u021bii \u0219i func\u021bionalit\u0103\u021bii, adaptat nevoilor \u0219i cerin\u021belor tale.  <\/p>\n","protected":false},"excerpt":{"rendered":"<p>Modelul DH6 este alegerea perfect\u0103 pentru to\u021bi proprietarii de c\u00e2ini care caut\u0103 un \u021barc modern \u0219i robust pentru animalul lor de companie. Structura se bazeaz\u0103 pe un profil \u00eenchis robust, ceea ce garanteaz\u0103 durabilitatea \u0219i siguran\u021ba. Pute\u021bi personaliza aspectul \u021barcului dup\u0103 propriile preferin\u021be, aleg\u00e2nd umplutura din tabl\u0103 trapezoidal\u0103, lemn natural sau compozit. Elementele metalice sunt [&hellip;]<\/p>\n","protected":false},"author":1,"featured_media":3427,"template":"","meta":{"_acf_changed":false,"advgb_blocks_editor_width":"","advgb_blocks_columns_visual_guide":"","_themeisle_gutenberg_block_has_review":false},"product_brand":[],"product_cat":[126],"product_tag":[],"class_list":{"0":"post-11279","1":"product","2":"type-product","3":"status-publish","4":"has-post-thumbnail","6":"product_cat-custi-pentru-caini","8":"first","9":"instock","10":"shipping-taxable","11":"purchasable","12":"product-type-simple"},"acf":[],"featured_img":"https:\/\/www.mw-steel.eu\/wp-content\/uploads\/2026\/02\/DH6-5GLOWNE.jpg","coauthors":[],"author_meta":{"author_link":"https:\/\/www.mw-steel.eu\/ro\/author\/admin\/","display_name":"admin"},"relative_dates":{"created":"Posted 3 ani ago","modified":"Updated 3 ani ago"},"absolute_dates":{"created":"Posted on 30 aprilie 2023","modified":"Updated on 30 aprilie 2023"},"absolute_dates_time":{"created":"Posted on 30 aprilie 2023 11:49","modified":"Updated on 30 aprilie 2023 11:49"},"featured_img_caption":"","tax_additional":{"product_brand":{"linked":[],"unlinked":[],"slug":"product_brand","name":"Branduri"},"product_type":{"linked":["<a href=\"https:\/\/www.mw-steel.eu\/ro\/?taxonomy=product_type&#038;term=simple\" class=\"advgb-post-tax-term\">simple<\/a>"],"unlinked":["<span class=\"advgb-post-tax-term\">simple<\/span>"],"slug":"product_type","name":"Tip de produs"},"product_visibility":{"linked":[],"unlinked":[],"slug":"product_visibility","name":"Vizibilitate produs"},"product_cat":{"linked":["<a href=\"https:\/\/www.mw-steel.eu\/ro\/kategoria-produktu\/custi-pentru-caini\/\" class=\"advgb-post-tax-term\">Cu\u0219ti pentru c\u00e2ini<\/a>"],"unlinked":["<span class=\"advgb-post-tax-term\">Cu\u0219ti pentru c\u00e2ini<\/span>"],"slug":"product_cat","name":"Categorii de produse"},"product_tag":{"linked":[],"unlinked":[],"slug":"product_tag","name":"Etichete produs"},"product_shipping_class":{"linked":[],"unlinked":[],"slug":"product_shipping_class","name":"Clase de livrare produse"},"pos_product_visibility":{"linked":[],"unlinked":[],"slug":"pos_product_visibility","name":"Vizibilitate produse \u00een POS"},"pa_wymiar":{"linked":[],"unlinked":[],"slug":"pa_wymiar","name":"Product Wymiar"},"translation_priority":{"linked":[],"unlinked":[],"slug":"translation_priority","name":"Translation Priorities"}},"series_order":"","_links":{"self":[{"href":"https:\/\/www.mw-steel.eu\/ro\/wp-json\/wp\/v2\/product\/11279","targetHints":{"allow":["GET"]}}],"collection":[{"href":"https:\/\/www.mw-steel.eu\/ro\/wp-json\/wp\/v2\/product"}],"about":[{"href":"https:\/\/www.mw-steel.eu\/ro\/wp-json\/wp\/v2\/types\/product"}],"wp:featuredmedia":[{"embeddable":true,"href":"https:\/\/www.mw-steel.eu\/ro\/wp-json\/wp\/v2\/media\/3427"}],"wp:attachment":[{"href":"https:\/\/www.mw-steel.eu\/ro\/wp-json\/wp\/v2\/media?parent=11279"}],"wp:term":[{"taxonomy":"product_brand","embeddable":true,"href":"https:\/\/www.mw-steel.eu\/ro\/wp-json\/wp\/v2\/product_brand?post=11279"},{"taxonomy":"product_cat","embeddable":true,"href":"https:\/\/www.mw-steel.eu\/ro\/wp-json\/wp\/v2\/product_cat?post=11279"},{"taxonomy":"product_tag","embeddable":true,"href":"https:\/\/www.mw-steel.eu\/ro\/wp-json\/wp\/v2\/product_tag?post=11279"}],"curies":[{"name":"wp","href":"https:\/\/api.w.org\/{rel}","templated":true}]}}