{"id":11274,"date":"2023-04-30T15:00:43","date_gmt":"2023-04-30T13:00:43","guid":{"rendered":"https:\/\/www.mw-steel.eu\/produkt\/cusca-pentru-caini-dh5\/"},"modified":"2023-04-30T15:00:43","modified_gmt":"2023-04-30T13:00:43","slug":"cusca-pentru-caini-dh5","status":"publish","type":"product","link":"https:\/\/www.mw-steel.eu\/ro\/produkt\/cusca-pentru-caini-dh5\/","title":{"rendered":"Cu\u0219c\u0103 pentru c\u00e2ini DH5"},"content":{"rendered":"<p><strong>Modelul DH5 este un \u021barc modern pentru c\u00e2ini, cu o structur\u0103 extrem de robust\u0103<\/strong>. Utiliz\u0103m profile \u00eenchise rezistente, care pot fi acoperite suplimentar cu vopsea de finisare sau vopsea pulbere \u00een culori negru sau grafit, \u00een func\u021bie de preferin\u021bele dumneavoastr\u0103. <\/p>\n<p>Structura \u021barcului permite alegerea unui panou din tabl\u0103 trapezoidal\u0103, lemn natural sau compozit. Flexibilitatea este deviza noastr\u0103 \u2013 putem adapta \u021barcul la nevoile dumneavoastr\u0103, fie prin ad\u0103ugarea de pere\u021bi laterali sau posteriori, fie prin alegerea \u00eentre o podea standard \u0219i una cu cadru metalic ultra-rezistent. <\/p>\n<p>\u00cen plus, exist\u0103 posibilitatea de a alege un \u021barc cu sau f\u0103r\u0103 boluri rotative, \u00een func\u021bie de preferin\u021be. Elementul decorativ al \u021barcului \u00eel constituie benzile orizontale din profil metalic de 60&#215;20, amplasate \u00een partea din fa\u021b\u0103. <\/p>\n<p>Compania noastr\u0103 este o garan\u021bie a profesionalismului \u0219i a aten\u021biei la detalii. V\u0103 \u00eencuraj\u0103m s\u0103 personaliza\u021bi modelul DH5 \u00een func\u021bie de nevoile individuale \u0219i s\u0103 \u00eei oferi\u021bi un confort deosebit prietenului vostru cu patru picioare. <\/p>\n","protected":false},"excerpt":{"rendered":"<p>Modelul DH5 este un \u021barc modern pentru c\u00e2ini, cu o structur\u0103 extrem de robust\u0103. Utiliz\u0103m profile \u00eenchise rezistente, care pot fi acoperite suplimentar cu vopsea de finisare sau vopsea pulbere \u00een culori negru sau grafit, \u00een func\u021bie de preferin\u021bele dumneavoastr\u0103. Structura \u021barcului permite alegerea unui panou din tabl\u0103 trapezoidal\u0103, lemn natural sau compozit. Flexibilitatea este [&hellip;]<\/p>\n","protected":false},"author":1,"featured_media":3414,"template":"","meta":{"_acf_changed":false,"advgb_blocks_editor_width":"","advgb_blocks_columns_visual_guide":"","_themeisle_gutenberg_block_has_review":false},"product_brand":[],"product_cat":[126],"product_tag":[],"class_list":{"0":"post-11274","1":"product","2":"type-product","3":"status-publish","4":"has-post-thumbnail","6":"product_cat-custi-pentru-caini","8":"first","9":"instock","10":"shipping-taxable","11":"purchasable","12":"product-type-simple"},"acf":[],"featured_img":"https:\/\/www.mw-steel.eu\/wp-content\/uploads\/2026\/02\/DH5-4GLOWNE.jpg","coauthors":[],"author_meta":{"author_link":"https:\/\/www.mw-steel.eu\/ro\/author\/admin\/","display_name":"admin"},"relative_dates":{"created":"Posted 3 ani ago","modified":"Updated 3 ani ago"},"absolute_dates":{"created":"Posted on 30 aprilie 2023","modified":"Updated on 30 aprilie 2023"},"absolute_dates_time":{"created":"Posted on 30 aprilie 2023 15:00","modified":"Updated on 30 aprilie 2023 15:00"},"featured_img_caption":"","tax_additional":{"product_brand":{"linked":[],"unlinked":[],"slug":"product_brand","name":"Branduri"},"product_type":{"linked":["<a href=\"https:\/\/www.mw-steel.eu\/ro\/?taxonomy=product_type&#038;term=simple\" class=\"advgb-post-tax-term\">simple<\/a>"],"unlinked":["<span class=\"advgb-post-tax-term\">simple<\/span>"],"slug":"product_type","name":"Tip de produs"},"product_visibility":{"linked":[],"unlinked":[],"slug":"product_visibility","name":"Vizibilitate produs"},"product_cat":{"linked":["<a href=\"https:\/\/www.mw-steel.eu\/ro\/kategoria-produktu\/custi-pentru-caini\/\" class=\"advgb-post-tax-term\">Cu\u0219ti pentru c\u00e2ini<\/a>"],"unlinked":["<span class=\"advgb-post-tax-term\">Cu\u0219ti pentru c\u00e2ini<\/span>"],"slug":"product_cat","name":"Categorii de produse"},"product_tag":{"linked":[],"unlinked":[],"slug":"product_tag","name":"Etichete produs"},"product_shipping_class":{"linked":[],"unlinked":[],"slug":"product_shipping_class","name":"Clase de livrare produse"},"pos_product_visibility":{"linked":[],"unlinked":[],"slug":"pos_product_visibility","name":"Vizibilitate produse \u00een POS"},"pa_wymiar":{"linked":[],"unlinked":[],"slug":"pa_wymiar","name":"Product Wymiar"},"translation_priority":{"linked":[],"unlinked":[],"slug":"translation_priority","name":"Translation Priorities"}},"series_order":"","_links":{"self":[{"href":"https:\/\/www.mw-steel.eu\/ro\/wp-json\/wp\/v2\/product\/11274","targetHints":{"allow":["GET"]}}],"collection":[{"href":"https:\/\/www.mw-steel.eu\/ro\/wp-json\/wp\/v2\/product"}],"about":[{"href":"https:\/\/www.mw-steel.eu\/ro\/wp-json\/wp\/v2\/types\/product"}],"wp:featuredmedia":[{"embeddable":true,"href":"https:\/\/www.mw-steel.eu\/ro\/wp-json\/wp\/v2\/media\/3414"}],"wp:attachment":[{"href":"https:\/\/www.mw-steel.eu\/ro\/wp-json\/wp\/v2\/media?parent=11274"}],"wp:term":[{"taxonomy":"product_brand","embeddable":true,"href":"https:\/\/www.mw-steel.eu\/ro\/wp-json\/wp\/v2\/product_brand?post=11274"},{"taxonomy":"product_cat","embeddable":true,"href":"https:\/\/www.mw-steel.eu\/ro\/wp-json\/wp\/v2\/product_cat?post=11274"},{"taxonomy":"product_tag","embeddable":true,"href":"https:\/\/www.mw-steel.eu\/ro\/wp-json\/wp\/v2\/product_tag?post=11274"}],"curies":[{"name":"wp","href":"https:\/\/api.w.org\/{rel}","templated":true}]}}