{"id":10345,"date":"2024-02-28T16:53:37","date_gmt":"2024-02-28T14:53:37","guid":{"rendered":"https:\/\/www.mw-steel.eu\/foisor-de-gradina-eleganza\/"},"modified":"2026-05-05T15:22:46","modified_gmt":"2026-05-05T13:22:46","slug":"foisor-de-gradina-eleganza","status":"publish","type":"page","link":"https:\/\/www.mw-steel.eu\/ro\/galerie\/foisor-de-gradina-eleganza\/","title":{"rendered":"Foi\u0219or de gr\u0103din\u0103 &#8211; Eleganza"},"content":{"rendered":"\n<figure class=\"wp-block-gallery has-nested-images columns-default is-cropped wp-block-gallery-1 is-layout-flex wp-block-gallery-is-layout-flex\">\n<figure class=\"wp-block-image size-large\"><a href=\"https:\/\/www.mw-steel.eu\/wp-content\/uploads\/2026\/02\/ELEGANZA-1GLOWNE-scaled.jpeg\"><img loading=\"lazy\" decoding=\"async\" width=\"2560\" height=\"1429\" data-id=\"3197\" src=\"https:\/\/www.mw-steel.eu\/wp-content\/uploads\/2026\/02\/ELEGANZA-1GLOWNE-scaled.jpeg\" alt=\"\" class=\"wp-image-3197\" srcset=\"https:\/\/www.mw-steel.eu\/wp-content\/uploads\/2026\/02\/ELEGANZA-1GLOWNE-scaled.jpeg 2560w, https:\/\/www.mw-steel.eu\/wp-content\/uploads\/2026\/02\/ELEGANZA-1GLOWNE-scaled-576x322.jpeg 576w, https:\/\/www.mw-steel.eu\/wp-content\/uploads\/2026\/02\/ELEGANZA-1GLOWNE-scaled-1380x770.jpeg 1380w, https:\/\/www.mw-steel.eu\/wp-content\/uploads\/2026\/02\/ELEGANZA-1GLOWNE-768x429.jpeg 768w, https:\/\/www.mw-steel.eu\/wp-content\/uploads\/2026\/02\/ELEGANZA-1GLOWNE-1536x857.jpeg 1536w, https:\/\/www.mw-steel.eu\/wp-content\/uploads\/2026\/02\/ELEGANZA-1GLOWNE-2048x1143.jpeg 2048w\" sizes=\"auto, (max-width: 2560px) 100vw, 2560px\" \/><\/a><\/figure>\n\n\n\n<figure class=\"wp-block-image size-large\"><a href=\"https:\/\/www.mw-steel.eu\/wp-content\/uploads\/2026\/02\/ELEGANZA-12.png\"><img loading=\"lazy\" decoding=\"async\" width=\"2367\" height=\"1321\" data-id=\"3208\" src=\"https:\/\/www.mw-steel.eu\/wp-content\/uploads\/2026\/02\/ELEGANZA-12.png\" alt=\"\" class=\"wp-image-3208\" srcset=\"https:\/\/www.mw-steel.eu\/wp-content\/uploads\/2026\/02\/ELEGANZA-12.png 2367w, https:\/\/www.mw-steel.eu\/wp-content\/uploads\/2026\/02\/ELEGANZA-12-576x321.png 576w, https:\/\/www.mw-steel.eu\/wp-content\/uploads\/2026\/02\/ELEGANZA-12-1380x770.png 1380w, https:\/\/www.mw-steel.eu\/wp-content\/uploads\/2026\/02\/ELEGANZA-12-768x429.png 768w, https:\/\/www.mw-steel.eu\/wp-content\/uploads\/2026\/02\/ELEGANZA-12-1536x857.png 1536w, https:\/\/www.mw-steel.eu\/wp-content\/uploads\/2026\/02\/ELEGANZA-12-2048x1143.png 2048w\" sizes=\"auto, (max-width: 2367px) 100vw, 2367px\" \/><\/a><\/figure>\n\n\n\n<figure class=\"wp-block-image size-large\"><a href=\"https:\/\/www.mw-steel.eu\/wp-content\/uploads\/2026\/02\/ELEGANZA-11-scaled.png\"><img loading=\"lazy\" decoding=\"async\" width=\"2560\" height=\"1429\" data-id=\"3207\" src=\"https:\/\/www.mw-steel.eu\/wp-content\/uploads\/2026\/02\/ELEGANZA-11-scaled.png\" alt=\"\" class=\"wp-image-3207\" srcset=\"https:\/\/www.mw-steel.eu\/wp-content\/uploads\/2026\/02\/ELEGANZA-11-scaled.png 2560w, https:\/\/www.mw-steel.eu\/wp-content\/uploads\/2026\/02\/ELEGANZA-11-scaled-576x322.png 576w, https:\/\/www.mw-steel.eu\/wp-content\/uploads\/2026\/02\/ELEGANZA-11-scaled-1380x770.png 1380w, https:\/\/www.mw-steel.eu\/wp-content\/uploads\/2026\/02\/ELEGANZA-11-768x429.png 768w, https:\/\/www.mw-steel.eu\/wp-content\/uploads\/2026\/02\/ELEGANZA-11-1536x857.png 1536w, https:\/\/www.mw-steel.eu\/wp-content\/uploads\/2026\/02\/ELEGANZA-11-2048x1143.png 2048w\" sizes=\"auto, (max-width: 2560px) 100vw, 2560px\" \/><\/a><\/figure>\n\n\n\n<figure class=\"wp-block-image size-large\"><a href=\"https:\/\/www.mw-steel.eu\/wp-content\/uploads\/2026\/02\/ELEGANZA-10-scaled.jpeg\"><img loading=\"lazy\" decoding=\"async\" width=\"2560\" height=\"1429\" data-id=\"3206\" src=\"https:\/\/www.mw-steel.eu\/wp-content\/uploads\/2026\/02\/ELEGANZA-10-scaled.jpeg\" alt=\"\" class=\"wp-image-3206\" srcset=\"https:\/\/www.mw-steel.eu\/wp-content\/uploads\/2026\/02\/ELEGANZA-10-scaled.jpeg 2560w, https:\/\/www.mw-steel.eu\/wp-content\/uploads\/2026\/02\/ELEGANZA-10-scaled-576x322.jpeg 576w, https:\/\/www.mw-steel.eu\/wp-content\/uploads\/2026\/02\/ELEGANZA-10-scaled-1380x770.jpeg 1380w, https:\/\/www.mw-steel.eu\/wp-content\/uploads\/2026\/02\/ELEGANZA-10-768x429.jpeg 768w, https:\/\/www.mw-steel.eu\/wp-content\/uploads\/2026\/02\/ELEGANZA-10-1536x857.jpeg 1536w, https:\/\/www.mw-steel.eu\/wp-content\/uploads\/2026\/02\/ELEGANZA-10-2048x1143.jpeg 2048w\" sizes=\"auto, (max-width: 2560px) 100vw, 2560px\" \/><\/a><\/figure>\n\n\n\n<figure class=\"wp-block-image size-large\"><a href=\"https:\/\/www.mw-steel.eu\/wp-content\/uploads\/2026\/02\/ELEGANZA-9.png\"><img loading=\"lazy\" decoding=\"async\" width=\"2555\" height=\"1425\" data-id=\"3205\" src=\"https:\/\/www.mw-steel.eu\/wp-content\/uploads\/2026\/02\/ELEGANZA-9.png\" alt=\"\" class=\"wp-image-3205\" srcset=\"https:\/\/www.mw-steel.eu\/wp-content\/uploads\/2026\/02\/ELEGANZA-9.png 2555w, https:\/\/www.mw-steel.eu\/wp-content\/uploads\/2026\/02\/ELEGANZA-9-576x321.png 576w, https:\/\/www.mw-steel.eu\/wp-content\/uploads\/2026\/02\/ELEGANZA-9-1380x770.png 1380w, https:\/\/www.mw-steel.eu\/wp-content\/uploads\/2026\/02\/ELEGANZA-9-768x428.png 768w, https:\/\/www.mw-steel.eu\/wp-content\/uploads\/2026\/02\/ELEGANZA-9-1536x857.png 1536w, https:\/\/www.mw-steel.eu\/wp-content\/uploads\/2026\/02\/ELEGANZA-9-2048x1142.png 2048w\" sizes=\"auto, (max-width: 2555px) 100vw, 2555px\" \/><\/a><\/figure>\n\n\n\n<figure class=\"wp-block-image size-large\"><a href=\"https:\/\/www.mw-steel.eu\/wp-content\/uploads\/2026\/02\/ELEGANZA-8-scaled.jpg\"><img loading=\"lazy\" decoding=\"async\" width=\"2560\" height=\"1429\" data-id=\"3204\" src=\"https:\/\/www.mw-steel.eu\/wp-content\/uploads\/2026\/02\/ELEGANZA-8-scaled.jpg\" alt=\"\" class=\"wp-image-3204\" srcset=\"https:\/\/www.mw-steel.eu\/wp-content\/uploads\/2026\/02\/ELEGANZA-8-scaled.jpg 2560w, https:\/\/www.mw-steel.eu\/wp-content\/uploads\/2026\/02\/ELEGANZA-8-scaled-576x322.jpg 576w, https:\/\/www.mw-steel.eu\/wp-content\/uploads\/2026\/02\/ELEGANZA-8-scaled-1380x770.jpg 1380w, https:\/\/www.mw-steel.eu\/wp-content\/uploads\/2026\/02\/ELEGANZA-8-768x429.jpg 768w, https:\/\/www.mw-steel.eu\/wp-content\/uploads\/2026\/02\/ELEGANZA-8-1536x857.jpg 1536w, https:\/\/www.mw-steel.eu\/wp-content\/uploads\/2026\/02\/ELEGANZA-8-2048x1143.jpg 2048w\" sizes=\"auto, (max-width: 2560px) 100vw, 2560px\" \/><\/a><\/figure>\n\n\n\n<figure class=\"wp-block-image size-large\"><a href=\"https:\/\/www.mw-steel.eu\/wp-content\/uploads\/2026\/02\/ELEGANZA-7-scaled.jpeg\"><img loading=\"lazy\" decoding=\"async\" width=\"2560\" height=\"1429\" data-id=\"3203\" src=\"https:\/\/www.mw-steel.eu\/wp-content\/uploads\/2026\/02\/ELEGANZA-7-scaled.jpeg\" alt=\"\" class=\"wp-image-3203\" srcset=\"https:\/\/www.mw-steel.eu\/wp-content\/uploads\/2026\/02\/ELEGANZA-7-scaled.jpeg 2560w, https:\/\/www.mw-steel.eu\/wp-content\/uploads\/2026\/02\/ELEGANZA-7-scaled-576x322.jpeg 576w, https:\/\/www.mw-steel.eu\/wp-content\/uploads\/2026\/02\/ELEGANZA-7-scaled-1380x770.jpeg 1380w, https:\/\/www.mw-steel.eu\/wp-content\/uploads\/2026\/02\/ELEGANZA-7-768x429.jpeg 768w, https:\/\/www.mw-steel.eu\/wp-content\/uploads\/2026\/02\/ELEGANZA-7-1536x857.jpeg 1536w, https:\/\/www.mw-steel.eu\/wp-content\/uploads\/2026\/02\/ELEGANZA-7-2048x1143.jpeg 2048w\" sizes=\"auto, (max-width: 2560px) 100vw, 2560px\" \/><\/a><\/figure>\n\n\n\n<figure class=\"wp-block-image size-large\"><a href=\"https:\/\/www.mw-steel.eu\/wp-content\/uploads\/2026\/02\/ELEGANZA-6-scaled.png\"><img loading=\"lazy\" decoding=\"async\" width=\"2560\" height=\"1429\" data-id=\"3202\" src=\"https:\/\/www.mw-steel.eu\/wp-content\/uploads\/2026\/02\/ELEGANZA-6-scaled.png\" alt=\"\" class=\"wp-image-3202\" srcset=\"https:\/\/www.mw-steel.eu\/wp-content\/uploads\/2026\/02\/ELEGANZA-6-scaled.png 2560w, https:\/\/www.mw-steel.eu\/wp-content\/uploads\/2026\/02\/ELEGANZA-6-scaled-576x322.png 576w, https:\/\/www.mw-steel.eu\/wp-content\/uploads\/2026\/02\/ELEGANZA-6-scaled-1380x770.png 1380w, https:\/\/www.mw-steel.eu\/wp-content\/uploads\/2026\/02\/ELEGANZA-6-768x429.png 768w, https:\/\/www.mw-steel.eu\/wp-content\/uploads\/2026\/02\/ELEGANZA-6-1536x857.png 1536w, https:\/\/www.mw-steel.eu\/wp-content\/uploads\/2026\/02\/ELEGANZA-6-2048x1143.png 2048w\" sizes=\"auto, (max-width: 2560px) 100vw, 2560px\" \/><\/a><\/figure>\n\n\n\n<figure class=\"wp-block-image size-large\"><a href=\"https:\/\/www.mw-steel.eu\/wp-content\/uploads\/2026\/02\/ELEGANZA-5-scaled.jpg\"><img loading=\"lazy\" decoding=\"async\" width=\"2560\" height=\"1429\" data-id=\"3201\" src=\"https:\/\/www.mw-steel.eu\/wp-content\/uploads\/2026\/02\/ELEGANZA-5-scaled.jpg\" alt=\"\" class=\"wp-image-3201\" srcset=\"https:\/\/www.mw-steel.eu\/wp-content\/uploads\/2026\/02\/ELEGANZA-5-scaled.jpg 2560w, https:\/\/www.mw-steel.eu\/wp-content\/uploads\/2026\/02\/ELEGANZA-5-scaled-576x322.jpg 576w, https:\/\/www.mw-steel.eu\/wp-content\/uploads\/2026\/02\/ELEGANZA-5-scaled-1380x770.jpg 1380w, https:\/\/www.mw-steel.eu\/wp-content\/uploads\/2026\/02\/ELEGANZA-5-768x429.jpg 768w, https:\/\/www.mw-steel.eu\/wp-content\/uploads\/2026\/02\/ELEGANZA-5-1536x857.jpg 1536w, https:\/\/www.mw-steel.eu\/wp-content\/uploads\/2026\/02\/ELEGANZA-5-2048x1143.jpg 2048w\" sizes=\"auto, (max-width: 2560px) 100vw, 2560px\" \/><\/a><\/figure>\n\n\n\n<figure class=\"wp-block-image size-large\"><a href=\"https:\/\/www.mw-steel.eu\/wp-content\/uploads\/2026\/02\/ELEGANZA-4-scaled.jpeg\"><img loading=\"lazy\" decoding=\"async\" width=\"2560\" height=\"1429\" data-id=\"3200\" src=\"https:\/\/www.mw-steel.eu\/wp-content\/uploads\/2026\/02\/ELEGANZA-4-scaled.jpeg\" alt=\"\" class=\"wp-image-3200\" srcset=\"https:\/\/www.mw-steel.eu\/wp-content\/uploads\/2026\/02\/ELEGANZA-4-scaled.jpeg 2560w, https:\/\/www.mw-steel.eu\/wp-content\/uploads\/2026\/02\/ELEGANZA-4-scaled-576x322.jpeg 576w, https:\/\/www.mw-steel.eu\/wp-content\/uploads\/2026\/02\/ELEGANZA-4-scaled-1380x770.jpeg 1380w, https:\/\/www.mw-steel.eu\/wp-content\/uploads\/2026\/02\/ELEGANZA-4-768x429.jpeg 768w, https:\/\/www.mw-steel.eu\/wp-content\/uploads\/2026\/02\/ELEGANZA-4-1536x857.jpeg 1536w, https:\/\/www.mw-steel.eu\/wp-content\/uploads\/2026\/02\/ELEGANZA-4-2048x1143.jpeg 2048w\" sizes=\"auto, (max-width: 2560px) 100vw, 2560px\" \/><\/a><\/figure>\n\n\n\n<figure class=\"wp-block-image size-large\"><a href=\"https:\/\/www.mw-steel.eu\/wp-content\/uploads\/2026\/02\/ELEGANZA-3.png\"><img loading=\"lazy\" decoding=\"async\" width=\"2501\" height=\"1396\" data-id=\"3199\" src=\"https:\/\/www.mw-steel.eu\/wp-content\/uploads\/2026\/02\/ELEGANZA-3.png\" alt=\"\" class=\"wp-image-3199\" srcset=\"https:\/\/www.mw-steel.eu\/wp-content\/uploads\/2026\/02\/ELEGANZA-3.png 2501w, https:\/\/www.mw-steel.eu\/wp-content\/uploads\/2026\/02\/ELEGANZA-3-576x322.png 576w, https:\/\/www.mw-steel.eu\/wp-content\/uploads\/2026\/02\/ELEGANZA-3-1380x770.png 1380w, https:\/\/www.mw-steel.eu\/wp-content\/uploads\/2026\/02\/ELEGANZA-3-768x429.png 768w, https:\/\/www.mw-steel.eu\/wp-content\/uploads\/2026\/02\/ELEGANZA-3-1536x857.png 1536w, https:\/\/www.mw-steel.eu\/wp-content\/uploads\/2026\/02\/ELEGANZA-3-2048x1143.png 2048w\" sizes=\"auto, (max-width: 2501px) 100vw, 2501px\" \/><\/a><\/figure>\n\n\n\n<figure class=\"wp-block-image size-large\"><a href=\"https:\/\/www.mw-steel.eu\/wp-content\/uploads\/2026\/02\/ELEGANZA-2-scaled.jpg\"><img loading=\"lazy\" decoding=\"async\" width=\"2560\" height=\"1429\" data-id=\"3198\" src=\"https:\/\/www.mw-steel.eu\/wp-content\/uploads\/2026\/02\/ELEGANZA-2-scaled.jpg\" alt=\"\" class=\"wp-image-3198\" srcset=\"https:\/\/www.mw-steel.eu\/wp-content\/uploads\/2026\/02\/ELEGANZA-2-scaled.jpg 2560w, https:\/\/www.mw-steel.eu\/wp-content\/uploads\/2026\/02\/ELEGANZA-2-scaled-576x322.jpg 576w, https:\/\/www.mw-steel.eu\/wp-content\/uploads\/2026\/02\/ELEGANZA-2-scaled-1380x770.jpg 1380w, https:\/\/www.mw-steel.eu\/wp-content\/uploads\/2026\/02\/ELEGANZA-2-768x429.jpg 768w, https:\/\/www.mw-steel.eu\/wp-content\/uploads\/2026\/02\/ELEGANZA-2-1536x857.jpg 1536w, https:\/\/www.mw-steel.eu\/wp-content\/uploads\/2026\/02\/ELEGANZA-2-2048x1143.jpg 2048w\" sizes=\"auto, (max-width: 2560px) 100vw, 2560px\" \/><\/a><\/figure>\n\n\n\n<figure class=\"wp-block-image size-large\"><a href=\"https:\/\/www.mw-steel.eu\/wp-content\/uploads\/2026\/01\/TYL-1.jpg\"><img loading=\"lazy\" decoding=\"async\" width=\"1920\" height=\"1080\" data-id=\"2696\" src=\"https:\/\/www.mw-steel.eu\/wp-content\/uploads\/2026\/01\/TYL-1.jpg\" alt=\"\" class=\"wp-image-2696\" srcset=\"https:\/\/www.mw-steel.eu\/wp-content\/uploads\/2026\/01\/TYL-1.jpg 1920w, https:\/\/www.mw-steel.eu\/wp-content\/uploads\/2026\/01\/TYL-1-576x324.jpg 576w, https:\/\/www.mw-steel.eu\/wp-content\/uploads\/2026\/01\/TYL-1-1380x776.jpg 1380w, https:\/\/www.mw-steel.eu\/wp-content\/uploads\/2026\/01\/TYL-1-768x432.jpg 768w, https:\/\/www.mw-steel.eu\/wp-content\/uploads\/2026\/01\/TYL-1-1536x864.jpg 1536w\" sizes=\"auto, (max-width: 1920px) 100vw, 1920px\" \/><\/a><\/figure>\n\n\n\n<figure class=\"wp-block-image size-large\"><a href=\"https:\/\/www.mw-steel.eu\/wp-content\/uploads\/2026\/01\/PRAWA-1.jpg\"><img loading=\"lazy\" decoding=\"async\" width=\"1920\" height=\"1080\" data-id=\"2694\" src=\"https:\/\/www.mw-steel.eu\/wp-content\/uploads\/2026\/01\/PRAWA-1.jpg\" alt=\"\" class=\"wp-image-2694\" srcset=\"https:\/\/www.mw-steel.eu\/wp-content\/uploads\/2026\/01\/PRAWA-1.jpg 1920w, https:\/\/www.mw-steel.eu\/wp-content\/uploads\/2026\/01\/PRAWA-1-576x324.jpg 576w, https:\/\/www.mw-steel.eu\/wp-content\/uploads\/2026\/01\/PRAWA-1-1380x776.jpg 1380w, https:\/\/www.mw-steel.eu\/wp-content\/uploads\/2026\/01\/PRAWA-1-768x432.jpg 768w, https:\/\/www.mw-steel.eu\/wp-content\/uploads\/2026\/01\/PRAWA-1-1536x864.jpg 1536w\" sizes=\"auto, (max-width: 1920px) 100vw, 1920px\" \/><\/a><\/figure>\n\n\n\n<figure class=\"wp-block-image size-large\"><a href=\"https:\/\/www.mw-steel.eu\/wp-content\/uploads\/2026\/01\/LEWA-1.jpg\"><img loading=\"lazy\" decoding=\"async\" width=\"1920\" height=\"1080\" data-id=\"2693\" src=\"https:\/\/www.mw-steel.eu\/wp-content\/uploads\/2026\/01\/LEWA-1.jpg\" alt=\"\" class=\"wp-image-2693\" srcset=\"https:\/\/www.mw-steel.eu\/wp-content\/uploads\/2026\/01\/LEWA-1.jpg 1920w, https:\/\/www.mw-steel.eu\/wp-content\/uploads\/2026\/01\/LEWA-1-576x324.jpg 576w, https:\/\/www.mw-steel.eu\/wp-content\/uploads\/2026\/01\/LEWA-1-1380x776.jpg 1380w, https:\/\/www.mw-steel.eu\/wp-content\/uploads\/2026\/01\/LEWA-1-768x432.jpg 768w, https:\/\/www.mw-steel.eu\/wp-content\/uploads\/2026\/01\/LEWA-1-1536x864.jpg 1536w\" sizes=\"auto, (max-width: 1920px) 100vw, 1920px\" \/><\/a><\/figure>\n\n\n\n<figure class=\"wp-block-image size-large\"><a href=\"https:\/\/www.mw-steel.eu\/wp-content\/uploads\/2026\/01\/PRZOD-1.jpg\"><img loading=\"lazy\" decoding=\"async\" width=\"1920\" height=\"1080\" data-id=\"2695\" src=\"https:\/\/www.mw-steel.eu\/wp-content\/uploads\/2026\/01\/PRZOD-1.jpg\" alt=\"\" class=\"wp-image-2695\" srcset=\"https:\/\/www.mw-steel.eu\/wp-content\/uploads\/2026\/01\/PRZOD-1.jpg 1920w, https:\/\/www.mw-steel.eu\/wp-content\/uploads\/2026\/01\/PRZOD-1-576x324.jpg 576w, https:\/\/www.mw-steel.eu\/wp-content\/uploads\/2026\/01\/PRZOD-1-1380x776.jpg 1380w, https:\/\/www.mw-steel.eu\/wp-content\/uploads\/2026\/01\/PRZOD-1-768x432.jpg 768w, https:\/\/www.mw-steel.eu\/wp-content\/uploads\/2026\/01\/PRZOD-1-1536x864.jpg 1536w\" sizes=\"auto, (max-width: 1920px) 100vw, 1920px\" \/><\/a><\/figure>\n<\/figure>\n","protected":false},"excerpt":{"rendered":"","protected":false},"author":1,"featured_media":0,"parent":11176,"menu_order":0,"comment_status":"closed","ping_status":"closed","template":"","meta":{"_acf_changed":false,"advgb_blocks_editor_width":"","advgb_blocks_columns_visual_guide":"","_themeisle_gutenberg_block_has_review":false,"footnotes":""},"class_list":["post-10345","page","type-page","status-publish","hentry"],"acf":[],"coauthors":[],"author_meta":{"author_link":"https:\/\/www.mw-steel.eu\/ro\/author\/admin\/","display_name":"admin"},"relative_dates":{"created":"Posted 2 ani ago","modified":"Updated o s\u0103pt\u0103m\u00e2n\u0103 ago"},"absolute_dates":{"created":"Posted on 28 februarie 2024","modified":"Updated on 5 mai 2026"},"absolute_dates_time":{"created":"Posted on 28 februarie 2024 16:53","modified":"Updated on 5 mai 2026 15:22"},"featured_img_caption":"","featured_img":false,"series_order":"","_links":{"self":[{"href":"https:\/\/www.mw-steel.eu\/ro\/wp-json\/wp\/v2\/pages\/10345","targetHints":{"allow":["GET"]}}],"collection":[{"href":"https:\/\/www.mw-steel.eu\/ro\/wp-json\/wp\/v2\/pages"}],"about":[{"href":"https:\/\/www.mw-steel.eu\/ro\/wp-json\/wp\/v2\/types\/page"}],"author":[{"embeddable":true,"href":"https:\/\/www.mw-steel.eu\/ro\/wp-json\/wp\/v2\/users\/1"}],"replies":[{"embeddable":true,"href":"https:\/\/www.mw-steel.eu\/ro\/wp-json\/wp\/v2\/comments?post=10345"}],"version-history":[{"count":1,"href":"https:\/\/www.mw-steel.eu\/ro\/wp-json\/wp\/v2\/pages\/10345\/revisions"}],"predecessor-version":[{"id":10346,"href":"https:\/\/www.mw-steel.eu\/ro\/wp-json\/wp\/v2\/pages\/10345\/revisions\/10346"}],"up":[{"embeddable":true,"href":"https:\/\/www.mw-steel.eu\/ro\/wp-json\/wp\/v2\/pages\/11176"}],"wp:attachment":[{"href":"https:\/\/www.mw-steel.eu\/ro\/wp-json\/wp\/v2\/media?parent=10345"}],"curies":[{"name":"wp","href":"https:\/\/api.w.org\/{rel}","templated":true}]}}