{"id":5656,"date":"2023-04-09T19:34:23","date_gmt":"2023-04-09T17:34:23","guid":{"rendered":"https:\/\/www.mw-steel.eu\/produkt\/darza-lapene-tegola\/"},"modified":"2023-04-09T19:34:23","modified_gmt":"2023-04-09T17:34:23","slug":"darza-lapene-tegola","status":"publish","type":"product","link":"https:\/\/www.mw-steel.eu\/lv\/produkt\/darza-lapene-tegola\/","title":{"rendered":"D\u0101rza lapene &#8211; Tegola"},"content":{"rendered":"<p><strong>D\u0101rza lapene &#8220;Tegola&#8221; &#8211; m\u016bsdien\u012bgums un funkcionalit\u0101te vien\u0101<\/strong><\/p>\n<p>D\u0101rza lapene &#8220;Tegola&#8221; ir moderna un iztur\u012bga konstrukcija ar unik\u0101lu dizainu. T\u0101 ir izgatavota no augstas kvalit\u0101tes materi\u0101liem, t\u0101p\u0113c t\u0101 kalpos daudzus gadus. <\/p>\n<p>Pla\u0161s izm\u0113ru diapazons, konfigur\u0113jiet savu lapeni atbilsto\u0161i sav\u0101m vajadz\u012bb\u0101m!<\/p>\n<p><strong>Jumta tips<\/strong><\/p>\n<p>Lapene ir ar met\u0101la jumtu, kas ir iztur\u012bgs pret laikapst\u0101k\u013ciem. P\u0113c izv\u0113les ir iesp\u0113jams uzst\u0101d\u012bt met\u0101la jumtu, kas ap\u0161\u016bts ar skandin\u0101vu koku, kas nodro\u0161ina papildu aizsardz\u012bbu pret saules stariem. <\/p>\n<p><strong>Sienas konfigur\u0101cija<\/strong><\/p>\n<p>Lapenes s\u0101nu sienas un aizmuguri var br\u012bvi konfigur\u0113t. T\u0101s var b\u016bt atv\u0113rtas vai aizv\u0113rtas. <\/p>\n<p><strong>Sienu aizpild\u012bjums<\/strong><\/p>\n<p><strong>Ir pieejami tr\u012bs sienu pild\u012bjumu veidi:<\/strong><\/p>\n<ul>\n<li>lok\u0161\u0146u met\u0101ls &#8211; iztur\u012bgs un iztur\u012bgs pret laikapst\u0101k\u013ciem<\/li>\n<li>Skandin\u0101vu dab\u012bgais koks &#8211; elegants un silts<\/li>\n<li>kompoz\u012btmateri\u0101lu iekl\u0101\u0161ana &#8211; iztur\u012bgs un viegli t\u012br\u0101ms materi\u0101ls<\/li>\n<\/ul>\n<p><strong>Lapene &#8220;Tegola&#8221; ir ide\u0101la vieta, kur atp\u016bsties un relaks\u0113ties d\u0101rz\u0101.<\/strong>  Pateicoties m\u016bsdien\u012bgiem risin\u0101jumiem un modul\u0101rajai konstrukcijai, to var piel\u0101got katra klienta individu\u0101laj\u0101m vajadz\u012bb\u0101m.<\/p>\n","protected":false},"excerpt":{"rendered":"<p>D\u0101rza lapene &#8220;Tegola&#8221; &#8211; m\u016bsdien\u012bgums un funkcionalit\u0101te vien\u0101 D\u0101rza lapene &#8220;Tegola&#8221; ir moderna un iztur\u012bga konstrukcija ar unik\u0101lu dizainu. T\u0101 ir izgatavota no augstas kvalit\u0101tes materi\u0101liem, t\u0101p\u0113c t\u0101 kalpos daudzus gadus. Pla\u0161s izm\u0113ru diapazons, konfigur\u0113jiet savu lapeni atbilsto\u0161i sav\u0101m vajadz\u012bb\u0101m! Jumta tips Lapene ir ar met\u0101la jumtu, kas ir iztur\u012bgs pret laikapst\u0101k\u013ciem. P\u0113c izv\u0113les ir [&hellip;]<\/p>\n","protected":false},"author":1,"featured_media":3254,"template":"","meta":{"_acf_changed":false,"advgb_blocks_editor_width":"","advgb_blocks_columns_visual_guide":"","_themeisle_gutenberg_block_has_review":false},"product_brand":[],"product_cat":[45],"product_tag":[],"class_list":{"0":"post-5656","1":"product","2":"type-product","3":"status-publish","4":"has-post-thumbnail","6":"product_cat-darza-lapenes","8":"first","9":"instock","10":"shipping-taxable","11":"purchasable","12":"product-type-simple"},"acf":[],"featured_img":"https:\/\/www.mw-steel.eu\/wp-content\/uploads\/2026\/02\/TEGOLA-1GLOWNE-scaled.png","coauthors":[],"author_meta":{"author_link":"https:\/\/www.mw-steel.eu\/lv\/author\/admin\/","display_name":"admin"},"relative_dates":{"created":"Posted 3 gadiem ago","modified":"Updated 3 gadiem ago"},"absolute_dates":{"created":"Posted on 9. apr\u012blis, 2023.","modified":"Updated on 9. apr\u012blis, 2023."},"absolute_dates_time":{"created":"Posted on 9. apr\u012blis, 2023. 19:34","modified":"Updated on 9. apr\u012blis, 2023. 19:34"},"featured_img_caption":"","tax_additional":{"product_brand":{"linked":[],"unlinked":[],"slug":"product_brand","name":"Z\u012bmoli"},"product_type":{"linked":["<a href=\"https:\/\/www.mw-steel.eu\/lv\/?taxonomy=product_type&#038;term=simple\" class=\"advgb-post-tax-term\">simple<\/a>"],"unlinked":["<span class=\"advgb-post-tax-term\">simple<\/span>"],"slug":"product_type","name":"Produkta veids"},"product_visibility":{"linked":[],"unlinked":[],"slug":"product_visibility","name":"Produkta redzam\u012bba"},"product_cat":{"linked":["<a href=\"https:\/\/www.mw-steel.eu\/lv\/kategoria-produktu\/darza-lapenes\/\" class=\"advgb-post-tax-term\">D\u0101rza lapenes<\/a>"],"unlinked":["<span class=\"advgb-post-tax-term\">D\u0101rza lapenes<\/span>"],"slug":"product_cat","name":"Produktu kategorijas"},"product_tag":{"linked":[],"unlinked":[],"slug":"product_tag","name":"Produkta birkas"},"product_shipping_class":{"linked":[],"unlinked":[],"slug":"product_shipping_class","name":"Produktu pieg\u0101des klases"},"pos_product_visibility":{"linked":[],"unlinked":[],"slug":"pos_product_visibility","name":"POS Product visibility"},"pa_wymiar":{"linked":[],"unlinked":[],"slug":"pa_wymiar","name":"Product Wymiar"},"translation_priority":{"linked":[],"unlinked":[],"slug":"translation_priority","name":"Translation Priorities"}},"series_order":"","_links":{"self":[{"href":"https:\/\/www.mw-steel.eu\/lv\/wp-json\/wp\/v2\/product\/5656","targetHints":{"allow":["GET"]}}],"collection":[{"href":"https:\/\/www.mw-steel.eu\/lv\/wp-json\/wp\/v2\/product"}],"about":[{"href":"https:\/\/www.mw-steel.eu\/lv\/wp-json\/wp\/v2\/types\/product"}],"wp:featuredmedia":[{"embeddable":true,"href":"https:\/\/www.mw-steel.eu\/lv\/wp-json\/wp\/v2\/media\/3254"}],"wp:attachment":[{"href":"https:\/\/www.mw-steel.eu\/lv\/wp-json\/wp\/v2\/media?parent=5656"}],"wp:term":[{"taxonomy":"product_brand","embeddable":true,"href":"https:\/\/www.mw-steel.eu\/lv\/wp-json\/wp\/v2\/product_brand?post=5656"},{"taxonomy":"product_cat","embeddable":true,"href":"https:\/\/www.mw-steel.eu\/lv\/wp-json\/wp\/v2\/product_cat?post=5656"},{"taxonomy":"product_tag","embeddable":true,"href":"https:\/\/www.mw-steel.eu\/lv\/wp-json\/wp\/v2\/product_tag?post=5656"}],"curies":[{"name":"wp","href":"https:\/\/api.w.org\/{rel}","templated":true}]}}