{"id":5647,"date":"2023-04-13T17:44:52","date_gmt":"2023-04-13T15:44:52","guid":{"rendered":"https:\/\/www.mw-steel.eu\/produkt\/darza-lapene-flora\/"},"modified":"2023-04-13T17:44:52","modified_gmt":"2023-04-13T15:44:52","slug":"darza-lapene-flora","status":"publish","type":"product","link":"https:\/\/www.mw-steel.eu\/lv\/produkt\/darza-lapene-flora\/","title":{"rendered":"D\u0101rza lapene &#8211; Flora"},"content":{"rendered":"<p>Flora d\u0101rza lapene &#8211;<strong> lieliska vieta atp\u016btai<\/strong><\/p>\n<p>D\u0101rza lapene Flora ir eleganta un m\u016bsdien\u012bga atp\u016btas vieta. T\u0101s minim\u0101lisma dizains lieliski ieder\u0113sies jebkur\u0101 d\u0101rz\u0101. <\/p>\n<p><strong>Pieejam\u0101s modifik\u0101cijas:<\/strong><\/p>\n<ul>\n<li>Pla\u0161s izm\u0113ru diapazons, konfigur\u0113jiet savu lapeni atbilsto\u0161i sav\u0101m vajadz\u012bb\u0101m!<\/li>\n<li>jumta veids: met\u0101la vai met\u0101la ar skandin\u0101vu d\u0113l\u012b\u0161iem.<\/li>\n<li>s\u0101nu un aizmugures sienu konfigur\u0101cija: atkl\u0101ta vai sl\u0113gta.<\/li>\n<li>sienu aizpild\u012bjums: met\u0101la loksne, dab\u012bga skandin\u0101vu koksne vai kompoz\u012btmateri\u0101lu pl\u0101ksne.<\/li>\n<\/ul>\n<p><strong>Pas\u016btiet Flora d\u0101rza lapeni jau \u0161odien un izbaudiet skaistumu un funkcionalit\u0101ti sav\u0101 d\u0101rz\u0101!<\/strong><\/p>\n","protected":false},"excerpt":{"rendered":"<p>Flora d\u0101rza lapene &#8211; lieliska vieta atp\u016btai D\u0101rza lapene Flora ir eleganta un m\u016bsdien\u012bga atp\u016btas vieta. T\u0101s minim\u0101lisma dizains lieliski ieder\u0113sies jebkur\u0101 d\u0101rz\u0101. Pieejam\u0101s modifik\u0101cijas: Pla\u0161s izm\u0113ru diapazons, konfigur\u0113jiet savu lapeni atbilsto\u0161i sav\u0101m vajadz\u012bb\u0101m! jumta veids: met\u0101la vai met\u0101la ar skandin\u0101vu d\u0113l\u012b\u0161iem. s\u0101nu un aizmugures sienu konfigur\u0101cija: atkl\u0101ta vai sl\u0113gta. sienu aizpild\u012bjums: met\u0101la loksne, dab\u012bga [&hellip;]<\/p>\n","protected":false},"author":1,"featured_media":3209,"template":"","meta":{"_acf_changed":false,"advgb_blocks_editor_width":"","advgb_blocks_columns_visual_guide":"","_themeisle_gutenberg_block_has_review":false},"product_brand":[],"product_cat":[45],"product_tag":[],"class_list":{"0":"post-5647","1":"product","2":"type-product","3":"status-publish","4":"has-post-thumbnail","6":"product_cat-darza-lapenes","8":"first","9":"instock","10":"shipping-taxable","11":"purchasable","12":"product-type-simple"},"acf":[],"featured_img":"https:\/\/www.mw-steel.eu\/wp-content\/uploads\/2026\/02\/FLORA-1GLOWNE-scaled.jpeg","coauthors":[],"author_meta":{"author_link":"https:\/\/www.mw-steel.eu\/lv\/author\/admin\/","display_name":"admin"},"relative_dates":{"created":"Posted 3 gadiem ago","modified":"Updated 3 gadiem ago"},"absolute_dates":{"created":"Posted on 13. apr\u012blis, 2023.","modified":"Updated on 13. apr\u012blis, 2023."},"absolute_dates_time":{"created":"Posted on 13. apr\u012blis, 2023. 17:44","modified":"Updated on 13. apr\u012blis, 2023. 17:44"},"featured_img_caption":"","tax_additional":{"product_brand":{"linked":[],"unlinked":[],"slug":"product_brand","name":"Z\u012bmoli"},"product_type":{"linked":["<a href=\"https:\/\/www.mw-steel.eu\/lv\/?taxonomy=product_type&#038;term=simple\" class=\"advgb-post-tax-term\">simple<\/a>"],"unlinked":["<span class=\"advgb-post-tax-term\">simple<\/span>"],"slug":"product_type","name":"Produkta veids"},"product_visibility":{"linked":[],"unlinked":[],"slug":"product_visibility","name":"Produkta redzam\u012bba"},"product_cat":{"linked":["<a href=\"https:\/\/www.mw-steel.eu\/lv\/kategoria-produktu\/darza-lapenes\/\" class=\"advgb-post-tax-term\">D\u0101rza lapenes<\/a>"],"unlinked":["<span class=\"advgb-post-tax-term\">D\u0101rza lapenes<\/span>"],"slug":"product_cat","name":"Produktu kategorijas"},"product_tag":{"linked":[],"unlinked":[],"slug":"product_tag","name":"Produkta birkas"},"product_shipping_class":{"linked":[],"unlinked":[],"slug":"product_shipping_class","name":"Produktu pieg\u0101des klases"},"pos_product_visibility":{"linked":[],"unlinked":[],"slug":"pos_product_visibility","name":"POS Product visibility"},"pa_wymiar":{"linked":[],"unlinked":[],"slug":"pa_wymiar","name":"Product Wymiar"},"translation_priority":{"linked":[],"unlinked":[],"slug":"translation_priority","name":"Translation Priorities"}},"series_order":"","_links":{"self":[{"href":"https:\/\/www.mw-steel.eu\/lv\/wp-json\/wp\/v2\/product\/5647","targetHints":{"allow":["GET"]}}],"collection":[{"href":"https:\/\/www.mw-steel.eu\/lv\/wp-json\/wp\/v2\/product"}],"about":[{"href":"https:\/\/www.mw-steel.eu\/lv\/wp-json\/wp\/v2\/types\/product"}],"wp:featuredmedia":[{"embeddable":true,"href":"https:\/\/www.mw-steel.eu\/lv\/wp-json\/wp\/v2\/media\/3209"}],"wp:attachment":[{"href":"https:\/\/www.mw-steel.eu\/lv\/wp-json\/wp\/v2\/media?parent=5647"}],"wp:term":[{"taxonomy":"product_brand","embeddable":true,"href":"https:\/\/www.mw-steel.eu\/lv\/wp-json\/wp\/v2\/product_brand?post=5647"},{"taxonomy":"product_cat","embeddable":true,"href":"https:\/\/www.mw-steel.eu\/lv\/wp-json\/wp\/v2\/product_cat?post=5647"},{"taxonomy":"product_tag","embeddable":true,"href":"https:\/\/www.mw-steel.eu\/lv\/wp-json\/wp\/v2\/product_tag?post=5647"}],"curies":[{"name":"wp","href":"https:\/\/api.w.org\/{rel}","templated":true}]}}