{"id":5644,"date":"2023-04-14T17:35:28","date_gmt":"2023-04-14T15:35:28","guid":{"rendered":"https:\/\/www.mw-steel.eu\/produkt\/darza-lapene-botanix\/"},"modified":"2023-04-14T17:35:28","modified_gmt":"2023-04-14T15:35:28","slug":"darza-lapene-botanix","status":"publish","type":"product","link":"https:\/\/www.mw-steel.eu\/lv\/produkt\/darza-lapene-botanix\/","title":{"rendered":"D\u0101rza lapene &#8211; Botanix"},"content":{"rendered":"<p><strong>D\u0101rza lapene &#8220;Botanix&#8221; &#8211; m\u016bsdien\u012bgums un robustums vien\u0101.<\/strong><\/p>\n<p>\u0160is unik\u0101lais modelis ir rad\u012bts, dom\u0101jot par iztur\u012bbu un nep\u0101rsp\u0113jamu est\u0113tiku. M\u0113s pied\u0101v\u0101jam pla\u0161u izm\u0113ru kl\u0101stu, konfigur\u0113jiet lapeni atbilsto\u0161i sav\u0101m vajadz\u012bb\u0101m! <\/p>\n<p>Izv\u0113lieties no diviem jumta veidiem: standarta met\u0101la vai <strong>met\u0101la ar skandin\u0101vu d\u0113\u013cu oder\u0113jumu<\/strong> papildu aizsardz\u012bbai pret saules stariem.<\/p>\n<p>Konfigur\u0113jiet s\u0101nu un aizmugures sienas atbilsto\u0161i sav\u0101m v\u0113lm\u0113m <strong>&#8211; atkl\u0101tas vai sl\u0113gtas<\/strong>.<\/p>\n<p>Izv\u0113lieties vienu no trim sienu aizpild\u012bjuma veidiem: met\u0101la loksnes, dab\u012bg\u0101 skandin\u0101vu koka vai kompoz\u012btmateri\u0101lu pl\u0101tnes.<\/p>\n<p><strong>&#8220;Botanix&#8221; nav tikai lapene,<\/strong> t\u0101 ir iesp\u0113ja izveidot unik\u0101lu st\u016br\u012bti sav\u0101 d\u0101rz\u0101. T\u0101s robustums, unik\u0101lais dizains un konfigur\u0101cijas elast\u012bgums padar\u012bs to par lielisku papildin\u0101jumu j\u016bsu \u0101ra telpai. <\/p>\n","protected":false},"excerpt":{"rendered":"<p>D\u0101rza lapene &#8220;Botanix&#8221; &#8211; m\u016bsdien\u012bgums un robustums vien\u0101. \u0160is unik\u0101lais modelis ir rad\u012bts, dom\u0101jot par iztur\u012bbu un nep\u0101rsp\u0113jamu est\u0113tiku. M\u0113s pied\u0101v\u0101jam pla\u0161u izm\u0113ru kl\u0101stu, konfigur\u0113jiet lapeni atbilsto\u0161i sav\u0101m vajadz\u012bb\u0101m! Izv\u0113lieties no diviem jumta veidiem: standarta met\u0101la vai met\u0101la ar skandin\u0101vu d\u0113\u013cu oder\u0113jumu papildu aizsardz\u012bbai pret saules stariem. Konfigur\u0113jiet s\u0101nu un aizmugures sienas atbilsto\u0161i sav\u0101m v\u0113lm\u0113m [&hellip;]<\/p>\n","protected":false},"author":1,"featured_media":3185,"template":"","meta":{"_acf_changed":false,"advgb_blocks_editor_width":"","advgb_blocks_columns_visual_guide":"","_themeisle_gutenberg_block_has_review":false},"product_brand":[],"product_cat":[45],"product_tag":[],"class_list":{"0":"post-5644","1":"product","2":"type-product","3":"status-publish","4":"has-post-thumbnail","6":"product_cat-darza-lapenes","8":"first","9":"instock","10":"shipping-taxable","11":"purchasable","12":"product-type-simple"},"acf":[],"featured_img":"https:\/\/www.mw-steel.eu\/wp-content\/uploads\/2026\/02\/BOTANIX-1GLOWNE-scaled.jpeg","coauthors":[],"author_meta":{"author_link":"https:\/\/www.mw-steel.eu\/lv\/author\/admin\/","display_name":"admin"},"relative_dates":{"created":"Posted 3 gadiem ago","modified":"Updated 3 gadiem ago"},"absolute_dates":{"created":"Posted on 14. apr\u012blis, 2023.","modified":"Updated on 14. apr\u012blis, 2023."},"absolute_dates_time":{"created":"Posted on 14. apr\u012blis, 2023. 17:35","modified":"Updated on 14. apr\u012blis, 2023. 17:35"},"featured_img_caption":"","tax_additional":{"product_brand":{"linked":[],"unlinked":[],"slug":"product_brand","name":"Z\u012bmoli"},"product_type":{"linked":["<a href=\"https:\/\/www.mw-steel.eu\/lv\/?taxonomy=product_type&#038;term=simple\" class=\"advgb-post-tax-term\">simple<\/a>"],"unlinked":["<span class=\"advgb-post-tax-term\">simple<\/span>"],"slug":"product_type","name":"Produkta veids"},"product_visibility":{"linked":[],"unlinked":[],"slug":"product_visibility","name":"Produkta redzam\u012bba"},"product_cat":{"linked":["<a href=\"https:\/\/www.mw-steel.eu\/lv\/kategoria-produktu\/darza-lapenes\/\" class=\"advgb-post-tax-term\">D\u0101rza lapenes<\/a>"],"unlinked":["<span class=\"advgb-post-tax-term\">D\u0101rza lapenes<\/span>"],"slug":"product_cat","name":"Produktu kategorijas"},"product_tag":{"linked":[],"unlinked":[],"slug":"product_tag","name":"Produkta birkas"},"product_shipping_class":{"linked":[],"unlinked":[],"slug":"product_shipping_class","name":"Produktu pieg\u0101des klases"},"pos_product_visibility":{"linked":[],"unlinked":[],"slug":"pos_product_visibility","name":"POS Product visibility"},"pa_wymiar":{"linked":[],"unlinked":[],"slug":"pa_wymiar","name":"Product Wymiar"},"translation_priority":{"linked":[],"unlinked":[],"slug":"translation_priority","name":"Translation Priorities"}},"series_order":"","_links":{"self":[{"href":"https:\/\/www.mw-steel.eu\/lv\/wp-json\/wp\/v2\/product\/5644","targetHints":{"allow":["GET"]}}],"collection":[{"href":"https:\/\/www.mw-steel.eu\/lv\/wp-json\/wp\/v2\/product"}],"about":[{"href":"https:\/\/www.mw-steel.eu\/lv\/wp-json\/wp\/v2\/types\/product"}],"wp:featuredmedia":[{"embeddable":true,"href":"https:\/\/www.mw-steel.eu\/lv\/wp-json\/wp\/v2\/media\/3185"}],"wp:attachment":[{"href":"https:\/\/www.mw-steel.eu\/lv\/wp-json\/wp\/v2\/media?parent=5644"}],"wp:term":[{"taxonomy":"product_brand","embeddable":true,"href":"https:\/\/www.mw-steel.eu\/lv\/wp-json\/wp\/v2\/product_brand?post=5644"},{"taxonomy":"product_cat","embeddable":true,"href":"https:\/\/www.mw-steel.eu\/lv\/wp-json\/wp\/v2\/product_cat?post=5644"},{"taxonomy":"product_tag","embeddable":true,"href":"https:\/\/www.mw-steel.eu\/lv\/wp-json\/wp\/v2\/product_tag?post=5644"}],"curies":[{"name":"wp","href":"https:\/\/api.w.org\/{rel}","templated":true}]}}