{"id":5172,"date":"2023-10-04T16:41:29","date_gmt":"2023-10-04T14:41:29","guid":{"rendered":"https:\/\/www.mw-steel.eu\/probniki-kolorow\/loksnu-metala-krasas\/"},"modified":"2026-04-15T18:41:41","modified_gmt":"2026-04-15T16:41:41","slug":"loksnu-metala-krasas","status":"publish","type":"page","link":"https:\/\/www.mw-steel.eu\/lv\/probniki-kolorow\/loksnu-metala-krasas\/","title":{"rendered":"Lok\u0161\u0146u met\u0101la kr\u0101sas"},"content":{"rendered":"\n<h2 class=\"wp-block-heading\">Trapecveida loksnes<\/h2>\n\n<p>Trapecveida lok\u0161\u0146u loksnes raksturo pla\u0161a kr\u0101su izv\u0113le, k\u0101 ar\u012b izcila iztur\u012bba un iztur\u012bba. T\u0101p\u0113c \u0161is materi\u0101ls ir ide\u0101li piem\u0113rots visda\u017e\u0101d\u0101kajiem pielietojumiem, s\u0101kot no jumtiem l\u012bdz \u0113ku fas\u0101d\u0113m. Svar\u012bgi, ka trapecveida lok\u0161\u0146u segumam nav nepiecie\u0161ama hidroizol\u0101cija vai speci\u0101la kop\u0161ana, kas noz\u012bm\u0113 laika un uztur\u0113\u0161anas izmaksu ietaup\u012bjumu.<\/p>\n\n<p>Turkl\u0101t loksnes iek\u0161pus\u0113 ir neitr\u0101la kr\u0101sa, kas var at\u0161\u0137irties no partijas uz partiju. Tas padara to par univers\u0101lu materi\u0101lu, kas piel\u0101gojas da\u017e\u0101diem b\u016bvniec\u012bbas projektiem, vienlaikus saglab\u0101jot t\u0101 unik\u0101l\u0101s \u012bpa\u0161\u012bbas.<\/p>\n\n<h2 class=\"wp-block-heading\">Pieejam\u0101s kr\u0101sas<\/h2>\n\n<figure class=\"wp-block-gallery has-nested-images columns-4 is-cropped wp-block-gallery-1 is-layout-flex wp-block-gallery-is-layout-flex\">\n<figure class=\"wp-block-image size-large\"><a href=\"https:\/\/www.mw-steel.eu\/wp-content\/uploads\/2023\/10\/1.WHITE_-scaled.jpg\"><img loading=\"lazy\" decoding=\"async\" width=\"2560\" height=\"1920\" data-id=\"975\" src=\"https:\/\/www.mw-steel.eu\/wp-content\/uploads\/2023\/10\/1.WHITE_-scaled.jpg\" alt=\"\" class=\"wp-image-975\" srcset=\"https:\/\/www.mw-steel.eu\/wp-content\/uploads\/2023\/10\/1.WHITE_-scaled.jpg 2560w, https:\/\/www.mw-steel.eu\/wp-content\/uploads\/2023\/10\/1.WHITE_-scaled-576x432.jpg 576w, https:\/\/www.mw-steel.eu\/wp-content\/uploads\/2023\/10\/1.WHITE_-scaled-1380x1035.jpg 1380w, https:\/\/www.mw-steel.eu\/wp-content\/uploads\/2023\/10\/1.WHITE_-768x576.jpg 768w, https:\/\/www.mw-steel.eu\/wp-content\/uploads\/2023\/10\/1.WHITE_-1536x1152.jpg 1536w, https:\/\/www.mw-steel.eu\/wp-content\/uploads\/2023\/10\/1.WHITE_-2048x1536.jpg 2048w\" sizes=\"auto, (max-width: 2560px) 100vw, 2560px\" \/><\/a><figcaption class=\"wp-element-caption\">WHITE<\/figcaption><\/figure>\n\n\n\n<figure class=\"wp-block-image size-large\"><a href=\"https:\/\/www.mw-steel.eu\/wp-content\/uploads\/2023\/10\/2.WINCHESTER-scaled.jpg\"><img loading=\"lazy\" decoding=\"async\" width=\"2560\" height=\"1920\" data-id=\"976\" src=\"https:\/\/www.mw-steel.eu\/wp-content\/uploads\/2023\/10\/2.WINCHESTER-scaled.jpg\" alt=\"\" class=\"wp-image-976\" srcset=\"https:\/\/www.mw-steel.eu\/wp-content\/uploads\/2023\/10\/2.WINCHESTER-scaled.jpg 2560w, https:\/\/www.mw-steel.eu\/wp-content\/uploads\/2023\/10\/2.WINCHESTER-scaled-576x432.jpg 576w, https:\/\/www.mw-steel.eu\/wp-content\/uploads\/2023\/10\/2.WINCHESTER-scaled-1380x1035.jpg 1380w, https:\/\/www.mw-steel.eu\/wp-content\/uploads\/2023\/10\/2.WINCHESTER-768x576.jpg 768w, https:\/\/www.mw-steel.eu\/wp-content\/uploads\/2023\/10\/2.WINCHESTER-1536x1152.jpg 1536w, https:\/\/www.mw-steel.eu\/wp-content\/uploads\/2023\/10\/2.WINCHESTER-2048x1536.jpg 2048w\" sizes=\"auto, (max-width: 2560px) 100vw, 2560px\" \/><\/a><figcaption class=\"wp-element-caption\">WINCHESTER<\/figcaption><\/figure>\n\n\n\n<figure class=\"wp-block-image size-large\"><a href=\"https:\/\/www.mw-steel.eu\/wp-content\/uploads\/2023\/10\/3.GOLDEN-OAK-scaled.jpg\"><img loading=\"lazy\" decoding=\"async\" width=\"2560\" height=\"1920\" data-id=\"977\" src=\"https:\/\/www.mw-steel.eu\/wp-content\/uploads\/2023\/10\/3.GOLDEN-OAK-scaled.jpg\" alt=\"\" class=\"wp-image-977\" srcset=\"https:\/\/www.mw-steel.eu\/wp-content\/uploads\/2023\/10\/3.GOLDEN-OAK-scaled.jpg 2560w, https:\/\/www.mw-steel.eu\/wp-content\/uploads\/2023\/10\/3.GOLDEN-OAK-scaled-576x432.jpg 576w, https:\/\/www.mw-steel.eu\/wp-content\/uploads\/2023\/10\/3.GOLDEN-OAK-scaled-1380x1035.jpg 1380w, https:\/\/www.mw-steel.eu\/wp-content\/uploads\/2023\/10\/3.GOLDEN-OAK-768x576.jpg 768w, https:\/\/www.mw-steel.eu\/wp-content\/uploads\/2023\/10\/3.GOLDEN-OAK-1536x1152.jpg 1536w, https:\/\/www.mw-steel.eu\/wp-content\/uploads\/2023\/10\/3.GOLDEN-OAK-2048x1536.jpg 2048w\" sizes=\"auto, (max-width: 2560px) 100vw, 2560px\" \/><\/a><figcaption class=\"wp-element-caption\">GOLDEN OAK<\/figcaption><\/figure>\n\n\n\n<figure class=\"wp-block-image size-large\"><a href=\"https:\/\/www.mw-steel.eu\/wp-content\/uploads\/2023\/10\/4.WALNUT-scaled.jpg\"><img loading=\"lazy\" decoding=\"async\" width=\"2560\" height=\"1920\" data-id=\"978\" src=\"https:\/\/www.mw-steel.eu\/wp-content\/uploads\/2023\/10\/4.WALNUT-scaled.jpg\" alt=\"\" class=\"wp-image-978\" srcset=\"https:\/\/www.mw-steel.eu\/wp-content\/uploads\/2023\/10\/4.WALNUT-scaled.jpg 2560w, https:\/\/www.mw-steel.eu\/wp-content\/uploads\/2023\/10\/4.WALNUT-scaled-576x432.jpg 576w, https:\/\/www.mw-steel.eu\/wp-content\/uploads\/2023\/10\/4.WALNUT-scaled-1380x1035.jpg 1380w, https:\/\/www.mw-steel.eu\/wp-content\/uploads\/2023\/10\/4.WALNUT-768x576.jpg 768w, https:\/\/www.mw-steel.eu\/wp-content\/uploads\/2023\/10\/4.WALNUT-1536x1152.jpg 1536w, https:\/\/www.mw-steel.eu\/wp-content\/uploads\/2023\/10\/4.WALNUT-2048x1536.jpg 2048w\" sizes=\"auto, (max-width: 2560px) 100vw, 2560px\" \/><\/a><figcaption class=\"wp-element-caption\">WALNUT<\/figcaption><\/figure>\n\n\n\n<figure class=\"wp-block-image size-large\"><a href=\"https:\/\/www.mw-steel.eu\/wp-content\/uploads\/2023\/10\/5.GREEN_-scaled.jpg\"><img loading=\"lazy\" decoding=\"async\" width=\"2560\" height=\"1920\" data-id=\"979\" src=\"https:\/\/www.mw-steel.eu\/wp-content\/uploads\/2023\/10\/5.GREEN_-scaled.jpg\" alt=\"\" class=\"wp-image-979\" srcset=\"https:\/\/www.mw-steel.eu\/wp-content\/uploads\/2023\/10\/5.GREEN_-scaled.jpg 2560w, https:\/\/www.mw-steel.eu\/wp-content\/uploads\/2023\/10\/5.GREEN_-scaled-576x432.jpg 576w, https:\/\/www.mw-steel.eu\/wp-content\/uploads\/2023\/10\/5.GREEN_-scaled-1380x1035.jpg 1380w, https:\/\/www.mw-steel.eu\/wp-content\/uploads\/2023\/10\/5.GREEN_-768x576.jpg 768w, https:\/\/www.mw-steel.eu\/wp-content\/uploads\/2023\/10\/5.GREEN_-1536x1152.jpg 1536w, https:\/\/www.mw-steel.eu\/wp-content\/uploads\/2023\/10\/5.GREEN_-2048x1536.jpg 2048w\" sizes=\"auto, (max-width: 2560px) 100vw, 2560px\" \/><\/a><figcaption class=\"wp-element-caption\">GREEN<\/figcaption><\/figure>\n\n\n\n<figure class=\"wp-block-image size-large\"><a href=\"https:\/\/www.mw-steel.eu\/wp-content\/uploads\/2023\/10\/6.GRAY_-scaled.jpg\"><img loading=\"lazy\" decoding=\"async\" width=\"2560\" height=\"1920\" data-id=\"980\" src=\"https:\/\/www.mw-steel.eu\/wp-content\/uploads\/2023\/10\/6.GRAY_-scaled.jpg\" alt=\"\" class=\"wp-image-980\" srcset=\"https:\/\/www.mw-steel.eu\/wp-content\/uploads\/2023\/10\/6.GRAY_-scaled.jpg 2560w, https:\/\/www.mw-steel.eu\/wp-content\/uploads\/2023\/10\/6.GRAY_-scaled-576x432.jpg 576w, https:\/\/www.mw-steel.eu\/wp-content\/uploads\/2023\/10\/6.GRAY_-scaled-1380x1035.jpg 1380w, https:\/\/www.mw-steel.eu\/wp-content\/uploads\/2023\/10\/6.GRAY_-768x576.jpg 768w, https:\/\/www.mw-steel.eu\/wp-content\/uploads\/2023\/10\/6.GRAY_-1536x1152.jpg 1536w, https:\/\/www.mw-steel.eu\/wp-content\/uploads\/2023\/10\/6.GRAY_-2048x1536.jpg 2048w\" sizes=\"auto, (max-width: 2560px) 100vw, 2560px\" \/><\/a><figcaption class=\"wp-element-caption\">GRAY<\/figcaption><\/figure>\n\n\n\n<figure class=\"wp-block-image size-large\"><a href=\"https:\/\/www.mw-steel.eu\/wp-content\/uploads\/2023\/10\/7.BLACK_-scaled.jpg\"><img loading=\"lazy\" decoding=\"async\" width=\"2560\" height=\"1920\" data-id=\"981\" src=\"https:\/\/www.mw-steel.eu\/wp-content\/uploads\/2023\/10\/7.BLACK_-scaled.jpg\" alt=\"\" class=\"wp-image-981\" srcset=\"https:\/\/www.mw-steel.eu\/wp-content\/uploads\/2023\/10\/7.BLACK_-scaled.jpg 2560w, https:\/\/www.mw-steel.eu\/wp-content\/uploads\/2023\/10\/7.BLACK_-scaled-576x432.jpg 576w, https:\/\/www.mw-steel.eu\/wp-content\/uploads\/2023\/10\/7.BLACK_-scaled-1380x1035.jpg 1380w, https:\/\/www.mw-steel.eu\/wp-content\/uploads\/2023\/10\/7.BLACK_-768x576.jpg 768w, https:\/\/www.mw-steel.eu\/wp-content\/uploads\/2023\/10\/7.BLACK_-1536x1152.jpg 1536w, https:\/\/www.mw-steel.eu\/wp-content\/uploads\/2023\/10\/7.BLACK_-2048x1536.jpg 2048w\" sizes=\"auto, (max-width: 2560px) 100vw, 2560px\" \/><\/a><figcaption class=\"wp-element-caption\">BLACK<\/figcaption><\/figure>\n<\/figure>\n\n<div style=\"height:32px\" aria-hidden=\"true\" class=\"wp-block-spacer\"><\/div>\n\n<h2 class=\"wp-block-heading\">Apl\u016bkojiet, k\u0101 izskat\u0101s lok\u0161\u0146u met\u0101ls kl\u0101tien\u0113<\/h2>\n\n<figure class=\"wp-block-embed is-type-video is-provider-youtube wp-block-embed-youtube wp-embed-aspect-16-9 wp-has-aspect-ratio\"><div class=\"wp-block-embed__wrapper\">\n<iframe loading=\"lazy\" title=\"METAL\" width=\"1200\" height=\"675\" src=\"https:\/\/www.youtube.com\/embed\/H13Xmh_5-9I?feature=oembed\" frameborder=\"0\" allow=\"accelerometer; autoplay; clipboard-write; encrypted-media; gyroscope; picture-in-picture; web-share\" referrerpolicy=\"strict-origin-when-cross-origin\" allowfullscreen><\/iframe>\n<\/div><\/figure>\n","protected":false},"excerpt":{"rendered":"<p>Trapecveida loksnes Trapecveida lok\u0161\u0146u loksnes raksturo pla\u0161a kr\u0101su izv\u0113le, k\u0101 ar\u012b izcila iztur\u012bba un iztur\u012bba. T\u0101p\u0113c \u0161is materi\u0101ls ir ide\u0101li piem\u0113rots visda\u017e\u0101d\u0101kajiem pielietojumiem, s\u0101kot no jumtiem l\u012bdz \u0113ku fas\u0101d\u0113m. Svar\u012bgi, ka trapecveida lok\u0161\u0146u segumam nav nepiecie\u0161ama hidroizol\u0101cija vai speci\u0101la kop\u0161ana, kas noz\u012bm\u0113 laika un uztur\u0113\u0161anas izmaksu ietaup\u012bjumu. Turkl\u0101t loksnes iek\u0161pus\u0113 ir neitr\u0101la kr\u0101sa, kas var [&hellip;]<\/p>\n","protected":false},"author":1,"featured_media":0,"parent":5162,"menu_order":0,"comment_status":"closed","ping_status":"closed","template":"","meta":{"_acf_changed":false,"advgb_blocks_editor_width":"","advgb_blocks_columns_visual_guide":"","_themeisle_gutenberg_block_has_review":false,"footnotes":""},"class_list":["post-5172","page","type-page","status-publish","hentry"],"acf":[],"coauthors":[],"author_meta":{"author_link":"https:\/\/www.mw-steel.eu\/lv\/author\/admin\/","display_name":"admin"},"relative_dates":{"created":"Posted 3 gadiem ago","modified":"Updated 1 m\u0113ne\u0161iem ago"},"absolute_dates":{"created":"Posted on 4. oktobris, 2023.","modified":"Updated on 15. apr\u012blis, 2026."},"absolute_dates_time":{"created":"Posted on 4. oktobris, 2023. 16:41","modified":"Updated on 15. apr\u012blis, 2026. 18:41"},"featured_img_caption":"","featured_img":false,"series_order":"","_links":{"self":[{"href":"https:\/\/www.mw-steel.eu\/lv\/wp-json\/wp\/v2\/pages\/5172","targetHints":{"allow":["GET"]}}],"collection":[{"href":"https:\/\/www.mw-steel.eu\/lv\/wp-json\/wp\/v2\/pages"}],"about":[{"href":"https:\/\/www.mw-steel.eu\/lv\/wp-json\/wp\/v2\/types\/page"}],"author":[{"embeddable":true,"href":"https:\/\/www.mw-steel.eu\/lv\/wp-json\/wp\/v2\/users\/1"}],"replies":[{"embeddable":true,"href":"https:\/\/www.mw-steel.eu\/lv\/wp-json\/wp\/v2\/comments?post=5172"}],"version-history":[{"count":3,"href":"https:\/\/www.mw-steel.eu\/lv\/wp-json\/wp\/v2\/pages\/5172\/revisions"}],"predecessor-version":[{"id":5475,"href":"https:\/\/www.mw-steel.eu\/lv\/wp-json\/wp\/v2\/pages\/5172\/revisions\/5475"}],"up":[{"embeddable":true,"href":"https:\/\/www.mw-steel.eu\/lv\/wp-json\/wp\/v2\/pages\/5162"}],"wp:attachment":[{"href":"https:\/\/www.mw-steel.eu\/lv\/wp-json\/wp\/v2\/media?parent=5172"}],"curies":[{"name":"wp","href":"https:\/\/api.w.org\/{rel}","templated":true}]}}