{"id":4151,"date":"2023-04-25T10:55:14","date_gmt":"2023-04-25T08:55:14","guid":{"rendered":"https:\/\/www.mw-steel.eu\/pradeti\/"},"modified":"2026-05-07T19:44:38","modified_gmt":"2026-05-07T17:44:38","slug":"pradeti","status":"publish","type":"page","link":"https:\/\/www.mw-steel.eu\/lt\/","title":{"rendered":"Prad\u0117ti"},"content":{"rendered":"\n<figure class=\"wp-block-gallery has-nested-images columns-4 is-cropped wp-block-gallery-1 is-layout-flex wp-block-gallery-is-layout-flex\">\n<figure class=\"wp-block-image size-large\"><a href=\"https:\/\/www.mw-steel.eu\/wp-content\/uploads\/2026\/02\/DH6-3-scaled.jpg\"><img loading=\"lazy\" decoding=\"async\" width=\"2560\" height=\"1429\" data-id=\"3430\" src=\"https:\/\/www.mw-steel.eu\/wp-content\/uploads\/2026\/02\/DH6-3-scaled.jpg\" alt=\"\" class=\"wp-image-3430\" srcset=\"https:\/\/www.mw-steel.eu\/wp-content\/uploads\/2026\/02\/DH6-3-scaled.jpg 2560w, https:\/\/www.mw-steel.eu\/wp-content\/uploads\/2026\/02\/DH6-3-scaled-576x322.jpg 576w, https:\/\/www.mw-steel.eu\/wp-content\/uploads\/2026\/02\/DH6-3-scaled-1380x770.jpg 1380w, https:\/\/www.mw-steel.eu\/wp-content\/uploads\/2026\/02\/DH6-3-768x429.jpg 768w, https:\/\/www.mw-steel.eu\/wp-content\/uploads\/2026\/02\/DH6-3-1536x857.jpg 1536w, https:\/\/www.mw-steel.eu\/wp-content\/uploads\/2026\/02\/DH6-3-2048x1143.jpg 2048w\" sizes=\"auto, (max-width: 2560px) 100vw, 2560px\" \/><\/a><\/figure>\n\n\n\n<figure class=\"wp-block-image size-large\"><a href=\"https:\/\/www.mw-steel.eu\/wp-content\/uploads\/2026\/02\/SKYGLOW-4-scaled.jpeg\"><img loading=\"lazy\" decoding=\"async\" width=\"2560\" height=\"1429\" data-id=\"3245\" src=\"https:\/\/www.mw-steel.eu\/wp-content\/uploads\/2026\/02\/SKYGLOW-4-scaled.jpeg\" alt=\"\" class=\"wp-image-3245\" srcset=\"https:\/\/www.mw-steel.eu\/wp-content\/uploads\/2026\/02\/SKYGLOW-4-scaled.jpeg 2560w, https:\/\/www.mw-steel.eu\/wp-content\/uploads\/2026\/02\/SKYGLOW-4-scaled-576x322.jpeg 576w, https:\/\/www.mw-steel.eu\/wp-content\/uploads\/2026\/02\/SKYGLOW-4-scaled-1380x770.jpeg 1380w, https:\/\/www.mw-steel.eu\/wp-content\/uploads\/2026\/02\/SKYGLOW-4-768x429.jpeg 768w, https:\/\/www.mw-steel.eu\/wp-content\/uploads\/2026\/02\/SKYGLOW-4-1536x857.jpeg 1536w, https:\/\/www.mw-steel.eu\/wp-content\/uploads\/2026\/02\/SKYGLOW-4-2048x1143.jpeg 2048w\" sizes=\"auto, (max-width: 2560px) 100vw, 2560px\" \/><\/a><\/figure>\n\n\n\n<figure class=\"wp-block-image size-large\"><a href=\"https:\/\/www.mw-steel.eu\/wp-content\/uploads\/2026\/02\/LINEA-10.jpg\"><img loading=\"lazy\" decoding=\"async\" width=\"2462\" height=\"1375\" data-id=\"3163\" src=\"https:\/\/www.mw-steel.eu\/wp-content\/uploads\/2026\/02\/LINEA-10.jpg\" alt=\"\" class=\"wp-image-3163\" srcset=\"https:\/\/www.mw-steel.eu\/wp-content\/uploads\/2026\/02\/LINEA-10.jpg 2462w, https:\/\/www.mw-steel.eu\/wp-content\/uploads\/2026\/02\/LINEA-10-576x322.jpg 576w, https:\/\/www.mw-steel.eu\/wp-content\/uploads\/2026\/02\/LINEA-10-1380x771.jpg 1380w, https:\/\/www.mw-steel.eu\/wp-content\/uploads\/2026\/02\/LINEA-10-768x429.jpg 768w, https:\/\/www.mw-steel.eu\/wp-content\/uploads\/2026\/02\/LINEA-10-1536x858.jpg 1536w, https:\/\/www.mw-steel.eu\/wp-content\/uploads\/2026\/02\/LINEA-10-2048x1144.jpg 2048w\" sizes=\"auto, (max-width: 2462px) 100vw, 2462px\" \/><\/a><\/figure>\n\n\n\n<figure class=\"wp-block-image size-large\"><a href=\"https:\/\/www.mw-steel.eu\/wp-content\/uploads\/2026\/02\/FUSIONE-11-scaled.jpg\"><img loading=\"lazy\" decoding=\"async\" width=\"2560\" height=\"1427\" data-id=\"3152\" src=\"https:\/\/www.mw-steel.eu\/wp-content\/uploads\/2026\/02\/FUSIONE-11-scaled.jpg\" alt=\"\" class=\"wp-image-3152\" srcset=\"https:\/\/www.mw-steel.eu\/wp-content\/uploads\/2026\/02\/FUSIONE-11-scaled.jpg 2560w, https:\/\/www.mw-steel.eu\/wp-content\/uploads\/2026\/02\/FUSIONE-11-scaled-576x321.jpg 576w, https:\/\/www.mw-steel.eu\/wp-content\/uploads\/2026\/02\/FUSIONE-11-scaled-1380x769.jpg 1380w, https:\/\/www.mw-steel.eu\/wp-content\/uploads\/2026\/02\/FUSIONE-11-768x428.jpg 768w, https:\/\/www.mw-steel.eu\/wp-content\/uploads\/2026\/02\/FUSIONE-11-1536x856.jpg 1536w, https:\/\/www.mw-steel.eu\/wp-content\/uploads\/2026\/02\/FUSIONE-11-2048x1142.jpg 2048w\" sizes=\"auto, (max-width: 2560px) 100vw, 2560px\" \/><\/a><\/figure>\n\n\n\n<figure class=\"wp-block-image size-large\"><a href=\"https:\/\/www.mw-steel.eu\/wp-content\/uploads\/2026\/02\/DH5-2-scaled.jpg\"><img loading=\"lazy\" decoding=\"async\" width=\"2560\" height=\"1429\" data-id=\"3416\" src=\"https:\/\/www.mw-steel.eu\/wp-content\/uploads\/2026\/02\/DH5-2-scaled.jpg\" alt=\"\" class=\"wp-image-3416\" srcset=\"https:\/\/www.mw-steel.eu\/wp-content\/uploads\/2026\/02\/DH5-2-scaled.jpg 2560w, https:\/\/www.mw-steel.eu\/wp-content\/uploads\/2026\/02\/DH5-2-scaled-576x322.jpg 576w, https:\/\/www.mw-steel.eu\/wp-content\/uploads\/2026\/02\/DH5-2-scaled-1380x770.jpg 1380w, https:\/\/www.mw-steel.eu\/wp-content\/uploads\/2026\/02\/DH5-2-768x429.jpg 768w, https:\/\/www.mw-steel.eu\/wp-content\/uploads\/2026\/02\/DH5-2-1536x857.jpg 1536w, https:\/\/www.mw-steel.eu\/wp-content\/uploads\/2026\/02\/DH5-2-2048x1143.jpg 2048w\" sizes=\"auto, (max-width: 2560px) 100vw, 2560px\" \/><\/a><\/figure>\n\n\n\n<figure class=\"wp-block-image size-large\"><a href=\"https:\/\/www.mw-steel.eu\/wp-content\/uploads\/2026\/02\/SKYGLOW-8-scaled.png\"><img loading=\"lazy\" decoding=\"async\" width=\"2560\" height=\"1429\" data-id=\"3249\" src=\"https:\/\/www.mw-steel.eu\/wp-content\/uploads\/2026\/02\/SKYGLOW-8-scaled.png\" alt=\"\" class=\"wp-image-3249\" srcset=\"https:\/\/www.mw-steel.eu\/wp-content\/uploads\/2026\/02\/SKYGLOW-8-scaled.png 2560w, https:\/\/www.mw-steel.eu\/wp-content\/uploads\/2026\/02\/SKYGLOW-8-scaled-576x322.png 576w, https:\/\/www.mw-steel.eu\/wp-content\/uploads\/2026\/02\/SKYGLOW-8-scaled-1380x770.png 1380w, https:\/\/www.mw-steel.eu\/wp-content\/uploads\/2026\/02\/SKYGLOW-8-768x429.png 768w, https:\/\/www.mw-steel.eu\/wp-content\/uploads\/2026\/02\/SKYGLOW-8-1536x857.png 1536w, https:\/\/www.mw-steel.eu\/wp-content\/uploads\/2026\/02\/SKYGLOW-8-2048x1143.png 2048w\" sizes=\"auto, (max-width: 2560px) 100vw, 2560px\" \/><\/a><\/figure>\n\n\n\n<figure class=\"wp-block-image size-large\"><a href=\"https:\/\/www.mw-steel.eu\/wp-content\/uploads\/2026\/02\/VENTURO-11.png\"><img loading=\"lazy\" decoding=\"async\" width=\"2526\" height=\"1410\" data-id=\"3121\" src=\"https:\/\/www.mw-steel.eu\/wp-content\/uploads\/2026\/02\/VENTURO-11.png\" alt=\"\" class=\"wp-image-3121\" srcset=\"https:\/\/www.mw-steel.eu\/wp-content\/uploads\/2026\/02\/VENTURO-11.png 2526w, https:\/\/www.mw-steel.eu\/wp-content\/uploads\/2026\/02\/VENTURO-11-576x322.png 576w, https:\/\/www.mw-steel.eu\/wp-content\/uploads\/2026\/02\/VENTURO-11-1380x770.png 1380w, https:\/\/www.mw-steel.eu\/wp-content\/uploads\/2026\/02\/VENTURO-11-768x429.png 768w, https:\/\/www.mw-steel.eu\/wp-content\/uploads\/2026\/02\/VENTURO-11-1536x857.png 1536w, https:\/\/www.mw-steel.eu\/wp-content\/uploads\/2026\/02\/VENTURO-11-2048x1143.png 2048w\" sizes=\"auto, (max-width: 2526px) 100vw, 2526px\" \/><\/a><\/figure>\n\n\n\n<figure class=\"wp-block-image size-large\"><a href=\"https:\/\/www.mw-steel.eu\/wp-content\/uploads\/2026\/02\/DH4-3-scaled.jpg\"><img loading=\"lazy\" decoding=\"async\" width=\"2560\" height=\"1429\" data-id=\"3400\" src=\"https:\/\/www.mw-steel.eu\/wp-content\/uploads\/2026\/02\/DH4-3-scaled.jpg\" alt=\"\" class=\"wp-image-3400\" srcset=\"https:\/\/www.mw-steel.eu\/wp-content\/uploads\/2026\/02\/DH4-3-scaled.jpg 2560w, https:\/\/www.mw-steel.eu\/wp-content\/uploads\/2026\/02\/DH4-3-scaled-576x322.jpg 576w, https:\/\/www.mw-steel.eu\/wp-content\/uploads\/2026\/02\/DH4-3-scaled-1380x770.jpg 1380w, https:\/\/www.mw-steel.eu\/wp-content\/uploads\/2026\/02\/DH4-3-768x429.jpg 768w, https:\/\/www.mw-steel.eu\/wp-content\/uploads\/2026\/02\/DH4-3-1536x857.jpg 1536w, https:\/\/www.mw-steel.eu\/wp-content\/uploads\/2026\/02\/DH4-3-2048x1143.jpg 2048w\" sizes=\"auto, (max-width: 2560px) 100vw, 2560px\" \/><\/a><\/figure>\n\n\n\n<figure class=\"wp-block-image size-large\"><a href=\"https:\/\/www.mw-steel.eu\/wp-content\/uploads\/2026\/02\/RIVESTIO-1GLOWNE.jpg\"><img loading=\"lazy\" decoding=\"async\" width=\"2321\" height=\"1296\" data-id=\"3166\" src=\"https:\/\/www.mw-steel.eu\/wp-content\/uploads\/2026\/02\/RIVESTIO-1GLOWNE.jpg\" alt=\"\" class=\"wp-image-3166\" srcset=\"https:\/\/www.mw-steel.eu\/wp-content\/uploads\/2026\/02\/RIVESTIO-1GLOWNE.jpg 2321w, https:\/\/www.mw-steel.eu\/wp-content\/uploads\/2026\/02\/RIVESTIO-1GLOWNE-576x322.jpg 576w, https:\/\/www.mw-steel.eu\/wp-content\/uploads\/2026\/02\/RIVESTIO-1GLOWNE-1380x771.jpg 1380w, https:\/\/www.mw-steel.eu\/wp-content\/uploads\/2026\/02\/RIVESTIO-1GLOWNE-768x429.jpg 768w, https:\/\/www.mw-steel.eu\/wp-content\/uploads\/2026\/02\/RIVESTIO-1GLOWNE-1536x858.jpg 1536w, https:\/\/www.mw-steel.eu\/wp-content\/uploads\/2026\/02\/RIVESTIO-1GLOWNE-2048x1144.jpg 2048w\" sizes=\"auto, (max-width: 2321px) 100vw, 2321px\" \/><\/a><\/figure>\n\n\n\n<figure class=\"wp-block-image size-large\"><a href=\"https:\/\/www.mw-steel.eu\/wp-content\/uploads\/2026\/02\/VENTURO-9-scaled.png\"><img loading=\"lazy\" decoding=\"async\" width=\"2560\" height=\"1429\" data-id=\"3119\" src=\"https:\/\/www.mw-steel.eu\/wp-content\/uploads\/2026\/02\/VENTURO-9-scaled.png\" alt=\"\" class=\"wp-image-3119\" srcset=\"https:\/\/www.mw-steel.eu\/wp-content\/uploads\/2026\/02\/VENTURO-9-scaled.png 2560w, https:\/\/www.mw-steel.eu\/wp-content\/uploads\/2026\/02\/VENTURO-9-scaled-576x322.png 576w, https:\/\/www.mw-steel.eu\/wp-content\/uploads\/2026\/02\/VENTURO-9-scaled-1380x770.png 1380w, https:\/\/www.mw-steel.eu\/wp-content\/uploads\/2026\/02\/VENTURO-9-768x429.png 768w, https:\/\/www.mw-steel.eu\/wp-content\/uploads\/2026\/02\/VENTURO-9-1536x857.png 1536w, https:\/\/www.mw-steel.eu\/wp-content\/uploads\/2026\/02\/VENTURO-9-2048x1143.png 2048w\" sizes=\"auto, (max-width: 2560px) 100vw, 2560px\" \/><\/a><\/figure>\n\n\n\n<figure class=\"wp-block-image size-large\"><a href=\"https:\/\/www.mw-steel.eu\/wp-content\/uploads\/2026\/02\/VERDO-5-scaled.png\"><img loading=\"lazy\" decoding=\"async\" width=\"2560\" height=\"1429\" data-id=\"3270\" src=\"https:\/\/www.mw-steel.eu\/wp-content\/uploads\/2026\/02\/VERDO-5-scaled.png\" alt=\"\" class=\"wp-image-3270\" srcset=\"https:\/\/www.mw-steel.eu\/wp-content\/uploads\/2026\/02\/VERDO-5-scaled.png 2560w, https:\/\/www.mw-steel.eu\/wp-content\/uploads\/2026\/02\/VERDO-5-scaled-576x322.png 576w, https:\/\/www.mw-steel.eu\/wp-content\/uploads\/2026\/02\/VERDO-5-scaled-1380x770.png 1380w, https:\/\/www.mw-steel.eu\/wp-content\/uploads\/2026\/02\/VERDO-5-768x429.png 768w, https:\/\/www.mw-steel.eu\/wp-content\/uploads\/2026\/02\/VERDO-5-1536x857.png 1536w, https:\/\/www.mw-steel.eu\/wp-content\/uploads\/2026\/02\/VERDO-5-2048x1143.png 2048w\" sizes=\"auto, (max-width: 2560px) 100vw, 2560px\" \/><\/a><\/figure>\n\n\n\n<figure class=\"wp-block-image size-large\"><a href=\"https:\/\/www.mw-steel.eu\/wp-content\/uploads\/2026\/02\/CANTO-8.png\"><img loading=\"lazy\" decoding=\"async\" width=\"2449\" height=\"1365\" data-id=\"3043\" src=\"https:\/\/www.mw-steel.eu\/wp-content\/uploads\/2026\/02\/CANTO-8.png\" alt=\"\" class=\"wp-image-3043\" srcset=\"https:\/\/www.mw-steel.eu\/wp-content\/uploads\/2026\/02\/CANTO-8.png 2449w, https:\/\/www.mw-steel.eu\/wp-content\/uploads\/2026\/02\/CANTO-8-576x321.png 576w, https:\/\/www.mw-steel.eu\/wp-content\/uploads\/2026\/02\/CANTO-8-1380x769.png 1380w, https:\/\/www.mw-steel.eu\/wp-content\/uploads\/2026\/02\/CANTO-8-768x428.png 768w, https:\/\/www.mw-steel.eu\/wp-content\/uploads\/2026\/02\/CANTO-8-1536x856.png 1536w, https:\/\/www.mw-steel.eu\/wp-content\/uploads\/2026\/02\/CANTO-8-2048x1141.png 2048w\" sizes=\"auto, (max-width: 2449px) 100vw, 2449px\" \/><\/a><\/figure>\n\n\n\n<figure class=\"wp-block-image size-large\"><a href=\"https:\/\/www.mw-steel.eu\/wp-content\/uploads\/2026\/02\/BOTANIX-12-scaled.jpeg\"><img loading=\"lazy\" decoding=\"async\" width=\"2560\" height=\"1429\" data-id=\"3196\" src=\"https:\/\/www.mw-steel.eu\/wp-content\/uploads\/2026\/02\/BOTANIX-12-scaled.jpeg\" alt=\"\" class=\"wp-image-3196\" srcset=\"https:\/\/www.mw-steel.eu\/wp-content\/uploads\/2026\/02\/BOTANIX-12-scaled.jpeg 2560w, https:\/\/www.mw-steel.eu\/wp-content\/uploads\/2026\/02\/BOTANIX-12-scaled-576x322.jpeg 576w, https:\/\/www.mw-steel.eu\/wp-content\/uploads\/2026\/02\/BOTANIX-12-scaled-1380x770.jpeg 1380w, https:\/\/www.mw-steel.eu\/wp-content\/uploads\/2026\/02\/BOTANIX-12-768x429.jpeg 768w, https:\/\/www.mw-steel.eu\/wp-content\/uploads\/2026\/02\/BOTANIX-12-1536x857.jpeg 1536w, https:\/\/www.mw-steel.eu\/wp-content\/uploads\/2026\/02\/BOTANIX-12-2048x1143.jpeg 2048w\" sizes=\"auto, (max-width: 2560px) 100vw, 2560px\" \/><\/a><\/figure>\n\n\n\n<figure class=\"wp-block-image size-large\"><a href=\"https:\/\/www.mw-steel.eu\/wp-content\/uploads\/2026\/02\/VENTURO-4-scaled.png\"><img loading=\"lazy\" decoding=\"async\" width=\"2560\" height=\"1429\" data-id=\"3114\" src=\"https:\/\/www.mw-steel.eu\/wp-content\/uploads\/2026\/02\/VENTURO-4-scaled.png\" alt=\"\" class=\"wp-image-3114\" srcset=\"https:\/\/www.mw-steel.eu\/wp-content\/uploads\/2026\/02\/VENTURO-4-scaled.png 2560w, https:\/\/www.mw-steel.eu\/wp-content\/uploads\/2026\/02\/VENTURO-4-scaled-576x322.png 576w, https:\/\/www.mw-steel.eu\/wp-content\/uploads\/2026\/02\/VENTURO-4-scaled-1380x770.png 1380w, https:\/\/www.mw-steel.eu\/wp-content\/uploads\/2026\/02\/VENTURO-4-768x429.png 768w, https:\/\/www.mw-steel.eu\/wp-content\/uploads\/2026\/02\/VENTURO-4-1536x857.png 1536w, https:\/\/www.mw-steel.eu\/wp-content\/uploads\/2026\/02\/VENTURO-4-2048x1143.png 2048w\" sizes=\"auto, (max-width: 2560px) 100vw, 2560px\" \/><\/a><\/figure>\n\n\n\n<figure class=\"wp-block-image size-large\"><a href=\"https:\/\/www.mw-steel.eu\/wp-content\/uploads\/2026\/02\/FLORA-6-scaled.png\"><img loading=\"lazy\" decoding=\"async\" width=\"2560\" height=\"1429\" data-id=\"3214\" src=\"https:\/\/www.mw-steel.eu\/wp-content\/uploads\/2026\/02\/FLORA-6-scaled.png\" alt=\"\" class=\"wp-image-3214\" srcset=\"https:\/\/www.mw-steel.eu\/wp-content\/uploads\/2026\/02\/FLORA-6-scaled.png 2560w, https:\/\/www.mw-steel.eu\/wp-content\/uploads\/2026\/02\/FLORA-6-scaled-576x322.png 576w, https:\/\/www.mw-steel.eu\/wp-content\/uploads\/2026\/02\/FLORA-6-scaled-1380x770.png 1380w, https:\/\/www.mw-steel.eu\/wp-content\/uploads\/2026\/02\/FLORA-6-768x429.png 768w, https:\/\/www.mw-steel.eu\/wp-content\/uploads\/2026\/02\/FLORA-6-1536x857.png 1536w, https:\/\/www.mw-steel.eu\/wp-content\/uploads\/2026\/02\/FLORA-6-2048x1143.png 2048w\" sizes=\"auto, (max-width: 2560px) 100vw, 2560px\" \/><\/a><\/figure>\n\n\n\n<figure class=\"wp-block-image size-large\"><a href=\"https:\/\/www.mw-steel.eu\/wp-content\/uploads\/2026\/02\/ETEREO-4-scaled.png\"><img loading=\"lazy\" decoding=\"async\" width=\"2560\" height=\"1429\" data-id=\"3051\" src=\"https:\/\/www.mw-steel.eu\/wp-content\/uploads\/2026\/02\/ETEREO-4-scaled.png\" alt=\"\" class=\"wp-image-3051\" srcset=\"https:\/\/www.mw-steel.eu\/wp-content\/uploads\/2026\/02\/ETEREO-4-scaled.png 2560w, https:\/\/www.mw-steel.eu\/wp-content\/uploads\/2026\/02\/ETEREO-4-scaled-576x322.png 576w, https:\/\/www.mw-steel.eu\/wp-content\/uploads\/2026\/02\/ETEREO-4-scaled-1380x770.png 1380w, https:\/\/www.mw-steel.eu\/wp-content\/uploads\/2026\/02\/ETEREO-4-768x429.png 768w, https:\/\/www.mw-steel.eu\/wp-content\/uploads\/2026\/02\/ETEREO-4-1536x857.png 1536w, https:\/\/www.mw-steel.eu\/wp-content\/uploads\/2026\/02\/ETEREO-4-2048x1143.png 2048w\" sizes=\"auto, (max-width: 2560px) 100vw, 2560px\" \/><\/a><\/figure>\n<\/figure>\n","protected":false},"excerpt":{"rendered":"","protected":false},"author":1,"featured_media":0,"parent":0,"menu_order":0,"comment_status":"closed","ping_status":"closed","template":"template\/homepage.php","meta":{"_acf_changed":false,"advgb_blocks_editor_width":"","advgb_blocks_columns_visual_guide":"","_themeisle_gutenberg_block_has_review":false,"footnotes":""},"class_list":["post-4151","page","type-page","status-publish","hentry"],"acf":[],"coauthors":[],"author_meta":{"author_link":"https:\/\/www.mw-steel.eu\/lt\/author\/admin\/","display_name":"admin"},"relative_dates":{"created":"Posted 3 metai ago","modified":"Updated 1 savait\u0117 ago"},"absolute_dates":{"created":"Posted on 2023 25 baland\u017eio","modified":"Updated on 2026 7 gegu\u017e\u0117s"},"absolute_dates_time":{"created":"Posted on 2023 25 baland\u017eio 10:55","modified":"Updated on 2026 7 gegu\u017e\u0117s 19:44"},"featured_img_caption":"","featured_img":false,"series_order":"","_links":{"self":[{"href":"https:\/\/www.mw-steel.eu\/lt\/wp-json\/wp\/v2\/pages\/4151","targetHints":{"allow":["GET"]}}],"collection":[{"href":"https:\/\/www.mw-steel.eu\/lt\/wp-json\/wp\/v2\/pages"}],"about":[{"href":"https:\/\/www.mw-steel.eu\/lt\/wp-json\/wp\/v2\/types\/page"}],"author":[{"embeddable":true,"href":"https:\/\/www.mw-steel.eu\/lt\/wp-json\/wp\/v2\/users\/1"}],"replies":[{"embeddable":true,"href":"https:\/\/www.mw-steel.eu\/lt\/wp-json\/wp\/v2\/comments?post=4151"}],"version-history":[{"count":1,"href":"https:\/\/www.mw-steel.eu\/lt\/wp-json\/wp\/v2\/pages\/4151\/revisions"}],"predecessor-version":[{"id":4171,"href":"https:\/\/www.mw-steel.eu\/lt\/wp-json\/wp\/v2\/pages\/4151\/revisions\/4171"}],"wp:attachment":[{"href":"https:\/\/www.mw-steel.eu\/lt\/wp-json\/wp\/v2\/media?parent=4151"}],"curies":[{"name":"wp","href":"https:\/\/api.w.org\/{rel}","templated":true}]}}