{"id":4111,"date":"2024-10-18T15:34:03","date_gmt":"2024-10-18T13:34:03","guid":{"rendered":"https:\/\/www.mw-steel.eu\/galerija\/siuksliadezes-irengimas-riviesto\/"},"modified":"2026-03-25T13:51:05","modified_gmt":"2026-03-25T11:51:05","slug":"siuksliadezes-irengimas-riviesto","status":"publish","type":"page","link":"https:\/\/www.mw-steel.eu\/lt\/galerija\/siuksliadezes-irengimas-riviesto\/","title":{"rendered":"\u0160iuk\u0161liad\u0117\u017e\u0117s \u012frengimas &#8211; Riviesto"},"content":{"rendered":"\n<figure class=\"wp-block-gallery has-nested-images columns-default is-cropped wp-block-gallery-1 is-layout-flex wp-block-gallery-is-layout-flex\">\n<figure class=\"wp-block-image size-large\"><a href=\"https:\/\/www.mw-steel.eu\/wp-content\/uploads\/2026\/02\/RIVESTIO-12-scaled.jpg\"><img loading=\"lazy\" decoding=\"async\" width=\"2560\" height=\"1429\" data-id=\"3177\" src=\"https:\/\/www.mw-steel.eu\/wp-content\/uploads\/2026\/02\/RIVESTIO-12-scaled.jpg\" alt=\"\" class=\"wp-image-3177\" srcset=\"https:\/\/www.mw-steel.eu\/wp-content\/uploads\/2026\/02\/RIVESTIO-12-scaled.jpg 2560w, https:\/\/www.mw-steel.eu\/wp-content\/uploads\/2026\/02\/RIVESTIO-12-scaled-576x322.jpg 576w, https:\/\/www.mw-steel.eu\/wp-content\/uploads\/2026\/02\/RIVESTIO-12-scaled-1380x770.jpg 1380w, https:\/\/www.mw-steel.eu\/wp-content\/uploads\/2026\/02\/RIVESTIO-12-768x429.jpg 768w, https:\/\/www.mw-steel.eu\/wp-content\/uploads\/2026\/02\/RIVESTIO-12-1536x857.jpg 1536w, https:\/\/www.mw-steel.eu\/wp-content\/uploads\/2026\/02\/RIVESTIO-12-2048x1143.jpg 2048w\" sizes=\"auto, (max-width: 2560px) 100vw, 2560px\" \/><\/a><\/figure>\n\n\n\n<figure class=\"wp-block-image size-large\"><a href=\"https:\/\/www.mw-steel.eu\/wp-content\/uploads\/2026\/02\/RIVESTIO-11.jpg\"><img loading=\"lazy\" decoding=\"async\" width=\"2478\" height=\"1383\" data-id=\"3176\" src=\"https:\/\/www.mw-steel.eu\/wp-content\/uploads\/2026\/02\/RIVESTIO-11.jpg\" alt=\"\" class=\"wp-image-3176\" srcset=\"https:\/\/www.mw-steel.eu\/wp-content\/uploads\/2026\/02\/RIVESTIO-11.jpg 2478w, https:\/\/www.mw-steel.eu\/wp-content\/uploads\/2026\/02\/RIVESTIO-11-576x321.jpg 576w, https:\/\/www.mw-steel.eu\/wp-content\/uploads\/2026\/02\/RIVESTIO-11-1380x770.jpg 1380w, https:\/\/www.mw-steel.eu\/wp-content\/uploads\/2026\/02\/RIVESTIO-11-768x429.jpg 768w, https:\/\/www.mw-steel.eu\/wp-content\/uploads\/2026\/02\/RIVESTIO-11-1536x857.jpg 1536w, https:\/\/www.mw-steel.eu\/wp-content\/uploads\/2026\/02\/RIVESTIO-11-2048x1143.jpg 2048w\" sizes=\"auto, (max-width: 2478px) 100vw, 2478px\" \/><\/a><\/figure>\n\n\n\n<figure class=\"wp-block-image size-large\"><a href=\"https:\/\/www.mw-steel.eu\/wp-content\/uploads\/2026\/02\/RIVESTIO-10.jpg\"><img loading=\"lazy\" decoding=\"async\" width=\"2443\" height=\"1363\" data-id=\"3175\" src=\"https:\/\/www.mw-steel.eu\/wp-content\/uploads\/2026\/02\/RIVESTIO-10.jpg\" alt=\"\" class=\"wp-image-3175\" srcset=\"https:\/\/www.mw-steel.eu\/wp-content\/uploads\/2026\/02\/RIVESTIO-10.jpg 2443w, https:\/\/www.mw-steel.eu\/wp-content\/uploads\/2026\/02\/RIVESTIO-10-576x321.jpg 576w, https:\/\/www.mw-steel.eu\/wp-content\/uploads\/2026\/02\/RIVESTIO-10-1380x770.jpg 1380w, https:\/\/www.mw-steel.eu\/wp-content\/uploads\/2026\/02\/RIVESTIO-10-768x428.jpg 768w, https:\/\/www.mw-steel.eu\/wp-content\/uploads\/2026\/02\/RIVESTIO-10-1536x857.jpg 1536w, https:\/\/www.mw-steel.eu\/wp-content\/uploads\/2026\/02\/RIVESTIO-10-2048x1143.jpg 2048w\" sizes=\"auto, (max-width: 2443px) 100vw, 2443px\" \/><\/a><\/figure>\n\n\n\n<figure class=\"wp-block-image size-large\"><a href=\"https:\/\/www.mw-steel.eu\/wp-content\/uploads\/2026\/02\/RIVESTIO-9.jpg\"><img loading=\"lazy\" decoding=\"async\" width=\"2247\" height=\"1255\" data-id=\"3174\" src=\"https:\/\/www.mw-steel.eu\/wp-content\/uploads\/2026\/02\/RIVESTIO-9.jpg\" alt=\"\" class=\"wp-image-3174\" srcset=\"https:\/\/www.mw-steel.eu\/wp-content\/uploads\/2026\/02\/RIVESTIO-9.jpg 2247w, https:\/\/www.mw-steel.eu\/wp-content\/uploads\/2026\/02\/RIVESTIO-9-576x322.jpg 576w, https:\/\/www.mw-steel.eu\/wp-content\/uploads\/2026\/02\/RIVESTIO-9-1380x771.jpg 1380w, https:\/\/www.mw-steel.eu\/wp-content\/uploads\/2026\/02\/RIVESTIO-9-768x429.jpg 768w, https:\/\/www.mw-steel.eu\/wp-content\/uploads\/2026\/02\/RIVESTIO-9-1536x858.jpg 1536w, https:\/\/www.mw-steel.eu\/wp-content\/uploads\/2026\/02\/RIVESTIO-9-2048x1144.jpg 2048w\" sizes=\"auto, (max-width: 2247px) 100vw, 2247px\" \/><\/a><\/figure>\n\n\n\n<figure class=\"wp-block-image size-large\"><a href=\"https:\/\/www.mw-steel.eu\/wp-content\/uploads\/2026\/02\/RIVESTIO-8.jpg\"><img loading=\"lazy\" decoding=\"async\" width=\"2255\" height=\"1259\" data-id=\"3173\" src=\"https:\/\/www.mw-steel.eu\/wp-content\/uploads\/2026\/02\/RIVESTIO-8.jpg\" alt=\"\" class=\"wp-image-3173\" srcset=\"https:\/\/www.mw-steel.eu\/wp-content\/uploads\/2026\/02\/RIVESTIO-8.jpg 2255w, https:\/\/www.mw-steel.eu\/wp-content\/uploads\/2026\/02\/RIVESTIO-8-576x322.jpg 576w, https:\/\/www.mw-steel.eu\/wp-content\/uploads\/2026\/02\/RIVESTIO-8-1380x770.jpg 1380w, https:\/\/www.mw-steel.eu\/wp-content\/uploads\/2026\/02\/RIVESTIO-8-768x429.jpg 768w, https:\/\/www.mw-steel.eu\/wp-content\/uploads\/2026\/02\/RIVESTIO-8-1536x858.jpg 1536w, https:\/\/www.mw-steel.eu\/wp-content\/uploads\/2026\/02\/RIVESTIO-8-2048x1143.jpg 2048w\" sizes=\"auto, (max-width: 2255px) 100vw, 2255px\" \/><\/a><\/figure>\n\n\n\n<figure class=\"wp-block-image size-large\"><a href=\"https:\/\/www.mw-steel.eu\/wp-content\/uploads\/2026\/02\/RIVESTIO-7.jpg\"><img loading=\"lazy\" decoding=\"async\" width=\"2468\" height=\"1377\" data-id=\"3172\" src=\"https:\/\/www.mw-steel.eu\/wp-content\/uploads\/2026\/02\/RIVESTIO-7.jpg\" alt=\"\" class=\"wp-image-3172\" srcset=\"https:\/\/www.mw-steel.eu\/wp-content\/uploads\/2026\/02\/RIVESTIO-7.jpg 2468w, https:\/\/www.mw-steel.eu\/wp-content\/uploads\/2026\/02\/RIVESTIO-7-576x321.jpg 576w, https:\/\/www.mw-steel.eu\/wp-content\/uploads\/2026\/02\/RIVESTIO-7-1380x770.jpg 1380w, https:\/\/www.mw-steel.eu\/wp-content\/uploads\/2026\/02\/RIVESTIO-7-768x428.jpg 768w, https:\/\/www.mw-steel.eu\/wp-content\/uploads\/2026\/02\/RIVESTIO-7-1536x857.jpg 1536w, https:\/\/www.mw-steel.eu\/wp-content\/uploads\/2026\/02\/RIVESTIO-7-2048x1143.jpg 2048w\" sizes=\"auto, (max-width: 2468px) 100vw, 2468px\" \/><\/a><\/figure>\n\n\n\n<figure class=\"wp-block-image size-large\"><a href=\"https:\/\/www.mw-steel.eu\/wp-content\/uploads\/2026\/02\/RIVESTIO-6.jpg\"><img loading=\"lazy\" decoding=\"async\" width=\"1917\" height=\"1069\" data-id=\"3171\" src=\"https:\/\/www.mw-steel.eu\/wp-content\/uploads\/2026\/02\/RIVESTIO-6.jpg\" alt=\"\" class=\"wp-image-3171\" srcset=\"https:\/\/www.mw-steel.eu\/wp-content\/uploads\/2026\/02\/RIVESTIO-6.jpg 1917w, https:\/\/www.mw-steel.eu\/wp-content\/uploads\/2026\/02\/RIVESTIO-6-576x321.jpg 576w, https:\/\/www.mw-steel.eu\/wp-content\/uploads\/2026\/02\/RIVESTIO-6-1380x770.jpg 1380w, https:\/\/www.mw-steel.eu\/wp-content\/uploads\/2026\/02\/RIVESTIO-6-768x428.jpg 768w, https:\/\/www.mw-steel.eu\/wp-content\/uploads\/2026\/02\/RIVESTIO-6-1536x857.jpg 1536w\" sizes=\"auto, (max-width: 1917px) 100vw, 1917px\" \/><\/a><\/figure>\n\n\n\n<figure class=\"wp-block-image size-large\"><a href=\"https:\/\/www.mw-steel.eu\/wp-content\/uploads\/2026\/02\/RIVESTIO-5-scaled.jpg\"><img loading=\"lazy\" decoding=\"async\" width=\"2560\" height=\"1429\" data-id=\"3170\" src=\"https:\/\/www.mw-steel.eu\/wp-content\/uploads\/2026\/02\/RIVESTIO-5-scaled.jpg\" alt=\"\" class=\"wp-image-3170\" srcset=\"https:\/\/www.mw-steel.eu\/wp-content\/uploads\/2026\/02\/RIVESTIO-5-scaled.jpg 2560w, https:\/\/www.mw-steel.eu\/wp-content\/uploads\/2026\/02\/RIVESTIO-5-scaled-576x322.jpg 576w, https:\/\/www.mw-steel.eu\/wp-content\/uploads\/2026\/02\/RIVESTIO-5-scaled-1380x770.jpg 1380w, https:\/\/www.mw-steel.eu\/wp-content\/uploads\/2026\/02\/RIVESTIO-5-768x429.jpg 768w, https:\/\/www.mw-steel.eu\/wp-content\/uploads\/2026\/02\/RIVESTIO-5-1536x858.jpg 1536w, https:\/\/www.mw-steel.eu\/wp-content\/uploads\/2026\/02\/RIVESTIO-5-2048x1143.jpg 2048w\" sizes=\"auto, (max-width: 2560px) 100vw, 2560px\" \/><\/a><\/figure>\n\n\n\n<figure class=\"wp-block-image size-large\"><a href=\"https:\/\/www.mw-steel.eu\/wp-content\/uploads\/2026\/02\/RIVESTIO-4-scaled.jpg\"><img loading=\"lazy\" decoding=\"async\" width=\"2560\" height=\"1428\" data-id=\"3169\" src=\"https:\/\/www.mw-steel.eu\/wp-content\/uploads\/2026\/02\/RIVESTIO-4-scaled.jpg\" alt=\"\" class=\"wp-image-3169\" srcset=\"https:\/\/www.mw-steel.eu\/wp-content\/uploads\/2026\/02\/RIVESTIO-4-scaled.jpg 2560w, https:\/\/www.mw-steel.eu\/wp-content\/uploads\/2026\/02\/RIVESTIO-4-scaled-576x321.jpg 576w, https:\/\/www.mw-steel.eu\/wp-content\/uploads\/2026\/02\/RIVESTIO-4-scaled-1380x770.jpg 1380w, https:\/\/www.mw-steel.eu\/wp-content\/uploads\/2026\/02\/RIVESTIO-4-768x428.jpg 768w, https:\/\/www.mw-steel.eu\/wp-content\/uploads\/2026\/02\/RIVESTIO-4-1536x857.jpg 1536w, https:\/\/www.mw-steel.eu\/wp-content\/uploads\/2026\/02\/RIVESTIO-4-2048x1142.jpg 2048w\" sizes=\"auto, (max-width: 2560px) 100vw, 2560px\" \/><\/a><\/figure>\n\n\n\n<figure class=\"wp-block-image size-large\"><a href=\"https:\/\/www.mw-steel.eu\/wp-content\/uploads\/2026\/02\/RIVESTIO-3.jpg\"><img loading=\"lazy\" decoding=\"async\" width=\"2360\" height=\"1317\" data-id=\"3168\" src=\"https:\/\/www.mw-steel.eu\/wp-content\/uploads\/2026\/02\/RIVESTIO-3.jpg\" alt=\"\" class=\"wp-image-3168\" srcset=\"https:\/\/www.mw-steel.eu\/wp-content\/uploads\/2026\/02\/RIVESTIO-3.jpg 2360w, https:\/\/www.mw-steel.eu\/wp-content\/uploads\/2026\/02\/RIVESTIO-3-576x321.jpg 576w, https:\/\/www.mw-steel.eu\/wp-content\/uploads\/2026\/02\/RIVESTIO-3-1380x770.jpg 1380w, https:\/\/www.mw-steel.eu\/wp-content\/uploads\/2026\/02\/RIVESTIO-3-768x429.jpg 768w, https:\/\/www.mw-steel.eu\/wp-content\/uploads\/2026\/02\/RIVESTIO-3-1536x857.jpg 1536w, https:\/\/www.mw-steel.eu\/wp-content\/uploads\/2026\/02\/RIVESTIO-3-2048x1143.jpg 2048w\" sizes=\"auto, (max-width: 2360px) 100vw, 2360px\" \/><\/a><\/figure>\n\n\n\n<figure class=\"wp-block-image size-large\"><a href=\"https:\/\/www.mw-steel.eu\/wp-content\/uploads\/2026\/02\/RIVESTIO-2.jpg\"><img loading=\"lazy\" decoding=\"async\" width=\"2346\" height=\"1309\" data-id=\"3167\" src=\"https:\/\/www.mw-steel.eu\/wp-content\/uploads\/2026\/02\/RIVESTIO-2.jpg\" alt=\"\" class=\"wp-image-3167\" srcset=\"https:\/\/www.mw-steel.eu\/wp-content\/uploads\/2026\/02\/RIVESTIO-2.jpg 2346w, https:\/\/www.mw-steel.eu\/wp-content\/uploads\/2026\/02\/RIVESTIO-2-576x321.jpg 576w, https:\/\/www.mw-steel.eu\/wp-content\/uploads\/2026\/02\/RIVESTIO-2-1380x770.jpg 1380w, https:\/\/www.mw-steel.eu\/wp-content\/uploads\/2026\/02\/RIVESTIO-2-768x429.jpg 768w, https:\/\/www.mw-steel.eu\/wp-content\/uploads\/2026\/02\/RIVESTIO-2-1536x857.jpg 1536w, https:\/\/www.mw-steel.eu\/wp-content\/uploads\/2026\/02\/RIVESTIO-2-2048x1143.jpg 2048w\" sizes=\"auto, (max-width: 2346px) 100vw, 2346px\" \/><\/a><\/figure>\n\n\n\n<figure class=\"wp-block-image size-large\"><a href=\"https:\/\/www.mw-steel.eu\/wp-content\/uploads\/2026\/02\/RIVESTIO-1GLOWNE.jpg\"><img loading=\"lazy\" decoding=\"async\" width=\"2321\" height=\"1296\" data-id=\"3166\" src=\"https:\/\/www.mw-steel.eu\/wp-content\/uploads\/2026\/02\/RIVESTIO-1GLOWNE.jpg\" alt=\"\" class=\"wp-image-3166\" srcset=\"https:\/\/www.mw-steel.eu\/wp-content\/uploads\/2026\/02\/RIVESTIO-1GLOWNE.jpg 2321w, https:\/\/www.mw-steel.eu\/wp-content\/uploads\/2026\/02\/RIVESTIO-1GLOWNE-576x322.jpg 576w, https:\/\/www.mw-steel.eu\/wp-content\/uploads\/2026\/02\/RIVESTIO-1GLOWNE-1380x771.jpg 1380w, https:\/\/www.mw-steel.eu\/wp-content\/uploads\/2026\/02\/RIVESTIO-1GLOWNE-768x429.jpg 768w, https:\/\/www.mw-steel.eu\/wp-content\/uploads\/2026\/02\/RIVESTIO-1GLOWNE-1536x858.jpg 1536w, https:\/\/www.mw-steel.eu\/wp-content\/uploads\/2026\/02\/RIVESTIO-1GLOWNE-2048x1144.jpg 2048w\" sizes=\"auto, (max-width: 2321px) 100vw, 2321px\" \/><\/a><\/figure>\n\n\n\n<figure class=\"wp-block-image size-large\"><a href=\"https:\/\/www.mw-steel.eu\/wp-content\/uploads\/2024\/10\/PRZOD-3.jpg\"><img loading=\"lazy\" decoding=\"async\" width=\"2560\" height=\"1440\" data-id=\"2343\" src=\"https:\/\/www.mw-steel.eu\/wp-content\/uploads\/2024\/10\/PRZOD-3.jpg\" alt=\"\" class=\"wp-image-2343\" srcset=\"https:\/\/www.mw-steel.eu\/wp-content\/uploads\/2024\/10\/PRZOD-3.jpg 2560w, https:\/\/www.mw-steel.eu\/wp-content\/uploads\/2024\/10\/PRZOD-3-576x324.jpg 576w, https:\/\/www.mw-steel.eu\/wp-content\/uploads\/2024\/10\/PRZOD-3-1380x776.jpg 1380w, https:\/\/www.mw-steel.eu\/wp-content\/uploads\/2024\/10\/PRZOD-3-768x432.jpg 768w, https:\/\/www.mw-steel.eu\/wp-content\/uploads\/2024\/10\/PRZOD-3-1536x864.jpg 1536w, https:\/\/www.mw-steel.eu\/wp-content\/uploads\/2024\/10\/PRZOD-3-2048x1152.jpg 2048w\" sizes=\"auto, (max-width: 2560px) 100vw, 2560px\" \/><\/a><\/figure>\n\n\n\n<figure class=\"wp-block-image size-large\"><a href=\"https:\/\/www.mw-steel.eu\/wp-content\/uploads\/2024\/10\/TYL-3.jpg\"><img loading=\"lazy\" decoding=\"async\" width=\"2560\" height=\"1440\" data-id=\"2344\" src=\"https:\/\/www.mw-steel.eu\/wp-content\/uploads\/2024\/10\/TYL-3.jpg\" alt=\"\" class=\"wp-image-2344\" srcset=\"https:\/\/www.mw-steel.eu\/wp-content\/uploads\/2024\/10\/TYL-3.jpg 2560w, https:\/\/www.mw-steel.eu\/wp-content\/uploads\/2024\/10\/TYL-3-576x324.jpg 576w, https:\/\/www.mw-steel.eu\/wp-content\/uploads\/2024\/10\/TYL-3-1380x776.jpg 1380w, https:\/\/www.mw-steel.eu\/wp-content\/uploads\/2024\/10\/TYL-3-768x432.jpg 768w, https:\/\/www.mw-steel.eu\/wp-content\/uploads\/2024\/10\/TYL-3-1536x864.jpg 1536w, https:\/\/www.mw-steel.eu\/wp-content\/uploads\/2024\/10\/TYL-3-2048x1152.jpg 2048w\" sizes=\"auto, (max-width: 2560px) 100vw, 2560px\" \/><\/a><\/figure>\n\n\n\n<figure class=\"wp-block-image size-large\"><a href=\"https:\/\/www.mw-steel.eu\/wp-content\/uploads\/2024\/10\/GORA-3.jpg\"><img loading=\"lazy\" decoding=\"async\" width=\"2560\" height=\"1440\" data-id=\"2337\" src=\"https:\/\/www.mw-steel.eu\/wp-content\/uploads\/2024\/10\/GORA-3.jpg\" alt=\"\" class=\"wp-image-2337\" srcset=\"https:\/\/www.mw-steel.eu\/wp-content\/uploads\/2024\/10\/GORA-3.jpg 2560w, https:\/\/www.mw-steel.eu\/wp-content\/uploads\/2024\/10\/GORA-3-576x324.jpg 576w, https:\/\/www.mw-steel.eu\/wp-content\/uploads\/2024\/10\/GORA-3-1380x776.jpg 1380w, https:\/\/www.mw-steel.eu\/wp-content\/uploads\/2024\/10\/GORA-3-768x432.jpg 768w, https:\/\/www.mw-steel.eu\/wp-content\/uploads\/2024\/10\/GORA-3-1536x864.jpg 1536w, https:\/\/www.mw-steel.eu\/wp-content\/uploads\/2024\/10\/GORA-3-2048x1152.jpg 2048w\" sizes=\"auto, (max-width: 2560px) 100vw, 2560px\" \/><\/a><\/figure>\n\n\n\n<figure class=\"wp-block-image size-large\"><a href=\"https:\/\/www.mw-steel.eu\/wp-content\/uploads\/2024\/10\/KLAPA-3.jpg\"><img loading=\"lazy\" decoding=\"async\" width=\"2560\" height=\"1440\" data-id=\"2339\" src=\"https:\/\/www.mw-steel.eu\/wp-content\/uploads\/2024\/10\/KLAPA-3.jpg\" alt=\"\" class=\"wp-image-2339\" srcset=\"https:\/\/www.mw-steel.eu\/wp-content\/uploads\/2024\/10\/KLAPA-3.jpg 2560w, https:\/\/www.mw-steel.eu\/wp-content\/uploads\/2024\/10\/KLAPA-3-576x324.jpg 576w, https:\/\/www.mw-steel.eu\/wp-content\/uploads\/2024\/10\/KLAPA-3-1380x776.jpg 1380w, https:\/\/www.mw-steel.eu\/wp-content\/uploads\/2024\/10\/KLAPA-3-768x432.jpg 768w, https:\/\/www.mw-steel.eu\/wp-content\/uploads\/2024\/10\/KLAPA-3-1536x864.jpg 1536w, https:\/\/www.mw-steel.eu\/wp-content\/uploads\/2024\/10\/KLAPA-3-2048x1152.jpg 2048w\" sizes=\"auto, (max-width: 2560px) 100vw, 2560px\" \/><\/a><\/figure>\n\n\n\n<figure class=\"wp-block-image size-large\"><a href=\"https:\/\/www.mw-steel.eu\/wp-content\/uploads\/2024\/10\/DZRWI-3.jpg\"><img loading=\"lazy\" decoding=\"async\" width=\"2560\" height=\"1440\" data-id=\"2335\" src=\"https:\/\/www.mw-steel.eu\/wp-content\/uploads\/2024\/10\/DZRWI-3.jpg\" alt=\"\" class=\"wp-image-2335\" srcset=\"https:\/\/www.mw-steel.eu\/wp-content\/uploads\/2024\/10\/DZRWI-3.jpg 2560w, https:\/\/www.mw-steel.eu\/wp-content\/uploads\/2024\/10\/DZRWI-3-576x324.jpg 576w, https:\/\/www.mw-steel.eu\/wp-content\/uploads\/2024\/10\/DZRWI-3-1380x776.jpg 1380w, https:\/\/www.mw-steel.eu\/wp-content\/uploads\/2024\/10\/DZRWI-3-768x432.jpg 768w, https:\/\/www.mw-steel.eu\/wp-content\/uploads\/2024\/10\/DZRWI-3-1536x864.jpg 1536w, https:\/\/www.mw-steel.eu\/wp-content\/uploads\/2024\/10\/DZRWI-3-2048x1152.jpg 2048w\" sizes=\"auto, (max-width: 2560px) 100vw, 2560px\" \/><\/a><\/figure>\n\n\n\n<figure class=\"wp-block-image size-large\"><a href=\"https:\/\/www.mw-steel.eu\/wp-content\/uploads\/2024\/10\/KOMPLET-3.jpg\"><img loading=\"lazy\" decoding=\"async\" width=\"2560\" height=\"1440\" data-id=\"2340\" src=\"https:\/\/www.mw-steel.eu\/wp-content\/uploads\/2024\/10\/KOMPLET-3.jpg\" alt=\"\" class=\"wp-image-2340\" srcset=\"https:\/\/www.mw-steel.eu\/wp-content\/uploads\/2024\/10\/KOMPLET-3.jpg 2560w, https:\/\/www.mw-steel.eu\/wp-content\/uploads\/2024\/10\/KOMPLET-3-576x324.jpg 576w, https:\/\/www.mw-steel.eu\/wp-content\/uploads\/2024\/10\/KOMPLET-3-1380x776.jpg 1380w, https:\/\/www.mw-steel.eu\/wp-content\/uploads\/2024\/10\/KOMPLET-3-768x432.jpg 768w, https:\/\/www.mw-steel.eu\/wp-content\/uploads\/2024\/10\/KOMPLET-3-1536x864.jpg 1536w, https:\/\/www.mw-steel.eu\/wp-content\/uploads\/2024\/10\/KOMPLET-3-2048x1152.jpg 2048w\" sizes=\"auto, (max-width: 2560px) 100vw, 2560px\" \/><\/a><\/figure>\n\n\n\n<figure class=\"wp-block-image size-large\"><a href=\"https:\/\/www.mw-steel.eu\/wp-content\/uploads\/2024\/10\/KONSTRUKCJA-METALOWA-3.jpg\"><img loading=\"lazy\" decoding=\"async\" width=\"2560\" height=\"1440\" data-id=\"2341\" src=\"https:\/\/www.mw-steel.eu\/wp-content\/uploads\/2024\/10\/KONSTRUKCJA-METALOWA-3.jpg\" alt=\"\" class=\"wp-image-2341\" srcset=\"https:\/\/www.mw-steel.eu\/wp-content\/uploads\/2024\/10\/KONSTRUKCJA-METALOWA-3.jpg 2560w, https:\/\/www.mw-steel.eu\/wp-content\/uploads\/2024\/10\/KONSTRUKCJA-METALOWA-3-576x324.jpg 576w, https:\/\/www.mw-steel.eu\/wp-content\/uploads\/2024\/10\/KONSTRUKCJA-METALOWA-3-1380x776.jpg 1380w, https:\/\/www.mw-steel.eu\/wp-content\/uploads\/2024\/10\/KONSTRUKCJA-METALOWA-3-768x432.jpg 768w, https:\/\/www.mw-steel.eu\/wp-content\/uploads\/2024\/10\/KONSTRUKCJA-METALOWA-3-1536x864.jpg 1536w, https:\/\/www.mw-steel.eu\/wp-content\/uploads\/2024\/10\/KONSTRUKCJA-METALOWA-3-2048x1152.jpg 2048w\" sizes=\"auto, (max-width: 2560px) 100vw, 2560px\" \/><\/a><\/figure>\n<\/figure>\n","protected":false},"excerpt":{"rendered":"","protected":false},"author":1,"featured_media":0,"parent":3580,"menu_order":0,"comment_status":"closed","ping_status":"closed","template":"","meta":{"_acf_changed":false,"advgb_blocks_editor_width":"","advgb_blocks_columns_visual_guide":"","_themeisle_gutenberg_block_has_review":false,"footnotes":""},"class_list":["post-4111","page","type-page","status-publish","hentry"],"acf":[],"coauthors":[],"author_meta":{"author_link":"https:\/\/www.mw-steel.eu\/lt\/author\/admin\/","display_name":"admin"},"relative_dates":{"created":"Posted 2 metai ago","modified":"Updated 2 m\u0117nesiai ago"},"absolute_dates":{"created":"Posted on 2024 18 spalio","modified":"Updated on 2026 25 kovo"},"absolute_dates_time":{"created":"Posted on 2024 18 spalio 15:34","modified":"Updated on 2026 25 kovo 13:51"},"featured_img_caption":"","featured_img":false,"series_order":"","_links":{"self":[{"href":"https:\/\/www.mw-steel.eu\/lt\/wp-json\/wp\/v2\/pages\/4111","targetHints":{"allow":["GET"]}}],"collection":[{"href":"https:\/\/www.mw-steel.eu\/lt\/wp-json\/wp\/v2\/pages"}],"about":[{"href":"https:\/\/www.mw-steel.eu\/lt\/wp-json\/wp\/v2\/types\/page"}],"author":[{"embeddable":true,"href":"https:\/\/www.mw-steel.eu\/lt\/wp-json\/wp\/v2\/users\/1"}],"replies":[{"embeddable":true,"href":"https:\/\/www.mw-steel.eu\/lt\/wp-json\/wp\/v2\/comments?post=4111"}],"version-history":[{"count":1,"href":"https:\/\/www.mw-steel.eu\/lt\/wp-json\/wp\/v2\/pages\/4111\/revisions"}],"predecessor-version":[{"id":4112,"href":"https:\/\/www.mw-steel.eu\/lt\/wp-json\/wp\/v2\/pages\/4111\/revisions\/4112"}],"up":[{"embeddable":true,"href":"https:\/\/www.mw-steel.eu\/lt\/wp-json\/wp\/v2\/pages\/3580"}],"wp:attachment":[{"href":"https:\/\/www.mw-steel.eu\/lt\/wp-json\/wp\/v2\/media?parent=4111"}],"curies":[{"name":"wp","href":"https:\/\/api.w.org\/{rel}","templated":true}]}}