{"id":3892,"date":"2023-05-12T15:14:59","date_gmt":"2023-05-12T13:14:59","guid":{"rendered":"https:\/\/www.mw-steel.eu\/galerija\/iskarpine-canto\/"},"modified":"2026-03-25T13:43:49","modified_gmt":"2026-03-25T11:43:49","slug":"iskarpine-canto","status":"publish","type":"page","link":"https:\/\/www.mw-steel.eu\/lt\/galerija\/iskarpine-canto\/","title":{"rendered":"I\u0161karpin\u0117 &#8211; Canto"},"content":{"rendered":"\n<figure class=\"wp-block-gallery has-nested-images columns-default is-cropped wp-block-gallery-1 is-layout-flex wp-block-gallery-is-layout-flex\">\n<figure class=\"wp-block-image size-large\"><a href=\"https:\/\/www.mw-steel.eu\/wp-content\/uploads\/2026\/02\/CANTO-1GLOWNE-scaled.jpeg\"><img loading=\"lazy\" decoding=\"async\" width=\"2560\" height=\"1429\" data-id=\"3036\" src=\"https:\/\/www.mw-steel.eu\/wp-content\/uploads\/2026\/02\/CANTO-1GLOWNE-scaled.jpeg\" alt=\"\" class=\"wp-image-3036\" srcset=\"https:\/\/www.mw-steel.eu\/wp-content\/uploads\/2026\/02\/CANTO-1GLOWNE-scaled.jpeg 2560w, https:\/\/www.mw-steel.eu\/wp-content\/uploads\/2026\/02\/CANTO-1GLOWNE-scaled-576x322.jpeg 576w, https:\/\/www.mw-steel.eu\/wp-content\/uploads\/2026\/02\/CANTO-1GLOWNE-scaled-1380x770.jpeg 1380w, https:\/\/www.mw-steel.eu\/wp-content\/uploads\/2026\/02\/CANTO-1GLOWNE-768x429.jpeg 768w, https:\/\/www.mw-steel.eu\/wp-content\/uploads\/2026\/02\/CANTO-1GLOWNE-1536x857.jpeg 1536w, https:\/\/www.mw-steel.eu\/wp-content\/uploads\/2026\/02\/CANTO-1GLOWNE-2048x1143.jpeg 2048w\" sizes=\"auto, (max-width: 2560px) 100vw, 2560px\" \/><\/a><\/figure>\n\n\n\n<figure class=\"wp-block-image size-large\"><a href=\"https:\/\/www.mw-steel.eu\/wp-content\/uploads\/2026\/02\/CANTO-12.png\"><img loading=\"lazy\" decoding=\"async\" width=\"2522\" height=\"1408\" data-id=\"3047\" src=\"https:\/\/www.mw-steel.eu\/wp-content\/uploads\/2026\/02\/CANTO-12.png\" alt=\"\" class=\"wp-image-3047\" srcset=\"https:\/\/www.mw-steel.eu\/wp-content\/uploads\/2026\/02\/CANTO-12.png 2522w, https:\/\/www.mw-steel.eu\/wp-content\/uploads\/2026\/02\/CANTO-12-576x322.png 576w, https:\/\/www.mw-steel.eu\/wp-content\/uploads\/2026\/02\/CANTO-12-1380x770.png 1380w, https:\/\/www.mw-steel.eu\/wp-content\/uploads\/2026\/02\/CANTO-12-768x429.png 768w, https:\/\/www.mw-steel.eu\/wp-content\/uploads\/2026\/02\/CANTO-12-1536x858.png 1536w, https:\/\/www.mw-steel.eu\/wp-content\/uploads\/2026\/02\/CANTO-12-2048x1143.png 2048w\" sizes=\"auto, (max-width: 2522px) 100vw, 2522px\" \/><\/a><\/figure>\n\n\n\n<figure class=\"wp-block-image size-large\"><a href=\"https:\/\/www.mw-steel.eu\/wp-content\/uploads\/2026\/02\/CANTO-10.png\"><img loading=\"lazy\" decoding=\"async\" width=\"2416\" height=\"1348\" data-id=\"3045\" src=\"https:\/\/www.mw-steel.eu\/wp-content\/uploads\/2026\/02\/CANTO-10.png\" alt=\"\" class=\"wp-image-3045\" srcset=\"https:\/\/www.mw-steel.eu\/wp-content\/uploads\/2026\/02\/CANTO-10.png 2416w, https:\/\/www.mw-steel.eu\/wp-content\/uploads\/2026\/02\/CANTO-10-576x321.png 576w, https:\/\/www.mw-steel.eu\/wp-content\/uploads\/2026\/02\/CANTO-10-1380x770.png 1380w, https:\/\/www.mw-steel.eu\/wp-content\/uploads\/2026\/02\/CANTO-10-768x429.png 768w, https:\/\/www.mw-steel.eu\/wp-content\/uploads\/2026\/02\/CANTO-10-1536x857.png 1536w, https:\/\/www.mw-steel.eu\/wp-content\/uploads\/2026\/02\/CANTO-10-2048x1143.png 2048w\" sizes=\"auto, (max-width: 2416px) 100vw, 2416px\" \/><\/a><\/figure>\n\n\n\n<figure class=\"wp-block-image size-large\"><a href=\"https:\/\/www.mw-steel.eu\/wp-content\/uploads\/2026\/02\/CANTO-9-scaled.png\"><img loading=\"lazy\" decoding=\"async\" width=\"2560\" height=\"1429\" data-id=\"3044\" src=\"https:\/\/www.mw-steel.eu\/wp-content\/uploads\/2026\/02\/CANTO-9-scaled.png\" alt=\"\" class=\"wp-image-3044\" srcset=\"https:\/\/www.mw-steel.eu\/wp-content\/uploads\/2026\/02\/CANTO-9-scaled.png 2560w, https:\/\/www.mw-steel.eu\/wp-content\/uploads\/2026\/02\/CANTO-9-scaled-576x322.png 576w, https:\/\/www.mw-steel.eu\/wp-content\/uploads\/2026\/02\/CANTO-9-scaled-1380x770.png 1380w, https:\/\/www.mw-steel.eu\/wp-content\/uploads\/2026\/02\/CANTO-9-768x429.png 768w, https:\/\/www.mw-steel.eu\/wp-content\/uploads\/2026\/02\/CANTO-9-1536x857.png 1536w, https:\/\/www.mw-steel.eu\/wp-content\/uploads\/2026\/02\/CANTO-9-2048x1143.png 2048w\" sizes=\"auto, (max-width: 2560px) 100vw, 2560px\" \/><\/a><\/figure>\n\n\n\n<figure class=\"wp-block-image size-large\"><a href=\"&lt;!--[CDATA[https:\/\/www.mw-steel.eu\/wp-content\/uploads\/2026\/02\/CANTO-7-scaled.png]]--&gt;\"><img loading=\"lazy\" decoding=\"async\" width=\"2560\" height=\"1429\" data-id=\"3042\" src=\"https:\/\/www.mw-steel.eu\/wp-content\/uploads\/2026\/02\/CANTO-7-scaled.png\" alt=\"\" class=\"wp-image-3042\" srcset=\"https:\/\/www.mw-steel.eu\/wp-content\/uploads\/2026\/02\/CANTO-7-scaled.png 2560w, https:\/\/www.mw-steel.eu\/wp-content\/uploads\/2026\/02\/CANTO-7-scaled-576x322.png 576w, https:\/\/www.mw-steel.eu\/wp-content\/uploads\/2026\/02\/CANTO-7-scaled-1380x770.png 1380w, https:\/\/www.mw-steel.eu\/wp-content\/uploads\/2026\/02\/CANTO-7-768x429.png 768w, https:\/\/www.mw-steel.eu\/wp-content\/uploads\/2026\/02\/CANTO-7-1536x857.png 1536w, https:\/\/www.mw-steel.eu\/wp-content\/uploads\/2026\/02\/CANTO-7-2048x1143.png 2048w\" sizes=\"auto, (max-width: 2560px) 100vw, 2560px\" \/><\/a><\/figure>\n\n\n\n<figure class=\"wp-block-image size-large\"><a href=\"https:\/\/www.mw-steel.eu\/wp-content\/uploads\/2026\/02\/CANTO-6.png\"><img loading=\"lazy\" decoding=\"async\" width=\"2497\" height=\"1394\" data-id=\"3041\" src=\"https:\/\/www.mw-steel.eu\/wp-content\/uploads\/2026\/02\/CANTO-6.png\" alt=\"\" class=\"wp-image-3041\" srcset=\"https:\/\/www.mw-steel.eu\/wp-content\/uploads\/2026\/02\/CANTO-6.png 2497w, https:\/\/www.mw-steel.eu\/wp-content\/uploads\/2026\/02\/CANTO-6-576x322.png 576w, https:\/\/www.mw-steel.eu\/wp-content\/uploads\/2026\/02\/CANTO-6-1380x770.png 1380w, https:\/\/www.mw-steel.eu\/wp-content\/uploads\/2026\/02\/CANTO-6-768x429.png 768w, https:\/\/www.mw-steel.eu\/wp-content\/uploads\/2026\/02\/CANTO-6-1536x858.png 1536w, https:\/\/www.mw-steel.eu\/wp-content\/uploads\/2026\/02\/CANTO-6-2048x1143.png 2048w\" sizes=\"auto, (max-width: 2497px) 100vw, 2497px\" \/><\/a><\/figure>\n\n\n\n<figure class=\"wp-block-image size-large\"><a href=\"https:\/\/www.mw-steel.eu\/wp-content\/uploads\/2026\/02\/CANTO-5-scaled.png\"><img loading=\"lazy\" decoding=\"async\" width=\"2560\" height=\"1429\" data-id=\"3040\" src=\"https:\/\/www.mw-steel.eu\/wp-content\/uploads\/2026\/02\/CANTO-5-scaled.png\" alt=\"\" class=\"wp-image-3040\" srcset=\"https:\/\/www.mw-steel.eu\/wp-content\/uploads\/2026\/02\/CANTO-5-scaled.png 2560w, https:\/\/www.mw-steel.eu\/wp-content\/uploads\/2026\/02\/CANTO-5-scaled-576x322.png 576w, https:\/\/www.mw-steel.eu\/wp-content\/uploads\/2026\/02\/CANTO-5-scaled-1380x770.png 1380w, https:\/\/www.mw-steel.eu\/wp-content\/uploads\/2026\/02\/CANTO-5-768x429.png 768w, https:\/\/www.mw-steel.eu\/wp-content\/uploads\/2026\/02\/CANTO-5-1536x857.png 1536w, https:\/\/www.mw-steel.eu\/wp-content\/uploads\/2026\/02\/CANTO-5-2048x1143.png 2048w\" sizes=\"auto, (max-width: 2560px) 100vw, 2560px\" \/><\/a><\/figure>\n\n\n\n<figure class=\"wp-block-image size-large\"><a href=\"https:\/\/www.mw-steel.eu\/wp-content\/uploads\/2026\/02\/CANTO-4.png\"><img loading=\"lazy\" decoding=\"async\" width=\"2451\" height=\"1377\" data-id=\"3039\" src=\"https:\/\/www.mw-steel.eu\/wp-content\/uploads\/2026\/02\/CANTO-4.png\" alt=\"\" class=\"wp-image-3039\" srcset=\"https:\/\/www.mw-steel.eu\/wp-content\/uploads\/2026\/02\/CANTO-4.png 2451w, https:\/\/www.mw-steel.eu\/wp-content\/uploads\/2026\/02\/CANTO-4-576x324.png 576w, https:\/\/www.mw-steel.eu\/wp-content\/uploads\/2026\/02\/CANTO-4-1380x775.png 1380w, https:\/\/www.mw-steel.eu\/wp-content\/uploads\/2026\/02\/CANTO-4-768x431.png 768w, https:\/\/www.mw-steel.eu\/wp-content\/uploads\/2026\/02\/CANTO-4-1536x863.png 1536w, https:\/\/www.mw-steel.eu\/wp-content\/uploads\/2026\/02\/CANTO-4-2048x1151.png 2048w\" sizes=\"auto, (max-width: 2451px) 100vw, 2451px\" \/><\/a><\/figure>\n\n\n\n<figure class=\"wp-block-image size-large\"><a href=\"https:\/\/www.mw-steel.eu\/wp-content\/uploads\/2026\/02\/CANTO-3-scaled.png\"><img loading=\"lazy\" decoding=\"async\" width=\"2560\" height=\"1429\" data-id=\"3038\" src=\"https:\/\/www.mw-steel.eu\/wp-content\/uploads\/2026\/02\/CANTO-3-scaled.png\" alt=\"\" class=\"wp-image-3038\" srcset=\"https:\/\/www.mw-steel.eu\/wp-content\/uploads\/2026\/02\/CANTO-3-scaled.png 2560w, https:\/\/www.mw-steel.eu\/wp-content\/uploads\/2026\/02\/CANTO-3-scaled-576x322.png 576w, https:\/\/www.mw-steel.eu\/wp-content\/uploads\/2026\/02\/CANTO-3-scaled-1380x770.png 1380w, https:\/\/www.mw-steel.eu\/wp-content\/uploads\/2026\/02\/CANTO-3-768x429.png 768w, https:\/\/www.mw-steel.eu\/wp-content\/uploads\/2026\/02\/CANTO-3-1536x857.png 1536w, https:\/\/www.mw-steel.eu\/wp-content\/uploads\/2026\/02\/CANTO-3-2048x1143.png 2048w\" sizes=\"auto, (max-width: 2560px) 100vw, 2560px\" \/><\/a><\/figure>\n\n\n\n<figure class=\"wp-block-image size-large\"><a href=\"https:\/\/www.mw-steel.eu\/wp-content\/uploads\/2026\/02\/CANTO-2-scaled.png\"><img loading=\"lazy\" decoding=\"async\" width=\"2560\" height=\"1429\" data-id=\"3037\" src=\"https:\/\/www.mw-steel.eu\/wp-content\/uploads\/2026\/02\/CANTO-2-scaled.png\" alt=\"\" class=\"wp-image-3037\" srcset=\"https:\/\/www.mw-steel.eu\/wp-content\/uploads\/2026\/02\/CANTO-2-scaled.png 2560w, https:\/\/www.mw-steel.eu\/wp-content\/uploads\/2026\/02\/CANTO-2-scaled-576x322.png 576w, https:\/\/www.mw-steel.eu\/wp-content\/uploads\/2026\/02\/CANTO-2-scaled-1380x770.png 1380w, https:\/\/www.mw-steel.eu\/wp-content\/uploads\/2026\/02\/CANTO-2-768x429.png 768w, https:\/\/www.mw-steel.eu\/wp-content\/uploads\/2026\/02\/CANTO-2-1536x857.png 1536w, https:\/\/www.mw-steel.eu\/wp-content\/uploads\/2026\/02\/CANTO-2-2048x1143.png 2048w\" sizes=\"auto, (max-width: 2560px) 100vw, 2560px\" \/><\/a><\/figure>\n\n\n\n<figure class=\"wp-block-image size-large\"><a href=\"https:\/\/www.mw-steel.eu\/wp-content\/uploads\/2026\/01\/RIGHT.jpg\"><img loading=\"lazy\" decoding=\"async\" width=\"2560\" height=\"1440\" data-id=\"2772\" src=\"https:\/\/www.mw-steel.eu\/wp-content\/uploads\/2026\/01\/RIGHT.jpg\" alt=\"\" class=\"wp-image-2772\" srcset=\"https:\/\/www.mw-steel.eu\/wp-content\/uploads\/2026\/01\/RIGHT.jpg 2560w, https:\/\/www.mw-steel.eu\/wp-content\/uploads\/2026\/01\/RIGHT-576x324.jpg 576w, https:\/\/www.mw-steel.eu\/wp-content\/uploads\/2026\/01\/RIGHT-1380x776.jpg 1380w, https:\/\/www.mw-steel.eu\/wp-content\/uploads\/2026\/01\/RIGHT-768x432.jpg 768w, https:\/\/www.mw-steel.eu\/wp-content\/uploads\/2026\/01\/RIGHT-1536x864.jpg 1536w, https:\/\/www.mw-steel.eu\/wp-content\/uploads\/2026\/01\/RIGHT-2048x1152.jpg 2048w\" sizes=\"auto, (max-width: 2560px) 100vw, 2560px\" \/><\/a><\/figure>\n\n\n\n<figure class=\"wp-block-image size-large\"><a href=\"https:\/\/www.mw-steel.eu\/wp-content\/uploads\/2026\/01\/FRONT.jpg\"><img loading=\"lazy\" decoding=\"async\" width=\"2560\" height=\"1440\" data-id=\"2780\" src=\"https:\/\/www.mw-steel.eu\/wp-content\/uploads\/2026\/01\/FRONT.jpg\" alt=\"\" class=\"wp-image-2780\" srcset=\"https:\/\/www.mw-steel.eu\/wp-content\/uploads\/2026\/01\/FRONT.jpg 2560w, https:\/\/www.mw-steel.eu\/wp-content\/uploads\/2026\/01\/FRONT-576x324.jpg 576w, https:\/\/www.mw-steel.eu\/wp-content\/uploads\/2026\/01\/FRONT-1380x776.jpg 1380w, https:\/\/www.mw-steel.eu\/wp-content\/uploads\/2026\/01\/FRONT-768x432.jpg 768w, https:\/\/www.mw-steel.eu\/wp-content\/uploads\/2026\/01\/FRONT-1536x864.jpg 1536w, https:\/\/www.mw-steel.eu\/wp-content\/uploads\/2026\/01\/FRONT-2048x1152.jpg 2048w\" sizes=\"auto, (max-width: 2560px) 100vw, 2560px\" \/><\/a><\/figure>\n\n\n\n<figure class=\"wp-block-image size-large\"><a href=\"https:\/\/www.mw-steel.eu\/wp-content\/uploads\/2026\/01\/CANTO-1.jpg\"><img loading=\"lazy\" decoding=\"async\" width=\"2560\" height=\"1440\" data-id=\"2778\" src=\"https:\/\/www.mw-steel.eu\/wp-content\/uploads\/2026\/01\/CANTO-1.jpg\" alt=\"\" class=\"wp-image-2778\" srcset=\"https:\/\/www.mw-steel.eu\/wp-content\/uploads\/2026\/01\/CANTO-1.jpg 2560w, https:\/\/www.mw-steel.eu\/wp-content\/uploads\/2026\/01\/CANTO-1-576x324.jpg 576w, https:\/\/www.mw-steel.eu\/wp-content\/uploads\/2026\/01\/CANTO-1-1380x776.jpg 1380w, https:\/\/www.mw-steel.eu\/wp-content\/uploads\/2026\/01\/CANTO-1-768x432.jpg 768w, https:\/\/www.mw-steel.eu\/wp-content\/uploads\/2026\/01\/CANTO-1-1536x864.jpg 1536w, https:\/\/www.mw-steel.eu\/wp-content\/uploads\/2026\/01\/CANTO-1-2048x1152.jpg 2048w\" sizes=\"auto, (max-width: 2560px) 100vw, 2560px\" \/><\/a><\/figure>\n\n\n\n<figure class=\"wp-block-image size-large\"><a href=\"https:\/\/www.mw-steel.eu\/wp-content\/uploads\/2026\/01\/REAR.jpg\"><img loading=\"lazy\" decoding=\"async\" width=\"2560\" height=\"1440\" data-id=\"2771\" src=\"https:\/\/www.mw-steel.eu\/wp-content\/uploads\/2026\/01\/REAR.jpg\" alt=\"\" class=\"wp-image-2771\" srcset=\"https:\/\/www.mw-steel.eu\/wp-content\/uploads\/2026\/01\/REAR.jpg 2560w, https:\/\/www.mw-steel.eu\/wp-content\/uploads\/2026\/01\/REAR-576x324.jpg 576w, https:\/\/www.mw-steel.eu\/wp-content\/uploads\/2026\/01\/REAR-1380x776.jpg 1380w, https:\/\/www.mw-steel.eu\/wp-content\/uploads\/2026\/01\/REAR-768x432.jpg 768w, https:\/\/www.mw-steel.eu\/wp-content\/uploads\/2026\/01\/REAR-1536x864.jpg 1536w, https:\/\/www.mw-steel.eu\/wp-content\/uploads\/2026\/01\/REAR-2048x1152.jpg 2048w\" sizes=\"auto, (max-width: 2560px) 100vw, 2560px\" \/><\/a><\/figure>\n\n\n\n<figure class=\"wp-block-image size-large\"><a href=\"&lt;!--[CDATA[https:\/\/www.mw-steel.eu\/wp-content\/uploads\/2026\/01\/LEFT.jpg]]--&gt;\"><img loading=\"lazy\" decoding=\"async\" width=\"2560\" height=\"1440\" data-id=\"2781\" src=\"https:\/\/www.mw-steel.eu\/wp-content\/uploads\/2026\/01\/LEFT.jpg\" alt=\"\" class=\"wp-image-2781\" srcset=\"https:\/\/www.mw-steel.eu\/wp-content\/uploads\/2026\/01\/LEFT.jpg 2560w, https:\/\/www.mw-steel.eu\/wp-content\/uploads\/2026\/01\/LEFT-576x324.jpg 576w, https:\/\/www.mw-steel.eu\/wp-content\/uploads\/2026\/01\/LEFT-1380x776.jpg 1380w, https:\/\/www.mw-steel.eu\/wp-content\/uploads\/2026\/01\/LEFT-768x432.jpg 768w, https:\/\/www.mw-steel.eu\/wp-content\/uploads\/2026\/01\/LEFT-1536x864.jpg 1536w, https:\/\/www.mw-steel.eu\/wp-content\/uploads\/2026\/01\/LEFT-2048x1152.jpg 2048w\" sizes=\"auto, (max-width: 2560px) 100vw, 2560px\" \/><\/a><\/figure>\n<\/figure>\n","protected":false},"excerpt":{"rendered":"","protected":false},"author":1,"featured_media":0,"parent":3580,"menu_order":0,"comment_status":"closed","ping_status":"closed","template":"","meta":{"_acf_changed":false,"advgb_blocks_editor_width":"","advgb_blocks_columns_visual_guide":"","_themeisle_gutenberg_block_has_review":false,"footnotes":""},"class_list":["post-3892","page","type-page","status-publish","hentry"],"acf":[],"coauthors":[],"author_meta":{"author_link":"https:\/\/www.mw-steel.eu\/lt\/author\/admin\/","display_name":"admin"},"relative_dates":{"created":"Posted 3 metai ago","modified":"Updated 2 m\u0117nesiai ago"},"absolute_dates":{"created":"Posted on 2023 12 gegu\u017e\u0117s","modified":"Updated on 2026 25 kovo"},"absolute_dates_time":{"created":"Posted on 2023 12 gegu\u017e\u0117s 15:14","modified":"Updated on 2026 25 kovo 13:43"},"featured_img_caption":"","featured_img":false,"series_order":"","_links":{"self":[{"href":"https:\/\/www.mw-steel.eu\/lt\/wp-json\/wp\/v2\/pages\/3892","targetHints":{"allow":["GET"]}}],"collection":[{"href":"https:\/\/www.mw-steel.eu\/lt\/wp-json\/wp\/v2\/pages"}],"about":[{"href":"https:\/\/www.mw-steel.eu\/lt\/wp-json\/wp\/v2\/types\/page"}],"author":[{"embeddable":true,"href":"https:\/\/www.mw-steel.eu\/lt\/wp-json\/wp\/v2\/users\/1"}],"replies":[{"embeddable":true,"href":"https:\/\/www.mw-steel.eu\/lt\/wp-json\/wp\/v2\/comments?post=3892"}],"version-history":[{"count":1,"href":"https:\/\/www.mw-steel.eu\/lt\/wp-json\/wp\/v2\/pages\/3892\/revisions"}],"predecessor-version":[{"id":3905,"href":"https:\/\/www.mw-steel.eu\/lt\/wp-json\/wp\/v2\/pages\/3892\/revisions\/3905"}],"up":[{"embeddable":true,"href":"https:\/\/www.mw-steel.eu\/lt\/wp-json\/wp\/v2\/pages\/3580"}],"wp:attachment":[{"href":"https:\/\/www.mw-steel.eu\/lt\/wp-json\/wp\/v2\/media?parent=3892"}],"curies":[{"name":"wp","href":"https:\/\/api.w.org\/{rel}","templated":true}]}}