{"id":3516,"date":"2023-04-26T09:05:31","date_gmt":"2023-04-26T07:05:31","guid":{"rendered":"https:\/\/www.mw-steel.eu\/krepselis\/"},"modified":"2026-04-12T22:56:17","modified_gmt":"2026-04-12T20:56:17","slug":"krepselis","status":"publish","type":"page","link":"https:\/\/www.mw-steel.eu\/lt\/krepselis\/","title":{"rendered":"Krep\u0161elis"},"content":{"rendered":"","protected":false},"excerpt":{"rendered":"","protected":false},"author":1,"featured_media":0,"parent":0,"menu_order":0,"comment_status":"closed","ping_status":"closed","template":"template\/page-wc.php","meta":{"_acf_changed":false,"advgb_blocks_editor_width":"","advgb_blocks_columns_visual_guide":"","_themeisle_gutenberg_block_has_review":false,"footnotes":""},"class_list":["post-3516","page","type-page","status-publish","hentry"],"acf":[],"coauthors":[],"author_meta":{"author_link":"https:\/\/www.mw-steel.eu\/lt\/author\/admin\/","display_name":"admin"},"relative_dates":{"created":"Posted 3 metai ago","modified":"Updated 1 m\u0117nuo ago"},"absolute_dates":{"created":"Posted on 2023 26 baland\u017eio","modified":"Updated on 2026 12 baland\u017eio"},"absolute_dates_time":{"created":"Posted on 2023 26 baland\u017eio 9:05","modified":"Updated on 2026 12 baland\u017eio 22:56"},"featured_img_caption":"","featured_img":false,"series_order":"","_links":{"self":[{"href":"https:\/\/www.mw-steel.eu\/lt\/wp-json\/wp\/v2\/pages\/3516","targetHints":{"allow":["GET"]}}],"collection":[{"href":"https:\/\/www.mw-steel.eu\/lt\/wp-json\/wp\/v2\/pages"}],"about":[{"href":"https:\/\/www.mw-steel.eu\/lt\/wp-json\/wp\/v2\/types\/page"}],"author":[{"embeddable":true,"href":"https:\/\/www.mw-steel.eu\/lt\/wp-json\/wp\/v2\/users\/1"}],"replies":[{"embeddable":true,"href":"https:\/\/www.mw-steel.eu\/lt\/wp-json\/wp\/v2\/comments?post=3516"}],"version-history":[{"count":2,"href":"https:\/\/www.mw-steel.eu\/lt\/wp-json\/wp\/v2\/pages\/3516\/revisions"}],"predecessor-version":[{"id":4575,"href":"https:\/\/www.mw-steel.eu\/lt\/wp-json\/wp\/v2\/pages\/3516\/revisions\/4575"}],"wp:attachment":[{"href":"https:\/\/www.mw-steel.eu\/lt\/wp-json\/wp\/v2\/media?parent=3516"}],"curies":[{"name":"wp","href":"https:\/\/api.w.org\/{rel}","templated":true}]}}