{"id":10267,"date":"2023-04-27T06:16:32","date_gmt":"2023-04-27T04:16:32","guid":{"rendered":"https:\/\/www.mw-steel.eu\/produkt\/kerti-tarolo-magico\/"},"modified":"2023-04-27T06:16:32","modified_gmt":"2023-04-27T04:16:32","slug":"kerti-tarolo-magico","status":"publish","type":"product","link":"https:\/\/www.mw-steel.eu\/hu\/produkt\/kerti-tarolo-magico\/","title":{"rendered":"Kerti t\u00e1rol\u00f3 &#8211; Magico"},"content":{"rendered":"<p>A MAGICO egy modern kerti t\u00e1rol\u00f3, amelyben a t\u00e1rol\u00e1si funkci\u00f3t kifinomult, \u00e9p\u00edt\u00e9szeti form\u00e1ba \u00f6nt\u00f6tt\u00e9k. A szerkezet horganyzott ac\u00e9lprofilokb\u00f3l k\u00e9sz\u00fcl, az el\u00fcls\u0151 fel\u00fclet pedig porfest\u00e9kkel van bevonva, ami kiv\u00e1l\u00f3 id\u0151j\u00e1r\u00e1s\u00e1ll\u00f3s\u00e1got \u00e9s tart\u00f3s, eszt\u00e9tikus megjelen\u00e9st biztos\u00edt hossz\u00fa t\u00e1von. <\/p>\n<p>A MAGICO modell jelleg\u00e9t mark\u00e1ns r\u00e9szletek adj\u00e1k: a test ritmus\u00e1t meghat\u00e1roz\u00f3 f\u00fcgg\u0151leges, d\u00edszes profilok, valamint a CNC-vel kiv\u00e1gott mint\u00e1zat\u00fa ajt\u00f3k, amelyek modern k\u00f6nnyeds\u00e9get k\u00f6lcs\u00f6n\u00f6znek az eg\u00e9sznek, \u00e9s kiemelik a kivitelez\u00e9s prec\u00edzs\u00e9g\u00e9t. Az el\u00fcls\u0151 r\u00e9sz burkolhat\u00f3 f\u00e9mlemezzel, fa burkolattal vagy kompozit deszk\u00e1val, \u00edgy a t\u00e1rol\u00f3 k\u00f6nnyen illeszthet\u0151 a kert, a homlokzat \u00e9s a k\u00f6rnyezet st\u00edlus\u00e1hoz. <\/p>\n<p>A MAGICO teljes m\u00e9rt\u00e9kben testreszabhat\u00f3 \u2013 hossza, sz\u00e9less\u00e9ge \u00e9s magass\u00e1ga az adott t\u00e9rhez igaz\u00edthat\u00f3. Ez a megold\u00e1s azoknak sz\u00f3l, akik rendezetts\u00e9get v\u00e1rnak el a kertj\u00fckben, ugyanakkor nagyra \u00e9rt\u00e9kelik a letisztult diz\u00e1jnt, valamint a szil\u00e1rd, tart\u00f3s \u00e9s prec\u00edz kivitelez\u00e9st. <\/p>\n","protected":false},"excerpt":{"rendered":"<p>A MAGICO egy modern kerti t\u00e1rol\u00f3, amelyben a t\u00e1rol\u00e1si funkci\u00f3t kifinomult, \u00e9p\u00edt\u00e9szeti form\u00e1ba \u00f6nt\u00f6tt\u00e9k. A szerkezet horganyzott ac\u00e9lprofilokb\u00f3l k\u00e9sz\u00fcl, az el\u00fcls\u0151 fel\u00fclet pedig porfest\u00e9kkel van bevonva, ami kiv\u00e1l\u00f3 id\u0151j\u00e1r\u00e1s\u00e1ll\u00f3s\u00e1got \u00e9s tart\u00f3s, eszt\u00e9tikus megjelen\u00e9st biztos\u00edt hossz\u00fa t\u00e1von. A MAGICO modell jelleg\u00e9t mark\u00e1ns r\u00e9szletek adj\u00e1k: a test ritmus\u00e1t meghat\u00e1roz\u00f3 f\u00fcgg\u0151leges, d\u00edszes profilok, valamint a CNC-vel kiv\u00e1gott mint\u00e1zat\u00fa [&hellip;]<\/p>\n","protected":false},"author":1,"featured_media":3076,"template":"","meta":{"_acf_changed":false,"advgb_blocks_editor_width":"","advgb_blocks_columns_visual_guide":"","_themeisle_gutenberg_block_has_review":false},"product_brand":[],"product_cat":[115],"product_tag":[],"class_list":{"0":"post-10267","1":"product","2":"type-product","3":"status-publish","4":"has-post-thumbnail","6":"product_cat-kerti-tarolo","8":"first","9":"instock","10":"shipping-taxable","11":"purchasable","12":"product-type-simple"},"acf":[],"featured_img":"https:\/\/www.mw-steel.eu\/wp-content\/uploads\/2026\/02\/MAGICO-1GLOWNE.png","coauthors":[],"author_meta":{"author_link":"https:\/\/www.mw-steel.eu\/hu\/author\/admin\/","display_name":"admin"},"relative_dates":{"created":"Posted 3 \u00e9v ago","modified":"Updated 3 \u00e9v ago"},"absolute_dates":{"created":"Posted on 2023.04.27.","modified":"Updated on 2023.04.27."},"absolute_dates_time":{"created":"Posted on 2023.04.27. 06:16","modified":"Updated on 2023.04.27. 06:16"},"featured_img_caption":"","tax_additional":{"product_brand":{"linked":[],"unlinked":[],"slug":"product_brand","name":"M\u00e1rk\u00e1k"},"product_type":{"linked":["<a href=\"https:\/\/www.mw-steel.eu\/hu\/?taxonomy=product_type&#038;term=simple\" class=\"advgb-post-tax-term\">simple<\/a>"],"unlinked":["<span class=\"advgb-post-tax-term\">simple<\/span>"],"slug":"product_type","name":"Term\u00e9k t\u00edpusa"},"product_visibility":{"linked":[],"unlinked":[],"slug":"product_visibility","name":"Term\u00e9k l\u00e1that\u00f3s\u00e1ga"},"product_cat":{"linked":["<a href=\"https:\/\/www.mw-steel.eu\/hu\/kategoria-produktu\/kerti-tarolo\/\" class=\"advgb-post-tax-term\">Kerti t\u00e1rol\u00f3<\/a>"],"unlinked":["<span class=\"advgb-post-tax-term\">Kerti t\u00e1rol\u00f3<\/span>"],"slug":"product_cat","name":"Term\u00e9kkateg\u00f3ri\u00e1k"},"product_tag":{"linked":[],"unlinked":[],"slug":"product_tag","name":"Term\u00e9k c\u00edmk\u00e9k"},"product_shipping_class":{"linked":[],"unlinked":[],"slug":"product_shipping_class","name":"Term\u00e9k sz\u00e1ll\u00edt\u00e1si oszt\u00e1lyok"},"pos_product_visibility":{"linked":[],"unlinked":[],"slug":"pos_product_visibility","name":"POS Product visibility"},"pa_wymiar":{"linked":[],"unlinked":[],"slug":"pa_wymiar","name":"Product Wymiar"},"translation_priority":{"linked":[],"unlinked":[],"slug":"translation_priority","name":"Translation Priorities"}},"series_order":"","_links":{"self":[{"href":"https:\/\/www.mw-steel.eu\/hu\/wp-json\/wp\/v2\/product\/10267","targetHints":{"allow":["GET"]}}],"collection":[{"href":"https:\/\/www.mw-steel.eu\/hu\/wp-json\/wp\/v2\/product"}],"about":[{"href":"https:\/\/www.mw-steel.eu\/hu\/wp-json\/wp\/v2\/types\/product"}],"wp:featuredmedia":[{"embeddable":true,"href":"https:\/\/www.mw-steel.eu\/hu\/wp-json\/wp\/v2\/media\/3076"}],"wp:attachment":[{"href":"https:\/\/www.mw-steel.eu\/hu\/wp-json\/wp\/v2\/media?parent=10267"}],"wp:term":[{"taxonomy":"product_brand","embeddable":true,"href":"https:\/\/www.mw-steel.eu\/hu\/wp-json\/wp\/v2\/product_brand?post=10267"},{"taxonomy":"product_cat","embeddable":true,"href":"https:\/\/www.mw-steel.eu\/hu\/wp-json\/wp\/v2\/product_cat?post=10267"},{"taxonomy":"product_tag","embeddable":true,"href":"https:\/\/www.mw-steel.eu\/hu\/wp-json\/wp\/v2\/product_tag?post=10267"}],"curies":[{"name":"wp","href":"https:\/\/api.w.org\/{rel}","templated":true}]}}