{"id":10238,"date":"2023-04-30T11:49:52","date_gmt":"2023-04-30T09:49:52","guid":{"rendered":"https:\/\/www.mw-steel.eu\/produkt\/kutyafuttato-dh6\/"},"modified":"2023-04-30T11:49:52","modified_gmt":"2023-04-30T09:49:52","slug":"kutyafuttato-dh6","status":"publish","type":"product","link":"https:\/\/www.mw-steel.eu\/hu\/produkt\/kutyafuttato-dh6\/","title":{"rendered":"Kutyafuttat\u00f3 DH6"},"content":{"rendered":"<p><strong>A DH6 modell kiv\u00e1l\u00f3 v\u00e1laszt\u00e1s minden kutyatulajdonos sz\u00e1m\u00e1ra, aki modern \u00e9s strapab\u00edr\u00f3 kennelt keres kedvenc\u00e9nek.<\/strong><\/p>\n<p>A szerkezet egy er\u0151s, z\u00e1rt profilra \u00e9p\u00fcl, ami garant\u00e1lja a tart\u00f3ss\u00e1got \u00e9s a biztons\u00e1got. A kar\u00e1m megjelen\u00e9s\u00e9t saj\u00e1t \u00edzl\u00e9s\u00e9nek megfelel\u0151en alak\u00edthatja ki, trapezlemezt, term\u00e9szetes f\u00e1t vagy kompozit anyagot v\u00e1lasztva a burkolathoz. A f\u00e9m elemek k\u00e9t sz\u00ednben kaphat\u00f3k: feket\u00e9ben vagy grafit sz\u00ednben, fel\u00fcleti fest\u00e9kkel vagy porfest\u00e9kkel bevonva.  <\/p>\n<p>Ez a ketrec rendk\u00edv\u00fcl rugalmasan alak\u00edthat\u00f3, \u00edgy kedvenced ig\u00e9nyeihez igaz\u00edthatod. V\u00e1laszthatsz kieg\u00e9sz\u00edt\u0151 falakkal vagy h\u00e1tt\u00e1ml\u00e1val ell\u00e1tott v\u00e1ltozatot, valamint a standard padl\u00f3 \u00e9s az ultraer\u0151s f\u00e9mv\u00e1z k\u00f6z\u00f6tt is d\u00f6nthetsz. <\/p>\n<p>A legnagyobb vonzereje az, hogy a kennel elej\u00e9re l\u00e9zerrel egyedi feliratot lehet grav\u00edrozni. Ez kiv\u00e1l\u00f3 m\u00f3dja annak, hogy szem\u00e9lyre szabott jelleget k\u00f6lcs\u00f6n\u00f6zz\u00fcnk neki: r\u00e1\u00edrhatjuk kuty\u00e1nk nev\u00e9t, a c\u00edm\u00fcnket vagy b\u00e1rmilyen m\u00e1s sz\u00f6veget. A DH6 modell a megb\u00edzhat\u00f3s\u00e1g \u00e9s a funkcionalit\u00e1s szimb\u00f3luma, amely az \u00d6n ig\u00e9nyeihez \u00e9s elv\u00e1r\u00e1saihoz igazodik.  <\/p>\n","protected":false},"excerpt":{"rendered":"<p>A DH6 modell kiv\u00e1l\u00f3 v\u00e1laszt\u00e1s minden kutyatulajdonos sz\u00e1m\u00e1ra, aki modern \u00e9s strapab\u00edr\u00f3 kennelt keres kedvenc\u00e9nek. A szerkezet egy er\u0151s, z\u00e1rt profilra \u00e9p\u00fcl, ami garant\u00e1lja a tart\u00f3ss\u00e1got \u00e9s a biztons\u00e1got. A kar\u00e1m megjelen\u00e9s\u00e9t saj\u00e1t \u00edzl\u00e9s\u00e9nek megfelel\u0151en alak\u00edthatja ki, trapezlemezt, term\u00e9szetes f\u00e1t vagy kompozit anyagot v\u00e1lasztva a burkolathoz. A f\u00e9m elemek k\u00e9t sz\u00ednben kaphat\u00f3k: feket\u00e9ben vagy grafit [&hellip;]<\/p>\n","protected":false},"author":1,"featured_media":3427,"template":"","meta":{"_acf_changed":false,"advgb_blocks_editor_width":"","advgb_blocks_columns_visual_guide":"","_themeisle_gutenberg_block_has_review":false},"product_brand":[],"product_cat":[113],"product_tag":[],"class_list":{"0":"post-10238","1":"product","2":"type-product","3":"status-publish","4":"has-post-thumbnail","6":"product_cat-kutyaudvarok","8":"first","9":"instock","10":"shipping-taxable","11":"purchasable","12":"product-type-simple"},"acf":[],"featured_img":"https:\/\/www.mw-steel.eu\/wp-content\/uploads\/2026\/02\/DH6-5GLOWNE.jpg","coauthors":[],"author_meta":{"author_link":"https:\/\/www.mw-steel.eu\/hu\/author\/admin\/","display_name":"admin"},"relative_dates":{"created":"Posted 3 \u00e9v ago","modified":"Updated 3 \u00e9v ago"},"absolute_dates":{"created":"Posted on 2023.04.30.","modified":"Updated on 2023.04.30."},"absolute_dates_time":{"created":"Posted on 2023.04.30. 11:49","modified":"Updated on 2023.04.30. 11:49"},"featured_img_caption":"","tax_additional":{"product_brand":{"linked":[],"unlinked":[],"slug":"product_brand","name":"M\u00e1rk\u00e1k"},"product_type":{"linked":["<a href=\"https:\/\/www.mw-steel.eu\/hu\/?taxonomy=product_type&#038;term=simple\" class=\"advgb-post-tax-term\">simple<\/a>"],"unlinked":["<span class=\"advgb-post-tax-term\">simple<\/span>"],"slug":"product_type","name":"Term\u00e9k t\u00edpusa"},"product_visibility":{"linked":[],"unlinked":[],"slug":"product_visibility","name":"Term\u00e9k l\u00e1that\u00f3s\u00e1ga"},"product_cat":{"linked":["<a href=\"https:\/\/www.mw-steel.eu\/hu\/kategoria-produktu\/kutyaudvarok\/\" class=\"advgb-post-tax-term\">kutyaudvarok<\/a>"],"unlinked":["<span class=\"advgb-post-tax-term\">kutyaudvarok<\/span>"],"slug":"product_cat","name":"Term\u00e9kkateg\u00f3ri\u00e1k"},"product_tag":{"linked":[],"unlinked":[],"slug":"product_tag","name":"Term\u00e9k c\u00edmk\u00e9k"},"product_shipping_class":{"linked":[],"unlinked":[],"slug":"product_shipping_class","name":"Term\u00e9k sz\u00e1ll\u00edt\u00e1si oszt\u00e1lyok"},"pos_product_visibility":{"linked":[],"unlinked":[],"slug":"pos_product_visibility","name":"POS Product visibility"},"pa_wymiar":{"linked":[],"unlinked":[],"slug":"pa_wymiar","name":"Product Wymiar"},"translation_priority":{"linked":[],"unlinked":[],"slug":"translation_priority","name":"Translation Priorities"}},"series_order":"","_links":{"self":[{"href":"https:\/\/www.mw-steel.eu\/hu\/wp-json\/wp\/v2\/product\/10238","targetHints":{"allow":["GET"]}}],"collection":[{"href":"https:\/\/www.mw-steel.eu\/hu\/wp-json\/wp\/v2\/product"}],"about":[{"href":"https:\/\/www.mw-steel.eu\/hu\/wp-json\/wp\/v2\/types\/product"}],"wp:featuredmedia":[{"embeddable":true,"href":"https:\/\/www.mw-steel.eu\/hu\/wp-json\/wp\/v2\/media\/3427"}],"wp:attachment":[{"href":"https:\/\/www.mw-steel.eu\/hu\/wp-json\/wp\/v2\/media?parent=10238"}],"wp:term":[{"taxonomy":"product_brand","embeddable":true,"href":"https:\/\/www.mw-steel.eu\/hu\/wp-json\/wp\/v2\/product_brand?post=10238"},{"taxonomy":"product_cat","embeddable":true,"href":"https:\/\/www.mw-steel.eu\/hu\/wp-json\/wp\/v2\/product_cat?post=10238"},{"taxonomy":"product_tag","embeddable":true,"href":"https:\/\/www.mw-steel.eu\/hu\/wp-json\/wp\/v2\/product_tag?post=10238"}],"curies":[{"name":"wp","href":"https:\/\/api.w.org\/{rel}","templated":true}]}}