{"id":10187,"date":"2024-10-10T15:34:48","date_gmt":"2024-10-10T13:34:48","guid":{"rendered":"https:\/\/www.mw-steel.eu\/produkt\/szemettarolo-szerkezet-riviesto\/"},"modified":"2024-10-10T15:34:48","modified_gmt":"2024-10-10T13:34:48","slug":"szemettarolo-szerkezet-riviesto","status":"publish","type":"product","link":"https:\/\/www.mw-steel.eu\/hu\/produkt\/szemettarolo-szerkezet-riviesto\/","title":{"rendered":"Szem\u00e9tt\u00e1rol\u00f3 szerkezet \u2013 Riviesto"},"content":{"rendered":"<p>Fedezze fel az elegancia \u00e9s a funkcionalit\u00e1s t\u00f6k\u00e9letes \u00f6tv\u00f6zet\u00e9t a \u201eRIVESTIO\u201d kos\u00e1rburkolatokkal. Ez az ide\u00e1lis megold\u00e1s azok sz\u00e1m\u00e1ra, akik luxusos \u00e9s praktikus \u00e9p\u00edt\u00e9szeti elemet szeretn\u00e9nek bevezetni kertj\u00fckbe. Kiv\u00e9teles term\u00e9k\u00fcnk harmonikusan \u00f6tv\u00f6zi a kifinomult diz\u00e1jnt a strapab\u00edr\u00f3 anyagokkal, \u00edgy olyan burkolatot k\u00edn\u00e1l, amely kiemelkedik a versenyt\u00e1rsak term\u00e9kei k\u00f6z\u00fcl.  <\/p>\n<p>A \u201eRIVESTIO\u201d burkolatot 2&#215;10 cm-es profilm\u00e9ret\u0171 fels\u0151 fed\u00e9llel tervezt\u00e9k, ami rendk\u00edv\u00fcl st\u00edlusos megjelen\u00e9st k\u00f6lcs\u00f6n\u00f6z neki. A szok\u00e1sos lemezbevonat helyett k\u00e9zzel k\u00e9sz\u00edtett, kiv\u00e1l\u00f3 min\u0151s\u00e9g\u0171 horganyzott ac\u00e9lszerkezetet k\u00edn\u00e1lunk, amelynek tart\u00f3ss\u00e1g\u00e1t gal\u00e9ri\u00e1nkban tekintheti meg. Minden r\u00e9szletet gondosan kidolgoztunk, hogy eszt\u00e9tikus \u00e9s tart\u00f3s elemet hozzunk l\u00e9tre az \u00d6n kertj\u00e9hez.  <\/p>\n<p>A \u201eRIVESTIO\u201d alapfelszerelts\u00e9g\u00e9hez tartozik egy modern fed\u00e9lnyit\u00f3 rendszer, amely kiemeli a term\u00e9k innovat\u00edv jelleg\u00e9t. Speci\u00e1lis m\u0171k\u00f6dtet\u0151ket alkalmaztunk, amelyek nyitott helyzetben tartj\u00e1k a fedelet, megk\u00f6nny\u00edtve ezzel a belsej\u00e9hez val\u00f3 hozz\u00e1f\u00e9r\u00e9st. Ezen fel\u00fcl a fed\u00e9l l\u00e1nccal van \u00f6sszek\u00f6tve a szemetes kos\u00e1r fedel\u00e9vel, \u00edgy a fed\u00e9l kinyit\u00e1s\u00e1val automatikusan kiny\u00edlnak a szemetes kosarak is \u2013 ez a megold\u00e1s rendk\u00edv\u00fcl k\u00e9nyelmes \u00e9s praktikus.  <\/p>\n<p>Ezen fel\u00fcl k\u00edn\u00e1lunk egy h\u00e1l\u00f3s elv\u00e1laszt\u00f3t is, amely lehet\u0151v\u00e9 teszi a szemetes kosarak \u00e9s a szemeteszs\u00e1kok elv\u00e1laszt\u00e1s\u00e1t. B\u00e1rmelyik helyre felszerelhet\u0151, \u00edgy a teret rugalmasan igaz\u00edthatja az \u00d6n ig\u00e9nyeihez. <\/p>\n<p>Bevezett\u00fcnk tov\u00e1bb\u00e1 egy modern, foganty\u00famentes nyit\u00f3rendszert mind a fels\u0151 fed\u00e9l, mind az el\u00fcls\u0151 ajt\u00f3k eset\u00e9ben. Az ajt\u00f3kat er\u0151s m\u00e1gnesek tartj\u00e1k z\u00e1rva, ami eleg\u00e1ns \u00e9s diszkr\u00e9t megjelen\u00e9st biztos\u00edt, kik\u00fcsz\u00f6b\u00f6lve a felesleges foganty\u00fakat, mik\u00f6zben a teljes funkcionalit\u00e1st meg\u0151rzi. <\/p>\n<p>A \u201eRIVESTIO\u201d burkolat kiv\u00e1l\u00f3an illeszkedik a legk\u00fcl\u00f6nb\u00f6z\u0151bb kerti \u00e9s \u00e9p\u00edt\u00e9szeti st\u00edlusokhoz. Eleg\u00e1ns \u00e9s modern kialak\u00edt\u00e1sa hat\u00e9konyan elrejti a cs\u00fanya elemeket, p\u00e9ld\u00e1ul a szemeteseket, mik\u00f6zben a t\u00e9r vonz\u00f3 d\u00edsz\u00edt\u00e9s\u00e9v\u00e9 v\u00e1lik. <\/p>\n<p>Projekt\u00fcnkh\u00f6z a modern diz\u00e1jnb\u00f3l mer\u00edtett\u00fcnk ihletet, amely kiemelkedik a versenyt\u00e1rsak k\u00edn\u00e1lat\u00e1b\u00f3l. A term\u00e9szetes fa \u00e9s az ac\u00e9l \u00f6tv\u00f6zete olyan kompoz\u00edci\u00f3t alkot, amely m\u00e1r els\u0151 pillant\u00e1sra mag\u00e1ra vonzza a tekintetet. Minden term\u00e9k k\u00e9zzel k\u00e9sz\u00fcl, a legapr\u00f3bb r\u00e9szletekre is figyelve, ami biztos\u00edtja tart\u00f3ss\u00e1g\u00e1t \u00e9s p\u00e1ratlan min\u0151s\u00e9g\u00e9t.  <\/p>\n<p>A \u201eRIVESTIO\u201d kos\u00e1rh\u00e1z sz\u00e9lesk\u00f6r\u0171 testreszab\u00e1si lehet\u0151s\u00e9geket k\u00edn\u00e1l \u2013 \u00d6n d\u00f6ntheti el a m\u00e9reteket, a falak burkolat\u00e1nak t\u00edpus\u00e1t (f\u00e9mlemez, term\u00e9szetes fa, kompozit deszka) \u00e9s a bevonat m\u00f3dj\u00e1t (alapoz\u00f3 vagy porfest\u00e9k). \u00d6n d\u00f6nti el, hogyan fog ez az egyedi elem kin\u00e9zni a kertj\u00e9ben. <\/p>\n<p>Gondosan kiv\u00e1lasztott anyagaink garant\u00e1lj\u00e1k a szerkezet maxim\u00e1lis szil\u00e1rds\u00e1g\u00e1t \u00e9s stabilit\u00e1s\u00e1t. Ez a term\u00e9k azoknak sz\u00f3l, akik egyar\u00e1nt \u00e9rt\u00e9kelik az eszt\u00e9tik\u00e1t \u00e9s a tart\u00f3ss\u00e1got. <\/p>\n<p>Ha szem\u00e9lyre szabott \u00e1raj\u00e1nlatot szeretne kapni, haszn\u00e1lja a weboldalunkon el\u00e9rhet\u0151, k\u00f6telezetts\u00e9g n\u00e9lk\u00fcli konfigur\u00e1torunkat. P\u00e1r perc alatt elk\u00e9sz\u00edtheti saj\u00e1t, egyedi burkolat\u00e1t, amely t\u00f6k\u00e9letesen megfelel az \u00d6n ig\u00e9nyeinek. <\/p>\n","protected":false},"excerpt":{"rendered":"<p>Fedezze fel az elegancia \u00e9s a funkcionalit\u00e1s t\u00f6k\u00e9letes \u00f6tv\u00f6zet\u00e9t a \u201eRIVESTIO\u201d kos\u00e1rburkolatokkal. Ez az ide\u00e1lis megold\u00e1s azok sz\u00e1m\u00e1ra, akik luxusos \u00e9s praktikus \u00e9p\u00edt\u00e9szeti elemet szeretn\u00e9nek bevezetni kertj\u00fckbe. Kiv\u00e9teles term\u00e9k\u00fcnk harmonikusan \u00f6tv\u00f6zi a kifinomult diz\u00e1jnt a strapab\u00edr\u00f3 anyagokkal, \u00edgy olyan burkolatot k\u00edn\u00e1l, amely kiemelkedik a versenyt\u00e1rsak term\u00e9kei k\u00f6z\u00fcl. A \u201eRIVESTIO\u201d burkolatot 2&#215;10 cm-es profilm\u00e9ret\u0171 fels\u0151 fed\u00e9llel [&hellip;]<\/p>\n","protected":false},"author":1,"featured_media":3166,"template":"","meta":{"_acf_changed":false,"advgb_blocks_editor_width":"","advgb_blocks_columns_visual_guide":"","_themeisle_gutenberg_block_has_review":false},"product_brand":[],"product_cat":[116],"product_tag":[],"class_list":{"0":"post-10187","1":"product","2":"type-product","3":"status-publish","4":"has-post-thumbnail","6":"product_cat-szemettarolo-szerkezet","8":"first","9":"instock","10":"shipping-taxable","11":"purchasable","12":"product-type-simple"},"acf":[],"featured_img":"https:\/\/www.mw-steel.eu\/wp-content\/uploads\/2026\/02\/RIVESTIO-1GLOWNE.jpg","coauthors":[],"author_meta":{"author_link":"https:\/\/www.mw-steel.eu\/hu\/author\/admin\/","display_name":"admin"},"relative_dates":{"created":"Posted 2 \u00e9v ago","modified":"Updated 2 \u00e9v ago"},"absolute_dates":{"created":"Posted on 2024.10.10.","modified":"Updated on 2024.10.10."},"absolute_dates_time":{"created":"Posted on 2024.10.10. 15:34","modified":"Updated on 2024.10.10. 15:34"},"featured_img_caption":"","tax_additional":{"product_brand":{"linked":[],"unlinked":[],"slug":"product_brand","name":"M\u00e1rk\u00e1k"},"product_type":{"linked":["<a href=\"https:\/\/www.mw-steel.eu\/hu\/?taxonomy=product_type&#038;term=simple\" class=\"advgb-post-tax-term\">simple<\/a>"],"unlinked":["<span class=\"advgb-post-tax-term\">simple<\/span>"],"slug":"product_type","name":"Term\u00e9k t\u00edpusa"},"product_visibility":{"linked":[],"unlinked":[],"slug":"product_visibility","name":"Term\u00e9k l\u00e1that\u00f3s\u00e1ga"},"product_cat":{"linked":["<a href=\"https:\/\/www.mw-steel.eu\/hu\/kategoria-produktu\/szemettarolo-szerkezet\/\" class=\"advgb-post-tax-term\">Szem\u00e9tt\u00e1rol\u00f3 szerkezet<\/a>"],"unlinked":["<span class=\"advgb-post-tax-term\">Szem\u00e9tt\u00e1rol\u00f3 szerkezet<\/span>"],"slug":"product_cat","name":"Term\u00e9kkateg\u00f3ri\u00e1k"},"product_tag":{"linked":[],"unlinked":[],"slug":"product_tag","name":"Term\u00e9k c\u00edmk\u00e9k"},"product_shipping_class":{"linked":[],"unlinked":[],"slug":"product_shipping_class","name":"Term\u00e9k sz\u00e1ll\u00edt\u00e1si oszt\u00e1lyok"},"pos_product_visibility":{"linked":[],"unlinked":[],"slug":"pos_product_visibility","name":"POS Product visibility"},"pa_wymiar":{"linked":[],"unlinked":[],"slug":"pa_wymiar","name":"Product Wymiar"},"translation_priority":{"linked":[],"unlinked":[],"slug":"translation_priority","name":"Translation Priorities"}},"series_order":"","_links":{"self":[{"href":"https:\/\/www.mw-steel.eu\/hu\/wp-json\/wp\/v2\/product\/10187","targetHints":{"allow":["GET"]}}],"collection":[{"href":"https:\/\/www.mw-steel.eu\/hu\/wp-json\/wp\/v2\/product"}],"about":[{"href":"https:\/\/www.mw-steel.eu\/hu\/wp-json\/wp\/v2\/types\/product"}],"wp:featuredmedia":[{"embeddable":true,"href":"https:\/\/www.mw-steel.eu\/hu\/wp-json\/wp\/v2\/media\/3166"}],"wp:attachment":[{"href":"https:\/\/www.mw-steel.eu\/hu\/wp-json\/wp\/v2\/media?parent=10187"}],"wp:term":[{"taxonomy":"product_brand","embeddable":true,"href":"https:\/\/www.mw-steel.eu\/hu\/wp-json\/wp\/v2\/product_brand?post=10187"},{"taxonomy":"product_cat","embeddable":true,"href":"https:\/\/www.mw-steel.eu\/hu\/wp-json\/wp\/v2\/product_cat?post=10187"},{"taxonomy":"product_tag","embeddable":true,"href":"https:\/\/www.mw-steel.eu\/hu\/wp-json\/wp\/v2\/product_tag?post=10187"}],"curies":[{"name":"wp","href":"https:\/\/api.w.org\/{rel}","templated":true}]}}