{"id":10180,"date":"2024-10-18T14:49:57","date_gmt":"2024-10-18T12:49:57","guid":{"rendered":"https:\/\/www.mw-steel.eu\/produkt\/szemettarolo-szerkezet-ecobox\/"},"modified":"2024-10-18T14:49:57","modified_gmt":"2024-10-18T12:49:57","slug":"szemettarolo-szerkezet-ecobox","status":"publish","type":"product","link":"https:\/\/www.mw-steel.eu\/hu\/produkt\/szemettarolo-szerkezet-ecobox\/","title":{"rendered":"Szem\u00e9tt\u00e1rol\u00f3 szerkezet \u2013 Ecobox"},"content":{"rendered":"<p>Fedezze fel az elegancia \u00e9s a funkcionalit\u00e1s t\u00f6k\u00e9letes \u00f6tv\u00f6zet\u00e9t \u2013 az <b>\u201eECOBOX\u201d kos\u00e1rburkolat azoknak sz\u00f3l,<\/b> akik nem csup\u00e1n praktikus, hanem luxus kert\u00e9p\u00edt\u00e9szeti elemet is keresnek. Ez egy egyed\u00fcl\u00e1ll\u00f3 projekt, amely a kifinomult formatervez\u00e9st \u00f6tv\u00f6zi a strapab\u00edr\u00f3 anyagokkal, \u00edgy olyan burkolatot hozva l\u00e9tre, amely m\u00e1shol nem tal\u00e1lhat\u00f3 meg. <\/p>\n<p>H\u00e1zunkat az a fels\u0151 fed\u00e9l teszi k\u00fcl\u00f6nlegess\u00e9, <b>amely teljes eg\u00e9sz\u00e9ben 2&#215;10 cm-es profilb\u00f3l k\u00e9sz\u00fclt<\/b>, ami rendk\u00edv\u00fcl eleg\u00e1ns megjelen\u00e9st k\u00f6lcs\u00f6n\u00f6z az eg\u00e9sznek. Ez nem egy szokv\u00e1nyos f\u00e9mlemez-bor\u00edt\u00e1s, mint amilyet m\u00e1s term\u00e9kekn\u00e9l tal\u00e1lhat \u2013 ez egy k\u00e9zzel megmunk\u00e1lt szerkezet a legkiv\u00e1l\u00f3bb min\u0151s\u00e9g\u0171 horganyzott ac\u00e9lb\u00f3l, amelynek szil\u00e1rds\u00e1g\u00e1t a gal\u00e9ri\u00e1nkban tal\u00e1lhat\u00f3 fot\u00f3k is al\u00e1t\u00e1masztj\u00e1k. <b>Minden r\u00e9szletet gondosan kidolgoztunk<\/b>, hogy ne csak eszt\u00e9tikus, hanem tart\u00f3s elemet is hozzunk l\u00e9tre az \u00d6n kertj\u00e9ben. <\/p>\n<p>Az \u201eECOBOX\u201d kont\u00e9ner alapfelszerelts\u00e9gk\u00e9nt <b>innovat\u00edv fed\u00e9lnyit\u00f3 rendszerrel rendelkezik<\/b>, amely hangs\u00falyozza a term\u00e9k modern jelleg\u00e9t. Speci\u00e1lis m\u0171k\u00f6dtet\u0151ket alkalmaztunk, amelyek nyitott helyzetben tartj\u00e1k a fedelet, \u00edgy biztos\u00edtva a bels\u0151 t\u00e9rhez val\u00f3 k\u00f6nny\u0171 hozz\u00e1f\u00e9r\u00e9st. Ezen fel\u00fcl a fed\u00e9l <b>l\u00e1nccal<\/b> van \u00f6sszek\u00f6tve a szemetes kos\u00e1r fedel\u00e9vel, \u00edgy a fed\u00e9l felemel\u00e9se automatikusan kinyitja a szemetes kosarakat is \u2013 ez a megold\u00e1s rendk\u00edv\u00fcl k\u00e9nyelmes \u00e9s praktikus.  <\/p>\n<p>Ezen fel\u00fcl alapfelszerelts\u00e9gk\u00e9nt h\u00e1l\u00f3s elv\u00e1laszt\u00f3t <b>k\u00edn\u00e1lunk<\/b>, amely lehet\u0151v\u00e9 teszi a szemetes kosarak \u00e9s a szemeteszs\u00e1kok elv\u00e1laszt\u00e1s\u00e1t. Az elv\u00e1laszt\u00f3 tetsz\u0151leges helyre felszerelhet\u0151, \u00edgy a teret k\u00f6nnyed\u00e9n az \u00d6n ig\u00e9nyeihez igaz\u00edthatja. <\/p>\n<p>\u00dajdons\u00e1gk\u00e9nt bevezett\u00fck a fels\u0151 fed\u00e9l \u00e9s az el\u00fcls\u0151 <b>ajt\u00f3 foganty\u00fa n\u00e9lk\u00fcli nyit\u00f3rendszer\u00e9t<\/b>. Az ajt\u00f3kat er\u0151s m\u00e1gnesek tartj\u00e1k z\u00e1rva, ami felesleges foganty\u00fak n\u00e9lk\u00fcl is diszkr\u00e9t \u00e9s eleg\u00e1ns megjelen\u00e9st biztos\u00edt, mik\u00f6zben a teljes funkcionalit\u00e1st meg\u0151rzi. <\/p>\n<p>Az \u201eECOBOX\u201d olyan term\u00e9k, <b>amely t\u00f6k\u00e9letesen illeszkedik b\u00e1rmilyen<\/b> t\u00edpus\u00fa kertbe vagy \u00e9p\u00fclethez. Eleg\u00e1ns \u00e9s modern megjelen\u00e9s\u00e9nek k\u00f6sz\u00f6nhet\u0151en elrejti a cs\u00fanya elemeket, p\u00e9ld\u00e1ul a szemeteseket, mik\u00f6zben maga is a t\u00e9r d\u00edsz\u00e9v\u00e9 v\u00e1lik. <\/p>\n<p>Projekt\u00fcnket a <b>modern diz\u00e1jn<\/b> ihlette, amely m\u00e1s c\u00e9gek k\u00edn\u00e1lat\u00e1ban nem tal\u00e1lhat\u00f3 meg. A term\u00e9szetes fa \u00e9s az ac\u00e9l <b>kombin\u00e1ci\u00f3j\u00e1t alkalmaztuk<\/b>, \u00edgy olyan kompoz\u00edci\u00f3t hoztunk l\u00e9tre, amely els\u0151 pillant\u00e1sra leny\u0171g\u00f6z. Minden term\u00e9k <b>k\u00e9zzel k\u00e9sz\u00fcl<\/b>, a legnagyobb odafigyel\u00e9ssel a r\u00e9szletekre, ami garant\u00e1lja a tart\u00f3ss\u00e1got \u00e9s a p\u00e1ratlan min\u0151s\u00e9get.  <\/p>\n<p>Az \u201eECOBOX\u201d kos\u00e1rh\u00e1z rendk\u00edv\u00fcl sokf\u00e9le <b>testreszab\u00e1si lehet\u0151s\u00e9get k\u00edn\u00e1l<\/b> \u2013 kiv\u00e1laszthatja a m\u00e9reteket, a falak burkolat\u00e1nak t\u00edpus\u00e1t (f\u00e9mlemez, term\u00e9szetes fa, kompozit deszka) \u00e9s a bevonat m\u00f3dj\u00e1t (alapoz\u00f3 vagy porfest\u00e9k). \u00d6n d\u00f6nti el, hogyan fog kin\u00e9zni ez a k\u00fcl\u00f6nleges elem a kertj\u00e9ben. <\/p>\n<p>Anyagainkat gondosan v\u00e1logatjuk, hogy a szerkezet maxim\u00e1lis szil\u00e1rds\u00e1g\u00e1t \u00e9s stabilit\u00e1s\u00e1t biztos\u00edtsuk. Ez a term\u00e9k azoknak k\u00e9sz\u00fclt, akik nemcsak a sz\u00e9ps\u00e9get, hanem a <b>tart\u00f3ss\u00e1got is \u00e9rt\u00e9kelik<\/b>. <\/p>\n<p><b>Ha egyedi \u00e1raj\u00e1nlatot szeretne kapni<\/b>, haszn\u00e1lja a weboldalunkon el\u00e9rhet\u0151, k\u00f6telezetts\u00e9g n\u00e9lk\u00fcli konfigur\u00e1torunkat. P\u00e1r perc alatt \u00f6ssze\u00e1ll\u00edthatja saj\u00e1t, ig\u00e9nyeinek t\u00f6k\u00e9letesen megfelel\u0151 burkolatv\u00e1ltozat\u00e1t. <\/p>\n","protected":false},"excerpt":{"rendered":"<p>Fedezze fel az elegancia \u00e9s a funkcionalit\u00e1s t\u00f6k\u00e9letes \u00f6tv\u00f6zet\u00e9t \u2013 az \u201eECOBOX\u201d kos\u00e1rburkolat azoknak sz\u00f3l, akik nem csup\u00e1n praktikus, hanem luxus kert\u00e9p\u00edt\u00e9szeti elemet is keresnek. Ez egy egyed\u00fcl\u00e1ll\u00f3 projekt, amely a kifinomult formatervez\u00e9st \u00f6tv\u00f6zi a strapab\u00edr\u00f3 anyagokkal, \u00edgy olyan burkolatot hozva l\u00e9tre, amely m\u00e1shol nem tal\u00e1lhat\u00f3 meg. H\u00e1zunkat az a fels\u0151 fed\u00e9l teszi k\u00fcl\u00f6nlegess\u00e9, amely [&hellip;]<\/p>\n","protected":false},"author":1,"featured_media":3130,"template":"","meta":{"_acf_changed":false,"advgb_blocks_editor_width":"","advgb_blocks_columns_visual_guide":"","_themeisle_gutenberg_block_has_review":false},"product_brand":[],"product_cat":[116],"product_tag":[],"class_list":{"0":"post-10180","1":"product","2":"type-product","3":"status-publish","4":"has-post-thumbnail","6":"product_cat-szemettarolo-szerkezet","8":"first","9":"instock","10":"shipping-taxable","11":"purchasable","12":"product-type-simple"},"acf":[],"featured_img":"https:\/\/www.mw-steel.eu\/wp-content\/uploads\/2026\/02\/ECOBOX-1-GLOWNE.jpg","coauthors":[],"author_meta":{"author_link":"https:\/\/www.mw-steel.eu\/hu\/author\/admin\/","display_name":"admin"},"relative_dates":{"created":"Posted 2 \u00e9v ago","modified":"Updated 2 \u00e9v ago"},"absolute_dates":{"created":"Posted on 2024.10.18.","modified":"Updated on 2024.10.18."},"absolute_dates_time":{"created":"Posted on 2024.10.18. 14:49","modified":"Updated on 2024.10.18. 14:49"},"featured_img_caption":"","tax_additional":{"product_brand":{"linked":[],"unlinked":[],"slug":"product_brand","name":"M\u00e1rk\u00e1k"},"product_type":{"linked":["<a href=\"https:\/\/www.mw-steel.eu\/hu\/?taxonomy=product_type&#038;term=simple\" class=\"advgb-post-tax-term\">simple<\/a>"],"unlinked":["<span class=\"advgb-post-tax-term\">simple<\/span>"],"slug":"product_type","name":"Term\u00e9k t\u00edpusa"},"product_visibility":{"linked":[],"unlinked":[],"slug":"product_visibility","name":"Term\u00e9k l\u00e1that\u00f3s\u00e1ga"},"product_cat":{"linked":["<a href=\"https:\/\/www.mw-steel.eu\/hu\/kategoria-produktu\/szemettarolo-szerkezet\/\" class=\"advgb-post-tax-term\">Szem\u00e9tt\u00e1rol\u00f3 szerkezet<\/a>"],"unlinked":["<span class=\"advgb-post-tax-term\">Szem\u00e9tt\u00e1rol\u00f3 szerkezet<\/span>"],"slug":"product_cat","name":"Term\u00e9kkateg\u00f3ri\u00e1k"},"product_tag":{"linked":[],"unlinked":[],"slug":"product_tag","name":"Term\u00e9k c\u00edmk\u00e9k"},"product_shipping_class":{"linked":[],"unlinked":[],"slug":"product_shipping_class","name":"Term\u00e9k sz\u00e1ll\u00edt\u00e1si oszt\u00e1lyok"},"pos_product_visibility":{"linked":[],"unlinked":[],"slug":"pos_product_visibility","name":"POS Product visibility"},"pa_wymiar":{"linked":[],"unlinked":[],"slug":"pa_wymiar","name":"Product Wymiar"},"translation_priority":{"linked":[],"unlinked":[],"slug":"translation_priority","name":"Translation Priorities"}},"series_order":"","_links":{"self":[{"href":"https:\/\/www.mw-steel.eu\/hu\/wp-json\/wp\/v2\/product\/10180","targetHints":{"allow":["GET"]}}],"collection":[{"href":"https:\/\/www.mw-steel.eu\/hu\/wp-json\/wp\/v2\/product"}],"about":[{"href":"https:\/\/www.mw-steel.eu\/hu\/wp-json\/wp\/v2\/types\/product"}],"wp:featuredmedia":[{"embeddable":true,"href":"https:\/\/www.mw-steel.eu\/hu\/wp-json\/wp\/v2\/media\/3130"}],"wp:attachment":[{"href":"https:\/\/www.mw-steel.eu\/hu\/wp-json\/wp\/v2\/media?parent=10180"}],"wp:term":[{"taxonomy":"product_brand","embeddable":true,"href":"https:\/\/www.mw-steel.eu\/hu\/wp-json\/wp\/v2\/product_brand?post=10180"},{"taxonomy":"product_cat","embeddable":true,"href":"https:\/\/www.mw-steel.eu\/hu\/wp-json\/wp\/v2\/product_cat?post=10180"},{"taxonomy":"product_tag","embeddable":true,"href":"https:\/\/www.mw-steel.eu\/hu\/wp-json\/wp\/v2\/product_tag?post=10180"}],"curies":[{"name":"wp","href":"https:\/\/api.w.org\/{rel}","templated":true}]}}