{"id":10165,"date":"2026-04-20T23:43:41","date_gmt":"2026-04-20T21:43:41","guid":{"rendered":"https:\/\/www.mw-steel.eu\/produkt\/kerti-tarolo-ferrum\/"},"modified":"2026-04-20T23:43:41","modified_gmt":"2026-04-20T21:43:41","slug":"kerti-tarolo-ferrum","status":"publish","type":"product","link":"https:\/\/www.mw-steel.eu\/hu\/produkt\/kerti-tarolo-ferrum\/","title":{"rendered":"Kerti t\u00e1rol\u00f3 \u2013 Ferrum"},"content":{"rendered":"<p>A FERRUM egy modern, pr\u00e9mium kateg\u00f3ri\u00e1s kerti t\u00e1rol\u00f3, amelyben az ipari szil\u00e1rds\u00e1g \u00f6tv\u00f6z\u0151dik az egyedi, \u00e9p\u00edt\u00e9szeti diz\u00e1jnnal. Ez a modell a legig\u00e9nyesebb felhaszn\u00e1l\u00f3k sz\u00e1m\u00e1ra k\u00e9sz\u00fclt \u2013 azok sz\u00e1m\u00e1ra, akik nem csup\u00e1n a funkcionalit\u00e1st, hanem a modern be\u00e9p\u00edtett k\u00f6rnyezethez illeszked\u0151, kiv\u00e9teles eszt\u00e9tik\u00e1t is elv\u00e1rj\u00e1k. <\/p>\n<p>A t\u00e1rol\u00f3 szerkezete horganyzott ac\u00e9lprofilokb\u00f3l \u00e1ll, amelyek porfest\u00e9ssel vannak bevonva, ami kiv\u00e1l\u00f3 id\u0151j\u00e1r\u00e1s\u00e1ll\u00f3s\u00e1got \u00e9s hossz\u00fa \u00e9lettartamot garant\u00e1l. A minimalista form\u00e1t jellegzetes r\u00e9szletek t\u00f6rik meg, amelyek a FERRUM modellnek egyed\u00fcl\u00e1ll\u00f3 megjelen\u00e9st k\u00f6lcs\u00f6n\u00f6znek. <\/p>\n<p>A legszembet\u0171n\u0151bb elem a prec\u00edz l\u00e9zerrel kiv\u00e1gott panelekkel ell\u00e1tott ajt\u00f3, amely kiemeli a szerkezet modern jelleg\u00e9t \u00e9s vizu\u00e1lis k\u00f6nnyeds\u00e9get k\u00f6lcs\u00f6n\u00f6z neki. Az eg\u00e9szet egy nagy, f\u00fcgg\u0151leges ablak eg\u00e9sz\u00edti ki, amely t\u00f6m\u00f6r polikarbon\u00e1tb\u00f3l k\u00e9sz\u00fclt \u2013 ez egy rendk\u00edv\u00fcl strapab\u00edr\u00f3, biztons\u00e1gos anyag, amelynek f\u00e9ny\u00e1tereszt\u0151 k\u00e9pess\u00e9ge az \u00fcveg\u00e9hez hasonl\u00f3. <\/p>\n<p>A FERRUM modell egyed\u00fcl\u00e1ll\u00f3 jellemz\u0151je \u2013 amely az ipar\u00e1gban egyed\u00fcl\u00e1ll\u00f3 \u2013 az, hogy az el\u00fcls\u0151 r\u00e9szen val\u00f3di term\u00e9szetes anyagokkal, p\u00e9ld\u00e1ul betonnal, k\u0151vel vagy kvarc-lapokkal bor\u00edtott paneleket alkalmaznak. Ezek nem ut\u00e1nzatok vagy nyomtatott mint\u00e1k \u2013 hanem val\u00f3di k\u0151furn\u00e9r. <\/p>\n<p>\u00cdgy a t\u00e1rol\u00f3 rendk\u00edv\u00fcl eleg\u00e1ns \u00e9s tekint\u00e9lyes megjelen\u00e9st kap, ugyanakkor t\u00f6k\u00e9letesen illeszkedik az \u00e9p\u00fclet homlokzat\u00e1hoz vagy a kert kialak\u00edt\u00e1s\u00e1hoz.<\/p>\n<p>A FERRUM egy teljes m\u00e9rt\u00e9kben testreszabhat\u00f3 modell \u2013 a m\u00e9retek \u00e9s a kivitelez\u00e9s egyedi ig\u00e9nyek szerint, az adott t\u00e9rhez \u00e9s a felhaszn\u00e1l\u00f3 ig\u00e9nyeihez igaz\u00edthat\u00f3. Ez a megold\u00e1s azoknak sz\u00f3l, akik a praktikus t\u00e1rol\u00f3helyet egy modern kerti \u00e9p\u00edt\u00e9szeti elemmel szeretn\u00e9k \u00f6tv\u00f6zni, amely kiemelkedik a szok\u00e1sos megold\u00e1sok k\u00f6z\u00fcl. <\/p>\n<p>A FERRUM t\u00f6bb, mint egy t\u00e1rol\u00f3 \u2013 ez a design, a min\u0151s\u00e9g \u00e9s az eredetis\u00e9g tudatos v\u00e1laszt\u00e1sa.<\/p>\n<p><iframe loading=\"lazy\" title=\"MW STEEL STONE\" width=\"1200\" height=\"675\" src=\"https:\/\/www.youtube.com\/embed\/yJO9Ps6zLbQ?feature=oembed\" frameborder=\"0\" allow=\"accelerometer; autoplay; clipboard-write; encrypted-media; gyroscope; picture-in-picture; web-share\" referrerpolicy=\"strict-origin-when-cross-origin\" allowfullscreen><\/iframe><\/p>\n<p><iframe loading=\"lazy\" title=\"MW STEEL QUARTZ\" width=\"1200\" height=\"675\" src=\"https:\/\/www.youtube.com\/embed\/OWlZWF6mnT8?feature=oembed\" frameborder=\"0\" allow=\"accelerometer; autoplay; clipboard-write; encrypted-media; gyroscope; picture-in-picture; web-share\" referrerpolicy=\"strict-origin-when-cross-origin\" allowfullscreen><\/iframe><\/p>\n<p><iframe loading=\"lazy\" title=\"MW STEEL CONCRETE\" width=\"1200\" height=\"675\" src=\"https:\/\/www.youtube.com\/embed\/goMkJQjgv0Y?feature=oembed\" frameborder=\"0\" allow=\"accelerometer; autoplay; clipboard-write; encrypted-media; gyroscope; picture-in-picture; web-share\" referrerpolicy=\"strict-origin-when-cross-origin\" allowfullscreen><\/iframe><\/p>\n","protected":false},"excerpt":{"rendered":"<p>A FERRUM egy modern, pr\u00e9mium kateg\u00f3ri\u00e1s kerti t\u00e1rol\u00f3, amelyben az ipari szil\u00e1rds\u00e1g \u00f6tv\u00f6z\u0151dik az egyedi, \u00e9p\u00edt\u00e9szeti diz\u00e1jnnal. Ez a modell a legig\u00e9nyesebb felhaszn\u00e1l\u00f3k sz\u00e1m\u00e1ra k\u00e9sz\u00fclt \u2013 azok sz\u00e1m\u00e1ra, akik nem csup\u00e1n a funkcionalit\u00e1st, hanem a modern be\u00e9p\u00edtett k\u00f6rnyezethez illeszked\u0151, kiv\u00e9teles eszt\u00e9tik\u00e1t is elv\u00e1rj\u00e1k. A t\u00e1rol\u00f3 szerkezete horganyzott ac\u00e9lprofilokb\u00f3l \u00e1ll, amelyek porfest\u00e9ssel vannak bevonva, ami kiv\u00e1l\u00f3 [&hellip;]<\/p>\n","protected":false},"author":1,"featured_media":6515,"template":"","meta":{"_acf_changed":false,"advgb_blocks_editor_width":"","advgb_blocks_columns_visual_guide":"","_themeisle_gutenberg_block_has_review":false},"product_brand":[],"product_cat":[115],"product_tag":[],"class_list":{"0":"post-10165","1":"product","2":"type-product","3":"status-publish","4":"has-post-thumbnail","6":"product_cat-kerti-tarolo","8":"first","9":"instock","10":"shipping-taxable","11":"purchasable","12":"product-type-simple"},"acf":[],"featured_img":"https:\/\/www.mw-steel.eu\/wp-content\/uploads\/2026\/04\/FERRUM-2.jpg","coauthors":[],"author_meta":{"author_link":"https:\/\/www.mw-steel.eu\/hu\/author\/admin\/","display_name":"admin"},"relative_dates":{"created":"Posted 4 h\u00e9t ago","modified":"Updated 4 h\u00e9t ago"},"absolute_dates":{"created":"Posted on 2026.04.20.","modified":"Updated on 2026.04.20."},"absolute_dates_time":{"created":"Posted on 2026.04.20. 23:43","modified":"Updated on 2026.04.20. 23:43"},"featured_img_caption":"","tax_additional":{"product_brand":{"linked":[],"unlinked":[],"slug":"product_brand","name":"M\u00e1rk\u00e1k"},"product_type":{"linked":["<a href=\"https:\/\/www.mw-steel.eu\/hu\/?taxonomy=product_type&#038;term=simple\" class=\"advgb-post-tax-term\">simple<\/a>"],"unlinked":["<span class=\"advgb-post-tax-term\">simple<\/span>"],"slug":"product_type","name":"Term\u00e9k t\u00edpusa"},"product_visibility":{"linked":[],"unlinked":[],"slug":"product_visibility","name":"Term\u00e9k l\u00e1that\u00f3s\u00e1ga"},"product_cat":{"linked":["<a href=\"https:\/\/www.mw-steel.eu\/hu\/kategoria-produktu\/kerti-tarolo\/\" class=\"advgb-post-tax-term\">Kerti t\u00e1rol\u00f3<\/a>"],"unlinked":["<span class=\"advgb-post-tax-term\">Kerti t\u00e1rol\u00f3<\/span>"],"slug":"product_cat","name":"Term\u00e9kkateg\u00f3ri\u00e1k"},"product_tag":{"linked":[],"unlinked":[],"slug":"product_tag","name":"Term\u00e9k c\u00edmk\u00e9k"},"product_shipping_class":{"linked":[],"unlinked":[],"slug":"product_shipping_class","name":"Term\u00e9k sz\u00e1ll\u00edt\u00e1si oszt\u00e1lyok"},"pos_product_visibility":{"linked":[],"unlinked":[],"slug":"pos_product_visibility","name":"POS Product visibility"},"pa_wymiar":{"linked":[],"unlinked":[],"slug":"pa_wymiar","name":"Product Wymiar"},"translation_priority":{"linked":["<a href=\"https:\/\/www.mw-steel.eu\/hu\/?taxonomy=translation_priority&#038;term=opcionalis\" class=\"advgb-post-tax-term\">Opcion\u00e1lis<\/a>"],"unlinked":["<span class=\"advgb-post-tax-term\">Opcion\u00e1lis<\/span>"],"slug":"translation_priority","name":"Translation Priorities"}},"series_order":"","_links":{"self":[{"href":"https:\/\/www.mw-steel.eu\/hu\/wp-json\/wp\/v2\/product\/10165","targetHints":{"allow":["GET"]}}],"collection":[{"href":"https:\/\/www.mw-steel.eu\/hu\/wp-json\/wp\/v2\/product"}],"about":[{"href":"https:\/\/www.mw-steel.eu\/hu\/wp-json\/wp\/v2\/types\/product"}],"wp:featuredmedia":[{"embeddable":true,"href":"https:\/\/www.mw-steel.eu\/hu\/wp-json\/wp\/v2\/media\/6515"}],"wp:attachment":[{"href":"https:\/\/www.mw-steel.eu\/hu\/wp-json\/wp\/v2\/media?parent=10165"}],"wp:term":[{"taxonomy":"product_brand","embeddable":true,"href":"https:\/\/www.mw-steel.eu\/hu\/wp-json\/wp\/v2\/product_brand?post=10165"},{"taxonomy":"product_cat","embeddable":true,"href":"https:\/\/www.mw-steel.eu\/hu\/wp-json\/wp\/v2\/product_cat?post=10165"},{"taxonomy":"product_tag","embeddable":true,"href":"https:\/\/www.mw-steel.eu\/hu\/wp-json\/wp\/v2\/product_tag?post=10165"}],"curies":[{"name":"wp","href":"https:\/\/api.w.org\/{rel}","templated":true}]}}