{"id":9866,"date":"2023-10-04T16:51:24","date_gmt":"2023-10-04T14:51:24","guid":{"rendered":"https:\/\/www.mw-steel.eu\/a-kompozit-szinei\/"},"modified":"2026-04-30T23:38:38","modified_gmt":"2026-04-30T21:38:38","slug":"a-kompozit-szinei","status":"publish","type":"page","link":"https:\/\/www.mw-steel.eu\/hu\/szinmintak\/a-kompozit-szinei\/","title":{"rendered":"A kompozit sz\u00ednei"},"content":{"rendered":"\n<h2 class=\"wp-block-heading\">Kompozit deszka<\/h2>\n\n<p>A kompozit deszka egy innovat\u00edv term\u00e9k, amely fel\u00fclm\u00falja a hagyom\u00e1nyos megold\u00e1sokat. Ellen\u00e1ll a sz\u00e9ls\u0151s\u00e9ges h\u0151m\u00e9rs\u00e9kleti viszonyoknak, \u00e9s nem t\u00e1madj\u00e1k meg gomb\u00e1k \u00e9s rovarok. Nem ig\u00e9nyel fest\u00e9st, olajoz\u00e1st vagy impregn\u00e1l\u00e1st. Ezen fel\u00fcl nem sz\u00edvja mag\u00e1ba a vizet \u00e9s a zs\u00edrt, ami   <\/p>\n\n<p>Fel\u00fclete a fa term\u00e9szetes erezet\u00e9nek jellegzetes szerkezet\u00e9t mutatja, amelyet magas h\u0151m\u00e9rs\u00e9kleten, pr\u00e9sel\u00e9ssel nyomnak r\u00e1. A deszk\u00e1t k\u00fcls\u0151 polimer bevonat bor\u00edtja, amely megv\u00e9di a foltokt\u00f3l \u00e9s a sz\u00ednveszt\u00e9st\u0151l. Ez az innovat\u00edv gy\u00e1rt\u00e1si m\u00f3dszer biztos\u00edtja a deszka tart\u00f3ss\u00e1g\u00e1t \u00e9s kop\u00e1s\u00e1ll\u00f3s\u00e1g\u00e1t.  <\/p>\n\n<p>Ezen fel\u00fcl a deszka m\u00e1sik oldala csiszolt, ami egyed\u00fcl\u00e1ll\u00f3 megjelen\u00e9st \u00e9s a hagyom\u00e1nyos ker\u00edt\u00e9sdeszk\u00e1kn\u00e1l szebb eszt\u00e9tik\u00e1t k\u00f6lcs\u00f6n\u00f6z neki. A m\u00e1sodik gener\u00e1ci\u00f3s kompozit deszka praktikus, k\u00f6nnyen karbantarthat\u00f3, fa hat\u00e1s\u00e1t kelti, \u00e9s a kompozit anyagok minden el\u0151ny\u00e9t k\u00edn\u00e1lja. Ez a 2023-as \u00e9v sl\u00e1gere, amely lehet\u0151v\u00e9 teszi, hogy gond n\u00e9lk\u00fcl \u00e9lvezhess\u00fck a sz\u00e9ps\u00e9g\u00e9t \u00e9s a tart\u00f3ss\u00e1g\u00e1t.  <\/p>\n\n<h2 class=\"wp-block-heading\">El\u00e9rhet\u0151 sz\u00ednek<\/h2>\n\n<figure class=\"wp-block-gallery has-nested-images columns-4 is-cropped wp-block-gallery-1 is-layout-flex wp-block-gallery-is-layout-flex\">\n<figure class=\"wp-block-image\"><img loading=\"lazy\" decoding=\"async\" width=\"2560\" height=\"1920\" data-id=\"990\" src=\"https:\/\/www.mw-steel.eu\/wp-content\/uploads\/2023\/10\/1.TEAK_-scaled.jpg\" alt=\"\" class=\"wp-image-990\" srcset=\"https:\/\/www.mw-steel.eu\/wp-content\/uploads\/2023\/10\/1.TEAK_-scaled.jpg 2560w, https:\/\/www.mw-steel.eu\/wp-content\/uploads\/2023\/10\/1.TEAK_-scaled-576x432.jpg 576w, https:\/\/www.mw-steel.eu\/wp-content\/uploads\/2023\/10\/1.TEAK_-scaled-1380x1035.jpg 1380w, https:\/\/www.mw-steel.eu\/wp-content\/uploads\/2023\/10\/1.TEAK_-768x576.jpg 768w, https:\/\/www.mw-steel.eu\/wp-content\/uploads\/2023\/10\/1.TEAK_-1536x1152.jpg 1536w, https:\/\/www.mw-steel.eu\/wp-content\/uploads\/2023\/10\/1.TEAK_-2048x1536.jpg 2048w\" sizes=\"auto, (max-width: 2560px) 100vw, 2560px\" \/><figcaption class=\"wp-element-caption\">TEAK<\/figcaption><\/figure>\n\n\n\n<figure class=\"wp-block-image\"><img loading=\"lazy\" decoding=\"async\" width=\"2560\" height=\"1920\" data-id=\"991\" src=\"https:\/\/www.mw-steel.eu\/wp-content\/uploads\/2023\/10\/2.WALNUT-scaled.jpg\" alt=\"\" class=\"wp-image-991\" srcset=\"https:\/\/www.mw-steel.eu\/wp-content\/uploads\/2023\/10\/2.WALNUT-scaled.jpg 2560w, https:\/\/www.mw-steel.eu\/wp-content\/uploads\/2023\/10\/2.WALNUT-scaled-576x432.jpg 576w, https:\/\/www.mw-steel.eu\/wp-content\/uploads\/2023\/10\/2.WALNUT-scaled-1380x1035.jpg 1380w, https:\/\/www.mw-steel.eu\/wp-content\/uploads\/2023\/10\/2.WALNUT-768x576.jpg 768w, https:\/\/www.mw-steel.eu\/wp-content\/uploads\/2023\/10\/2.WALNUT-1536x1152.jpg 1536w, https:\/\/www.mw-steel.eu\/wp-content\/uploads\/2023\/10\/2.WALNUT-2048x1536.jpg 2048w\" sizes=\"auto, (max-width: 2560px) 100vw, 2560px\" \/><figcaption class=\"wp-element-caption\">WALNUT<\/figcaption><\/figure>\n\n\n\n<figure class=\"wp-block-image\"><img loading=\"lazy\" decoding=\"async\" width=\"2560\" height=\"1920\" data-id=\"992\" src=\"https:\/\/www.mw-steel.eu\/wp-content\/uploads\/2023\/10\/3.ASH_-scaled.jpg\" alt=\"\" class=\"wp-image-992\" srcset=\"https:\/\/www.mw-steel.eu\/wp-content\/uploads\/2023\/10\/3.ASH_-scaled.jpg 2560w, https:\/\/www.mw-steel.eu\/wp-content\/uploads\/2023\/10\/3.ASH_-scaled-576x432.jpg 576w, https:\/\/www.mw-steel.eu\/wp-content\/uploads\/2023\/10\/3.ASH_-scaled-1380x1035.jpg 1380w, https:\/\/www.mw-steel.eu\/wp-content\/uploads\/2023\/10\/3.ASH_-768x576.jpg 768w, https:\/\/www.mw-steel.eu\/wp-content\/uploads\/2023\/10\/3.ASH_-1536x1152.jpg 1536w, https:\/\/www.mw-steel.eu\/wp-content\/uploads\/2023\/10\/3.ASH_-2048x1536.jpg 2048w\" sizes=\"auto, (max-width: 2560px) 100vw, 2560px\" \/><figcaption class=\"wp-element-caption\">ASH<\/figcaption><\/figure>\n\n\n\n<figure class=\"wp-block-image\"><img loading=\"lazy\" decoding=\"async\" width=\"2560\" height=\"1920\" data-id=\"993\" src=\"https:\/\/www.mw-steel.eu\/wp-content\/uploads\/2023\/10\/4.GRAY_-scaled.jpg\" alt=\"\" class=\"wp-image-993\" srcset=\"https:\/\/www.mw-steel.eu\/wp-content\/uploads\/2023\/10\/4.GRAY_-scaled.jpg 2560w, https:\/\/www.mw-steel.eu\/wp-content\/uploads\/2023\/10\/4.GRAY_-scaled-576x432.jpg 576w, https:\/\/www.mw-steel.eu\/wp-content\/uploads\/2023\/10\/4.GRAY_-scaled-1380x1035.jpg 1380w, https:\/\/www.mw-steel.eu\/wp-content\/uploads\/2023\/10\/4.GRAY_-768x576.jpg 768w, https:\/\/www.mw-steel.eu\/wp-content\/uploads\/2023\/10\/4.GRAY_-1536x1152.jpg 1536w, https:\/\/www.mw-steel.eu\/wp-content\/uploads\/2023\/10\/4.GRAY_-2048x1536.jpg 2048w\" sizes=\"auto, (max-width: 2560px) 100vw, 2560px\" \/><figcaption class=\"wp-element-caption\">GRAY<\/figcaption><\/figure>\n<\/figure>\n\n<div style=\"height:32px\" aria-hidden=\"true\" class=\"wp-block-spacer\"><\/div>\n\n<h2 class=\"wp-block-heading\">N\u00e9zd meg, hogyan n\u00e9z ki \u00e9l\u0151ben a kompozit<\/h2>\n\n<figure class=\"wp-block-embed is-type-video is-provider-youtube wp-block-embed-youtube wp-embed-aspect-16-9 wp-has-aspect-ratio\"><div class=\"wp-block-embed__wrapper\">\n<iframe loading=\"lazy\" title=\"PLASTIC\" width=\"1200\" height=\"675\" src=\"https:\/\/www.youtube.com\/embed\/KoQLEL7-P7I?feature=oembed\" frameborder=\"0\" allow=\"accelerometer; autoplay; clipboard-write; encrypted-media; gyroscope; picture-in-picture; web-share\" referrerpolicy=\"strict-origin-when-cross-origin\" allowfullscreen><\/iframe>\n<\/div><\/figure>\n","protected":false},"excerpt":{"rendered":"<p>Kompozit deszka A kompozit deszka egy innovat\u00edv term\u00e9k, amely fel\u00fclm\u00falja a hagyom\u00e1nyos megold\u00e1sokat. Ellen\u00e1ll a sz\u00e9ls\u0151s\u00e9ges h\u0151m\u00e9rs\u00e9kleti viszonyoknak, \u00e9s nem t\u00e1madj\u00e1k meg gomb\u00e1k \u00e9s rovarok. Nem ig\u00e9nyel fest\u00e9st, olajoz\u00e1st vagy impregn\u00e1l\u00e1st. Ezen fel\u00fcl nem sz\u00edvja mag\u00e1ba a vizet \u00e9s a zs\u00edrt, ami Fel\u00fclete a fa term\u00e9szetes erezet\u00e9nek jellegzetes szerkezet\u00e9t mutatja, amelyet magas h\u0151m\u00e9rs\u00e9kleten, pr\u00e9sel\u00e9ssel nyomnak [&hellip;]<\/p>\n","protected":false},"author":1,"featured_media":0,"parent":10127,"menu_order":0,"comment_status":"closed","ping_status":"closed","template":"","meta":{"_acf_changed":false,"advgb_blocks_editor_width":"","advgb_blocks_columns_visual_guide":"","_themeisle_gutenberg_block_has_review":false,"footnotes":""},"class_list":["post-9866","page","type-page","status-publish","hentry"],"acf":[],"coauthors":[],"author_meta":{"author_link":"https:\/\/www.mw-steel.eu\/hu\/author\/admin\/","display_name":"admin"},"relative_dates":{"created":"Posted 3 \u00e9v ago","modified":"Updated 2 h\u00e9t ago"},"absolute_dates":{"created":"Posted on 2023.10.04.","modified":"Updated on 2026.04.30."},"absolute_dates_time":{"created":"Posted on 2023.10.04. 16:51","modified":"Updated on 2026.04.30. 23:38"},"featured_img_caption":"","featured_img":false,"series_order":"","_links":{"self":[{"href":"https:\/\/www.mw-steel.eu\/hu\/wp-json\/wp\/v2\/pages\/9866","targetHints":{"allow":["GET"]}}],"collection":[{"href":"https:\/\/www.mw-steel.eu\/hu\/wp-json\/wp\/v2\/pages"}],"about":[{"href":"https:\/\/www.mw-steel.eu\/hu\/wp-json\/wp\/v2\/types\/page"}],"author":[{"embeddable":true,"href":"https:\/\/www.mw-steel.eu\/hu\/wp-json\/wp\/v2\/users\/1"}],"replies":[{"embeddable":true,"href":"https:\/\/www.mw-steel.eu\/hu\/wp-json\/wp\/v2\/comments?post=9866"}],"version-history":[{"count":1,"href":"https:\/\/www.mw-steel.eu\/hu\/wp-json\/wp\/v2\/pages\/9866\/revisions"}],"predecessor-version":[{"id":9867,"href":"https:\/\/www.mw-steel.eu\/hu\/wp-json\/wp\/v2\/pages\/9866\/revisions\/9867"}],"up":[{"embeddable":true,"href":"https:\/\/www.mw-steel.eu\/hu\/wp-json\/wp\/v2\/pages\/10127"}],"wp:attachment":[{"href":"https:\/\/www.mw-steel.eu\/hu\/wp-json\/wp\/v2\/media?parent=9866"}],"curies":[{"name":"wp","href":"https:\/\/api.w.org\/{rel}","templated":true}]}}