{"id":7167,"date":"2023-04-11T19:29:43","date_gmt":"2023-04-11T17:29:43","guid":{"rendered":"https:\/\/www.mw-steel.eu\/produkt\/aia-vaatetorn-skyglow\/"},"modified":"2023-04-11T19:29:43","modified_gmt":"2023-04-11T17:29:43","slug":"aia-vaatetorn-skyglow","status":"publish","type":"product","link":"https:\/\/www.mw-steel.eu\/et\/produkt\/aia-vaatetorn-skyglow\/","title":{"rendered":"Aia vaatetorn &#8211; Skyglow"},"content":{"rendered":"<p><strong>Moodne ja vastupidav vaatetorn ainulaadse disainiga<\/strong><\/p>\n<p>Skyglow vaatetorn on elegantse ja moodsa disainiga, mis sobib ideaalselt igasse aeda. See on ideaalne koht l\u00f5\u00f5gastumiseks, s\u00f5prade v\u00f5i perega kohtumiseks. <\/p>\n<p>Perseede on valmistatud kvaliteetsetest materjalidest, mis tagab selle vastupidavuse ja vastupidavuse.<strong> Katus on valmistatud metallist, mis on ilmastikukindel<\/strong>. Lisaks sellele on saadaval katuse variant puidust sokliga, mis pakub t\u00e4iendavat kaitset p\u00e4ikese eest. <\/p>\n<p><strong>Skyglow vaatetorul<\/strong> on palju konfiguratsiooniv\u00f5imalusi. V\u00f5imalik on valmistada vaatetorni mis tahes mittestandardse suurusega. <\/p>\n<p>Lai valik konfiguratsiooniv\u00f5imalusi v\u00f5imaldab kohandada lehtmaja vastavalt individuaalsetele vajadustele ja eelistustele. Saadaval on kolme t\u00fc\u00fcpi seinat\u00e4idiseid: <\/p>\n<ul>\n<li>metallplekk &#8211; annab moodsa ilme ja on kergesti puhastatav<\/li>\n<li>Naturaalne Skandinaavia puit \u2013 annab vaatetornile sooja ja hubase iseloomu<\/li>\n<li>komposiitplaat &#8211; ilmastikukindel ja hooldust mittevajav<\/li>\n<\/ul>\n<p><strong>Skyglow vaatetorn on suurep\u00e4rane valik neile,<\/strong> kes hindavad kaasaegset disaini ja kvaliteetset t\u00f6\u00f6d. See on ideaalne koht l\u00f5\u00f5gastumiseks ja aja veetmiseks koos l\u00e4hedastega. <\/p>\n","protected":false},"excerpt":{"rendered":"<p>Moodne ja vastupidav vaatetorn ainulaadse disainiga Skyglow vaatetorn on elegantse ja moodsa disainiga, mis sobib ideaalselt igasse aeda. See on ideaalne koht l\u00f5\u00f5gastumiseks, s\u00f5prade v\u00f5i perega kohtumiseks. Perseede on valmistatud kvaliteetsetest materjalidest, mis tagab selle vastupidavuse ja vastupidavuse. Katus on valmistatud metallist, mis on ilmastikukindel. Lisaks sellele on saadaval katuse variant puidust sokliga, mis pakub [&hellip;]<\/p>\n","protected":false},"author":1,"featured_media":3242,"template":"","meta":{"_acf_changed":false,"advgb_blocks_editor_width":"","advgb_blocks_columns_visual_guide":"","_themeisle_gutenberg_block_has_review":false},"product_brand":[],"product_cat":[72],"product_tag":[],"class_list":{"0":"post-7167","1":"product","2":"type-product","3":"status-publish","4":"has-post-thumbnail","6":"product_cat-aia-lehtlad","8":"first","9":"instock","10":"shipping-taxable","11":"purchasable","12":"product-type-simple"},"acf":[],"featured_img":"https:\/\/www.mw-steel.eu\/wp-content\/uploads\/2026\/02\/SKYGLOW-1GLOWNE-scaled.png","coauthors":[],"author_meta":{"author_link":"https:\/\/www.mw-steel.eu\/et\/author\/admin\/","display_name":"admin"},"relative_dates":{"created":"Posted 3 aastat ago","modified":"Updated 3 aastat ago"},"absolute_dates":{"created":"Posted on 11. apr. 2023","modified":"Updated on 11. apr. 2023"},"absolute_dates_time":{"created":"Posted on 11. apr. 2023 07:29","modified":"Updated on 11. apr. 2023 07:29"},"featured_img_caption":"","tax_additional":{"product_brand":{"linked":[],"unlinked":[],"slug":"product_brand","name":"Br\u00e4ndid"},"product_type":{"linked":["<a href=\"https:\/\/www.mw-steel.eu\/et\/?taxonomy=product_type&#038;term=simple\" class=\"advgb-post-tax-term\">simple<\/a>"],"unlinked":["<span class=\"advgb-post-tax-term\">simple<\/span>"],"slug":"product_type","name":"Product type"},"product_visibility":{"linked":[],"unlinked":[],"slug":"product_visibility","name":"Product visibility"},"product_cat":{"linked":["<a href=\"https:\/\/www.mw-steel.eu\/et\/kategoria-produktu\/aia-lehtlad\/\" class=\"advgb-post-tax-term\">Aia lehtlad<\/a>"],"unlinked":["<span class=\"advgb-post-tax-term\">Aia lehtlad<\/span>"],"slug":"product_cat","name":"Tootekategooriad"},"product_tag":{"linked":[],"unlinked":[],"slug":"product_tag","name":"Tootesildid"},"product_shipping_class":{"linked":[],"unlinked":[],"slug":"product_shipping_class","name":"Toote tarneklassid"},"pos_product_visibility":{"linked":[],"unlinked":[],"slug":"pos_product_visibility","name":"POS Product visibility"},"pa_wymiar":{"linked":[],"unlinked":[],"slug":"pa_wymiar","name":"Product Wymiar"},"translation_priority":{"linked":[],"unlinked":[],"slug":"translation_priority","name":"Translation Priorities"}},"series_order":"","_links":{"self":[{"href":"https:\/\/www.mw-steel.eu\/et\/wp-json\/wp\/v2\/product\/7167","targetHints":{"allow":["GET"]}}],"collection":[{"href":"https:\/\/www.mw-steel.eu\/et\/wp-json\/wp\/v2\/product"}],"about":[{"href":"https:\/\/www.mw-steel.eu\/et\/wp-json\/wp\/v2\/types\/product"}],"wp:featuredmedia":[{"embeddable":true,"href":"https:\/\/www.mw-steel.eu\/et\/wp-json\/wp\/v2\/media\/3242"}],"wp:attachment":[{"href":"https:\/\/www.mw-steel.eu\/et\/wp-json\/wp\/v2\/media?parent=7167"}],"wp:term":[{"taxonomy":"product_brand","embeddable":true,"href":"https:\/\/www.mw-steel.eu\/et\/wp-json\/wp\/v2\/product_brand?post=7167"},{"taxonomy":"product_cat","embeddable":true,"href":"https:\/\/www.mw-steel.eu\/et\/wp-json\/wp\/v2\/product_cat?post=7167"},{"taxonomy":"product_tag","embeddable":true,"href":"https:\/\/www.mw-steel.eu\/et\/wp-json\/wp\/v2\/product_tag?post=7167"}],"curies":[{"name":"wp","href":"https:\/\/api.w.org\/{rel}","templated":true}]}}