{"id":7164,"date":"2023-04-12T17:53:35","date_gmt":"2023-04-12T15:53:35","guid":{"rendered":"https:\/\/www.mw-steel.eu\/produkt\/aia-vaatetorn-serenita\/"},"modified":"2023-04-12T17:53:35","modified_gmt":"2023-04-12T15:53:35","slug":"aia-vaatetorn-serenita","status":"publish","type":"product","link":"https:\/\/www.mw-steel.eu\/et\/produkt\/aia-vaatetorn-serenita\/","title":{"rendered":"Aia vaatetorn &#8211; Serenita"},"content":{"rendered":"<p><strong>Ultramoodne aia vaatetorn &#8220;Serenit\u00e0&#8221;:<\/strong><\/p>\n<p>Elegantsi ja kindluse oaas. Ainulaadne disain, mis t\u00e4iendab iga aeda. Selle erakordne konstruktsioon tagab vastupidavuse ja erakordse stabiilsuse.  <\/p>\n<p><strong>Saadaolevad modifikatsioonid:<\/strong><\/p>\n<ul>\n<li>Lai valik m\u00f5\u00f5tmeid, konfigureerige oma lehtmaja vastavalt oma vajadustele!<\/li>\n<li>Kahte t\u00fc\u00fcpi katus: tavaline metallkatus v\u00f5i Skandinaavia plaadiga vooderdatud metallkatus, mis pakub t\u00e4iendavat kaitset p\u00e4ikesekiirte eest.<\/li>\n<li>Konfigureeritavad k\u00fclgseinad ja tagaosa &#8211; v\u00f5imalus avatud v\u00f5i suletud konstruktsiooniks.<\/li>\n<li>Kolm t\u00fc\u00fcpi seinat\u00e4idist: plekk, naturaalne Skandinaavia puit v\u00f5i komposiitplaat.<\/li>\n<\/ul>\n<p><strong>Serenit\u00e0<\/strong> pakub \u00fclimat paindlikkust ja <strong>v\u00f5imaldab teil kohandada struktuuri vastavalt teie isiklikele eelistustele<\/strong>, tagades mitte ainult elegantsuse, vaid ka funktsionaalsuse. T\u00e4iuslik harmoonia soliidsuse ja esteetika vahel, mis t\u00e4iendab iga aeda. <\/p>\n","protected":false},"excerpt":{"rendered":"<p>Ultramoodne aia vaatetorn &#8220;Serenit\u00e0&#8221;: Elegantsi ja kindluse oaas. Ainulaadne disain, mis t\u00e4iendab iga aeda. Selle erakordne konstruktsioon tagab vastupidavuse ja erakordse stabiilsuse. Saadaolevad modifikatsioonid: Lai valik m\u00f5\u00f5tmeid, konfigureerige oma lehtmaja vastavalt oma vajadustele! Kahte t\u00fc\u00fcpi katus: tavaline metallkatus v\u00f5i Skandinaavia plaadiga vooderdatud metallkatus, mis pakub t\u00e4iendavat kaitset p\u00e4ikesekiirte eest. Konfigureeritavad k\u00fclgseinad ja tagaosa &#8211; v\u00f5imalus [&hellip;]<\/p>\n","protected":false},"author":1,"featured_media":3221,"template":"","meta":{"_acf_changed":false,"advgb_blocks_editor_width":"","advgb_blocks_columns_visual_guide":"","_themeisle_gutenberg_block_has_review":false},"product_brand":[],"product_cat":[72],"product_tag":[],"class_list":{"0":"post-7164","1":"product","2":"type-product","3":"status-publish","4":"has-post-thumbnail","6":"product_cat-aia-lehtlad","8":"first","9":"instock","10":"shipping-taxable","11":"purchasable","12":"product-type-simple"},"acf":[],"featured_img":"https:\/\/www.mw-steel.eu\/wp-content\/uploads\/2026\/02\/SERENITA-1GLOWNE-scaled.png","coauthors":[],"author_meta":{"author_link":"https:\/\/www.mw-steel.eu\/et\/author\/admin\/","display_name":"admin"},"relative_dates":{"created":"Posted 3 aastat ago","modified":"Updated 3 aastat ago"},"absolute_dates":{"created":"Posted on 12. apr. 2023","modified":"Updated on 12. apr. 2023"},"absolute_dates_time":{"created":"Posted on 12. apr. 2023 05:53","modified":"Updated on 12. apr. 2023 05:53"},"featured_img_caption":"","tax_additional":{"product_brand":{"linked":[],"unlinked":[],"slug":"product_brand","name":"Br\u00e4ndid"},"product_type":{"linked":["<a href=\"https:\/\/www.mw-steel.eu\/et\/?taxonomy=product_type&#038;term=simple\" class=\"advgb-post-tax-term\">simple<\/a>"],"unlinked":["<span class=\"advgb-post-tax-term\">simple<\/span>"],"slug":"product_type","name":"Product type"},"product_visibility":{"linked":[],"unlinked":[],"slug":"product_visibility","name":"Product visibility"},"product_cat":{"linked":["<a href=\"https:\/\/www.mw-steel.eu\/et\/kategoria-produktu\/aia-lehtlad\/\" class=\"advgb-post-tax-term\">Aia lehtlad<\/a>"],"unlinked":["<span class=\"advgb-post-tax-term\">Aia lehtlad<\/span>"],"slug":"product_cat","name":"Tootekategooriad"},"product_tag":{"linked":[],"unlinked":[],"slug":"product_tag","name":"Tootesildid"},"product_shipping_class":{"linked":[],"unlinked":[],"slug":"product_shipping_class","name":"Toote tarneklassid"},"pos_product_visibility":{"linked":[],"unlinked":[],"slug":"pos_product_visibility","name":"POS Product visibility"},"pa_wymiar":{"linked":[],"unlinked":[],"slug":"pa_wymiar","name":"Product Wymiar"},"translation_priority":{"linked":[],"unlinked":[],"slug":"translation_priority","name":"Translation Priorities"}},"series_order":"","_links":{"self":[{"href":"https:\/\/www.mw-steel.eu\/et\/wp-json\/wp\/v2\/product\/7164","targetHints":{"allow":["GET"]}}],"collection":[{"href":"https:\/\/www.mw-steel.eu\/et\/wp-json\/wp\/v2\/product"}],"about":[{"href":"https:\/\/www.mw-steel.eu\/et\/wp-json\/wp\/v2\/types\/product"}],"wp:featuredmedia":[{"embeddable":true,"href":"https:\/\/www.mw-steel.eu\/et\/wp-json\/wp\/v2\/media\/3221"}],"wp:attachment":[{"href":"https:\/\/www.mw-steel.eu\/et\/wp-json\/wp\/v2\/media?parent=7164"}],"wp:term":[{"taxonomy":"product_brand","embeddable":true,"href":"https:\/\/www.mw-steel.eu\/et\/wp-json\/wp\/v2\/product_brand?post=7164"},{"taxonomy":"product_cat","embeddable":true,"href":"https:\/\/www.mw-steel.eu\/et\/wp-json\/wp\/v2\/product_cat?post=7164"},{"taxonomy":"product_tag","embeddable":true,"href":"https:\/\/www.mw-steel.eu\/et\/wp-json\/wp\/v2\/product_tag?post=7164"}],"curies":[{"name":"wp","href":"https:\/\/api.w.org\/{rel}","templated":true}]}}