{"id":7108,"date":"2023-04-24T06:45:24","date_gmt":"2023-04-24T04:45:24","guid":{"rendered":"https:\/\/www.mw-steel.eu\/produkt\/ladustamine-venturo\/"},"modified":"2023-04-24T06:45:24","modified_gmt":"2023-04-24T04:45:24","slug":"ladustamine-venturo","status":"publish","type":"product","link":"https:\/\/www.mw-steel.eu\/et\/produkt\/ladustamine-venturo\/","title":{"rendered":"Ladustamine \u2013 Venturo"},"content":{"rendered":"<p><strong>VENTURO on kaasaegne, v\u00e4ljendusrikka ja<\/strong> struktureeritud vormiga <strong>aiahoidla<\/strong>, mille teraskonstruktsioon ja rafineeritud detailid loovad kaasaegse aiaarhitektuuriga \u00fchtse terviku.<\/p>\n<p>Konstruktsioon on valmistatud tsingitud terasprofiilidest ja esiosa on viimistletud pulberlakiga, mis tagab <strong>suure vastupidavuse v\u00e4listingimustele ja kauakestva<\/strong>, esteetilise v\u00e4limuse aastateks.<\/p>\n<p>VENTURO mudeli iseloomu r\u00f5hutavad t\u00e4iendavad metallprofiilist valmistatud k\u00fclgmised aktsendid, mis tugevdavad massiivset joont ja annavad tervikule d\u00fcnaamilisema, kaasaegsema ilme. Esik\u00fclge saab katta plekist, softipuidust v\u00f5i komposiitplaadist, mist\u00f5ttu on hoiuruumi lihtne sobitada fassaadi stiiliga ja ruumi paigutusega. <\/p>\n<p><strong>VENTURO on t\u00e4ielikult kohandatav<\/strong> &#8211; pikkust, laiust ja k\u00f5rgust on v\u00f5imalik kohandada vastavalt konkreetsele ruumile ja ootustele. See on lahendus inimestele, kes hindavad korda, vastupidavust ja kaasaegset disaini, mis p\u00f5hineb tugeval terasalusel. <\/p>\n","protected":false},"excerpt":{"rendered":"<p>VENTURO on kaasaegne, v\u00e4ljendusrikka ja struktureeritud vormiga aiahoidla, mille teraskonstruktsioon ja rafineeritud detailid loovad kaasaegse aiaarhitektuuriga \u00fchtse terviku. Konstruktsioon on valmistatud tsingitud terasprofiilidest ja esiosa on viimistletud pulberlakiga, mis tagab suure vastupidavuse v\u00e4listingimustele ja kauakestva, esteetilise v\u00e4limuse aastateks. VENTURO mudeli iseloomu r\u00f5hutavad t\u00e4iendavad metallprofiilist valmistatud k\u00fclgmised aktsendid, mis tugevdavad massiivset joont ja annavad tervikule d\u00fcnaamilisema, [&hellip;]<\/p>\n","protected":false},"author":1,"featured_media":3123,"template":"","meta":{"_acf_changed":false,"advgb_blocks_editor_width":"","advgb_blocks_columns_visual_guide":"","_themeisle_gutenberg_block_has_review":false},"product_brand":[],"product_cat":[61],"product_tag":[],"class_list":{"0":"post-7108","1":"product","2":"type-product","3":"status-publish","4":"has-post-thumbnail","6":"product_cat-panipaigad","8":"first","9":"instock","10":"shipping-taxable","11":"purchasable","12":"product-type-simple"},"acf":[],"featured_img":"https:\/\/www.mw-steel.eu\/wp-content\/uploads\/2026\/02\/VENTURO-1GLOWNE.png","coauthors":[],"author_meta":{"author_link":"https:\/\/www.mw-steel.eu\/et\/author\/admin\/","display_name":"admin"},"relative_dates":{"created":"Posted 3 aastat ago","modified":"Updated 3 aastat ago"},"absolute_dates":{"created":"Posted on 24. apr. 2023","modified":"Updated on 24. apr. 2023"},"absolute_dates_time":{"created":"Posted on 24. apr. 2023 06:45","modified":"Updated on 24. apr. 2023 06:45"},"featured_img_caption":"","tax_additional":{"product_brand":{"linked":[],"unlinked":[],"slug":"product_brand","name":"Br\u00e4ndid"},"product_type":{"linked":["<a href=\"https:\/\/www.mw-steel.eu\/et\/?taxonomy=product_type&#038;term=simple\" class=\"advgb-post-tax-term\">simple<\/a>"],"unlinked":["<span class=\"advgb-post-tax-term\">simple<\/span>"],"slug":"product_type","name":"Product type"},"product_visibility":{"linked":[],"unlinked":[],"slug":"product_visibility","name":"Product visibility"},"product_cat":{"linked":["<a href=\"https:\/\/www.mw-steel.eu\/et\/kategoria-produktu\/panipaigad\/\" class=\"advgb-post-tax-term\">Panipaigad<\/a>"],"unlinked":["<span class=\"advgb-post-tax-term\">Panipaigad<\/span>"],"slug":"product_cat","name":"Tootekategooriad"},"product_tag":{"linked":[],"unlinked":[],"slug":"product_tag","name":"Tootesildid"},"product_shipping_class":{"linked":[],"unlinked":[],"slug":"product_shipping_class","name":"Toote tarneklassid"},"pos_product_visibility":{"linked":[],"unlinked":[],"slug":"pos_product_visibility","name":"POS Product visibility"},"pa_wymiar":{"linked":[],"unlinked":[],"slug":"pa_wymiar","name":"Product Wymiar"},"translation_priority":{"linked":[],"unlinked":[],"slug":"translation_priority","name":"Translation Priorities"}},"series_order":"","_links":{"self":[{"href":"https:\/\/www.mw-steel.eu\/et\/wp-json\/wp\/v2\/product\/7108","targetHints":{"allow":["GET"]}}],"collection":[{"href":"https:\/\/www.mw-steel.eu\/et\/wp-json\/wp\/v2\/product"}],"about":[{"href":"https:\/\/www.mw-steel.eu\/et\/wp-json\/wp\/v2\/types\/product"}],"wp:featuredmedia":[{"embeddable":true,"href":"https:\/\/www.mw-steel.eu\/et\/wp-json\/wp\/v2\/media\/3123"}],"wp:attachment":[{"href":"https:\/\/www.mw-steel.eu\/et\/wp-json\/wp\/v2\/media?parent=7108"}],"wp:term":[{"taxonomy":"product_brand","embeddable":true,"href":"https:\/\/www.mw-steel.eu\/et\/wp-json\/wp\/v2\/product_brand?post=7108"},{"taxonomy":"product_cat","embeddable":true,"href":"https:\/\/www.mw-steel.eu\/et\/wp-json\/wp\/v2\/product_cat?post=7108"},{"taxonomy":"product_tag","embeddable":true,"href":"https:\/\/www.mw-steel.eu\/et\/wp-json\/wp\/v2\/product_tag?post=7108"}],"curies":[{"name":"wp","href":"https:\/\/api.w.org\/{rel}","templated":true}]}}