{"id":7039,"date":"2023-04-28T06:14:43","date_gmt":"2023-04-28T04:14:43","guid":{"rendered":"https:\/\/www.mw-steel.eu\/produkt\/ladustamine-etereo\/"},"modified":"2023-04-28T06:14:43","modified_gmt":"2023-04-28T04:14:43","slug":"ladustamine-etereo","status":"publish","type":"product","link":"https:\/\/www.mw-steel.eu\/et\/produkt\/ladustamine-etereo\/","title":{"rendered":"Ladustamine \u2013 Etereo"},"content":{"rendered":"<p><strong>ETEREO on kaasaegne aiakapp<\/strong>, millel on puhas, minimalistlik korpus, mis on disainitud vastupidavuse ja kaasaegsete ruumide \u00fchtse esteetika tagamiseks. Konstruktsioon on valmistatud tsingitud terasprofiilidest ja esiosa on viimistletud pulberv\u00e4rviga, mis tagab suure vastupidavuse v\u00e4listingimustele ja stabiilse v\u00e4ljan\u00e4gemise aastateks. <\/p>\n<p>Mudeli erip\u00e4ra r\u00f5hutab vertikaalne pikisuunaline aken, mille pol\u00fckarbonaatklaasist aken valgustab peenelt siseruumi ja annab kujule kerguse.<strong> Tervikut t\u00e4iendab CNC-t\u00f6\u00f6deldud mustriga uks<\/strong> &#8211; t\u00e4pne detail, mis r\u00f5hutab toote moodsat joont.<\/p>\n<p>Esik\u00fclje saab \u00fcmbritseda valikuliselt plekist, puidust v\u00f5i komposiitplaadist, mis v\u00f5imaldab ladustamis\u00fcksuse h\u00f5lpsasti sobitada aia ja \u00fcmbruse stiiliga.<br \/>\n<strong>ETEREO on t\u00e4ielikult konfigureeritav<\/strong> \u2013 pikkust, laiust ja k\u00f5rgust on v\u00f5imalik vastavalt ruumile ja ootustele reguleerida.<\/p>\n","protected":false},"excerpt":{"rendered":"<p>ETEREO on kaasaegne aiakapp, millel on puhas, minimalistlik korpus, mis on disainitud vastupidavuse ja kaasaegsete ruumide \u00fchtse esteetika tagamiseks. Konstruktsioon on valmistatud tsingitud terasprofiilidest ja esiosa on viimistletud pulberv\u00e4rviga, mis tagab suure vastupidavuse v\u00e4listingimustele ja stabiilse v\u00e4ljan\u00e4gemise aastateks. Mudeli erip\u00e4ra r\u00f5hutab vertikaalne pikisuunaline aken, mille pol\u00fckarbonaatklaasist aken valgustab peenelt siseruumi ja annab kujule kerguse. Tervikut [&hellip;]<\/p>\n","protected":false},"author":1,"featured_media":3048,"template":"","meta":{"_acf_changed":false,"advgb_blocks_editor_width":"","advgb_blocks_columns_visual_guide":"","_themeisle_gutenberg_block_has_review":false},"product_brand":[],"product_cat":[61],"product_tag":[],"class_list":{"0":"post-7039","1":"product","2":"type-product","3":"status-publish","4":"has-post-thumbnail","6":"product_cat-panipaigad","8":"first","9":"instock","10":"shipping-taxable","11":"purchasable","12":"product-type-simple"},"acf":[],"featured_img":"https:\/\/www.mw-steel.eu\/wp-content\/uploads\/2026\/02\/ETEREO-1GLOWNE.png","coauthors":[],"author_meta":{"author_link":"https:\/\/www.mw-steel.eu\/et\/author\/admin\/","display_name":"admin"},"relative_dates":{"created":"Posted 3 aastat ago","modified":"Updated 3 aastat ago"},"absolute_dates":{"created":"Posted on 28. apr. 2023","modified":"Updated on 28. apr. 2023"},"absolute_dates_time":{"created":"Posted on 28. apr. 2023 06:14","modified":"Updated on 28. apr. 2023 06:14"},"featured_img_caption":"","tax_additional":{"product_brand":{"linked":[],"unlinked":[],"slug":"product_brand","name":"Br\u00e4ndid"},"product_type":{"linked":["<a href=\"https:\/\/www.mw-steel.eu\/et\/?taxonomy=product_type&#038;term=simple\" class=\"advgb-post-tax-term\">simple<\/a>"],"unlinked":["<span class=\"advgb-post-tax-term\">simple<\/span>"],"slug":"product_type","name":"Product type"},"product_visibility":{"linked":[],"unlinked":[],"slug":"product_visibility","name":"Product visibility"},"product_cat":{"linked":["<a href=\"https:\/\/www.mw-steel.eu\/et\/kategoria-produktu\/panipaigad\/\" class=\"advgb-post-tax-term\">Panipaigad<\/a>"],"unlinked":["<span class=\"advgb-post-tax-term\">Panipaigad<\/span>"],"slug":"product_cat","name":"Tootekategooriad"},"product_tag":{"linked":[],"unlinked":[],"slug":"product_tag","name":"Tootesildid"},"product_shipping_class":{"linked":[],"unlinked":[],"slug":"product_shipping_class","name":"Toote tarneklassid"},"pos_product_visibility":{"linked":[],"unlinked":[],"slug":"pos_product_visibility","name":"POS Product visibility"},"pa_wymiar":{"linked":[],"unlinked":[],"slug":"pa_wymiar","name":"Product Wymiar"},"translation_priority":{"linked":[],"unlinked":[],"slug":"translation_priority","name":"Translation Priorities"}},"series_order":"","_links":{"self":[{"href":"https:\/\/www.mw-steel.eu\/et\/wp-json\/wp\/v2\/product\/7039","targetHints":{"allow":["GET"]}}],"collection":[{"href":"https:\/\/www.mw-steel.eu\/et\/wp-json\/wp\/v2\/product"}],"about":[{"href":"https:\/\/www.mw-steel.eu\/et\/wp-json\/wp\/v2\/types\/product"}],"wp:featuredmedia":[{"embeddable":true,"href":"https:\/\/www.mw-steel.eu\/et\/wp-json\/wp\/v2\/media\/3048"}],"wp:attachment":[{"href":"https:\/\/www.mw-steel.eu\/et\/wp-json\/wp\/v2\/media?parent=7039"}],"wp:term":[{"taxonomy":"product_brand","embeddable":true,"href":"https:\/\/www.mw-steel.eu\/et\/wp-json\/wp\/v2\/product_brand?post=7039"},{"taxonomy":"product_cat","embeddable":true,"href":"https:\/\/www.mw-steel.eu\/et\/wp-json\/wp\/v2\/product_cat?post=7039"},{"taxonomy":"product_tag","embeddable":true,"href":"https:\/\/www.mw-steel.eu\/et\/wp-json\/wp\/v2\/product_tag?post=7039"}],"curies":[{"name":"wp","href":"https:\/\/api.w.org\/{rel}","templated":true}]}}