{"id":7004,"date":"2023-04-30T11:49:52","date_gmt":"2023-04-30T09:49:52","guid":{"rendered":"https:\/\/www.mw-steel.eu\/produkt\/koera-manguaedik-dh6\/"},"modified":"2023-04-30T11:49:52","modified_gmt":"2023-04-30T09:49:52","slug":"koera-manguaedik-dh6","status":"publish","type":"product","link":"https:\/\/www.mw-steel.eu\/et\/produkt\/koera-manguaedik-dh6\/","title":{"rendered":"Koera m\u00e4nguaedik DH6"},"content":{"rendered":"<p><strong>Mudel DH6 on suurep\u00e4rane valik k\u00f5igile koeraomanikele, kes otsivad oma lemmikloomale kaasaegset ja vastupidavat puuri.<\/strong><\/p>\n<p>Konstruktsioon p\u00f5hineb tugeval \u00f5\u00f5nesprofiilil, mis tagab vastupidavuse ja ohutuse. V\u00f5ite kohandada m\u00e4nguv\u00e4ljaku v\u00e4limust vastavalt oma soovile, valides trapetspleki, loodusliku puidu v\u00f5i komposiitmaterjali t\u00e4idise. Metallist elemendid on saadaval kahes v\u00e4rvitoonis: must v\u00f5i grafiit, mille puhul on v\u00f5imalik kasutada pinnakatet v\u00f5i pulberv\u00e4rvi.  <\/p>\n<p>See m\u00e4nguv\u00e4ljak on \u00e4\u00e4rmiselt kohandatav, v\u00f5imaldades teil kohandada seda vastavalt teie lemmiklooma vajadustele. Saate valida lisaseinte v\u00f5i tagak\u00fcljega variandi, samuti saate valida tavalise p\u00f5randa v\u00f5i \u00fclitugeva metallraami vahel. <\/p>\n<p>Suurim atraktsioon on see, et pliiatsi esik\u00fcljele saab laseriga l\u00f5igata isikliku kande. See on suurep\u00e4rane v\u00f5imalus anda sellele isiklik sisu, lisades oma koera nime, aadressi v\u00f5i mis tahes sisu. DH6 on vastupidavuse ja funktsionaalsuse s\u00fcmbol, mis on kohandatud vastavalt teie vajadustele ja n\u00f5uetele.  <\/p>\n","protected":false},"excerpt":{"rendered":"<p>Mudel DH6 on suurep\u00e4rane valik k\u00f5igile koeraomanikele, kes otsivad oma lemmikloomale kaasaegset ja vastupidavat puuri. Konstruktsioon p\u00f5hineb tugeval \u00f5\u00f5nesprofiilil, mis tagab vastupidavuse ja ohutuse. V\u00f5ite kohandada m\u00e4nguv\u00e4ljaku v\u00e4limust vastavalt oma soovile, valides trapetspleki, loodusliku puidu v\u00f5i komposiitmaterjali t\u00e4idise. Metallist elemendid on saadaval kahes v\u00e4rvitoonis: must v\u00f5i grafiit, mille puhul on v\u00f5imalik kasutada pinnakatet v\u00f5i pulberv\u00e4rvi. [&hellip;]<\/p>\n","protected":false},"author":1,"featured_media":3427,"template":"","meta":{"_acf_changed":false,"advgb_blocks_editor_width":"","advgb_blocks_columns_visual_guide":"","_themeisle_gutenberg_block_has_review":false},"product_brand":[],"product_cat":[73],"product_tag":[],"class_list":{"0":"post-7004","1":"product","2":"type-product","3":"status-publish","4":"has-post-thumbnail","6":"product_cat-koerakuudid","8":"first","9":"instock","10":"shipping-taxable","11":"purchasable","12":"product-type-simple"},"acf":[],"featured_img":"https:\/\/www.mw-steel.eu\/wp-content\/uploads\/2026\/02\/DH6-5GLOWNE.jpg","coauthors":[],"author_meta":{"author_link":"https:\/\/www.mw-steel.eu\/et\/author\/admin\/","display_name":"admin"},"relative_dates":{"created":"Posted 3 aastat ago","modified":"Updated 3 aastat ago"},"absolute_dates":{"created":"Posted on 30. apr. 2023","modified":"Updated on 30. apr. 2023"},"absolute_dates_time":{"created":"Posted on 30. apr. 2023 11:49","modified":"Updated on 30. apr. 2023 11:49"},"featured_img_caption":"","tax_additional":{"product_brand":{"linked":[],"unlinked":[],"slug":"product_brand","name":"Br\u00e4ndid"},"product_type":{"linked":["<a href=\"https:\/\/www.mw-steel.eu\/et\/?taxonomy=product_type&#038;term=simple\" class=\"advgb-post-tax-term\">simple<\/a>"],"unlinked":["<span class=\"advgb-post-tax-term\">simple<\/span>"],"slug":"product_type","name":"Product type"},"product_visibility":{"linked":[],"unlinked":[],"slug":"product_visibility","name":"Product visibility"},"product_cat":{"linked":["<a href=\"https:\/\/www.mw-steel.eu\/et\/kategoria-produktu\/koerakuudid\/\" class=\"advgb-post-tax-term\">Koerakuudid<\/a>"],"unlinked":["<span class=\"advgb-post-tax-term\">Koerakuudid<\/span>"],"slug":"product_cat","name":"Tootekategooriad"},"product_tag":{"linked":[],"unlinked":[],"slug":"product_tag","name":"Tootesildid"},"product_shipping_class":{"linked":[],"unlinked":[],"slug":"product_shipping_class","name":"Toote tarneklassid"},"pos_product_visibility":{"linked":[],"unlinked":[],"slug":"pos_product_visibility","name":"POS Product visibility"},"pa_wymiar":{"linked":[],"unlinked":[],"slug":"pa_wymiar","name":"Product Wymiar"},"translation_priority":{"linked":[],"unlinked":[],"slug":"translation_priority","name":"Translation Priorities"}},"series_order":"","_links":{"self":[{"href":"https:\/\/www.mw-steel.eu\/et\/wp-json\/wp\/v2\/product\/7004","targetHints":{"allow":["GET"]}}],"collection":[{"href":"https:\/\/www.mw-steel.eu\/et\/wp-json\/wp\/v2\/product"}],"about":[{"href":"https:\/\/www.mw-steel.eu\/et\/wp-json\/wp\/v2\/types\/product"}],"wp:featuredmedia":[{"embeddable":true,"href":"https:\/\/www.mw-steel.eu\/et\/wp-json\/wp\/v2\/media\/3427"}],"wp:attachment":[{"href":"https:\/\/www.mw-steel.eu\/et\/wp-json\/wp\/v2\/media?parent=7004"}],"wp:term":[{"taxonomy":"product_brand","embeddable":true,"href":"https:\/\/www.mw-steel.eu\/et\/wp-json\/wp\/v2\/product_brand?post=7004"},{"taxonomy":"product_cat","embeddable":true,"href":"https:\/\/www.mw-steel.eu\/et\/wp-json\/wp\/v2\/product_cat?post=7004"},{"taxonomy":"product_tag","embeddable":true,"href":"https:\/\/www.mw-steel.eu\/et\/wp-json\/wp\/v2\/product_tag?post=7004"}],"curies":[{"name":"wp","href":"https:\/\/api.w.org\/{rel}","templated":true}]}}