{"id":6966,"date":"2023-05-05T14:40:19","date_gmt":"2023-05-05T12:40:19","guid":{"rendered":"https:\/\/www.mw-steel.eu\/produkt\/koerte-manguaedik-dh2\/"},"modified":"2023-05-05T14:40:19","modified_gmt":"2023-05-05T12:40:19","slug":"koerte-manguaedik-dh2","status":"publish","type":"product","link":"https:\/\/www.mw-steel.eu\/et\/produkt\/koerte-manguaedik-dh2\/","title":{"rendered":"Koerte m\u00e4nguaedik DH2"},"content":{"rendered":"<p>DH2 mudel on moodne ja isikup\u00e4rastatud koerakuut, mis pakub palju v\u00f5imalusi teie individuaalsetele vajadustele vastavaks kohandamiseks:<\/p>\n<ul>\n<li><strong>Metalli v\u00e4rv<\/strong>: Valige kahe v\u00e4rvivaliku vahel:<br \/>\n&#8211; Must<br \/>\n&#8211; Grafiit<\/li>\n<li>Seinat\u00e4idise <strong>t\u00fc\u00fcp:<\/strong> Saadaval olevad seinat\u00e4idise valikud v\u00f5imaldavad t\u00e4ielikku isikup\u00e4rastamist:<br \/>\n&#8211; Terasplekk<br \/>\n&#8211; Looduslik puit<br \/>\n&#8211; Komposiitplaat<\/li>\n<li><strong>P\u00f5rand:<\/strong> Valida kahe p\u00f5randavariandi vahel:<br \/>\n&#8211; Standard<br \/>\n&#8211; \u00dclitugev metallraamiga<\/li>\n<li><strong>Isikup\u00e4rastatud esik\u00fclg<\/strong>: DH2 m\u00e4nguaedikul on mitu CNC-laserl\u00f5ikega esik\u00fclge, mis v\u00f5imaldavad teil oma lemmiklooma nime v\u00f5i aadressi isikup\u00e4rastada. See ainulaadne omadus lisab teie m\u00e4nguaedikule ainulaadse iseloomu. <\/li>\n<\/ul>\n","protected":false},"excerpt":{"rendered":"<p>DH2 mudel on moodne ja isikup\u00e4rastatud koerakuut, mis pakub palju v\u00f5imalusi teie individuaalsetele vajadustele vastavaks kohandamiseks: Metalli v\u00e4rv: Valige kahe v\u00e4rvivaliku vahel: &#8211; Must &#8211; Grafiit Seinat\u00e4idise t\u00fc\u00fcp: Saadaval olevad seinat\u00e4idise valikud v\u00f5imaldavad t\u00e4ielikku isikup\u00e4rastamist: &#8211; Terasplekk &#8211; Looduslik puit &#8211; Komposiitplaat P\u00f5rand: Valida kahe p\u00f5randavariandi vahel: &#8211; Standard &#8211; \u00dclitugev metallraamiga Isikup\u00e4rastatud esik\u00fclg: DH2 [&hellip;]<\/p>\n","protected":false},"author":1,"featured_media":3328,"template":"","meta":{"_acf_changed":false,"advgb_blocks_editor_width":"","advgb_blocks_columns_visual_guide":"","_themeisle_gutenberg_block_has_review":false},"product_brand":[],"product_cat":[73],"product_tag":[],"class_list":{"0":"post-6966","1":"product","2":"type-product","3":"status-publish","4":"has-post-thumbnail","6":"product_cat-koerakuudid","8":"first","9":"instock","10":"shipping-taxable","11":"purchasable","12":"product-type-simple"},"acf":[],"featured_img":"https:\/\/www.mw-steel.eu\/wp-content\/uploads\/2026\/02\/DH2-2GLOWNE-scaled.jpeg","coauthors":[],"author_meta":{"author_link":"https:\/\/www.mw-steel.eu\/et\/author\/admin\/","display_name":"admin"},"relative_dates":{"created":"Posted 3 aastat ago","modified":"Updated 3 aastat ago"},"absolute_dates":{"created":"Posted on 5. mai 2023","modified":"Updated on 5. mai 2023"},"absolute_dates_time":{"created":"Posted on 5. mai 2023 02:40","modified":"Updated on 5. mai 2023 02:40"},"featured_img_caption":"","tax_additional":{"product_brand":{"linked":[],"unlinked":[],"slug":"product_brand","name":"Br\u00e4ndid"},"product_type":{"linked":["<a href=\"https:\/\/www.mw-steel.eu\/et\/?taxonomy=product_type&#038;term=simple\" class=\"advgb-post-tax-term\">simple<\/a>"],"unlinked":["<span class=\"advgb-post-tax-term\">simple<\/span>"],"slug":"product_type","name":"Product type"},"product_visibility":{"linked":[],"unlinked":[],"slug":"product_visibility","name":"Product visibility"},"product_cat":{"linked":["<a href=\"https:\/\/www.mw-steel.eu\/et\/kategoria-produktu\/koerakuudid\/\" class=\"advgb-post-tax-term\">Koerakuudid<\/a>"],"unlinked":["<span class=\"advgb-post-tax-term\">Koerakuudid<\/span>"],"slug":"product_cat","name":"Tootekategooriad"},"product_tag":{"linked":[],"unlinked":[],"slug":"product_tag","name":"Tootesildid"},"product_shipping_class":{"linked":[],"unlinked":[],"slug":"product_shipping_class","name":"Toote tarneklassid"},"pos_product_visibility":{"linked":[],"unlinked":[],"slug":"pos_product_visibility","name":"POS Product visibility"},"pa_wymiar":{"linked":[],"unlinked":[],"slug":"pa_wymiar","name":"Product Wymiar"},"translation_priority":{"linked":[],"unlinked":[],"slug":"translation_priority","name":"Translation Priorities"}},"series_order":"","_links":{"self":[{"href":"https:\/\/www.mw-steel.eu\/et\/wp-json\/wp\/v2\/product\/6966","targetHints":{"allow":["GET"]}}],"collection":[{"href":"https:\/\/www.mw-steel.eu\/et\/wp-json\/wp\/v2\/product"}],"about":[{"href":"https:\/\/www.mw-steel.eu\/et\/wp-json\/wp\/v2\/types\/product"}],"wp:featuredmedia":[{"embeddable":true,"href":"https:\/\/www.mw-steel.eu\/et\/wp-json\/wp\/v2\/media\/3328"}],"wp:attachment":[{"href":"https:\/\/www.mw-steel.eu\/et\/wp-json\/wp\/v2\/media?parent=6966"}],"wp:term":[{"taxonomy":"product_brand","embeddable":true,"href":"https:\/\/www.mw-steel.eu\/et\/wp-json\/wp\/v2\/product_brand?post=6966"},{"taxonomy":"product_cat","embeddable":true,"href":"https:\/\/www.mw-steel.eu\/et\/wp-json\/wp\/v2\/product_cat?post=6966"},{"taxonomy":"product_tag","embeddable":true,"href":"https:\/\/www.mw-steel.eu\/et\/wp-json\/wp\/v2\/product_tag?post=6966"}],"curies":[{"name":"wp","href":"https:\/\/api.w.org\/{rel}","templated":true}]}}