{"id":6638,"date":"2026-04-20T23:43:41","date_gmt":"2026-04-20T21:43:41","guid":{"rendered":"https:\/\/www.mw-steel.eu\/produkt\/locker-ferrum\/"},"modified":"2026-04-21T09:29:43","modified_gmt":"2026-04-21T07:29:43","slug":"ladustamine-ferrum","status":"publish","type":"product","link":"https:\/\/www.mw-steel.eu\/et\/produkt\/ladustamine-ferrum\/","title":{"rendered":"Ladustamine \u2013 Ferrum"},"content":{"rendered":"<p>FERRUM on kaasaegne k\u00f5rgekvaliteediline aiahoidla, kus t\u00f6\u00f6stuslik soliidsus kohtub unikaalse arhitektuurse disainiga. See on mudel, mis on m\u00f5eldud k\u00f5ige n\u00f5udlikumatele kasutajatele &#8211; neile, kes ootavad mitte ainult funktsionaalsust, vaid ka erakordset esteetikat, mis sobib kaasaegsete hoonete juurde.<\/p>\n<p>Kapi konstruktsiooni aluseks on tsingitud terasprofiilid, mis on kaitstud pulberlakiga, mis tagab suure vastupidavuse ilmastikutingimustele ja vastupidavuse aastatepikkuseks kasutamiseks. Minimalistlikku vormi on l\u00f5hutud iseloomulike detailidega, mis annavad mudelile FERRUM ainulaadse v\u00e4limuse.<\/p>\n<p>K\u00f5ige iseloomulikum element on uks, mille t\u00e4pne laserl\u00f5igatud paneel r\u00f5hutab konstruktsiooni moodsat iseloomu ja annab sellele visuaalse kerguse. Tervikut t\u00e4iendab suur vertikaalne aken, mis on valmistatud t\u00e4ispol\u00fckarbonaadist &#8211; materjalist, mis on \u00e4\u00e4rmiselt vastupidav ja ohutu ning mille valgusl\u00e4bivus on klaasiga v\u00f5rreldav.<\/p>\n<p>FERRUMi mudeli ainulaadne omadus &#8211; mis on t\u00f6\u00f6stuses ainulaadne &#8211; on paneelide kasutamine, mille esipaneelid on viimistletud t\u00f5elise loodusliku materjaliga, nagu betoon, kivi v\u00f5i QUARTz. Need ei ole imitatsioonid ega tr\u00fckised &#8211; need on ehtsad kivivineerid.<\/p>\n<p>See annab hoiuruumile erakordselt elegantse ja prestii\u017ese v\u00e4limuse, v\u00f5imaldades samal ajal t\u00e4iuslikult sobituda hoone fassaadi v\u00f5i aiakujundusega.<\/p>\n<p>FERRUM on t\u00e4ielikult kohandatav mudel &#8211; m\u00f5\u00f5tmeid ja viimistlust on v\u00f5imalik individuaalselt kohandada vastavalt konkreetsele ruumile ja kasutaja vajadustele. See on lahendus, mis on loodud neile, kes soovivad \u00fchendada praktilise hoiuruumi ja moodsa aiaarhitektuuri elemendi, mis eristub standardsetest disainilahendustest.<\/p>\n<p>FERRUM on midagi enamat kui lihtsalt hoiukapp &#8211; see on teadlik valik disaini, kvaliteedi ja originaalsuse osas.<\/p>\n<p><iframe loading=\"lazy\" title=\"MW STEEL STONE\" width=\"1200\" height=\"675\" src=\"https:\/\/www.youtube.com\/embed\/yJO9Ps6zLbQ?feature=oembed\" frameborder=\"0\" allow=\"accelerometer; autoplay; clipboard-write; encrypted-media; gyroscope; picture-in-picture; web-share\" referrerpolicy=\"strict-origin-when-cross-origin\" allowfullscreen><\/iframe><\/p>\n<p><iframe loading=\"lazy\" title=\"MW STEEL QUARTZ\" width=\"1200\" height=\"675\" src=\"https:\/\/www.youtube.com\/embed\/OWlZWF6mnT8?feature=oembed\" frameborder=\"0\" allow=\"accelerometer; autoplay; clipboard-write; encrypted-media; gyroscope; picture-in-picture; web-share\" referrerpolicy=\"strict-origin-when-cross-origin\" allowfullscreen><\/iframe><\/p>\n<p><iframe loading=\"lazy\" title=\"MW STEEL CONCRETE\" width=\"1200\" height=\"675\" src=\"https:\/\/www.youtube.com\/embed\/goMkJQjgv0Y?feature=oembed\" frameborder=\"0\" allow=\"accelerometer; autoplay; clipboard-write; encrypted-media; gyroscope; picture-in-picture; web-share\" referrerpolicy=\"strict-origin-when-cross-origin\" allowfullscreen><\/iframe><\/p>\n","protected":false},"excerpt":{"rendered":"<p>FERRUM on kaasaegne k\u00f5rgekvaliteediline aiahoidla, kus t\u00f6\u00f6stuslik soliidsus kohtub unikaalse arhitektuurse disainiga. See on mudel, mis on m\u00f5eldud k\u00f5ige n\u00f5udlikumatele kasutajatele &#8211; neile, kes ootavad mitte ainult funktsionaalsust, vaid ka erakordset esteetikat, mis sobib kaasaegsete hoonete juurde. Kapi konstruktsiooni aluseks on tsingitud terasprofiilid, mis on kaitstud pulberlakiga, mis tagab suure vastupidavuse ilmastikutingimustele ja vastupidavuse aastatepikkuseks [&hellip;]<\/p>\n","protected":false},"author":1,"featured_media":6515,"template":"","meta":{"_acf_changed":false,"advgb_blocks_editor_width":"","advgb_blocks_columns_visual_guide":"","_themeisle_gutenberg_block_has_review":false},"product_brand":[],"product_cat":[61],"product_tag":[],"class_list":{"0":"post-6638","1":"product","2":"type-product","3":"status-publish","4":"has-post-thumbnail","6":"product_cat-panipaigad","8":"first","9":"instock","10":"shipping-taxable","11":"purchasable","12":"product-type-simple"},"acf":[],"featured_img":"https:\/\/www.mw-steel.eu\/wp-content\/uploads\/2026\/04\/FERRUM-2.jpg","coauthors":[],"author_meta":{"author_link":"https:\/\/www.mw-steel.eu\/et\/author\/admin\/","display_name":"admin"},"relative_dates":{"created":"Posted 4 n\u00e4dalat ago","modified":"Updated 4 n\u00e4dalat ago"},"absolute_dates":{"created":"Posted on 20. apr. 2026","modified":"Updated on 21. apr. 2026"},"absolute_dates_time":{"created":"Posted on 20. apr. 2026 11:43","modified":"Updated on 21. apr. 2026 09:29"},"featured_img_caption":"","tax_additional":{"product_brand":{"linked":[],"unlinked":[],"slug":"product_brand","name":"Br\u00e4ndid"},"product_type":{"linked":["<a href=\"https:\/\/www.mw-steel.eu\/et\/?taxonomy=product_type&#038;term=simple\" class=\"advgb-post-tax-term\">simple<\/a>"],"unlinked":["<span class=\"advgb-post-tax-term\">simple<\/span>"],"slug":"product_type","name":"Product type"},"product_visibility":{"linked":[],"unlinked":[],"slug":"product_visibility","name":"Product visibility"},"product_cat":{"linked":["<a href=\"https:\/\/www.mw-steel.eu\/et\/kategoria-produktu\/panipaigad\/\" class=\"advgb-post-tax-term\">Panipaigad<\/a>"],"unlinked":["<span class=\"advgb-post-tax-term\">Panipaigad<\/span>"],"slug":"product_cat","name":"Tootekategooriad"},"product_tag":{"linked":[],"unlinked":[],"slug":"product_tag","name":"Tootesildid"},"product_shipping_class":{"linked":[],"unlinked":[],"slug":"product_shipping_class","name":"Toote tarneklassid"},"pos_product_visibility":{"linked":[],"unlinked":[],"slug":"pos_product_visibility","name":"POS Product visibility"},"pa_wymiar":{"linked":[],"unlinked":[],"slug":"pa_wymiar","name":"Product Wymiar"},"translation_priority":{"linked":["<a href=\"https:\/\/www.mw-steel.eu\/?taxonomy=translation_priority&#038;term=optional\" class=\"advgb-post-tax-term\">Optional<\/a>"],"unlinked":["<span class=\"advgb-post-tax-term\">Optional<\/span>"],"slug":"translation_priority","name":"Translation Priorities"}},"series_order":"","_links":{"self":[{"href":"https:\/\/www.mw-steel.eu\/et\/wp-json\/wp\/v2\/product\/6638","targetHints":{"allow":["GET"]}}],"collection":[{"href":"https:\/\/www.mw-steel.eu\/et\/wp-json\/wp\/v2\/product"}],"about":[{"href":"https:\/\/www.mw-steel.eu\/et\/wp-json\/wp\/v2\/types\/product"}],"wp:featuredmedia":[{"embeddable":true,"href":"https:\/\/www.mw-steel.eu\/et\/wp-json\/wp\/v2\/media\/6515"}],"wp:attachment":[{"href":"https:\/\/www.mw-steel.eu\/et\/wp-json\/wp\/v2\/media?parent=6638"}],"wp:term":[{"taxonomy":"product_brand","embeddable":true,"href":"https:\/\/www.mw-steel.eu\/et\/wp-json\/wp\/v2\/product_brand?post=6638"},{"taxonomy":"product_cat","embeddable":true,"href":"https:\/\/www.mw-steel.eu\/et\/wp-json\/wp\/v2\/product_cat?post=6638"},{"taxonomy":"product_tag","embeddable":true,"href":"https:\/\/www.mw-steel.eu\/et\/wp-json\/wp\/v2\/product_tag?post=6638"}],"curies":[{"name":"wp","href":"https:\/\/api.w.org\/{rel}","templated":true}]}}