{"id":6226,"date":"2023-10-04T16:41:29","date_gmt":"2023-10-04T14:41:29","guid":{"rendered":"https:\/\/www.mw-steel.eu\/lehtmetalli-varvid\/"},"modified":"2026-04-20T20:41:02","modified_gmt":"2026-04-20T18:41:02","slug":"lehtmetalli-varvid","status":"publish","type":"page","link":"https:\/\/www.mw-steel.eu\/et\/varviproovid\/lehtmetalli-varvid\/","title":{"rendered":"Lehtmetalli v\u00e4rvid"},"content":{"rendered":"\n<h2 class=\"wp-block-heading\">Trapetsikujuline lehtmetall<\/h2>\n\n<p>Trapetsplekki iseloomustab lai v\u00e4rvivalik ning erakordne tugevus ja vastupidavus. Seet\u00f5ttu sobib see materjal ideaalselt paljude rakenduste jaoks, alates katustest kuni hoonete fassaadideni. Oluline on, et trapetsplekk ei vaja immutamist ega erihooldust, mis s\u00e4\u00e4stab aega ja hoolduskulusid.  <\/p>\n\n<p>Lisaks sellele on lehe sisemine k\u00fclg neutraalse v\u00e4rvusega, mis v\u00f5ib partiide l\u00f5ikes erineda. See teeb sellest materjali, mis on mitmek\u00fclgne ja kohandatav mitmesuguste ehitusprojektide jaoks, s\u00e4ilitades samal ajal oma ainulaadsed omadused. <\/p>\n\n<h2 class=\"wp-block-heading\">Saadaolevad v\u00e4rvid<\/h2>\n\n<figure class=\"wp-block-gallery has-nested-images columns-4 is-cropped wp-block-gallery-1 is-layout-flex wp-block-gallery-is-layout-flex\">\n<figure class=\"wp-block-image size-large\"><a href=\"https:\/\/www.mw-steel.eu\/wp-content\/uploads\/2023\/10\/1.WHITE_-scaled.jpg\"><img loading=\"lazy\" decoding=\"async\" width=\"2560\" height=\"1920\" data-id=\"975\" src=\"https:\/\/www.mw-steel.eu\/wp-content\/uploads\/2023\/10\/1.WHITE_-scaled.jpg\" alt=\"\" class=\"wp-image-975\" srcset=\"https:\/\/www.mw-steel.eu\/wp-content\/uploads\/2023\/10\/1.WHITE_-scaled.jpg 2560w, https:\/\/www.mw-steel.eu\/wp-content\/uploads\/2023\/10\/1.WHITE_-scaled-576x432.jpg 576w, https:\/\/www.mw-steel.eu\/wp-content\/uploads\/2023\/10\/1.WHITE_-scaled-1380x1035.jpg 1380w, https:\/\/www.mw-steel.eu\/wp-content\/uploads\/2023\/10\/1.WHITE_-768x576.jpg 768w, https:\/\/www.mw-steel.eu\/wp-content\/uploads\/2023\/10\/1.WHITE_-1536x1152.jpg 1536w, https:\/\/www.mw-steel.eu\/wp-content\/uploads\/2023\/10\/1.WHITE_-2048x1536.jpg 2048w\" sizes=\"auto, (max-width: 2560px) 100vw, 2560px\" \/><\/a><figcaption class=\"wp-element-caption\">WHITE<\/figcaption><\/figure>\n\n\n\n<figure class=\"wp-block-image size-large\"><a href=\"https:\/\/www.mw-steel.eu\/wp-content\/uploads\/2023\/10\/2.WINCHESTER-scaled.jpg\"><img loading=\"lazy\" decoding=\"async\" width=\"2560\" height=\"1920\" data-id=\"976\" src=\"https:\/\/www.mw-steel.eu\/wp-content\/uploads\/2023\/10\/2.WINCHESTER-scaled.jpg\" alt=\"\" class=\"wp-image-976\" srcset=\"https:\/\/www.mw-steel.eu\/wp-content\/uploads\/2023\/10\/2.WINCHESTER-scaled.jpg 2560w, https:\/\/www.mw-steel.eu\/wp-content\/uploads\/2023\/10\/2.WINCHESTER-scaled-576x432.jpg 576w, https:\/\/www.mw-steel.eu\/wp-content\/uploads\/2023\/10\/2.WINCHESTER-scaled-1380x1035.jpg 1380w, https:\/\/www.mw-steel.eu\/wp-content\/uploads\/2023\/10\/2.WINCHESTER-768x576.jpg 768w, https:\/\/www.mw-steel.eu\/wp-content\/uploads\/2023\/10\/2.WINCHESTER-1536x1152.jpg 1536w, https:\/\/www.mw-steel.eu\/wp-content\/uploads\/2023\/10\/2.WINCHESTER-2048x1536.jpg 2048w\" sizes=\"auto, (max-width: 2560px) 100vw, 2560px\" \/><\/a><figcaption class=\"wp-element-caption\">WINCHESTER<\/figcaption><\/figure>\n\n\n\n<figure class=\"wp-block-image size-large\"><a href=\"https:\/\/www.mw-steel.eu\/wp-content\/uploads\/2023\/10\/3.GOLDEN-OAK-scaled.jpg\"><img loading=\"lazy\" decoding=\"async\" width=\"2560\" height=\"1920\" data-id=\"977\" src=\"https:\/\/www.mw-steel.eu\/wp-content\/uploads\/2023\/10\/3.GOLDEN-OAK-scaled.jpg\" alt=\"\" class=\"wp-image-977\" srcset=\"https:\/\/www.mw-steel.eu\/wp-content\/uploads\/2023\/10\/3.GOLDEN-OAK-scaled.jpg 2560w, https:\/\/www.mw-steel.eu\/wp-content\/uploads\/2023\/10\/3.GOLDEN-OAK-scaled-576x432.jpg 576w, https:\/\/www.mw-steel.eu\/wp-content\/uploads\/2023\/10\/3.GOLDEN-OAK-scaled-1380x1035.jpg 1380w, https:\/\/www.mw-steel.eu\/wp-content\/uploads\/2023\/10\/3.GOLDEN-OAK-768x576.jpg 768w, https:\/\/www.mw-steel.eu\/wp-content\/uploads\/2023\/10\/3.GOLDEN-OAK-1536x1152.jpg 1536w, https:\/\/www.mw-steel.eu\/wp-content\/uploads\/2023\/10\/3.GOLDEN-OAK-2048x1536.jpg 2048w\" sizes=\"auto, (max-width: 2560px) 100vw, 2560px\" \/><\/a><figcaption class=\"wp-element-caption\">GOLDEN OAK<\/figcaption><\/figure>\n\n\n\n<figure class=\"wp-block-image size-large\"><a href=\"https:\/\/www.mw-steel.eu\/wp-content\/uploads\/2023\/10\/4.WALNUT-scaled.jpg\"><img loading=\"lazy\" decoding=\"async\" width=\"2560\" height=\"1920\" data-id=\"978\" src=\"https:\/\/www.mw-steel.eu\/wp-content\/uploads\/2023\/10\/4.WALNUT-scaled.jpg\" alt=\"\" class=\"wp-image-978\" srcset=\"https:\/\/www.mw-steel.eu\/wp-content\/uploads\/2023\/10\/4.WALNUT-scaled.jpg 2560w, https:\/\/www.mw-steel.eu\/wp-content\/uploads\/2023\/10\/4.WALNUT-scaled-576x432.jpg 576w, https:\/\/www.mw-steel.eu\/wp-content\/uploads\/2023\/10\/4.WALNUT-scaled-1380x1035.jpg 1380w, https:\/\/www.mw-steel.eu\/wp-content\/uploads\/2023\/10\/4.WALNUT-768x576.jpg 768w, https:\/\/www.mw-steel.eu\/wp-content\/uploads\/2023\/10\/4.WALNUT-1536x1152.jpg 1536w, https:\/\/www.mw-steel.eu\/wp-content\/uploads\/2023\/10\/4.WALNUT-2048x1536.jpg 2048w\" sizes=\"auto, (max-width: 2560px) 100vw, 2560px\" \/><\/a><figcaption class=\"wp-element-caption\">WALNUT<\/figcaption><\/figure>\n\n\n\n<figure class=\"wp-block-image size-large\"><a href=\"https:\/\/www.mw-steel.eu\/wp-content\/uploads\/2023\/10\/5.GREEN_-scaled.jpg\"><img loading=\"lazy\" decoding=\"async\" width=\"2560\" height=\"1920\" data-id=\"979\" src=\"https:\/\/www.mw-steel.eu\/wp-content\/uploads\/2023\/10\/5.GREEN_-scaled.jpg\" alt=\"\" class=\"wp-image-979\" srcset=\"https:\/\/www.mw-steel.eu\/wp-content\/uploads\/2023\/10\/5.GREEN_-scaled.jpg 2560w, https:\/\/www.mw-steel.eu\/wp-content\/uploads\/2023\/10\/5.GREEN_-scaled-576x432.jpg 576w, https:\/\/www.mw-steel.eu\/wp-content\/uploads\/2023\/10\/5.GREEN_-scaled-1380x1035.jpg 1380w, https:\/\/www.mw-steel.eu\/wp-content\/uploads\/2023\/10\/5.GREEN_-768x576.jpg 768w, https:\/\/www.mw-steel.eu\/wp-content\/uploads\/2023\/10\/5.GREEN_-1536x1152.jpg 1536w, https:\/\/www.mw-steel.eu\/wp-content\/uploads\/2023\/10\/5.GREEN_-2048x1536.jpg 2048w\" sizes=\"auto, (max-width: 2560px) 100vw, 2560px\" \/><\/a><figcaption class=\"wp-element-caption\">GREEN<\/figcaption><\/figure>\n\n\n\n<figure class=\"wp-block-image size-large\"><a href=\"https:\/\/www.mw-steel.eu\/wp-content\/uploads\/2023\/10\/6.GRAY_-scaled.jpg\"><img loading=\"lazy\" decoding=\"async\" width=\"2560\" height=\"1920\" data-id=\"980\" src=\"https:\/\/www.mw-steel.eu\/wp-content\/uploads\/2023\/10\/6.GRAY_-scaled.jpg\" alt=\"\" class=\"wp-image-980\" srcset=\"https:\/\/www.mw-steel.eu\/wp-content\/uploads\/2023\/10\/6.GRAY_-scaled.jpg 2560w, https:\/\/www.mw-steel.eu\/wp-content\/uploads\/2023\/10\/6.GRAY_-scaled-576x432.jpg 576w, https:\/\/www.mw-steel.eu\/wp-content\/uploads\/2023\/10\/6.GRAY_-scaled-1380x1035.jpg 1380w, https:\/\/www.mw-steel.eu\/wp-content\/uploads\/2023\/10\/6.GRAY_-768x576.jpg 768w, https:\/\/www.mw-steel.eu\/wp-content\/uploads\/2023\/10\/6.GRAY_-1536x1152.jpg 1536w, https:\/\/www.mw-steel.eu\/wp-content\/uploads\/2023\/10\/6.GRAY_-2048x1536.jpg 2048w\" sizes=\"auto, (max-width: 2560px) 100vw, 2560px\" \/><\/a><figcaption class=\"wp-element-caption\">GRAY<\/figcaption><\/figure>\n\n\n\n<figure class=\"wp-block-image size-large\"><a href=\"https:\/\/www.mw-steel.eu\/wp-content\/uploads\/2023\/10\/7.BLACK_-scaled.jpg\"><img loading=\"lazy\" decoding=\"async\" width=\"2560\" height=\"1920\" data-id=\"981\" src=\"https:\/\/www.mw-steel.eu\/wp-content\/uploads\/2023\/10\/7.BLACK_-scaled.jpg\" alt=\"\" class=\"wp-image-981\" srcset=\"https:\/\/www.mw-steel.eu\/wp-content\/uploads\/2023\/10\/7.BLACK_-scaled.jpg 2560w, https:\/\/www.mw-steel.eu\/wp-content\/uploads\/2023\/10\/7.BLACK_-scaled-576x432.jpg 576w, https:\/\/www.mw-steel.eu\/wp-content\/uploads\/2023\/10\/7.BLACK_-scaled-1380x1035.jpg 1380w, https:\/\/www.mw-steel.eu\/wp-content\/uploads\/2023\/10\/7.BLACK_-768x576.jpg 768w, https:\/\/www.mw-steel.eu\/wp-content\/uploads\/2023\/10\/7.BLACK_-1536x1152.jpg 1536w, https:\/\/www.mw-steel.eu\/wp-content\/uploads\/2023\/10\/7.BLACK_-2048x1536.jpg 2048w\" sizes=\"auto, (max-width: 2560px) 100vw, 2560px\" \/><\/a><figcaption class=\"wp-element-caption\">BLACK<\/figcaption><\/figure>\n<\/figure>\n\n<div style=\"height:32px\" aria-hidden=\"true\" class=\"wp-block-spacer\"><\/div>\n\n<h2 class=\"wp-block-heading\">Vaata otse\u00fclekannet, milline lehtmetall v\u00e4lja n\u00e4eb<\/h2>\n\n<figure class=\"wp-block-embed is-type-video is-provider-youtube wp-block-embed-youtube wp-embed-aspect-16-9 wp-has-aspect-ratio\"><div class=\"wp-block-embed__wrapper\">\n<iframe loading=\"lazy\" title=\"METAL\" width=\"1200\" height=\"675\" src=\"https:\/\/www.youtube.com\/embed\/H13Xmh_5-9I?feature=oembed\" frameborder=\"0\" allow=\"accelerometer; autoplay; clipboard-write; encrypted-media; gyroscope; picture-in-picture; web-share\" referrerpolicy=\"strict-origin-when-cross-origin\" allowfullscreen><\/iframe>\n<\/div><\/figure>\n","protected":false},"excerpt":{"rendered":"<p>Trapetsikujuline lehtmetall Trapetsplekki iseloomustab lai v\u00e4rvivalik ning erakordne tugevus ja vastupidavus. Seet\u00f5ttu sobib see materjal ideaalselt paljude rakenduste jaoks, alates katustest kuni hoonete fassaadideni. Oluline on, et trapetsplekk ei vaja immutamist ega erihooldust, mis s\u00e4\u00e4stab aega ja hoolduskulusid. Lisaks sellele on lehe sisemine k\u00fclg neutraalse v\u00e4rvusega, mis v\u00f5ib partiide l\u00f5ikes erineda. See teeb sellest materjali, [&hellip;]<\/p>\n","protected":false},"author":1,"featured_media":0,"parent":6272,"menu_order":0,"comment_status":"closed","ping_status":"closed","template":"","meta":{"_acf_changed":false,"advgb_blocks_editor_width":"","advgb_blocks_columns_visual_guide":"","_themeisle_gutenberg_block_has_review":false,"footnotes":""},"class_list":["post-6226","page","type-page","status-publish","hentry"],"acf":[],"coauthors":[],"author_meta":{"author_link":"https:\/\/www.mw-steel.eu\/et\/author\/admin\/","display_name":"admin"},"relative_dates":{"created":"Posted 3 aastat ago","modified":"Updated 4 n\u00e4dalat ago"},"absolute_dates":{"created":"Posted on 4. okt. 2023","modified":"Updated on 20. apr. 2026"},"absolute_dates_time":{"created":"Posted on 4. okt. 2023 04:41","modified":"Updated on 20. apr. 2026 08:41"},"featured_img_caption":"","featured_img":false,"series_order":"","_links":{"self":[{"href":"https:\/\/www.mw-steel.eu\/et\/wp-json\/wp\/v2\/pages\/6226","targetHints":{"allow":["GET"]}}],"collection":[{"href":"https:\/\/www.mw-steel.eu\/et\/wp-json\/wp\/v2\/pages"}],"about":[{"href":"https:\/\/www.mw-steel.eu\/et\/wp-json\/wp\/v2\/types\/page"}],"author":[{"embeddable":true,"href":"https:\/\/www.mw-steel.eu\/et\/wp-json\/wp\/v2\/users\/1"}],"replies":[{"embeddable":true,"href":"https:\/\/www.mw-steel.eu\/et\/wp-json\/wp\/v2\/comments?post=6226"}],"version-history":[{"count":1,"href":"https:\/\/www.mw-steel.eu\/et\/wp-json\/wp\/v2\/pages\/6226\/revisions"}],"predecessor-version":[{"id":6227,"href":"https:\/\/www.mw-steel.eu\/et\/wp-json\/wp\/v2\/pages\/6226\/revisions\/6227"}],"up":[{"embeddable":true,"href":"https:\/\/www.mw-steel.eu\/et\/wp-json\/wp\/v2\/pages\/6272"}],"wp:attachment":[{"href":"https:\/\/www.mw-steel.eu\/et\/wp-json\/wp\/v2\/media?parent=6226"}],"curies":[{"name":"wp","href":"https:\/\/api.w.org\/{rel}","templated":true}]}}