{"id":5664,"date":"2023-10-04T12:11:58","date_gmt":"2023-10-04T10:11:58","guid":{"rendered":"https:\/\/www.mw-steel.eu\/kohaletoimetamine\/"},"modified":"2026-04-20T19:54:03","modified_gmt":"2026-04-20T17:54:03","slug":"kohaletoimetamine","status":"publish","type":"page","link":"https:\/\/www.mw-steel.eu\/et\/kohaletoimetamine\/","title":{"rendered":"Kohaletoimetamine"},"content":{"rendered":"\n<h2 class=\"wp-block-heading\">Kaubaaluste kohaletoimetamine &#8211; ohutuse ja mugavuse garantii<\/h2>\n\n<p><strong>Kallid kliendid!<\/strong><\/p>\n\n<p>T\u00e4name teid usalduse eest meie ettev\u00f5ttele MW Steel, mis on kaasaegsete teraskonstruktsioonide tootja. Tahame r\u00f5hutada, et valides meie kaubaaluste tarne, ei vali te mitte ainult kvaliteeti, vaid eelk\u00f5ige TURVALISUST. <\/p>\n\n<p><strong>Konkurentidele kahju tekitamise oht<\/strong><\/p>\n\n<p>Konkurentsiturg pakub sageli lahendusi, mille puhul tooted pannakse kokku otse kliendi juures. Siiski tasub kaaluda sellise l\u00e4henemise ohte. Need ettev\u00f5tted, pidades silmas majanduslikku kokkuhoidu, laadivad k\u00fcmmekond toodet \u00fche s\u00f5iduki kohta. Just see hetk muutub suurte probleemide allikaks. Tooted on sageli kortsus, moonutatud ja kriimustatud. Klient saab k\u00fcll toote k\u00e4tte, kuid kas ta v\u00e4\u00e4rib selliseid &#8220;\u00fcllatusi&#8221;?     <\/p>\n\n<p><strong>Meie kaubaaluste kohaletoimetamine &#8211; riskikaitse<\/strong><\/p>\n\n<p>Valides meie kaubaaluste tarne, k\u00f5rvaldate selle riski. Meie tooted tarnitakse \u00fckshaaval, \u00fckshaaval, spetsiaalsetel kaubaalustel, mis tagavad transpordi ajal t\u00e4ieliku kaitse. Iga toode on hoolikalt pakitud ja kaitstud. Selle tulemusena j\u00f5uab teie toode teieni t\u00e4iuslikus seisukorras, ilma igasuguse kahjustuse riskita.   <\/p>\n\n<p><strong>Paigaldamine \u2013 lihtsam kui arvate<\/strong><\/p>\n\n<p>Oleme kindlad, et meie toodete kokkupanekuga saab hakkama iga\u00fcks, kellel on vaid elementaarsed k\u00e4elised oskused ja t\u00f6\u00f6riistad. Iga komponent on t\u00e4pselt m\u00e4rgistatud ja augud t\u00e4pselt puuritud. Lisaks sellele lisame graafilised juhised, mis juhatavad teid samm-sammult l\u00e4bi montaa\u017eiprotsessi. Lahendus, mis ei anna teile mitte ainult turvalisust, vaid ka mugavust.   <\/p>\n\n<p><strong>Lahtiv\u00f5tmine ja teisaldamine \u00fcksk\u00f5ik millisesse kohta<\/strong><\/p>\n\n<p>Meie tooted v\u00f5imaldavad paindlikkust, mida on raske leida konkureerivatest pakkumistest. Saate neid h\u00f5lpsasti lahti monteerida ja liigutada mis tahes kohta. See on v\u00f5imalus, mis annab teile t\u00e4ieliku kontrolli oma ostu \u00fcle.  <\/p>\n\n<p>\u00d5igeaegne kohaletoimetamine \u2013 meie prioriteet<\/p>\n\n<p>Meie kaubaaluste tarne abil saame tagada \u00f5igeaegsed tarned, mida meie konkurendid ei suuda pakkuda. Teised ettev\u00f5tted, kes on sunnitud laadima tosin kaupa \u00fchele veoautole, p\u00f5hjustavad kahjuks viivitusi ja klientide pettumust. Me toimetame teie tellimused individuaalselt ja nende kvaliteeti t\u00e4ielikult j\u00e4rgides kohale.  <\/p>\n\n<p>Kokkuv\u00f5ttes, kui te valite meie kaubaaluste tarne, ei vali te mitte ainult k\u00f5rgeima kvaliteediga tooteid, vaid eelk\u00f5ige ohutust. Andke endale v\u00f5imalus nautida mugavat paigaldamist, kaitset kahjustuste ohu eest ja \u00f5igeaegset tarnimist, mis on meie jaoks prioriteedid. <\/p>\n\n<p>T\u00e4name teid usalduse eest ja kutsume teid meiega \u00fchendust v\u00f5tma ning tellimusi esitama.<\/p>\n\n<p><strong>Lugupidamisega,<br\/>MW Steeli meeskond<\/strong><\/p>\n\n<figure class=\"wp-block-image size-full\"><img loading=\"lazy\" decoding=\"async\" width=\"1920\" height=\"1080\" src=\"https:\/\/www.mw-steel.eu\/wp-content\/uploads\/2023\/10\/MONTAZ-2.jpg\" alt=\"\" class=\"wp-image-1065\" style=\"object-fit:cover\" srcset=\"https:\/\/www.mw-steel.eu\/wp-content\/uploads\/2023\/10\/MONTAZ-2.jpg 1920w, https:\/\/www.mw-steel.eu\/wp-content\/uploads\/2023\/10\/MONTAZ-2-576x324.jpg 576w, https:\/\/www.mw-steel.eu\/wp-content\/uploads\/2023\/10\/MONTAZ-2-1380x776.jpg 1380w, https:\/\/www.mw-steel.eu\/wp-content\/uploads\/2023\/10\/MONTAZ-2-768x432.jpg 768w, https:\/\/www.mw-steel.eu\/wp-content\/uploads\/2023\/10\/MONTAZ-2-1536x864.jpg 1536w\" sizes=\"auto, (max-width: 1920px) 100vw, 1920px\" \/><\/figure>\n","protected":false},"excerpt":{"rendered":"<p>Kaubaaluste kohaletoimetamine &#8211; ohutuse ja mugavuse garantii Kallid kliendid! T\u00e4name teid usalduse eest meie ettev\u00f5ttele MW Steel, mis on kaasaegsete teraskonstruktsioonide tootja. Tahame r\u00f5hutada, et valides meie kaubaaluste tarne, ei vali te mitte ainult kvaliteeti, vaid eelk\u00f5ige TURVALISUST. Konkurentidele kahju tekitamise oht Konkurentsiturg pakub sageli lahendusi, mille puhul tooted pannakse kokku otse kliendi juures. Siiski [&hellip;]<\/p>\n","protected":false},"author":1,"featured_media":0,"parent":0,"menu_order":0,"comment_status":"closed","ping_status":"closed","template":"","meta":{"_acf_changed":false,"advgb_blocks_editor_width":"","advgb_blocks_columns_visual_guide":"","_themeisle_gutenberg_block_has_review":false,"footnotes":""},"class_list":["post-5664","page","type-page","status-publish","hentry"],"acf":[],"coauthors":[],"author_meta":{"author_link":"https:\/\/www.mw-steel.eu\/et\/author\/admin\/","display_name":"admin"},"relative_dates":{"created":"Posted 3 aastat ago","modified":"Updated 4 n\u00e4dalat ago"},"absolute_dates":{"created":"Posted on 4. okt. 2023","modified":"Updated on 20. apr. 2026"},"absolute_dates_time":{"created":"Posted on 4. okt. 2023 12:11","modified":"Updated on 20. apr. 2026 07:54"},"featured_img_caption":"","featured_img":false,"series_order":"","_links":{"self":[{"href":"https:\/\/www.mw-steel.eu\/et\/wp-json\/wp\/v2\/pages\/5664","targetHints":{"allow":["GET"]}}],"collection":[{"href":"https:\/\/www.mw-steel.eu\/et\/wp-json\/wp\/v2\/pages"}],"about":[{"href":"https:\/\/www.mw-steel.eu\/et\/wp-json\/wp\/v2\/types\/page"}],"author":[{"embeddable":true,"href":"https:\/\/www.mw-steel.eu\/et\/wp-json\/wp\/v2\/users\/1"}],"replies":[{"embeddable":true,"href":"https:\/\/www.mw-steel.eu\/et\/wp-json\/wp\/v2\/comments?post=5664"}],"version-history":[{"count":1,"href":"https:\/\/www.mw-steel.eu\/et\/wp-json\/wp\/v2\/pages\/5664\/revisions"}],"predecessor-version":[{"id":5665,"href":"https:\/\/www.mw-steel.eu\/et\/wp-json\/wp\/v2\/pages\/5664\/revisions\/5665"}],"wp:attachment":[{"href":"https:\/\/www.mw-steel.eu\/et\/wp-json\/wp\/v2\/media?parent=5664"}],"curies":[{"name":"wp","href":"https:\/\/api.w.org\/{rel}","templated":true}]}}